{"id":10486,"date":"2023-09-17T18:41:58","date_gmt":"2023-09-17T16:41:58","guid":{"rendered":"https:\/\/colorco.dk\/\/forhandlere-og-interioerarkitekter\/"},"modified":"2023-10-03T16:27:54","modified_gmt":"2023-10-03T14:27:54","slug":"forhandlere-og-interioerarkitekter","status":"publish","type":"page","link":"https:\/\/colorco.dk\/no\/forhandlere-og-interioerarkitekter\/","title":{"rendered":"Forhandlere og interi\u00f8rarkitekter"},"content":{"rendered":"\t\t<div data-elementor-type=\"wp-page\" data-elementor-id=\"10486\" class=\"elementor elementor-10486 elementor-9958\" data-elementor-post-type=\"page\">\n\t\t\t\t\t\t<section class=\"elementor-section elementor-top-section elementor-element elementor-element-e29ede4 elementor-section-boxed elementor-section-height-default elementor-section-height-default\" data-id=\"e29ede4\" data-element_type=\"section\" data-e-type=\"section\">\n\t\t\t\t\t\t<div class=\"elementor-container elementor-column-gap-default\">\n\t\t\t\t\t<div class=\"elementor-column elementor-col-100 elementor-top-column elementor-element elementor-element-939a34b\" data-id=\"939a34b\" data-element_type=\"column\" data-e-type=\"column\">\n\t\t\t<div class=\"elementor-widget-wrap elementor-element-populated\">\n\t\t\t\t\t\t<div class=\"elementor-element elementor-element-fd3af14 elementor-widget elementor-widget-heading\" data-id=\"fd3af14\" data-element_type=\"widget\" data-e-type=\"widget\" data-widget_type=\"heading.default\">\n\t\t\t\t<div class=\"elementor-widget-container\">\n\t\t\t\t\t<h2 class=\"elementor-heading-title elementor-size-default\">Forhandlere og interi\u00f8rarkitekter<\/h2>\t\t\t\t<\/div>\n\t\t\t\t<\/div>\n\t\t\t\t<div class=\"elementor-element elementor-element-ad812af elementor-widget elementor-widget-text-editor\" data-id=\"ad812af\" data-element_type=\"widget\" data-e-type=\"widget\" data-widget_type=\"text-editor.default\">\n\t\t\t\t<div class=\"elementor-widget-container\">\n\t\t\t\t\t\t\t\t\tVi er alltid p\u00e5 utkikk etter nye samarbeidspartnere.\r\nHvis du har en butikk og \u00f8nsker \u00e5 bli forhandler, er interi\u00f8rdesigner, arkitekt, installat\u00f8r eller generelt har spennende prosjekter, er du alltid velkommen til \u00e5 s\u00f8ke om en forhandlerkonto.\t\t\t\t\t\t\t\t<\/div>\n\t\t\t\t<\/div>\n\t\t\t\t<div class=\"elementor-element elementor-element-93796d7 elementor-align-left elementor-widget elementor-widget-button\" data-id=\"93796d7\" data-element_type=\"widget\" data-e-type=\"widget\" data-widget_type=\"button.default\">\n\t\t\t\t<div class=\"elementor-widget-container\">\n\t\t\t\t\t\t\t\t\t<div class=\"elementor-button-wrapper\">\n\t\t\t\t\t<a class=\"elementor-button elementor-button-link elementor-size-lg\" href=\"https:\/\/colorco.dk\/no\/opprett-en-konto\/\">\n\t\t\t\t\t\t<span class=\"elementor-button-content-wrapper\">\n\t\t\t\t\t\t\t\t\t<span class=\"elementor-button-text\">S\u00f8k om forhandlerkonto<\/span>\n\t\t\t\t\t<\/span>\n\t\t\t\t\t<\/a>\n\t\t\t\t<\/div>\n\t\t\t\t\t\t\t\t<\/div>\n\t\t\t\t<\/div>\n\t\t\t\t<div class=\"elementor-element elementor-element-0905815 elementor-widget elementor-widget-spacer\" data-id=\"0905815\" data-element_type=\"widget\" data-e-type=\"widget\" data-widget_type=\"spacer.default\">\n\t\t\t\t<div class=\"elementor-widget-container\">\n\t\t\t\t\t\t\t<div class=\"elementor-spacer\">\n\t\t\t<div class=\"elementor-spacer-inner\"><\/div>\n\t\t<\/div>\n\t\t\t\t\t\t<\/div>\n\t\t\t\t<\/div>\n\t\t\t\t\t<\/div>\n\t\t<\/div>\n\t\t\t\t\t<\/div>\n\t\t<\/section>\n\t\t\t\t<\/div>\n\t\t","protected":false},"excerpt":{"rendered":"<p>Forhandlere og interi\u00f8rarkitekter Vi er alltid p\u00e5 utkikk etter nye samarbeidspartnere. Hvis du har en butikk og \u00f8nsker \u00e5 bli forhandler, er interi\u00f8rdesigner, arkitekt, installat\u00f8r eller generelt har spennende prosjekter, er du alltid velkommen til \u00e5 s\u00f8ke om en forhandlerkonto. S\u00f8k om forhandlerkonto<\/p>\n","protected":false},"author":1,"featured_media":0,"parent":0,"menu_order":0,"comment_status":"closed","ping_status":"closed","template":"","meta":{"footnotes":""},"class_list":["post-10486","page","type-page","status-publish","hentry"],"aioseo_notices":[],"_links":{"self":[{"href":"https:\/\/colorco.dk\/no\/wp-json\/wp\/v2\/pages\/10486","targetHints":{"allow":["GET"]}}],"collection":[{"href":"https:\/\/colorco.dk\/no\/wp-json\/wp\/v2\/pages"}],"about":[{"href":"https:\/\/colorco.dk\/no\/wp-json\/wp\/v2\/types\/page"}],"author":[{"embeddable":true,"href":"https:\/\/colorco.dk\/no\/wp-json\/wp\/v2\/users\/1"}],"replies":[{"embeddable":true,"href":"https:\/\/colorco.dk\/no\/wp-json\/wp\/v2\/comments?post=10486"}],"version-history":[{"count":0,"href":"https:\/\/colorco.dk\/no\/wp-json\/wp\/v2\/pages\/10486\/revisions"}],"wp:attachment":[{"href":"https:\/\/colorco.dk\/no\/wp-json\/wp\/v2\/media?parent=10486"}],"curies":[{"name":"wp","href":"https:\/\/api.w.org\/{rel}","templated":true}]}}