{"id":10642,"date":"2023-09-18T16:50:46","date_gmt":"2023-09-18T14:50:46","guid":{"rendered":"https:\/\/colorco.dk\/\/opprett-en-konto\/"},"modified":"2023-09-18T16:50:46","modified_gmt":"2023-09-18T14:50:46","slug":"opprett-en-konto","status":"publish","type":"page","link":"https:\/\/colorco.dk\/no\/opprett-en-konto\/","title":{"rendered":"Opprett en konto"},"content":{"rendered":"\t\t\t<h2 class=\"b2bking_b2bregistration_only_register_header\">\n\t\t\tRegistrere<\/h2>\n\t\t\t<div class=\"woocommerce\">\n\t\t\t\t<form method=\"post\" class=\"woocommerce-form woocommerce-form-register register\" enctype=\"multipart\/form-data\" >\n\n\t\t\t\t\t\n\t\t\t\t\t\n\t\t\t\t\t<p class=\"woocommerce-form-row woocommerce-form-row--wide form-row form-row-wide\">\n\t\t\t\t\t\t<label for=\"reg_email\">Epostadresse&nbsp;<span class=\"required\">*<\/span><\/label>\n\t\t\t\t\t\t<input type=\"email\" class=\"woocommerce-Input woocommerce-Input--text input-text\" name=\"email\" id=\"reg_email\" autocomplete=\"email\" value=\"\" \/>\n\t\t\t\t\t<\/p>\n\n\t\t\t\t\t\n\t\t\t\t\t\t<p class=\"woocommerce-form-row woocommerce-form-row--wide form-row form-row-wide\">\n\t\t\t\t\t\t\t<label for=\"reg_password\">Passord&nbsp;<span class=\"required\">*<\/span><\/label>\n\t\t\t\t\t\t\t<input type=\"password\" class=\"woocommerce-Input woocommerce-Input--text input-text\" name=\"password\" id=\"reg_password\" autocomplete=\"new-password\" \/>\n\t\t\t\t\t\t<\/p>\n\n\t\t\t\t\t\n\t\t\t\t\t\t\t\t\t\t\t<p class=\"woocommerce-form-row woocommerce-form-row--wide form-row form-row-wide b2bking_registration_roles_dropdown_section b2bking_registration_roles_dropdown_section_hidden\">\n\t\t\t\t\t\t\t\t\t\t\t\t\t\t<label for=\"b2bking_registration_roles_dropdown\">\n\t\t\t\t\t\t\t\tVelg type kundeforhold:&nbsp;<span class=\"required\">*<\/span>\n\t\t\t\t\t\t\t<\/label>\n\t\t\t\t\t\t\t<select id=\"b2bking_registration_roles_dropdown\" name=\"b2bking_registration_roles_dropdown\" required>\n\t\t\t\t\t\t\t\t<option value=\"\" >\u2013 \u2013 \u2013 Select User Role \u2013 \u2013 \u2013<\/option><option value=\"role_23980\" >Pending<\/option><option value=\"role_9939\" >Individual Customer<\/option><option value=\"role_9940\"  selected='selected'>B2B (requires approval)<\/option>\t\t\t\t\t\t\t<\/select>\n\t\t\t\t\t\t<\/p>\n\t\t\t\t\t\t<div class=\" b2bking_custom_registration_container b2bking_custom_registration_container_field_9941 b2bking_custom_registration_role_9940\"><p class=\"woocommerce-form-row woocommerce-form-row--wide form-row form-row-wide \"><label for=\"b2bking_field_9941\">First name&nbsp;<span class=\"required\">*<\/span><\/label><input type=\"text\" id=\"b2bking_field_9941\" class=\"b2bking_custom_registration_field b2bking_custom_field_req_required\" name=\"b2bking_custom_field_9941\" value=\"\" placeholder=\"Enter your first name here...\" required><\/p><\/div><div class=\" b2bking_custom_registration_container b2bking_custom_registration_container_field_9942 b2bking_custom_registration_role_9940\"><p class=\"woocommerce-form-row woocommerce-form-row--wide form-row form-row-wide \"><label for=\"b2bking_field_9942\">Last Name&nbsp;<span class=\"required\">*<\/span><\/label><input type=\"text\" id=\"b2bking_field_9942\" class=\"b2bking_custom_registration_field b2bking_custom_field_req_required\" name=\"b2bking_custom_field_9942\" value=\"\" placeholder=\"Enter your last name here...\" required><\/p><\/div><div class=\" b2bking_custom_registration_container b2bking_custom_registration_container_field_9943 b2bking_custom_registration_role_9940\"><p class=\"woocommerce-form-row woocommerce-form-row--wide form-row form-row-wide \"><label for=\"b2bking_field_9943\">Company Name&nbsp;<span class=\"required\">*<\/span><\/label><input type=\"text\" id=\"b2bking_field_9943\" class=\"b2bking_custom_registration_field b2bking_custom_field_req_required\" name=\"b2bking_custom_field_9943\" value=\"\" placeholder=\"Enter your company name here...\" required><\/p><\/div><div class=\" b2bking_custom_registration_container b2bking_custom_registration_container_field_9944 b2bking_custom_registration_role_9940\"><p class=\"woocommerce-form-row woocommerce-form-row--wide form-row form-row-wide \"><label for=\"b2bking_field_9944\">Street Address&nbsp;<span class=\"required\">*<\/span><\/label><input type=\"text\" id=\"b2bking_field_9944\" class=\"b2bking_custom_registration_field b2bking_custom_field_req_required\" name=\"b2bking_custom_field_9944\" value=\"\" placeholder=\"Enter your address here...\" required><\/p><\/div><div class=\" b2bking_custom_registration_container b2bking_custom_registration_container_field_9945 b2bking_custom_registration_role_9940\"><p class=\"woocommerce-form-row woocommerce-form-row--wide form-row form-row-wide \"><label for=\"b2bking_field_9945\">Address Line 2&nbsp;<\/label><input type=\"text\" id=\"b2bking_field_9945\" class=\"b2bking_custom_registration_field b2bking_custom_field_req_\" name=\"b2bking_custom_field_9945\" value=\"\" placeholder=\"Address line 2...\" ><\/p><\/div><div class=\" b2bking_custom_registration_container b2bking_custom_registration_container_field_9949 b2bking_custom_registration_role_9940\"><p class=\"woocommerce-form-row woocommerce-form-row--wide form-row form-row-wide b2bking_country_or_state\"><label for=\"b2bking_custom_field_9949\">Country and State&nbsp;<span class=\"required\">*<\/span><\/label><p class=\"form-row b2bking_country_field_selector b2bking_custom_registration_field b2bking_custom_field_req_required b2bking_country_field_req_required\" id=\"b2bking_custom_field_9949_field\" data-priority=\"\"><span class=\"woocommerce-input-wrapper\"><select name=\"b2bking_custom_field_9949\" id=\"b2bking_custom_field_9949\" class=\"country_to_state country_select \"  data-placeholder=\"Velg land \/ region&hellip;\" ><option value=\"\">Velg land \/ region&hellip;<\/option><option value=\"AT\" >\u00d8sterrike<\/option><option value=\"BE\" >Belgia<\/option><option value=\"BG\" >Bulgaria<\/option><option value=\"HR\" >Kroatia<\/option><option value=\"CZ\" >Tsjekkia<\/option><option value=\"DK\" >Danmark<\/option><option value=\"FI\" >Finland<\/option><option value=\"FR\" >Frankrike<\/option><option value=\"DE\" >Tyskland<\/option><option value=\"GR\" >Hellas<\/option><option value=\"IE\" >Ireland<\/option><option value=\"IT\" >Italia<\/option><option value=\"LT\" >Litauen<\/option><option value=\"LU\" >Luxemburg<\/option><option value=\"NL\" >Nederland<\/option><option value=\"NO\" >Norge<\/option><option value=\"PL\" >Polen<\/option><option value=\"PT\" >Portugal<\/option><option value=\"RO\" >Romania<\/option><option value=\"ES\" >Spania<\/option><option value=\"SE\" >Sverige<\/option><option value=\"CH\" >Sveits<\/option><\/select><noscript><button type=\"submit\" name=\"woocommerce_checkout_update_totals\" value=\"Oppdater land \/ region\">Oppdater land \/ region<\/button><\/noscript><\/span><\/p><p class=\"form-row b2bking_custom_registration_field b2bking_custom_field_req_required\" id=\"billing_state_field\" data-priority=\"\"><span class=\"woocommerce-input-wrapper\"><input type=\"text\" class=\"input-text \" value=\"\"  placeholder=\"fylke \/ kommune\" name=\"billing_state\" id=\"billing_state\"  data-input-classes=\"\"\/><\/span><\/p><input type=\"hidden\" id=\"b2bking_country_registration_field_number\" name=\"b2bking_country_registration_field_number\" value=\"9949\"><\/p><\/div><div class=\" b2bking_custom_registration_container b2bking_custom_registration_container_field_9946 b2bking_custom_registration_role_9940\"><p class=\"woocommerce-form-row woocommerce-form-row--wide form-row form-row-wide \"><label for=\"b2bking_field_9946\">Town \/ City&nbsp;<span class=\"required\">*<\/span><\/label><input type=\"text\" id=\"b2bking_field_9946\" class=\"b2bking_custom_registration_field b2bking_custom_field_req_required\" name=\"b2bking_custom_field_9946\" value=\"\" placeholder=\"Enter your town \/ city here...\" required><\/p><\/div><div class=\" b2bking_custom_registration_container b2bking_custom_registration_container_field_9947 b2bking_custom_registration_role_9940\"><p class=\"woocommerce-form-row woocommerce-form-row--wide form-row form-row-wide \"><label for=\"b2bking_field_9947\">Postcode \/ ZIP&nbsp;<span class=\"required\">*<\/span><\/label><input type=\"text\" id=\"b2bking_field_9947\" class=\"b2bking_custom_registration_field b2bking_custom_field_req_required\" name=\"b2bking_custom_field_9947\" value=\"\" placeholder=\"Enter your postcode \/ ZIP here...\" required><\/p><\/div><div class=\" b2bking_custom_registration_container b2bking_custom_registration_container_field_9948 b2bking_custom_registration_role_9940\"><p class=\"woocommerce-form-row woocommerce-form-row--wide form-row form-row-wide \"><label for=\"b2bking_field_9948\">Phone Number&nbsp;<span class=\"required\">*<\/span><\/label><input id=\"b2bking_field_9948\" type=\"tel\" class=\"b2bking_custom_registration_field b2bking_custom_field_req_required\" name=\"b2bking_custom_field_9948\" value=\"\" placeholder=\"Enter your phone here...\" required><\/p><\/div><div class=\"b2bking_vat_number_registration_field_container b2bking_custom_registration_container b2bking_custom_registration_container_field_9950 b2bking_custom_registration_role_9940\"><p class=\"woocommerce-form-row woocommerce-form-row--wide form-row form-row-wide \"><label for=\"b2bking_vat_number_registration_field\">VAT&nbsp;<span class=\"required\">*<\/span><\/label><input type=\"text\" id=\"b2bking_vat_number_registration_field\" class=\"b2bking_custom_registration_field b2bking_custom_field_req_required\" name=\"b2bking_custom_field_9950\" value=\"\" placeholder=\"Enter your VAT number here. Format like: DK39381990\" required><input type=\"hidden\" id=\"b2bking_vat_number_registration_field_countries\" value=\"AT,BE,BG,HR,CY,CZ,EE,FI,FR,DE,GR,HU,IE,IT,LV,LT,LU,MT,NL,PL,PT,RO,SK,SI,ES,SE\"><input type=\"hidden\" id=\"b2bking_vat_number_registration_field_number\" name=\"b2bking_vat_number_registration_field_number\" value=\"9950\"><\/p><\/div><div class=\" b2bking_custom_registration_container b2bking_custom_registration_container_field_10325 b2bking_custom_registration_role_9940\"><p class=\"woocommerce-form-row woocommerce-form-row--wide form-row form-row-wide \"><label for=\"b2bking_field_10325\">What do you do?&nbsp;<span class=\"required\">*<\/span><\/label><select id=\"b2bking_field_10325\" class=\"b2bking_custom_registration_field b2bking_custom_field_req_required\" name=\"b2bking_custom_field_10325\" placeholder=\"\" required><option value=\"Retailer\/Store\" >Retailer\/Store<\/option><option value=\"Interior designer\" >Interior designer<\/option><option value=\"Architect\" >Architect<\/option><option value=\"Dropshipping\/E-commerce\" >Dropshipping\/E-commerce<\/option><option value=\"Other\" >Other<\/option><\/select><\/p><\/div><div class=\" b2bking_custom_registration_container b2bking_custom_registration_container_field_18906 b2bking_custom_registration_role_9940\"><p class=\"woocommerce-form-row woocommerce-form-row--wide form-row form-row-wide \"><label for=\"b2bking_field_18906\">Extra (click whichever applies)&nbsp;<\/label><p class=\"form-row\"><label class=\"woocommerce-form__label woocommerce-form__label-for-checkbox\"><input type=\"checkbox\" class=\"woocommerce-form__input woocommerce-form__input-checkbox b2bking_custom_registration_field b2bking_checkbox_registration_field b2bking_custom_field_req_\" value=\"1\" name=\"b2bking_custom_field_18906_option_1\"  ><span>Shop<\/span><\/label><\/p><p class=\"form-row\"><label class=\"woocommerce-form__label woocommerce-form__label-for-checkbox\"><input type=\"checkbox\" class=\"woocommerce-form__input woocommerce-form__input-checkbox b2bking_custom_registration_field b2bking_checkbox_registration_field b2bking_custom_field_req_\" value=\"1\" name=\"b2bking_custom_field_18906_option_2\"  ><span>Webshop<\/span><\/label><\/p><p class=\"form-row\"><label class=\"woocommerce-form__label woocommerce-form__label-for-checkbox\"><input type=\"checkbox\" class=\"woocommerce-form__input woocommerce-form__input-checkbox b2bking_custom_registration_field b2bking_checkbox_registration_field b2bking_custom_field_req_\" value=\"1\" name=\"b2bking_custom_field_18906_option_3\"  ><span>Showroom<\/span><\/label><\/p><p class=\"form-row\"><label class=\"woocommerce-form__label woocommerce-form__label-for-checkbox\"><input type=\"checkbox\" class=\"woocommerce-form__input woocommerce-form__input-checkbox b2bking_custom_registration_field b2bking_checkbox_registration_field b2bking_custom_field_req_\" value=\"1\" name=\"b2bking_custom_field_18906_option_4\"  ><span>Offers measuring and installation<\/span><\/label><\/p><\/p><\/div><div class=\" b2bking_custom_registration_container b2bking_custom_registration_container_field_10326 b2bking_custom_registration_role_9940\"><p class=\"woocommerce-form-row woocommerce-form-row--wide form-row form-row-wide \"><label for=\"b2bking_field_10326\">Website or instagram handle&nbsp;<span class=\"required\">*<\/span><\/label><input type=\"text\" id=\"b2bking_field_10326\" class=\"b2bking_custom_registration_field b2bking_custom_field_req_required\" name=\"b2bking_custom_field_10326\" value=\"\" placeholder=\"Please add your website or instagram handle\" required><\/p><\/div><div class=\" b2bking_custom_registration_container b2bking_custom_registration_container_field_10324 b2bking_custom_registration_role_9940\"><p class=\"woocommerce-form-row woocommerce-form-row--wide form-row form-row-wide \"><label for=\"b2bking_field_10324\">Trade account Terms of Use&nbsp;<span class=\"required\">*<\/span><\/label><p class=\"form-row\"><label class=\"woocommerce-form__label woocommerce-form__label-for-checkbox\"><input type=\"checkbox\" class=\"woocommerce-form__input woocommerce-form__input-checkbox b2bking_custom_registration_field b2bking_checkbox_registration_field b2bking_custom_field_req_required\" value=\"1\" name=\"b2bking_custom_field_10324_option_1\"  required><span>\u00a0 I agree to the <a href=\"\/b2b-terms\/\">Terms and conditions<\/a><\/span><\/label><\/p><\/p><\/div><wc-order-attribution-inputs><\/wc-order-attribution-inputs><div class=\"woocommerce-privacy-policy-text\"><p>Dine personopplysninger brukes til \u00e5 \u00f8ke brukervennligheten p\u00e5 denne nettsiden, gi deg tilgang til administrasjon av din brukerkonto og andre form\u00e5l som beskrevet i v\u00e5re <a href=\"https:\/\/colorco.dk\/privatlivspolitik\/\" class=\"woocommerce-privacy-policy-link\" target=\"_blank\">personvernerkl\u00e6ring<\/a>.<\/p>\n<\/div>\n\t\t\t\t\t<p class=\"woocommerce-form-row form-row\">\n\t\t\t\t\t\t<input type=\"hidden\" id=\"woocommerce-register-nonce\" name=\"woocommerce-register-nonce\" value=\"727f6dce9b\" \/><input type=\"hidden\" name=\"_wp_http_referer\" value=\"\/no\/wp-json\/wp\/v2\/pages\/10642\" \/>\t\t\t\t\t\t<button type=\"submit\" class=\"woocommerce-Button woocommerce-button button woocommerce-form-register__submit\" name=\"register\" value=\"Registrere\">Registrere<\/button>\n\t\t\t\t\t<\/p>\n\n\t\t\t\t\t\n\t\t\t\t<\/form>\n\t\t\t<\/div>\n\t\t\t\n","protected":false},"excerpt":{"rendered":"","protected":false},"author":1,"featured_media":0,"parent":0,"menu_order":0,"comment_status":"closed","ping_status":"closed","template":"","meta":{"footnotes":""},"class_list":["post-10642","page","type-page","status-publish","hentry"],"aioseo_notices":[],"_links":{"self":[{"href":"https:\/\/colorco.dk\/no\/wp-json\/wp\/v2\/pages\/10642","targetHints":{"allow":["GET"]}}],"collection":[{"href":"https:\/\/colorco.dk\/no\/wp-json\/wp\/v2\/pages"}],"about":[{"href":"https:\/\/colorco.dk\/no\/wp-json\/wp\/v2\/types\/page"}],"author":[{"embeddable":true,"href":"https:\/\/colorco.dk\/no\/wp-json\/wp\/v2\/users\/1"}],"replies":[{"embeddable":true,"href":"https:\/\/colorco.dk\/no\/wp-json\/wp\/v2\/comments?post=10642"}],"version-history":[{"count":0,"href":"https:\/\/colorco.dk\/no\/wp-json\/wp\/v2\/pages\/10642\/revisions"}],"wp:attachment":[{"href":"https:\/\/colorco.dk\/no\/wp-json\/wp\/v2\/media?parent=10642"}],"curies":[{"name":"wp","href":"https:\/\/api.w.org\/{rel}","templated":true}]}}