{"id":38426,"date":"2026-02-13T12:48:30","date_gmt":"2026-02-13T11:48:30","guid":{"rendered":"https:\/\/colorco.dk\/oppmaalingsguide\/"},"modified":"2026-02-19T11:10:29","modified_gmt":"2026-02-19T10:10:29","slug":"slik-maaler-du-rullegardiner","status":"publish","type":"page","link":"https:\/\/colorco.dk\/no\/slik-maaler-du-rullegardiner\/","title":{"rendered":"Oppm\u00e5lingsguide"},"content":{"rendered":"\t\t<div data-elementor-type=\"wp-page\" data-elementor-id=\"38426\" class=\"elementor elementor-38426 elementor-38182\" data-elementor-post-type=\"page\">\n\t\t\t\t\t\t<section class=\"elementor-section elementor-top-section elementor-element elementor-element-ee2be29 elementor-section-boxed elementor-section-height-default elementor-section-height-default\" data-id=\"ee2be29\" data-element_type=\"section\" data-e-type=\"section\">\n\t\t\t\t\t\t<div class=\"elementor-container elementor-column-gap-default\">\n\t\t\t\t\t<div class=\"elementor-column elementor-col-100 elementor-top-column elementor-element elementor-element-1692018\" data-id=\"1692018\" data-element_type=\"column\" data-e-type=\"column\">\n\t\t\t<div class=\"elementor-widget-wrap elementor-element-populated\">\n\t\t\t\t\t\t<div class=\"elementor-element elementor-element-fc80848 elementor-widget elementor-widget-heading\" data-id=\"fc80848\" data-element_type=\"widget\" data-e-type=\"widget\" data-widget_type=\"heading.default\">\n\t\t\t\t<div class=\"elementor-widget-container\">\n\t\t\t\t\t<h2 class=\"elementor-heading-title elementor-size-default\">M\u00e5leguide \u2013 Slik m\u00e5ler du!<\/h2>\t\t\t\t<\/div>\n\t\t\t\t<\/div>\n\t\t\t\t\t<\/div>\n\t\t<\/div>\n\t\t\t\t\t<\/div>\n\t\t<\/section>\n\t\t\t\t<section class=\"elementor-section elementor-top-section elementor-element elementor-element-ded319a elementor-section-boxed elementor-section-height-default elementor-section-height-default\" data-id=\"ded319a\" data-element_type=\"section\" data-e-type=\"section\">\n\t\t\t\t\t\t<div class=\"elementor-container elementor-column-gap-default\">\n\t\t\t\t\t<div class=\"elementor-column elementor-col-100 elementor-top-column elementor-element elementor-element-999b6f9\" data-id=\"999b6f9\" data-element_type=\"column\" data-e-type=\"column\">\n\t\t\t<div class=\"elementor-widget-wrap elementor-element-populated\">\n\t\t\t\t\t\t<div class=\"elementor-element elementor-element-3c8687b elementor-widget elementor-widget-text-editor\" data-id=\"3c8687b\" data-element_type=\"widget\" data-e-type=\"widget\" data-widget_type=\"text-editor.default\">\n\t\t\t\t<div class=\"elementor-widget-container\">\n\t\t\t\t\t\t\t\t\t<p>\u00c5 finne riktig st\u00f8rrelse p\u00e5 dine naturlige rullegardiner starter med n\u00f8yaktige m\u00e5linger.  <\/p><p><strong>Det f\u00f8rste trinnet er \u00e5 velge om du skal bruke rullegardiner med snortrekk eller rullegardiner med kjettingtrekk.<\/strong><\/p>\t\t\t\t\t\t\t\t<\/div>\n\t\t\t\t<\/div>\n\t\t\t\t\t<\/div>\n\t\t<\/div>\n\t\t\t\t\t<\/div>\n\t\t<\/section>\n\t\t\t\t<section class=\"elementor-section elementor-top-section elementor-element elementor-element-75b989d elementor-section-boxed elementor-section-height-default elementor-section-height-default\" data-id=\"75b989d\" data-element_type=\"section\" data-e-type=\"section\">\n\t\t\t\t\t\t<div class=\"elementor-container elementor-column-gap-default\">\n\t\t\t\t\t<div class=\"elementor-column elementor-col-50 elementor-top-column elementor-element elementor-element-44a61a6\" data-id=\"44a61a6\" data-element_type=\"column\" data-e-type=\"column\">\n\t\t\t<div class=\"elementor-widget-wrap elementor-element-populated\">\n\t\t\t\t\t\t<div class=\"elementor-element elementor-element-46fc710 elementor-widget elementor-widget-button\" data-id=\"46fc710\" data-element_type=\"widget\" data-e-type=\"widget\" data-widget_type=\"button.default\">\n\t\t\t\t<div class=\"elementor-widget-container\">\n\t\t\t\t\t\t\t\t\t<div class=\"elementor-button-wrapper\">\n\t\t\t\t\t<a class=\"elementor-button elementor-button-link elementor-size-sm\" href=\"https:\/\/colorco.dk\/no\/maaler-opp-til-rullegardiner-med-snortrekk\/\">\n\t\t\t\t\t\t<span class=\"elementor-button-content-wrapper\">\n\t\t\t\t\t\t\t\t\t<span class=\"elementor-button-text\">Rullegardin med snortrekk<\/span>\n\t\t\t\t\t<\/span>\n\t\t\t\t\t<\/a>\n\t\t\t\t<\/div>\n\t\t\t\t\t\t\t\t<\/div>\n\t\t\t\t<\/div>\n\t\t\t\t\t<\/div>\n\t\t<\/div>\n\t\t\t\t<div class=\"elementor-column elementor-col-50 elementor-top-column elementor-element elementor-element-4312a87\" data-id=\"4312a87\" data-element_type=\"column\" data-e-type=\"column\">\n\t\t\t<div class=\"elementor-widget-wrap elementor-element-populated\">\n\t\t\t\t\t\t<div class=\"elementor-element elementor-element-4efbb43 elementor-widget elementor-widget-button\" data-id=\"4efbb43\" data-element_type=\"widget\" data-e-type=\"widget\" data-widget_type=\"button.default\">\n\t\t\t\t<div class=\"elementor-widget-container\">\n\t\t\t\t\t\t\t\t\t<div class=\"elementor-button-wrapper\">\n\t\t\t\t\t<a class=\"elementor-button elementor-button-link elementor-size-sm\" href=\"https:\/\/colorco.dk\/no\/maaler-opp-til-rullegardiner-med-kjedetrekk\/\">\n\t\t\t\t\t\t<span class=\"elementor-button-content-wrapper\">\n\t\t\t\t\t\t\t\t\t<span class=\"elementor-button-text\">Rullegardin med kjedetrekk<\/span>\n\t\t\t\t\t<\/span>\n\t\t\t\t\t<\/a>\n\t\t\t\t<\/div>\n\t\t\t\t\t\t\t\t<\/div>\n\t\t\t\t<\/div>\n\t\t\t\t\t<\/div>\n\t\t<\/div>\n\t\t\t\t\t<\/div>\n\t\t<\/section>\n\t\t\t\t<section class=\"elementor-section elementor-top-section elementor-element elementor-element-c4335a3 elementor-section-boxed elementor-section-height-default elementor-section-height-default\" data-id=\"c4335a3\" data-element_type=\"section\" data-e-type=\"section\">\n\t\t\t\t\t\t<div class=\"elementor-container elementor-column-gap-default\">\n\t\t\t\t\t<div class=\"elementor-column elementor-col-50 elementor-top-column elementor-element elementor-element-c669e46\" data-id=\"c669e46\" data-element_type=\"column\" data-e-type=\"column\">\n\t\t\t<div class=\"elementor-widget-wrap elementor-element-populated\">\n\t\t\t\t\t\t<div class=\"elementor-element elementor-element-935c8a1 elementor-widget__width-initial elementor-widget elementor-widget-image\" data-id=\"935c8a1\" data-element_type=\"widget\" data-e-type=\"widget\" data-widget_type=\"image.default\">\n\t\t\t\t<div class=\"elementor-widget-container\">\n\t\t\t\t\t\t\t\t\t\t\t\t<figure class=\"wp-caption\">\n\t\t\t\t\t\t\t\t\t\t\t<a href=\"https:\/\/colorco.dk\/opmaaling-rullegardin-snoretraek\/\">\n\t\t\t\t\t\t\t<img fetchpriority=\"high\" decoding=\"async\" width=\"708\" height=\"770\" src=\"https:\/\/colorco.dk\/wp-content\/uploads\/2026\/02\/colorco-rollerblind-cordpull.png\" class=\"attachment-medium_large size-medium_large wp-image-38190\" alt=\"\" srcset=\"https:\/\/colorco.dk\/wp-content\/uploads\/2026\/02\/colorco-rollerblind-cordpull.png 708w, https:\/\/colorco.dk\/wp-content\/uploads\/2026\/02\/colorco-rollerblind-cordpull-276x300.png 276w, https:\/\/colorco.dk\/wp-content\/uploads\/2026\/02\/colorco-rollerblind-cordpull-441x480.png 441w, https:\/\/colorco.dk\/wp-content\/uploads\/2026\/02\/colorco-rollerblind-cordpull-150x163.png 150w\" sizes=\"(max-width: 708px) 100vw, 708px\" \/>\t\t\t\t\t\t\t\t<\/a>\n\t\t\t\t\t\t\t\t\t\t\t<figcaption class=\"widget-image-caption wp-caption-text\">Med snorer er stoffrullen plassert nederst p\u00e5 gardinen.<\/figcaption>\n\t\t\t\t\t\t\t\t\t\t<\/figure>\n\t\t\t\t\t\t\t\t\t<\/div>\n\t\t\t\t<\/div>\n\t\t\t\t\t<\/div>\n\t\t<\/div>\n\t\t\t\t<div class=\"elementor-column elementor-col-50 elementor-top-column elementor-element elementor-element-7a2fef6\" data-id=\"7a2fef6\" data-element_type=\"column\" data-e-type=\"column\">\n\t\t\t<div class=\"elementor-widget-wrap elementor-element-populated\">\n\t\t\t\t\t\t<div class=\"elementor-element elementor-element-d511d28 elementor-widget__width-initial elementor-widget elementor-widget-image\" data-id=\"d511d28\" data-element_type=\"widget\" data-e-type=\"widget\" data-widget_type=\"image.default\">\n\t\t\t\t<div class=\"elementor-widget-container\">\n\t\t\t\t\t\t\t\t\t\t\t\t<figure class=\"wp-caption\">\n\t\t\t\t\t\t\t\t\t\t\t<a href=\"https:\/\/colorco.dk\/opmaaling-rullegardin-kaedetraek\/\">\n\t\t\t\t\t\t\t<img decoding=\"async\" width=\"679\" height=\"799\" src=\"https:\/\/colorco.dk\/wp-content\/uploads\/2026\/02\/colorco-rollerblind-chainpull.png\" class=\"attachment-large size-large wp-image-38186\" alt=\"\" srcset=\"https:\/\/colorco.dk\/wp-content\/uploads\/2026\/02\/colorco-rollerblind-chainpull.png 679w, https:\/\/colorco.dk\/wp-content\/uploads\/2026\/02\/colorco-rollerblind-chainpull-255x300.png 255w, https:\/\/colorco.dk\/wp-content\/uploads\/2026\/02\/colorco-rollerblind-chainpull-441x519.png 441w, https:\/\/colorco.dk\/wp-content\/uploads\/2026\/02\/colorco-rollerblind-chainpull-150x177.png 150w\" sizes=\"(max-width: 679px) 100vw, 679px\" \/>\t\t\t\t\t\t\t\t<\/a>\n\t\t\t\t\t\t\t\t\t\t\t<figcaption class=\"widget-image-caption wp-caption-text\">Med kjettingtrekk er stoffrullen plassert \u00f8verst p\u00e5 gardinen.<\/figcaption>\n\t\t\t\t\t\t\t\t\t\t<\/figure>\n\t\t\t\t\t\t\t\t\t<\/div>\n\t\t\t\t<\/div>\n\t\t\t\t\t<\/div>\n\t\t<\/div>\n\t\t\t\t\t<\/div>\n\t\t<\/section>\n\t\t\t\t<section class=\"elementor-section elementor-top-section elementor-element elementor-element-457af39 elementor-section-boxed elementor-section-height-default elementor-section-height-default\" data-id=\"457af39\" data-element_type=\"section\" data-e-type=\"section\">\n\t\t\t\t\t\t<div class=\"elementor-container elementor-column-gap-default\">\n\t\t\t\t\t<div class=\"elementor-column elementor-col-100 elementor-top-column elementor-element elementor-element-bbd0ce8\" data-id=\"bbd0ce8\" data-element_type=\"column\" data-e-type=\"column\">\n\t\t\t<div class=\"elementor-widget-wrap elementor-element-populated\">\n\t\t\t\t\t\t<div class=\"elementor-element elementor-element-1db2a29 elementor-widget elementor-widget-text-editor\" data-id=\"1db2a29\" data-element_type=\"widget\" data-e-type=\"widget\" data-widget_type=\"text-editor.default\">\n\t\t\t\t<div class=\"elementor-widget-container\">\n\t\t\t\t\t\t\t\t\t<h3>N\u00f8yaktig m\u00e5ling er helt avgj\u00f8rende<\/h3><div><p>Feil m\u00e5l kan f\u00f8re til en stram eller l\u00f8s passform og til slutt en d\u00e5rlig opplevelse. Denne veiledningen vil hjelpe deg med \u00e5 oppn\u00e5 profesjonelle resultater hver gang og sikre at de nye rullegardinene dine passer som de skal. <\/p><p><strong>Velg riktig m\u00e5lemetode<\/strong><\/p><p>Det er forskjell p\u00e5 hvordan du m\u00e5ler avhengig av om rullegardinen din har <strong>snortrekk<\/strong> eller <strong>kjedetrekk<\/strong> .<\/p><\/div><div><p>Ved \u00e5 velge riktig metode unng\u00e5r du feil og sikrer optimal funksjonalitet.<\/p><p><strong>Steg-for-steg veiledning for oppm\u00e5ling<\/strong><\/p><\/div><ol data-list-tree=\"true\" data-indent=\"0\" data-border=\"0\"><li><strong>Klargj\u00f8r verkt\u00f8y<\/strong> \u2013 bruk et m\u00e5leb\u00e5nd, helst st\u00e5l for best mulig presisjon.<\/li><li><strong>Skriv ned flere m\u00e5l<\/strong> \u2013 m\u00e5l b\u00e5de bredde og h\u00f8yde 2\u20133 ganger for \u00e5 unng\u00e5 feil.<\/li><li><strong>Innvendig vs. utvendig montering<\/strong> \u2013 merk av om gardinen skal v\u00e6re inni eller utenfor rammen, og f\u00f8lg m\u00e5leguiden.<\/li><li><strong>Sjekk vinklene<\/strong> \u2013 mange d\u00f8rer og vinduer er ikke 100 % rette. Om n\u00f8dvendig, ta m\u00e5l p\u00e5 flere punkter for \u00e5 sikre n\u00f8yaktighet. <\/li><\/ol><div><p><strong>Gode \u200b\u200btips for n\u00f8yaktig m\u00e5ling<\/strong><\/p><ul><li>M\u00e5l alltid i millimeter, ikke bare centimeter \u2013 dette reduserer risikoen for avvik.<\/li><li>Ta hensyn til eventuelle h\u00e5ndtak, lister eller hindringer.<\/li><li>Lag notater eller bruk en app for \u00e5 lagre m\u00e5lene dine sikkert.<\/li><\/ul><h3>Ofte stilte sp\u00f8rsm\u00e5l om landm\u00e5ling<\/h3><p><strong>Hvordan unng\u00e5r jeg feil n\u00e5r jeg m\u00e5ler?<\/strong><br aria-hidden=\"true\">Ta flere m\u00e5l av samme vindu, og bruk alltid samme referansepunkt, for eksempel kanten av karmen eller midtlinjen.<br aria-hidden=\"true\"><strong>Kan jeg m\u00e5le selv, eller trenger jeg profesjonell hjelp?<\/strong><br aria-hidden=\"true\">Mange kunder kan enkelt m\u00e5le seg selv med denne veiledningen, men hvis vinduet ditt er ekstra stort eller delt inn i flere seksjoner, kan profesjonell m\u00e5ling v\u00e6re en fordel.<\/p><\/div>\t\t\t\t\t\t\t\t<\/div>\n\t\t\t\t<\/div>\n\t\t\t\t\t<\/div>\n\t\t<\/div>\n\t\t\t\t\t<\/div>\n\t\t<\/section>\n\t\t\t\t<\/div>\n\t\t","protected":false},"excerpt":{"rendered":"<p>M\u00e5leguide \u2013 Slik m\u00e5ler du! \u00c5 finne riktig st\u00f8rrelse p\u00e5 dine naturlige rullegardiner starter med n\u00f8yaktige m\u00e5linger. Det f\u00f8rste trinnet er \u00e5 velge om du skal bruke rullegardiner med snortrekk eller rullegardiner med kjettingtrekk. Rullegardin med snortrekk Rullegardin med kjedetrekk Med snorer er stoffrullen plassert nederst p\u00e5 gardinen. Med kjettingtrekk er stoffrullen plassert \u00f8verst p\u00e5 [&hellip;]<\/p>\n","protected":false},"author":2,"featured_media":0,"parent":0,"menu_order":0,"comment_status":"closed","ping_status":"closed","template":"","meta":{"footnotes":""},"class_list":["post-38426","page","type-page","status-publish","hentry"],"aioseo_notices":[],"_links":{"self":[{"href":"https:\/\/colorco.dk\/no\/wp-json\/wp\/v2\/pages\/38426","targetHints":{"allow":["GET"]}}],"collection":[{"href":"https:\/\/colorco.dk\/no\/wp-json\/wp\/v2\/pages"}],"about":[{"href":"https:\/\/colorco.dk\/no\/wp-json\/wp\/v2\/types\/page"}],"author":[{"embeddable":true,"href":"https:\/\/colorco.dk\/no\/wp-json\/wp\/v2\/users\/2"}],"replies":[{"embeddable":true,"href":"https:\/\/colorco.dk\/no\/wp-json\/wp\/v2\/comments?post=38426"}],"version-history":[{"count":0,"href":"https:\/\/colorco.dk\/no\/wp-json\/wp\/v2\/pages\/38426\/revisions"}],"wp:attachment":[{"href":"https:\/\/colorco.dk\/no\/wp-json\/wp\/v2\/media?parent=38426"}],"curies":[{"name":"wp","href":"https:\/\/api.w.org\/{rel}","templated":true}]}}