{"id":38436,"date":"2026-02-13T14:40:56","date_gmt":"2026-02-13T13:40:56","guid":{"rendered":"https:\/\/colorco.dk\/maaler-opp-til-rullegardiner-med-kjedetrekk-i-hjoernevindu\/"},"modified":"2026-02-16T16:30:01","modified_gmt":"2026-02-16T15:30:01","slug":"maaler-opp-til-rullegardiner-med-kjedetrekk-i-hjoernevindu","status":"publish","type":"page","link":"https:\/\/colorco.dk\/no\/maaler-opp-til-rullegardiner-med-kjedetrekk-i-hjoernevindu\/","title":{"rendered":"M\u00e5ler opp til rullegardiner med kjedetrekk i hj\u00f8rnevindu"},"content":{"rendered":"\t\t<div data-elementor-type=\"wp-page\" data-elementor-id=\"38436\" class=\"elementor elementor-38436 elementor-38268\" data-elementor-post-type=\"page\">\n\t\t\t\t\t\t<section class=\"elementor-section elementor-top-section elementor-element elementor-element-615fd24 elementor-section-boxed elementor-section-height-default elementor-section-height-default\" data-id=\"615fd24\" data-element_type=\"section\" data-e-type=\"section\">\n\t\t\t\t\t\t<div class=\"elementor-container elementor-column-gap-default\">\n\t\t\t\t\t<div class=\"elementor-column elementor-col-100 elementor-top-column elementor-element elementor-element-edb4ac7\" data-id=\"edb4ac7\" data-element_type=\"column\" data-e-type=\"column\">\n\t\t\t<div class=\"elementor-widget-wrap elementor-element-populated\">\n\t\t\t\t\t\t<div class=\"elementor-element elementor-element-64b04df elementor-widget elementor-widget-heading\" data-id=\"64b04df\" data-element_type=\"widget\" data-e-type=\"widget\" data-widget_type=\"heading.default\">\n\t\t\t\t<div class=\"elementor-widget-container\">\n\t\t\t\t\t<h2 class=\"elementor-heading-title elementor-size-default\">M\u00e5ler opp til rullegardiner med kjedetrekk - hj\u00f8rnevindu<\/h2>\t\t\t\t<\/div>\n\t\t\t\t<\/div>\n\t\t\t\t\t<\/div>\n\t\t<\/div>\n\t\t\t\t\t<\/div>\n\t\t<\/section>\n\t\t\t\t<section class=\"elementor-section elementor-top-section elementor-element elementor-element-fc03c0a elementor-section-boxed elementor-section-height-default elementor-section-height-default\" data-id=\"fc03c0a\" data-element_type=\"section\" data-e-type=\"section\">\n\t\t\t\t\t\t<div class=\"elementor-container elementor-column-gap-default\">\n\t\t\t\t\t<div class=\"elementor-column elementor-col-50 elementor-top-column elementor-element elementor-element-ebd4f38\" data-id=\"ebd4f38\" data-element_type=\"column\" data-e-type=\"column\">\n\t\t\t<div class=\"elementor-widget-wrap elementor-element-populated\">\n\t\t\t\t\t\t<div class=\"elementor-element elementor-element-e53f75c elementor-widget elementor-widget-text-editor\" data-id=\"e53f75c\" data-element_type=\"widget\" data-e-type=\"widget\" data-widget_type=\"text-editor.default\">\n\t\t\t\t<div class=\"elementor-widget-container\">\n\t\t\t\t\t\t\t\t\t<h5><strong>Trinn 1<\/strong> \u2013 Finn rullst\u00f8rrelsen<\/h5><p>F\u00f8rst m\u00e5 du vite den omtrentlige diameteren p\u00e5 stoffrullen p\u00e5 den installerte rullegardinen. Finn den omtrentlige st\u00f8rrelsen p\u00e5 rullegardinrullen ved hjelp av tabellen til h\u00f8yre. <\/p>\t\t\t\t\t\t\t\t<\/div>\n\t\t\t\t<\/div>\n\t\t\t\t\t<\/div>\n\t\t<\/div>\n\t\t\t\t<div class=\"elementor-column elementor-col-50 elementor-top-column elementor-element elementor-element-50c394b\" data-id=\"50c394b\" data-element_type=\"column\" data-e-type=\"column\">\n\t\t\t<div class=\"elementor-widget-wrap elementor-element-populated\">\n\t\t\t\t\t\t<div class=\"elementor-element elementor-element-4fb10fb elementor-widget elementor-widget-image\" data-id=\"4fb10fb\" data-element_type=\"widget\" data-e-type=\"widget\" data-widget_type=\"image.default\">\n\t\t\t\t<div class=\"elementor-widget-container\">\n\t\t\t\t\t\t\t\t\t\t\t\t\t\t\t<img fetchpriority=\"high\" decoding=\"async\" width=\"1024\" height=\"488\" src=\"https:\/\/colorco.dk\/wp-content\/uploads\/2026\/02\/colorco-measure-chain-table-1024x488.jpg\" class=\"attachment-large size-large wp-image-37736\" alt=\"\" srcset=\"https:\/\/colorco.dk\/wp-content\/uploads\/2026\/02\/colorco-measure-chain-table-1024x488.jpg 1024w, https:\/\/colorco.dk\/wp-content\/uploads\/2026\/02\/colorco-measure-chain-table-300x143.jpg 300w, https:\/\/colorco.dk\/wp-content\/uploads\/2026\/02\/colorco-measure-chain-table-768x366.jpg 768w, https:\/\/colorco.dk\/wp-content\/uploads\/2026\/02\/colorco-measure-chain-table-1536x733.jpg 1536w, https:\/\/colorco.dk\/wp-content\/uploads\/2026\/02\/colorco-measure-chain-table-990x472.jpg 990w, https:\/\/colorco.dk\/wp-content\/uploads\/2026\/02\/colorco-measure-chain-table-441x210.jpg 441w, https:\/\/colorco.dk\/wp-content\/uploads\/2026\/02\/colorco-measure-chain-table-800x382.jpg 800w, https:\/\/colorco.dk\/wp-content\/uploads\/2026\/02\/colorco-measure-chain-table-150x72.jpg 150w, https:\/\/colorco.dk\/wp-content\/uploads\/2026\/02\/colorco-measure-chain-table.jpg 1719w\" sizes=\"(max-width: 1024px) 100vw, 1024px\" \/>\t\t\t\t\t\t\t\t\t\t\t\t\t\t\t<\/div>\n\t\t\t\t<\/div>\n\t\t\t\t\t<\/div>\n\t\t<\/div>\n\t\t\t\t\t<\/div>\n\t\t<\/section>\n\t\t\t\t<section class=\"elementor-section elementor-top-section elementor-element elementor-element-5a357cd elementor-section-boxed elementor-section-height-default elementor-section-height-default\" data-id=\"5a357cd\" data-element_type=\"section\" data-e-type=\"section\">\n\t\t\t\t\t\t<div class=\"elementor-container elementor-column-gap-default\">\n\t\t\t\t\t<div class=\"elementor-column elementor-col-50 elementor-top-column elementor-element elementor-element-94ffffe\" data-id=\"94ffffe\" data-element_type=\"column\" data-e-type=\"column\">\n\t\t\t<div class=\"elementor-widget-wrap elementor-element-populated\">\n\t\t\t\t\t\t<div class=\"elementor-element elementor-element-10cd91a elementor-widget elementor-widget-text-editor\" data-id=\"10cd91a\" data-element_type=\"widget\" data-e-type=\"widget\" data-widget_type=\"text-editor.default\">\n\t\t\t\t<div class=\"elementor-widget-container\">\n\t\t\t\t\t\t\t\t\t<h5><span style=\"font-weight: 600;\">Trinn 2<\/span> \u2013 Bestem hvordan du skal installere persiennene<\/h5><p>Deretter m\u00e5 du bestemme hvordan du vil installere rullegardinene p\u00e5 vinduene. Det finnes tre forskjellige alternativer \u00e5 velge mellom. <\/p><p><strong>A.<\/strong> Rullegardinen som vender mot forsiden av rommet monteres p\u00e5 tvers av vinduet, nesten fra hj\u00f8rne til hj\u00f8rne. Deretter monteres rullegardin nr. 2 p\u00e5 siden opp mot den fremre rullegardinen. <\/p><p><strong>B.<\/strong> Siderullegardinen monteres helt inn i hj\u00f8rnet, og den andre rullegardinen som vender mot forsiden av rommet monteres ved siden av den. Dette alternativet er bra hvis sidevinduet er mindre enn v\u00e5r minste rullegardinst\u00f8rrelse (30 cm). <\/p><p><strong>C.<\/strong> Dette alternativet fungerer ikke for alle hj\u00f8rnevinduer. Hvis vinduskarmen i hj\u00f8rnet er veldig liten, anbefaler vi \u00e5 bruke metode A. eller B. i stedet for \u00e5 sikre at rullegardinene dekker glassomr\u00e5det. <\/p>\t\t\t\t\t\t\t\t<\/div>\n\t\t\t\t<\/div>\n\t\t\t\t\t<\/div>\n\t\t<\/div>\n\t\t\t\t<div class=\"elementor-column elementor-col-50 elementor-top-column elementor-element elementor-element-a447845\" data-id=\"a447845\" data-element_type=\"column\" data-e-type=\"column\">\n\t\t\t<div class=\"elementor-widget-wrap elementor-element-populated\">\n\t\t\t\t\t\t<div class=\"elementor-element elementor-element-1673f30 elementor-widget__width-initial elementor-widget elementor-widget-image\" data-id=\"1673f30\" data-element_type=\"widget\" data-e-type=\"widget\" data-widget_type=\"image.default\">\n\t\t\t\t<div class=\"elementor-widget-container\">\n\t\t\t\t\t\t\t\t\t\t\t\t\t\t\t<img decoding=\"async\" width=\"465\" height=\"1024\" src=\"https:\/\/colorco.dk\/wp-content\/uploads\/2026\/02\/colorco-measure-l-shaped-window-options-chain-465x1024.jpg\" class=\"attachment-large size-large wp-image-37740\" alt=\"\" srcset=\"https:\/\/colorco.dk\/wp-content\/uploads\/2026\/02\/colorco-measure-l-shaped-window-options-chain-465x1024.jpg 465w, https:\/\/colorco.dk\/wp-content\/uploads\/2026\/02\/colorco-measure-l-shaped-window-options-chain-136x300.jpg 136w, https:\/\/colorco.dk\/wp-content\/uploads\/2026\/02\/colorco-measure-l-shaped-window-options-chain-768x1693.jpg 768w, https:\/\/colorco.dk\/wp-content\/uploads\/2026\/02\/colorco-measure-l-shaped-window-options-chain-697x1536.jpg 697w, https:\/\/colorco.dk\/wp-content\/uploads\/2026\/02\/colorco-measure-l-shaped-window-options-chain-929x2048.jpg 929w, https:\/\/colorco.dk\/wp-content\/uploads\/2026\/02\/colorco-measure-l-shaped-window-options-chain-441x972.jpg 441w, https:\/\/colorco.dk\/wp-content\/uploads\/2026\/02\/colorco-measure-l-shaped-window-options-chain-800x1763.jpg 800w, https:\/\/colorco.dk\/wp-content\/uploads\/2026\/02\/colorco-measure-l-shaped-window-options-chain-150x331.jpg 150w, https:\/\/colorco.dk\/wp-content\/uploads\/2026\/02\/colorco-measure-l-shaped-window-options-chain.jpg 976w\" sizes=\"(max-width: 465px) 100vw, 465px\" \/>\t\t\t\t\t\t\t\t\t\t\t\t\t\t\t<\/div>\n\t\t\t\t<\/div>\n\t\t\t\t<div class=\"elementor-element elementor-element-775e8a0 elementor-widget elementor-widget-spacer\" data-id=\"775e8a0\" data-element_type=\"widget\" data-e-type=\"widget\" data-widget_type=\"spacer.default\">\n\t\t\t\t<div class=\"elementor-widget-container\">\n\t\t\t\t\t\t\t<div class=\"elementor-spacer\">\n\t\t\t<div class=\"elementor-spacer-inner\"><\/div>\n\t\t<\/div>\n\t\t\t\t\t\t<\/div>\n\t\t\t\t<\/div>\n\t\t\t\t\t<\/div>\n\t\t<\/div>\n\t\t\t\t\t<\/div>\n\t\t<\/section>\n\t\t\t\t<section class=\"elementor-section elementor-top-section elementor-element elementor-element-00eef4a elementor-section-boxed elementor-section-height-default elementor-section-height-default\" data-id=\"00eef4a\" data-element_type=\"section\" data-e-type=\"section\">\n\t\t\t\t\t\t<div class=\"elementor-container elementor-column-gap-default\">\n\t\t\t\t\t<div class=\"elementor-column elementor-col-100 elementor-top-column elementor-element elementor-element-8f5d143\" data-id=\"8f5d143\" data-element_type=\"column\" data-e-type=\"column\">\n\t\t\t<div class=\"elementor-widget-wrap elementor-element-populated\">\n\t\t\t\t\t\t<div class=\"elementor-element elementor-element-b470b98 elementor-widget elementor-widget-text-editor\" data-id=\"b470b98\" data-element_type=\"widget\" data-e-type=\"widget\" data-widget_type=\"text-editor.default\">\n\t\t\t\t<div class=\"elementor-widget-container\">\n\t\t\t\t\t\t\t\t\t<h5><span style=\"font-weight: 600;\">Trinn 3<\/span> \u2013 M\u00e5l bredden p\u00e5 rullegardinen<\/h5><p>Hvis du valgte <b>trinn 2, alternativ A<\/b> , bruk f\u00f8lgende instruksjoner:<\/p><p>For \u00e5 m\u00e5le for den fremovervendte gardinen, m\u00e5ler du ganske enkelt hele bredden p\u00e5 vinduet fra den ene siden av vinduskarmen til den andre siden. Dette blir den ferdige bredden p\u00e5 rullegardinen med kjettingtrekk. <\/p><p>For \u00e5 m\u00e5le sidegardinen, m\u00e5l denne fulle bredden fra den ene siden av vinduskarmen til den andre. N\u00e5r du har dette m\u00e5let, trekker du fra m\u00e5let p\u00e5 stoffrullen fra <strong>trinn 1<\/strong> . <\/p><p>Dette blir den ferdige bredden p\u00e5 rullegardinen.<\/p><p>Hvis du valgte <strong>trinn 2, alternativ B<\/strong> , bruk f\u00f8lgende instruksjoner:<\/p><p>For \u00e5 m\u00e5le opp til sidegardinen, m\u00e5l hele bredden fra den ene siden av vinduskarmen til den andre siden. Dette blir den ferdige bredden p\u00e5 den kjededrevne rullegardinen. <\/p><p>For \u00e5 m\u00e5le opp til rullegardinen som vender mot forsiden av rommet, m\u00e5l hele bredden fra den ene siden av vinduskarmen til den andre. N\u00e5r du har dette m\u00e5let, trekker du fra m\u00e5let p\u00e5 stoffrullen fra <strong>trinn 1<\/strong> . <\/p><p>Dette blir den ferdige bredden p\u00e5 rullegardinen vendt mot forsiden.<\/p><p>Hvis <strong>trinn 2, alternativ C<\/strong> er valgt, bruk f\u00f8lgende instruksjoner: <\/p><p>Bare m\u00e5l b\u00e5de front- og sidevinduene fra den ene siden av vinduskarmen til den andre siden av vinduskarmen. N\u00e5r du har disse m\u00e5lene, trekker du fra diameterm\u00e5let p\u00e5 stoffrullen fra trinn 1. Dette m\u00e5let skal trekkes fra b\u00e5de siderullen og den fremre rullegardinen.  <\/p><p>Dette blir det endelige breddem\u00e5let for hver rullegardin.<\/p><p><em><strong>Hvis vinduet ditt har h\u00e5ndtak eller noe som stikker ut fra vinduskarmen, anbefaler vi at du bestiller rullgardinerne med en \u00abomvendt rul\u00bb. Stoffet ruller deretter ned fra forsiden av r\u00f8ret og henger foran eventuelle hindringer. <\/strong><\/em><\/p>\t\t\t\t\t\t\t\t<\/div>\n\t\t\t\t<\/div>\n\t\t\t\t\t<\/div>\n\t\t<\/div>\n\t\t\t\t\t<\/div>\n\t\t<\/section>\n\t\t\t\t<section class=\"elementor-section elementor-top-section elementor-element elementor-element-6f85e56 elementor-section-boxed elementor-section-height-default elementor-section-height-default\" data-id=\"6f85e56\" data-element_type=\"section\" data-e-type=\"section\">\n\t\t\t\t\t\t<div class=\"elementor-container elementor-column-gap-default\">\n\t\t\t\t\t<div class=\"elementor-column elementor-col-100 elementor-top-column elementor-element elementor-element-7880eb4\" data-id=\"7880eb4\" data-element_type=\"column\" data-e-type=\"column\">\n\t\t\t<div class=\"elementor-widget-wrap elementor-element-populated\">\n\t\t\t\t\t\t<div class=\"elementor-element elementor-element-9eec597 elementor-widget elementor-widget-text-editor\" data-id=\"9eec597\" data-element_type=\"widget\" data-e-type=\"widget\" data-widget_type=\"text-editor.default\">\n\t\t\t\t<div class=\"elementor-widget-container\">\n\t\t\t\t\t\t\t\t\t<h5><span style=\"font-weight: 600;\">Trinn 4<\/span> \u2013 M\u00e5l h\u00f8yden p\u00e5 rullegardinen<\/h5><p>M\u00e5l fra toppen der rullegardinen skal monteres og ned til \u00f8nsket endepunkt (vanligvis vinduskarmen). Vennligst m\u00e5l alle vinduer, spesielt for eldre vinduer kan disse m\u00e5lene variere. Det endelige h\u00f8ydem\u00e5let b\u00f8r brukes n\u00e5r du bestiller persiennen.  <\/p><p><em><strong>V\u00e6r oppmerksom p\u00e5 at ruller\u00f8r og beslag er inkludert i den endelige h\u00f8yden, og at det kreves et flatt rammestykke p\u00e5 minst 5 cm for \u00e5 montere beslagene sikkert.<\/strong><\/em><\/p>\t\t\t\t\t\t\t\t<\/div>\n\t\t\t\t<\/div>\n\t\t\t\t\t<\/div>\n\t\t<\/div>\n\t\t\t\t\t<\/div>\n\t\t<\/section>\n\t\t\t\t<section class=\"elementor-section elementor-top-section elementor-element elementor-element-abf1497 elementor-section-boxed elementor-section-height-default elementor-section-height-default\" data-id=\"abf1497\" data-element_type=\"section\" data-e-type=\"section\">\n\t\t\t\t\t\t<div class=\"elementor-container elementor-column-gap-default\">\n\t\t\t\t\t<div class=\"elementor-column elementor-col-100 elementor-top-column elementor-element elementor-element-12c6933\" data-id=\"12c6933\" data-element_type=\"column\" data-e-type=\"column\">\n\t\t\t<div class=\"elementor-widget-wrap elementor-element-populated\">\n\t\t\t\t\t\t<div class=\"elementor-element elementor-element-b9bbab2 elementor-widget elementor-widget-text-editor\" data-id=\"b9bbab2\" data-element_type=\"widget\" data-e-type=\"widget\" data-widget_type=\"text-editor.default\">\n\t\t\t\t<div class=\"elementor-widget-container\">\n\t\t\t\t\t\t\t\t\t<h5><span style=\"font-weight: 600;\">Trinn 5<\/span> \u2013 Bestilling av gardiner<\/h5><p>Skriv inn de endelige bredde- og h\u00f8ydem\u00e5lene fra <strong>trinn 3 og 4<\/strong> n\u00e5r du bestiller rullegardinen p\u00e5 nettsiden v\u00e5r.<\/p><p><em><strong>Vennligst sjekk alle m\u00e5l f\u00f8r du bestiller for \u00e5 sikre perfekt passform.<\/strong><\/em><\/p><p><a href=\"https:\/\/colorco.dk\/no\/faq\/\">Les ogs\u00e5 siden v\u00e5r med ofte stilte sp\u00f8rsm\u00e5l for generelle sp\u00f8rsm\u00e5l om gardinene.<\/a><\/p><p><a href=\"https:\/\/colorco.dk\/no\/kontakt-oss\/\">Hvis du er i tvil, ta kontakt med oss \u200b\u200bfor veiledning.<\/a><\/p>\t\t\t\t\t\t\t\t<\/div>\n\t\t\t\t<\/div>\n\t\t\t\t\t<\/div>\n\t\t<\/div>\n\t\t\t\t\t<\/div>\n\t\t<\/section>\n\t\t\t\t<\/div>\n\t\t","protected":false},"excerpt":{"rendered":"<p>M\u00e5ler opp til rullegardiner med kjedetrekk &#8211; hj\u00f8rnevindu Trinn 1 \u2013 Finn rullst\u00f8rrelsen F\u00f8rst m\u00e5 du vite den omtrentlige diameteren p\u00e5 stoffrullen p\u00e5 den installerte rullegardinen. Finn den omtrentlige st\u00f8rrelsen p\u00e5 rullegardinrullen ved hjelp av tabellen til h\u00f8yre. Trinn 2 \u2013 Bestem hvordan du skal installere persiennene Deretter m\u00e5 du bestemme hvordan du vil installere [&hellip;]<\/p>\n","protected":false},"author":2,"featured_media":0,"parent":0,"menu_order":0,"comment_status":"closed","ping_status":"closed","template":"","meta":{"footnotes":""},"class_list":["post-38436","page","type-page","status-publish","hentry"],"aioseo_notices":[],"_links":{"self":[{"href":"https:\/\/colorco.dk\/no\/wp-json\/wp\/v2\/pages\/38436","targetHints":{"allow":["GET"]}}],"collection":[{"href":"https:\/\/colorco.dk\/no\/wp-json\/wp\/v2\/pages"}],"about":[{"href":"https:\/\/colorco.dk\/no\/wp-json\/wp\/v2\/types\/page"}],"author":[{"embeddable":true,"href":"https:\/\/colorco.dk\/no\/wp-json\/wp\/v2\/users\/2"}],"replies":[{"embeddable":true,"href":"https:\/\/colorco.dk\/no\/wp-json\/wp\/v2\/comments?post=38436"}],"version-history":[{"count":0,"href":"https:\/\/colorco.dk\/no\/wp-json\/wp\/v2\/pages\/38436\/revisions"}],"wp:attachment":[{"href":"https:\/\/colorco.dk\/no\/wp-json\/wp\/v2\/media?parent=38436"}],"curies":[{"name":"wp","href":"https:\/\/api.w.org\/{rel}","templated":true}]}}