{"id":38469,"date":"2026-02-13T14:05:59","date_gmt":"2026-02-13T13:05:59","guid":{"rendered":"https:\/\/colorco.dk\/maaler-opp-til-rullegardiner-med-snortrekk-i-hjoernevindu\/"},"modified":"2026-02-17T19:07:43","modified_gmt":"2026-02-17T18:07:43","slug":"maaler-opp-til-rullegardiner-med-snortrekk-i-hjoernevindu","status":"publish","type":"page","link":"https:\/\/colorco.dk\/no\/maaler-opp-til-rullegardiner-med-snortrekk-i-hjoernevindu\/","title":{"rendered":"M\u00e5ler opp til rullegardiner med snortrekk i hj\u00f8rnevindu"},"content":{"rendered":"\t\t<div data-elementor-type=\"wp-page\" data-elementor-id=\"38469\" class=\"elementor elementor-38469 elementor-37812\" data-elementor-post-type=\"page\">\n\t\t\t\t\t\t<section class=\"elementor-section elementor-top-section elementor-element elementor-element-93764f0 elementor-section-boxed elementor-section-height-default elementor-section-height-default\" data-id=\"93764f0\" data-element_type=\"section\" data-e-type=\"section\">\n\t\t\t\t\t\t<div class=\"elementor-container elementor-column-gap-default\">\n\t\t\t\t\t<div class=\"elementor-column elementor-col-100 elementor-top-column elementor-element elementor-element-0cd060f\" data-id=\"0cd060f\" data-element_type=\"column\" data-e-type=\"column\">\n\t\t\t<div class=\"elementor-widget-wrap elementor-element-populated\">\n\t\t\t\t\t\t<div class=\"elementor-element elementor-element-36ab1f6 elementor-widget elementor-widget-heading\" data-id=\"36ab1f6\" data-element_type=\"widget\" data-e-type=\"widget\" data-widget_type=\"heading.default\">\n\t\t\t\t<div class=\"elementor-widget-container\">\n\t\t\t\t\t<h2 class=\"elementor-heading-title elementor-size-default\">M\u00e5ler opp til rullegardiner med snortrekk \u2013 hj\u00f8rnevindu<\/h2>\t\t\t\t<\/div>\n\t\t\t\t<\/div>\n\t\t\t\t\t<\/div>\n\t\t<\/div>\n\t\t\t\t\t<\/div>\n\t\t<\/section>\n\t\t\t\t<section class=\"elementor-section elementor-top-section elementor-element elementor-element-b061591 elementor-section-boxed elementor-section-height-default elementor-section-height-default\" data-id=\"b061591\" data-element_type=\"section\" data-e-type=\"section\">\n\t\t\t\t\t\t<div class=\"elementor-container elementor-column-gap-default\">\n\t\t\t\t\t<div class=\"elementor-column elementor-col-50 elementor-top-column elementor-element elementor-element-0981634\" data-id=\"0981634\" data-element_type=\"column\" data-e-type=\"column\">\n\t\t\t<div class=\"elementor-widget-wrap elementor-element-populated\">\n\t\t\t\t\t\t<div class=\"elementor-element elementor-element-d1fd16e elementor-widget elementor-widget-text-editor\" data-id=\"d1fd16e\" data-element_type=\"widget\" data-e-type=\"widget\" data-widget_type=\"text-editor.default\">\n\t\t\t\t<div class=\"elementor-widget-container\">\n\t\t\t\t\t\t\t\t\t<h5><strong>Steg 1<\/strong> \u2013 Finn rullst\u00f8rrelsen<\/h5><p>F\u00f8rst m\u00e5 du vite den omtrentlige diameteren p\u00e5 stoffrullen p\u00e5 den installerte rullegardinen. Finn den omtrentlige st\u00f8rrelsen p\u00e5 rullegardinrullen ved hjelp av tabellen til h\u00f8yre. <\/p>\t\t\t\t\t\t\t\t<\/div>\n\t\t\t\t<\/div>\n\t\t\t\t\t<\/div>\n\t\t<\/div>\n\t\t\t\t<div class=\"elementor-column elementor-col-50 elementor-top-column elementor-element elementor-element-3c2e9e5\" data-id=\"3c2e9e5\" data-element_type=\"column\" data-e-type=\"column\">\n\t\t\t<div class=\"elementor-widget-wrap elementor-element-populated\">\n\t\t\t\t\t\t<div class=\"elementor-element elementor-element-f250208 elementor-widget__width-initial elementor-widget elementor-widget-image\" data-id=\"f250208\" data-element_type=\"widget\" data-e-type=\"widget\" data-widget_type=\"image.default\">\n\t\t\t\t<div class=\"elementor-widget-container\">\n\t\t\t\t\t\t\t\t\t\t\t\t\t\t\t<img fetchpriority=\"high\" decoding=\"async\" width=\"1024\" height=\"529\" src=\"https:\/\/colorco.dk\/wp-content\/uploads\/2026\/02\/colorco-measure-cord-table-1024x529.jpg\" class=\"attachment-large size-large wp-image-37830\" alt=\"\" srcset=\"https:\/\/colorco.dk\/wp-content\/uploads\/2026\/02\/colorco-measure-cord-table-1024x529.jpg 1024w, https:\/\/colorco.dk\/wp-content\/uploads\/2026\/02\/colorco-measure-cord-table-300x155.jpg 300w, https:\/\/colorco.dk\/wp-content\/uploads\/2026\/02\/colorco-measure-cord-table-768x397.jpg 768w, https:\/\/colorco.dk\/wp-content\/uploads\/2026\/02\/colorco-measure-cord-table-990x511.jpg 990w, https:\/\/colorco.dk\/wp-content\/uploads\/2026\/02\/colorco-measure-cord-table-441x228.jpg 441w, https:\/\/colorco.dk\/wp-content\/uploads\/2026\/02\/colorco-measure-cord-table-800x413.jpg 800w, https:\/\/colorco.dk\/wp-content\/uploads\/2026\/02\/colorco-measure-cord-table-150x77.jpg 150w, https:\/\/colorco.dk\/wp-content\/uploads\/2026\/02\/colorco-measure-cord-table.jpg 1462w\" sizes=\"(max-width: 1024px) 100vw, 1024px\" \/>\t\t\t\t\t\t\t\t\t\t\t\t\t\t\t<\/div>\n\t\t\t\t<\/div>\n\t\t\t\t\t<\/div>\n\t\t<\/div>\n\t\t\t\t\t<\/div>\n\t\t<\/section>\n\t\t\t\t<section class=\"elementor-section elementor-top-section elementor-element elementor-element-ac981ef elementor-section-boxed elementor-section-height-default elementor-section-height-default\" data-id=\"ac981ef\" data-element_type=\"section\" data-e-type=\"section\">\n\t\t\t\t\t\t<div class=\"elementor-container elementor-column-gap-default\">\n\t\t\t\t\t<div class=\"elementor-column elementor-col-50 elementor-top-column elementor-element elementor-element-db89884\" data-id=\"db89884\" data-element_type=\"column\" data-e-type=\"column\">\n\t\t\t<div class=\"elementor-widget-wrap elementor-element-populated\">\n\t\t\t\t\t\t<div class=\"elementor-element elementor-element-d807ff8 elementor-widget elementor-widget-text-editor\" data-id=\"d807ff8\" data-element_type=\"widget\" data-e-type=\"widget\" data-widget_type=\"text-editor.default\">\n\t\t\t\t<div class=\"elementor-widget-container\">\n\t\t\t\t\t\t\t\t\t<h5><span style=\"font-weight: 600;\">Steg 2<\/span> \u2013 Bestem hvordan du skal installere rullegardinene<\/h5><p>Deretter m\u00e5 du bestemme hvordan du vil installere rullegardinene p\u00e5 vinduene. Det finnes tre forskjellige alternativer \u00e5 velge mellom. <\/p><p><strong>A.<\/strong> Rullegardinen som vender mot forsiden av rommet monteres p\u00e5 tvers av vinduet, nesten fra hj\u00f8rne til hj\u00f8rne. Deretter monteres rullegardin nr. 2 p\u00e5 siden opp mot den fremre rullegardinen. <\/p><p><strong>B.<\/strong> Siderullegardinen monteres helt inn i hj\u00f8rnet, og den andre rullegardinen som vender mot forsiden av rommet monteres ved siden av den. Dette alternativet er bra hvis sidevinduet er mindre enn v\u00e5r minste rullegardinst\u00f8rrelse (30 cm). <\/p><p><strong>C.<\/strong> Dette alternativet fungerer ikke for alle hj\u00f8rnevinduer. Hvis vinduskarmen i hj\u00f8rnet er veldig liten, anbefaler vi \u00e5 bruke metode A. eller B. i stedet for \u00e5 sikre at rullegardinene dekker glassomr\u00e5det. <\/p>\t\t\t\t\t\t\t\t<\/div>\n\t\t\t\t<\/div>\n\t\t\t\t\t<\/div>\n\t\t<\/div>\n\t\t\t\t<div class=\"elementor-column elementor-col-50 elementor-top-column elementor-element elementor-element-84d8b34\" data-id=\"84d8b34\" data-element_type=\"column\" data-e-type=\"column\">\n\t\t\t<div class=\"elementor-widget-wrap elementor-element-populated\">\n\t\t\t\t\t\t<div class=\"elementor-element elementor-element-3c840d2 elementor-widget__width-initial elementor-widget elementor-widget-image\" data-id=\"3c840d2\" data-element_type=\"widget\" data-e-type=\"widget\" data-widget_type=\"image.default\">\n\t\t\t\t<div class=\"elementor-widget-container\">\n\t\t\t\t\t\t\t\t\t\t\t\t\t\t\t<img decoding=\"async\" width=\"458\" height=\"1024\" src=\"https:\/\/colorco.dk\/wp-content\/uploads\/2026\/02\/colorco-measure-l-shaped-window-options-458x1024.jpg\" class=\"attachment-large size-large wp-image-37744\" alt=\"\" srcset=\"https:\/\/colorco.dk\/wp-content\/uploads\/2026\/02\/colorco-measure-l-shaped-window-options-458x1024.jpg 458w, https:\/\/colorco.dk\/wp-content\/uploads\/2026\/02\/colorco-measure-l-shaped-window-options-134x300.jpg 134w, https:\/\/colorco.dk\/wp-content\/uploads\/2026\/02\/colorco-measure-l-shaped-window-options-768x1717.jpg 768w, https:\/\/colorco.dk\/wp-content\/uploads\/2026\/02\/colorco-measure-l-shaped-window-options-687x1536.jpg 687w, https:\/\/colorco.dk\/wp-content\/uploads\/2026\/02\/colorco-measure-l-shaped-window-options-916x2048.jpg 916w, https:\/\/colorco.dk\/wp-content\/uploads\/2026\/02\/colorco-measure-l-shaped-window-options-441x986.jpg 441w, https:\/\/colorco.dk\/wp-content\/uploads\/2026\/02\/colorco-measure-l-shaped-window-options-800x1789.jpg 800w, https:\/\/colorco.dk\/wp-content\/uploads\/2026\/02\/colorco-measure-l-shaped-window-options-150x335.jpg 150w, https:\/\/colorco.dk\/wp-content\/uploads\/2026\/02\/colorco-measure-l-shaped-window-options.jpg 970w\" sizes=\"(max-width: 458px) 100vw, 458px\" \/>\t\t\t\t\t\t\t\t\t\t\t\t\t\t\t<\/div>\n\t\t\t\t<\/div>\n\t\t\t\t<div class=\"elementor-element elementor-element-11328e5 elementor-widget elementor-widget-spacer\" data-id=\"11328e5\" data-element_type=\"widget\" data-e-type=\"widget\" data-widget_type=\"spacer.default\">\n\t\t\t\t<div class=\"elementor-widget-container\">\n\t\t\t\t\t\t\t<div class=\"elementor-spacer\">\n\t\t\t<div class=\"elementor-spacer-inner\"><\/div>\n\t\t<\/div>\n\t\t\t\t\t\t<\/div>\n\t\t\t\t<\/div>\n\t\t\t\t\t<\/div>\n\t\t<\/div>\n\t\t\t\t\t<\/div>\n\t\t<\/section>\n\t\t\t\t<section class=\"elementor-section elementor-top-section elementor-element elementor-element-9644d1f elementor-section-boxed elementor-section-height-default elementor-section-height-default\" data-id=\"9644d1f\" data-element_type=\"section\" data-e-type=\"section\">\n\t\t\t\t\t\t<div class=\"elementor-container elementor-column-gap-default\">\n\t\t\t\t\t<div class=\"elementor-column elementor-col-100 elementor-top-column elementor-element elementor-element-35fb8c2\" data-id=\"35fb8c2\" data-element_type=\"column\" data-e-type=\"column\">\n\t\t\t<div class=\"elementor-widget-wrap elementor-element-populated\">\n\t\t\t\t\t\t<div class=\"elementor-element elementor-element-c43974a elementor-widget elementor-widget-text-editor\" data-id=\"c43974a\" data-element_type=\"widget\" data-e-type=\"widget\" data-widget_type=\"text-editor.default\">\n\t\t\t\t<div class=\"elementor-widget-container\">\n\t\t\t\t\t\t\t\t\t<h5><span style=\"font-weight: 600;\">Steg 3<\/span> \u2013 M\u00e5l bredden p\u00e5 rullegardinen<\/h5><p>Hvis du valgte <b>trinn 2, alternativ A<\/b> , bruk f\u00f8lgende instruksjoner:<\/p><p>For \u00e5 m\u00e5le for den fremovervendte gardinen, m\u00e5ler du ganske enkelt hele bredden p\u00e5 vinduet fra den ene siden av vinduskarmen til den andre siden. Trekk deretter fra 2 cm. Dette vil v\u00e6re den ferdige bredden p\u00e5 rullegardinen med snor.  <\/p><p>For \u00e5 m\u00e5le sidegardinen, m\u00e5l denne fulle bredden fra den ene siden av vinduskarmen til den andre. Trekk deretter fra 2 cm. N\u00e5r du har dette m\u00e5let, trekker du fra m\u00e5let p\u00e5 stoffrullen fra <strong>trinn 1<\/strong> .  <\/p><p>Dette blir den ferdige bredden p\u00e5 rullegardinen.<\/p><p>Hvis du valgte <strong>trinn 2, alternativ B<\/strong> , bruk f\u00f8lgende instruksjoner:<\/p><p>For \u00e5 m\u00e5le opp til sidegardinen, m\u00e5l hele bredden fra den ene siden av vinduskarmen til den andre. Trekk deretter fra 2 cm. Dette vil v\u00e6re den ferdige bredden p\u00e5 rullegardinen med snor.  <\/p><p>For \u00e5 m\u00e5le opp til rullegardinen som vender mot forsiden av rommet, m\u00e5l hele bredden fra den ene siden av vinduskarmen til den andre. Trekk deretter fra 2 cm. N\u00e5r du har dette m\u00e5let, trekker du fra m\u00e5let p\u00e5 stoffrullen fra <strong>trinn 1<\/strong> .  <\/p><p>Dette blir den ferdige bredden p\u00e5 rullegardinen vendt mot forsiden.<\/p><p>Hvis <strong>trinn 2, alternativ C<\/strong> er valgt, bruk f\u00f8lgende instruksjoner: <\/p><p>Bare m\u00e5l b\u00e5de front- og sidevinduene fra den ene siden av vinduskarmen til den andre siden av vinduskarmen. Trekk deretter 2 cm fra hvert m\u00e5l. N\u00e5r du har disse m\u00e5lene, trekker du fra m\u00e5lingen av stoffrulldiameteren fra trinn 1. Dette m\u00e5let skal trekkes fra b\u00e5de siderullen og frontrullegardinen.   <\/p><p>Dette blir det endelige breddem\u00e5let for hver rullegardin.<\/p>\t\t\t\t\t\t\t\t<\/div>\n\t\t\t\t<\/div>\n\t\t\t\t\t<\/div>\n\t\t<\/div>\n\t\t\t\t\t<\/div>\n\t\t<\/section>\n\t\t\t\t<section class=\"elementor-section elementor-top-section elementor-element elementor-element-c2f50a4 elementor-section-boxed elementor-section-height-default elementor-section-height-default\" data-id=\"c2f50a4\" data-element_type=\"section\" data-e-type=\"section\">\n\t\t\t\t\t\t<div class=\"elementor-container elementor-column-gap-default\">\n\t\t\t\t\t<div class=\"elementor-column elementor-col-100 elementor-top-column elementor-element elementor-element-f4b5600\" data-id=\"f4b5600\" data-element_type=\"column\" data-e-type=\"column\">\n\t\t\t<div class=\"elementor-widget-wrap elementor-element-populated\">\n\t\t\t\t\t\t<div class=\"elementor-element elementor-element-12ea4dc elementor-widget elementor-widget-text-editor\" data-id=\"12ea4dc\" data-element_type=\"widget\" data-e-type=\"widget\" data-widget_type=\"text-editor.default\">\n\t\t\t\t<div class=\"elementor-widget-container\">\n\t\t\t\t\t\t\t\t\t<h5><span style=\"font-weight: 600;\">Steg 4<\/span> \u2013 M\u00e5l h\u00f8yden p\u00e5 rullegardinen<\/h5><p>M\u00e5l fra toppen der gardinen skal monteres og ned til \u00f8nsket endepunkt (vanligvis vinduskarmen). Vennligst m\u00e5l alle vinduer, spesielt for eldre vinduer kan disse m\u00e5lene variere. Vi anbefaler \u00e5 legge til 10\u201315 cm til dette m\u00e5let, da dette gir gardinen litt vekt nederst p\u00e5 gardinen, noe som gj\u00f8r den enklere og mer stabil \u00e5 rulle opp og ned. Det endelige h\u00f8ydem\u00e5let b\u00f8r brukes n\u00e5r du bestiller gardinen.   <\/p>\t\t\t\t\t\t\t\t<\/div>\n\t\t\t\t<\/div>\n\t\t\t\t\t<\/div>\n\t\t<\/div>\n\t\t\t\t\t<\/div>\n\t\t<\/section>\n\t\t\t\t<section class=\"elementor-section elementor-top-section elementor-element elementor-element-7cb86d1 elementor-section-boxed elementor-section-height-default elementor-section-height-default\" data-id=\"7cb86d1\" data-element_type=\"section\" data-e-type=\"section\">\n\t\t\t\t\t\t<div class=\"elementor-container elementor-column-gap-default\">\n\t\t\t\t\t<div class=\"elementor-column elementor-col-100 elementor-top-column elementor-element elementor-element-0b13d93\" data-id=\"0b13d93\" data-element_type=\"column\" data-e-type=\"column\">\n\t\t\t<div class=\"elementor-widget-wrap elementor-element-populated\">\n\t\t\t\t\t\t<div class=\"elementor-element elementor-element-07beb33 elementor-widget elementor-widget-text-editor\" data-id=\"07beb33\" data-element_type=\"widget\" data-e-type=\"widget\" data-widget_type=\"text-editor.default\">\n\t\t\t\t<div class=\"elementor-widget-container\">\n\t\t\t\t\t\t\t\t\t<h5><span style=\"font-weight: 600;\">Steg 5<\/span> \u2013 Bestilling av gardiner<\/h5><p>Skriv inn de endelige bredde- og h\u00f8ydem\u00e5lene fra trinn 3 og 4 n\u00e5r du bestiller rullegardinen p\u00e5 nettsiden v\u00e5r.<\/p><p><em><strong>Vennligst sjekk alle m\u00e5l f\u00f8r du bestiller for \u00e5 sikre perfekt passform.<\/strong><\/em><\/p><p><a href=\"https:\/\/colorco.dk\/no\/faq\/\">Les ogs\u00e5 siden v\u00e5r med ofte stilte sp\u00f8rsm\u00e5l for generelle sp\u00f8rsm\u00e5l om gardinene.<\/a><\/p><p><a href=\"https:\/\/colorco.dk\/no\/kontakt-oss\/\">Hvis du er i tvil, ta kontakt med oss \u200b\u200bfor veiledning.<\/a><\/p>\t\t\t\t\t\t\t\t<\/div>\n\t\t\t\t<\/div>\n\t\t\t\t\t<\/div>\n\t\t<\/div>\n\t\t\t\t\t<\/div>\n\t\t<\/section>\n\t\t\t\t<\/div>\n\t\t","protected":false},"excerpt":{"rendered":"<p>M\u00e5ler opp til rullegardiner med snortrekk \u2013 hj\u00f8rnevindu Steg 1 \u2013 Finn rullst\u00f8rrelsen F\u00f8rst m\u00e5 du vite den omtrentlige diameteren p\u00e5 stoffrullen p\u00e5 den installerte rullegardinen. Finn den omtrentlige st\u00f8rrelsen p\u00e5 rullegardinrullen ved hjelp av tabellen til h\u00f8yre. Steg 2 \u2013 Bestem hvordan du skal installere rullegardinene Deretter m\u00e5 du bestemme hvordan du vil installere [&hellip;]<\/p>\n","protected":false},"author":2,"featured_media":0,"parent":0,"menu_order":0,"comment_status":"closed","ping_status":"closed","template":"","meta":{"footnotes":""},"class_list":["post-38469","page","type-page","status-publish","hentry"],"aioseo_notices":[],"_links":{"self":[{"href":"https:\/\/colorco.dk\/no\/wp-json\/wp\/v2\/pages\/38469","targetHints":{"allow":["GET"]}}],"collection":[{"href":"https:\/\/colorco.dk\/no\/wp-json\/wp\/v2\/pages"}],"about":[{"href":"https:\/\/colorco.dk\/no\/wp-json\/wp\/v2\/types\/page"}],"author":[{"embeddable":true,"href":"https:\/\/colorco.dk\/no\/wp-json\/wp\/v2\/users\/2"}],"replies":[{"embeddable":true,"href":"https:\/\/colorco.dk\/no\/wp-json\/wp\/v2\/comments?post=38469"}],"version-history":[{"count":0,"href":"https:\/\/colorco.dk\/no\/wp-json\/wp\/v2\/pages\/38469\/revisions"}],"wp:attachment":[{"href":"https:\/\/colorco.dk\/no\/wp-json\/wp\/v2\/media?parent=38469"}],"curies":[{"name":"wp","href":"https:\/\/api.w.org\/{rel}","templated":true}]}}