{"id":38471,"date":"2026-02-13T13:50:07","date_gmt":"2026-02-13T12:50:07","guid":{"rendered":"https:\/\/colorco.dk\/maaler-opp-til-rullegardiner-med-snortrekk-utvendig-montering\/"},"modified":"2026-02-19T09:39:07","modified_gmt":"2026-02-19T08:39:07","slug":"maaler-opp-til-rullegardiner-med-snortrekk-utvendig-montering","status":"publish","type":"page","link":"https:\/\/colorco.dk\/no\/maaler-opp-til-rullegardiner-med-snortrekk-utvendig-montering\/","title":{"rendered":"M\u00e5ler opp til rullegardiner med snortrekk, utvendig montering"},"content":{"rendered":"\t\t<div data-elementor-type=\"wp-page\" data-elementor-id=\"38471\" class=\"elementor elementor-38471 elementor-38231\" data-elementor-post-type=\"page\">\n\t\t\t\t\t\t<section class=\"elementor-section elementor-top-section elementor-element elementor-element-07481a8 elementor-section-boxed elementor-section-height-default elementor-section-height-default\" data-id=\"07481a8\" data-element_type=\"section\" data-e-type=\"section\">\n\t\t\t\t\t\t<div class=\"elementor-container elementor-column-gap-default\">\n\t\t\t\t\t<div class=\"elementor-column elementor-col-100 elementor-top-column elementor-element elementor-element-82349cd\" data-id=\"82349cd\" data-element_type=\"column\" data-e-type=\"column\">\n\t\t\t<div class=\"elementor-widget-wrap elementor-element-populated\">\n\t\t\t\t\t\t<div class=\"elementor-element elementor-element-728c749 elementor-widget elementor-widget-heading\" data-id=\"728c749\" data-element_type=\"widget\" data-e-type=\"widget\" data-widget_type=\"heading.default\">\n\t\t\t\t<div class=\"elementor-widget-container\">\n\t\t\t\t\t<h2 class=\"elementor-heading-title elementor-size-default\">M\u00e5ler opp til rullegardiner med snortrekk \u2013 utvendig montering<\/h2>\t\t\t\t<\/div>\n\t\t\t\t<\/div>\n\t\t\t\t\t<\/div>\n\t\t<\/div>\n\t\t\t\t\t<\/div>\n\t\t<\/section>\n\t\t\t\t<section class=\"elementor-section elementor-top-section elementor-element elementor-element-25b74a5 elementor-section-boxed elementor-section-height-default elementor-section-height-default\" data-id=\"25b74a5\" data-element_type=\"section\" data-e-type=\"section\">\n\t\t\t\t\t\t<div class=\"elementor-container elementor-column-gap-default\">\n\t\t\t\t\t<div class=\"elementor-column elementor-col-100 elementor-top-column elementor-element elementor-element-0ce7905\" data-id=\"0ce7905\" data-element_type=\"column\" data-e-type=\"column\">\n\t\t\t<div class=\"elementor-widget-wrap elementor-element-populated\">\n\t\t\t\t\t\t<section class=\"elementor-section elementor-inner-section elementor-element elementor-element-d2a6c12 elementor-section-boxed elementor-section-height-default elementor-section-height-default\" data-id=\"d2a6c12\" data-element_type=\"section\" data-e-type=\"section\">\n\t\t\t\t\t\t<div class=\"elementor-container elementor-column-gap-default\">\n\t\t\t\t\t<div class=\"elementor-column elementor-col-50 elementor-inner-column elementor-element elementor-element-5751332\" data-id=\"5751332\" data-element_type=\"column\" data-e-type=\"column\">\n\t\t\t<div class=\"elementor-widget-wrap elementor-element-populated\">\n\t\t\t\t\t\t<div class=\"elementor-element elementor-element-f0600e4 elementor-widget elementor-widget-text-editor\" data-id=\"f0600e4\" data-element_type=\"widget\" data-e-type=\"widget\" data-widget_type=\"text-editor.default\">\n\t\t\t\t<div class=\"elementor-widget-container\">\n\t\t\t\t\t\t\t\t\t<p><strong>Steg 1<\/strong> \u2013 Bruk et m\u00e5leb\u00e5nd til \u00e5 m\u00e5le opp vinduet. M\u00e5l f\u00f8rst bredden \u00f8verst p\u00e5 vinduet, deretter midt p\u00e5 vinduet og til slutt nederst. <\/p><p><strong>Steg 2<\/strong> \u2013 Noter det st\u00f8rste m\u00e5let. Legg til minst 10 centimeter til dette m\u00e5let, dette vil v\u00e6re den ferdige bredden p\u00e5 gardinen. Dette m\u00e5let er oppgitt p\u00e5 nettsiden som breddem\u00e5l. Den ferdige rullegardinen vil ha dette m\u00e5let, s\u00e5 velg en bredde som dekker vinduet ditt helt. Ta hensyn til eventuelle hindringer som vinduskarmen osv. n\u00e5r du gj\u00f8r dette.    <\/p><p><strong>Steg 3<\/strong> \u2013 M\u00e5l deretter h\u00f8yden. M\u00e5l fra toppen av vinduet og ned til vinduskarmen. Dette er h\u00f8yden p\u00e5 gardinen.  <\/p><p>Skriv ned det minste m\u00e5let. Vi anbefaler \u00e5 ha en liten rull med stoff p\u00e5 minst 10\u201315 cm nederst p\u00e5 gardinen. Dette bidrar til vekt og stabilitet. Det vil ogs\u00e5 gj\u00f8re det lettere \u00e5 rulle den opp og ned.  <\/p><p><strong>Hvis for eksempel vinduskarmene dine er 90 cm brede og 120 cm h\u00f8ye, b\u00f8r du gj\u00f8re dette:<\/strong><\/p><p>90 cm + 10 cm = Ferdig gardinbredde er 100 cm<br>120 cm + 10 cm = Ferdig gardinh\u00f8yde 130 cm<\/p><p>Alle spesialtilpassede gardiner er h\u00e5ndlaget av produksjonsteamet v\u00e5rt og laget p\u00e5 bestilling. Det er derfor viktig at m\u00e5lene du oppgir er helt n\u00f8yaktige, da vi ikke kan justere dem i etterkant. <\/p><p>Hver gardin er unik, og p\u00e5 grunn av konstruksjonen av lamellene og vevingen av gardinene kan vi ikke garantere at den passer 100 % til dine m\u00e5l. Det er en feilmargin p\u00e5 opptil 0,5 cm. <\/p><p><a href=\"https:\/\/colorco.dk\/no\/faq\/\">Vennligst les v\u00e5re ofte stilte sp\u00f8rsm\u00e5l om gardinene v\u00e5re.<\/a><\/p><p><a href=\"https:\/\/colorco.dk\/no\/kontakt-oss\/\">Hvis du er i tvil, ta kontakt med oss \u200b\u200bfor veiledning.<\/a><\/p>\t\t\t\t\t\t\t\t<\/div>\n\t\t\t\t<\/div>\n\t\t\t\t\t<\/div>\n\t\t<\/div>\n\t\t\t\t<div class=\"elementor-column elementor-col-50 elementor-inner-column elementor-element elementor-element-3d4b493\" data-id=\"3d4b493\" data-element_type=\"column\" data-e-type=\"column\">\n\t\t\t<div class=\"elementor-widget-wrap elementor-element-populated\">\n\t\t\t\t\t\t<div class=\"elementor-element elementor-element-08f4617 elementor-widget elementor-widget-video\" data-id=\"08f4617\" data-element_type=\"widget\" data-e-type=\"widget\" data-settings=\"{&quot;youtube_url&quot;:&quot;https:\\\/\\\/www.youtube.com\\\/watch?v=IcfFoIMn6L0&quot;,&quot;video_type&quot;:&quot;youtube&quot;,&quot;controls&quot;:&quot;yes&quot;}\" data-widget_type=\"video.default\">\n\t\t\t\t<div class=\"elementor-widget-container\">\n\t\t\t\t\t\t\t<div class=\"elementor-wrapper elementor-open-inline\">\n\t\t\t<div class=\"elementor-video\"><\/div>\t\t<\/div>\n\t\t\t\t\t\t<\/div>\n\t\t\t\t<\/div>\n\t\t\t\t<div class=\"elementor-element elementor-element-8dcc978 elementor-widget elementor-widget-text-editor\" data-id=\"8dcc978\" data-element_type=\"widget\" data-e-type=\"widget\" data-widget_type=\"text-editor.default\">\n\t\t\t\t<div class=\"elementor-widget-container\">\n\t\t\t\t\t\t\t\t\t<p><em>Se instruksjonsvideoen ovenfor. Den er p\u00e5 engelsk. Hvis du vil ha den med danske undertekster, m\u00e5 du \u00e5pne den p\u00e5 Youtube, hvor dette kan velges.  <\/em><\/p>\t\t\t\t\t\t\t\t<\/div>\n\t\t\t\t<\/div>\n\t\t\t\t\t<\/div>\n\t\t<\/div>\n\t\t\t\t\t<\/div>\n\t\t<\/section>\n\t\t\t\t\t<\/div>\n\t\t<\/div>\n\t\t\t\t\t<\/div>\n\t\t<\/section>\n\t\t\t\t<\/div>\n\t\t","protected":false},"excerpt":{"rendered":"<p>M\u00e5ler opp til rullegardiner med snortrekk \u2013 utvendig montering Steg 1 \u2013 Bruk et m\u00e5leb\u00e5nd til \u00e5 m\u00e5le opp vinduet. M\u00e5l f\u00f8rst bredden \u00f8verst p\u00e5 vinduet, deretter midt p\u00e5 vinduet og til slutt nederst. Steg 2 \u2013 Noter det st\u00f8rste m\u00e5let. Legg til minst 10 centimeter til dette m\u00e5let, dette vil v\u00e6re den ferdige bredden [&hellip;]<\/p>\n","protected":false},"author":2,"featured_media":0,"parent":0,"menu_order":0,"comment_status":"closed","ping_status":"closed","template":"","meta":{"footnotes":""},"class_list":["post-38471","page","type-page","status-publish","hentry"],"aioseo_notices":[],"_links":{"self":[{"href":"https:\/\/colorco.dk\/no\/wp-json\/wp\/v2\/pages\/38471","targetHints":{"allow":["GET"]}}],"collection":[{"href":"https:\/\/colorco.dk\/no\/wp-json\/wp\/v2\/pages"}],"about":[{"href":"https:\/\/colorco.dk\/no\/wp-json\/wp\/v2\/types\/page"}],"author":[{"embeddable":true,"href":"https:\/\/colorco.dk\/no\/wp-json\/wp\/v2\/users\/2"}],"replies":[{"embeddable":true,"href":"https:\/\/colorco.dk\/no\/wp-json\/wp\/v2\/comments?post=38471"}],"version-history":[{"count":0,"href":"https:\/\/colorco.dk\/no\/wp-json\/wp\/v2\/pages\/38471\/revisions"}],"wp:attachment":[{"href":"https:\/\/colorco.dk\/no\/wp-json\/wp\/v2\/media?parent=38471"}],"curies":[{"name":"wp","href":"https:\/\/api.w.org\/{rel}","templated":true}]}}