{"id":38477,"date":"2026-02-13T13:24:59","date_gmt":"2026-02-13T12:24:59","guid":{"rendered":"https:\/\/colorco.dk\/maaler-opp-til-rullegardiner-med-kjedetrekk-karnapp\/"},"modified":"2026-02-19T09:38:24","modified_gmt":"2026-02-19T08:38:24","slug":"maaler-opp-til-rullegardiner-med-kjedetrekk-karnapp","status":"publish","type":"page","link":"https:\/\/colorco.dk\/no\/maaler-opp-til-rullegardiner-med-kjedetrekk-karnapp\/","title":{"rendered":"M\u00e5ler opp til rullegardiner med kjedetrekk &#8211; karnapp"},"content":{"rendered":"\t\t<div data-elementor-type=\"wp-page\" data-elementor-id=\"38477\" class=\"elementor elementor-38477 elementor-37820\" data-elementor-post-type=\"page\">\n\t\t\t\t\t\t<section class=\"elementor-section elementor-top-section elementor-element elementor-element-236f294f elementor-section-boxed elementor-section-height-default elementor-section-height-default\" data-id=\"236f294f\" data-element_type=\"section\" data-e-type=\"section\">\n\t\t\t\t\t\t<div class=\"elementor-container elementor-column-gap-default\">\n\t\t\t\t\t<div class=\"elementor-column elementor-col-100 elementor-top-column elementor-element elementor-element-4336351e\" data-id=\"4336351e\" data-element_type=\"column\" data-e-type=\"column\">\n\t\t\t<div class=\"elementor-widget-wrap elementor-element-populated\">\n\t\t\t\t\t\t<div class=\"elementor-element elementor-element-5c04fbd9 elementor-widget elementor-widget-heading\" data-id=\"5c04fbd9\" data-element_type=\"widget\" data-e-type=\"widget\" data-widget_type=\"heading.default\">\n\t\t\t\t<div class=\"elementor-widget-container\">\n\t\t\t\t\t<h2 class=\"elementor-heading-title elementor-size-default\">M\u00e5ler opp til rullegardiner med kjedetrekk - karnapp<\/h2>\t\t\t\t<\/div>\n\t\t\t\t<\/div>\n\t\t\t\t\t<\/div>\n\t\t<\/div>\n\t\t\t\t\t<\/div>\n\t\t<\/section>\n\t\t\t\t<section class=\"elementor-section elementor-top-section elementor-element elementor-element-74baa49e elementor-section-boxed elementor-section-height-default elementor-section-height-default\" data-id=\"74baa49e\" data-element_type=\"section\" data-e-type=\"section\">\n\t\t\t\t\t\t<div class=\"elementor-container elementor-column-gap-default\">\n\t\t\t\t\t<div class=\"elementor-column elementor-col-100 elementor-top-column elementor-element elementor-element-52998be1\" data-id=\"52998be1\" data-element_type=\"column\" data-e-type=\"column\">\n\t\t\t<div class=\"elementor-widget-wrap elementor-element-populated\">\n\t\t\t\t\t\t<div class=\"elementor-element elementor-element-36baa86f elementor-widget elementor-widget-text-editor\" data-id=\"36baa86f\" data-element_type=\"widget\" data-e-type=\"widget\" data-widget_type=\"text-editor.default\">\n\t\t\t\t<div class=\"elementor-widget-container\">\n\t\t\t\t\t\t\t\t\t<h5>Finn f\u00f8lgende<\/h5><p>Du trenger:<\/p><ul><li>To ark av papir eller papp i A4- eller A5-format<\/li><li>En blyant<\/li><li>Et m\u00e5leb\u00e5nd<\/li><li>En hersker<\/li><\/ul>\t\t\t\t\t\t\t\t<\/div>\n\t\t\t\t<\/div>\n\t\t\t\t\t<\/div>\n\t\t<\/div>\n\t\t\t\t\t<\/div>\n\t\t<\/section>\n\t\t\t\t<section class=\"elementor-section elementor-top-section elementor-element elementor-element-6b32ccdc elementor-section-boxed elementor-section-height-default elementor-section-height-default\" data-id=\"6b32ccdc\" data-element_type=\"section\" data-e-type=\"section\">\n\t\t\t\t\t\t<div class=\"elementor-container elementor-column-gap-default\">\n\t\t\t\t\t<div class=\"elementor-column elementor-col-50 elementor-top-column elementor-element elementor-element-7eabd945\" data-id=\"7eabd945\" data-element_type=\"column\" data-e-type=\"column\">\n\t\t\t<div class=\"elementor-widget-wrap elementor-element-populated\">\n\t\t\t\t\t\t<div class=\"elementor-element elementor-element-4bca209c elementor-widget elementor-widget-text-editor\" data-id=\"4bca209c\" data-element_type=\"widget\" data-e-type=\"widget\" data-widget_type=\"text-editor.default\">\n\t\t\t\t<div class=\"elementor-widget-container\">\n\t\t\t\t\t\t\t\t\t<h5><strong>Steg 1<\/strong> \u2013 Finn rullst\u00f8rrelsen<\/h5><p>F\u00f8rst m\u00e5 du vite den omtrentlige diameteren p\u00e5 stoffrullen p\u00e5 den installerte rullegardinen. Finn den omtrentlige st\u00f8rrelsen p\u00e5 rullegardinrullen ved hjelp av tabellen til h\u00f8yre. <\/p>\t\t\t\t\t\t\t\t<\/div>\n\t\t\t\t<\/div>\n\t\t\t\t\t<\/div>\n\t\t<\/div>\n\t\t\t\t<div class=\"elementor-column elementor-col-50 elementor-top-column elementor-element elementor-element-448e759b\" data-id=\"448e759b\" data-element_type=\"column\" data-e-type=\"column\">\n\t\t\t<div class=\"elementor-widget-wrap elementor-element-populated\">\n\t\t\t\t\t\t<div class=\"elementor-element elementor-element-4c106517 elementor-widget__width-initial elementor-widget elementor-widget-image\" data-id=\"4c106517\" data-element_type=\"widget\" data-e-type=\"widget\" data-widget_type=\"image.default\">\n\t\t\t\t<div class=\"elementor-widget-container\">\n\t\t\t\t\t\t\t\t\t\t\t\t\t\t\t<img fetchpriority=\"high\" decoding=\"async\" width=\"1024\" height=\"488\" src=\"https:\/\/colorco.dk\/wp-content\/uploads\/2026\/02\/colorco-measure-chain-table-1024x488.jpg\" class=\"attachment-large size-large wp-image-37736\" alt=\"\" srcset=\"https:\/\/colorco.dk\/wp-content\/uploads\/2026\/02\/colorco-measure-chain-table-1024x488.jpg 1024w, https:\/\/colorco.dk\/wp-content\/uploads\/2026\/02\/colorco-measure-chain-table-300x143.jpg 300w, https:\/\/colorco.dk\/wp-content\/uploads\/2026\/02\/colorco-measure-chain-table-768x366.jpg 768w, https:\/\/colorco.dk\/wp-content\/uploads\/2026\/02\/colorco-measure-chain-table-1536x733.jpg 1536w, https:\/\/colorco.dk\/wp-content\/uploads\/2026\/02\/colorco-measure-chain-table-990x472.jpg 990w, https:\/\/colorco.dk\/wp-content\/uploads\/2026\/02\/colorco-measure-chain-table-441x210.jpg 441w, https:\/\/colorco.dk\/wp-content\/uploads\/2026\/02\/colorco-measure-chain-table-800x382.jpg 800w, https:\/\/colorco.dk\/wp-content\/uploads\/2026\/02\/colorco-measure-chain-table-150x72.jpg 150w, https:\/\/colorco.dk\/wp-content\/uploads\/2026\/02\/colorco-measure-chain-table.jpg 1719w\" sizes=\"(max-width: 1024px) 100vw, 1024px\" \/>\t\t\t\t\t\t\t\t\t\t\t\t\t\t\t<\/div>\n\t\t\t\t<\/div>\n\t\t\t\t\t<\/div>\n\t\t<\/div>\n\t\t\t\t\t<\/div>\n\t\t<\/section>\n\t\t\t\t<section class=\"elementor-section elementor-top-section elementor-element elementor-element-7622d349 elementor-section-boxed elementor-section-height-default elementor-section-height-default\" data-id=\"7622d349\" data-element_type=\"section\" data-e-type=\"section\">\n\t\t\t\t\t\t<div class=\"elementor-container elementor-column-gap-default\">\n\t\t\t\t\t<div class=\"elementor-column elementor-col-50 elementor-top-column elementor-element elementor-element-65b3b452\" data-id=\"65b3b452\" data-element_type=\"column\" data-e-type=\"column\">\n\t\t\t<div class=\"elementor-widget-wrap elementor-element-populated\">\n\t\t\t\t\t\t<div class=\"elementor-element elementor-element-1e3c7768 elementor-widget elementor-widget-text-editor\" data-id=\"1e3c7768\" data-element_type=\"widget\" data-e-type=\"widget\" data-widget_type=\"text-editor.default\">\n\t\t\t\t<div class=\"elementor-widget-container\">\n\t\t\t\t\t\t\t\t\t<h5><span style=\"font-weight: 600;\">Steg 2<\/span> \u2013 Finn vinkelen p\u00e5 rullen<\/h5><p>Deretter m\u00e5 du bestemme vinkelen p\u00e5 karnappvinduene for \u00e5 sikre at rullegardinene kan henge pent side om side.<\/p><p>Ta de to papirarkene og legg dem ved siden av hverandre, kant mot kant.<\/p><p><strong>A.<\/strong> Bruk en blyant til \u00e5 lage et merke p\u00e5 dem basert p\u00e5 rullens diameter. Hvis rullegardinens diameter er omtrent 10 cm, bruk linjalen til \u00e5 lage et 10 cm-merke med en blyant. <\/p><p><strong>B.<\/strong> Legg deretter de to arkene side om side, men i en vinkel langs karnappvinduet. N\u00e5r blyantmerkene m\u00f8tes, bruk blyanten til \u00e5 lage et lite merke i vinduskarmen der kanten av papiret m\u00f8ter vinduskarmen. <\/p><p>Dette m\u00e5 gj\u00f8res ved alle karnappvinduer.<\/p>\t\t\t\t\t\t\t\t<\/div>\n\t\t\t\t<\/div>\n\t\t\t\t\t<\/div>\n\t\t<\/div>\n\t\t\t\t<div class=\"elementor-column elementor-col-50 elementor-top-column elementor-element elementor-element-1219fe1d\" data-id=\"1219fe1d\" data-element_type=\"column\" data-e-type=\"column\">\n\t\t\t<div class=\"elementor-widget-wrap elementor-element-populated\">\n\t\t\t\t\t\t<div class=\"elementor-element elementor-element-6262ef92 elementor-widget__width-initial elementor-widget elementor-widget-image\" data-id=\"6262ef92\" data-element_type=\"widget\" data-e-type=\"widget\" data-widget_type=\"image.default\">\n\t\t\t\t<div class=\"elementor-widget-container\">\n\t\t\t\t\t\t\t\t\t\t\t\t\t\t\t<img decoding=\"async\" width=\"983\" height=\"813\" src=\"https:\/\/colorco.dk\/wp-content\/uploads\/2026\/02\/colorco-measure-bay-window.jpg\" class=\"attachment-large size-large wp-image-37756\" alt=\"\" srcset=\"https:\/\/colorco.dk\/wp-content\/uploads\/2026\/02\/colorco-measure-bay-window.jpg 983w, https:\/\/colorco.dk\/wp-content\/uploads\/2026\/02\/colorco-measure-bay-window-300x248.jpg 300w, https:\/\/colorco.dk\/wp-content\/uploads\/2026\/02\/colorco-measure-bay-window-768x635.jpg 768w, https:\/\/colorco.dk\/wp-content\/uploads\/2026\/02\/colorco-measure-bay-window-441x365.jpg 441w, https:\/\/colorco.dk\/wp-content\/uploads\/2026\/02\/colorco-measure-bay-window-800x662.jpg 800w, https:\/\/colorco.dk\/wp-content\/uploads\/2026\/02\/colorco-measure-bay-window-150x124.jpg 150w\" sizes=\"(max-width: 983px) 100vw, 983px\" \/>\t\t\t\t\t\t\t\t\t\t\t\t\t\t\t<\/div>\n\t\t\t\t<\/div>\n\t\t\t\t<div class=\"elementor-element elementor-element-6d2bd4aa elementor-widget elementor-widget-spacer\" data-id=\"6d2bd4aa\" data-element_type=\"widget\" data-e-type=\"widget\" data-widget_type=\"spacer.default\">\n\t\t\t\t<div class=\"elementor-widget-container\">\n\t\t\t\t\t\t\t<div class=\"elementor-spacer\">\n\t\t\t<div class=\"elementor-spacer-inner\"><\/div>\n\t\t<\/div>\n\t\t\t\t\t\t<\/div>\n\t\t\t\t<\/div>\n\t\t\t\t<div class=\"elementor-element elementor-element-44d50ba3 elementor-widget__width-initial elementor-widget elementor-widget-image\" data-id=\"44d50ba3\" data-element_type=\"widget\" data-e-type=\"widget\" data-widget_type=\"image.default\">\n\t\t\t\t<div class=\"elementor-widget-container\">\n\t\t\t\t\t\t\t\t\t\t\t\t\t\t\t<img decoding=\"async\" width=\"1024\" height=\"394\" src=\"https:\/\/colorco.dk\/wp-content\/uploads\/2026\/02\/colorco-measure-bay-window2-1024x394.jpg\" class=\"attachment-large size-large wp-image-37752\" alt=\"\" srcset=\"https:\/\/colorco.dk\/wp-content\/uploads\/2026\/02\/colorco-measure-bay-window2-1024x394.jpg 1024w, https:\/\/colorco.dk\/wp-content\/uploads\/2026\/02\/colorco-measure-bay-window2-300x116.jpg 300w, https:\/\/colorco.dk\/wp-content\/uploads\/2026\/02\/colorco-measure-bay-window2-768x296.jpg 768w, https:\/\/colorco.dk\/wp-content\/uploads\/2026\/02\/colorco-measure-bay-window2-1536x592.jpg 1536w, https:\/\/colorco.dk\/wp-content\/uploads\/2026\/02\/colorco-measure-bay-window2-990x381.jpg 990w, https:\/\/colorco.dk\/wp-content\/uploads\/2026\/02\/colorco-measure-bay-window2-441x170.jpg 441w, https:\/\/colorco.dk\/wp-content\/uploads\/2026\/02\/colorco-measure-bay-window2-800x308.jpg 800w, https:\/\/colorco.dk\/wp-content\/uploads\/2026\/02\/colorco-measure-bay-window2-150x58.jpg 150w, https:\/\/colorco.dk\/wp-content\/uploads\/2026\/02\/colorco-measure-bay-window2.jpg 1620w\" sizes=\"(max-width: 1024px) 100vw, 1024px\" \/>\t\t\t\t\t\t\t\t\t\t\t\t\t\t\t<\/div>\n\t\t\t\t<\/div>\n\t\t\t\t\t<\/div>\n\t\t<\/div>\n\t\t\t\t\t<\/div>\n\t\t<\/section>\n\t\t\t\t<section class=\"elementor-section elementor-top-section elementor-element elementor-element-69319a78 elementor-section-boxed elementor-section-height-default elementor-section-height-default\" data-id=\"69319a78\" data-element_type=\"section\" data-e-type=\"section\">\n\t\t\t\t\t\t<div class=\"elementor-container elementor-column-gap-default\">\n\t\t\t\t\t<div class=\"elementor-column elementor-col-50 elementor-top-column elementor-element elementor-element-659dba74\" data-id=\"659dba74\" data-element_type=\"column\" data-e-type=\"column\">\n\t\t\t<div class=\"elementor-widget-wrap elementor-element-populated\">\n\t\t\t\t\t\t<div class=\"elementor-element elementor-element-715af576 elementor-widget elementor-widget-text-editor\" data-id=\"715af576\" data-element_type=\"widget\" data-e-type=\"widget\" data-widget_type=\"text-editor.default\">\n\t\t\t\t<div class=\"elementor-widget-container\">\n\t\t\t\t\t\t\t\t\t<h5><strong>Trinn 3 &#8211; M\u00e5l bredden p\u00e5 rullegardinen<\/strong><\/h5><p class=\"p1\"><strong>C.<\/strong> M\u00e5l deretter avstanden mellom hvert av de to blyantmerkene som er tegnet p\u00e5 vinduskarmen. Avstanden mellom de to merkene bestemmer bredden p\u00e5 rullegardinen. Legg deretter til 0,4 cm til dette m\u00e5let. Dette endelige breddem\u00e5let vil bli brukt n\u00e5r du bestiller rullegardinen med kjettingtrekk.   <\/p>\t\t\t\t\t\t\t\t<\/div>\n\t\t\t\t<\/div>\n\t\t\t\t\t<\/div>\n\t\t<\/div>\n\t\t\t\t<div class=\"elementor-column elementor-col-50 elementor-top-column elementor-element elementor-element-374da721\" data-id=\"374da721\" data-element_type=\"column\" data-e-type=\"column\">\n\t\t\t<div class=\"elementor-widget-wrap elementor-element-populated\">\n\t\t\t\t\t\t<div class=\"elementor-element elementor-element-6d277038 elementor-widget__width-initial elementor-widget elementor-widget-image\" data-id=\"6d277038\" data-element_type=\"widget\" data-e-type=\"widget\" data-widget_type=\"image.default\">\n\t\t\t\t<div class=\"elementor-widget-container\">\n\t\t\t\t\t\t\t\t\t\t\t\t\t\t\t<img loading=\"lazy\" decoding=\"async\" width=\"1024\" height=\"418\" src=\"https:\/\/colorco.dk\/wp-content\/uploads\/2026\/02\/colorco-measure-bay-window3-1024x418.jpg\" class=\"attachment-large size-large wp-image-37748\" alt=\"\" srcset=\"https:\/\/colorco.dk\/wp-content\/uploads\/2026\/02\/colorco-measure-bay-window3-1024x418.jpg 1024w, https:\/\/colorco.dk\/wp-content\/uploads\/2026\/02\/colorco-measure-bay-window3-300x123.jpg 300w, https:\/\/colorco.dk\/wp-content\/uploads\/2026\/02\/colorco-measure-bay-window3-768x314.jpg 768w, https:\/\/colorco.dk\/wp-content\/uploads\/2026\/02\/colorco-measure-bay-window3-1536x628.jpg 1536w, https:\/\/colorco.dk\/wp-content\/uploads\/2026\/02\/colorco-measure-bay-window3-990x405.jpg 990w, https:\/\/colorco.dk\/wp-content\/uploads\/2026\/02\/colorco-measure-bay-window3-441x180.jpg 441w, https:\/\/colorco.dk\/wp-content\/uploads\/2026\/02\/colorco-measure-bay-window3-800x327.jpg 800w, https:\/\/colorco.dk\/wp-content\/uploads\/2026\/02\/colorco-measure-bay-window3-150x61.jpg 150w, https:\/\/colorco.dk\/wp-content\/uploads\/2026\/02\/colorco-measure-bay-window3.jpg 1620w\" sizes=\"(max-width: 1024px) 100vw, 1024px\" \/>\t\t\t\t\t\t\t\t\t\t\t\t\t\t\t<\/div>\n\t\t\t\t<\/div>\n\t\t\t\t\t<\/div>\n\t\t<\/div>\n\t\t\t\t\t<\/div>\n\t\t<\/section>\n\t\t\t\t<section class=\"elementor-section elementor-top-section elementor-element elementor-element-9f4692 elementor-section-boxed elementor-section-height-default elementor-section-height-default\" data-id=\"9f4692\" data-element_type=\"section\" data-e-type=\"section\">\n\t\t\t\t\t\t<div class=\"elementor-container elementor-column-gap-default\">\n\t\t\t\t\t<div class=\"elementor-column elementor-col-100 elementor-top-column elementor-element elementor-element-3624452d\" data-id=\"3624452d\" data-element_type=\"column\" data-e-type=\"column\">\n\t\t\t<div class=\"elementor-widget-wrap elementor-element-populated\">\n\t\t\t\t\t\t<div class=\"elementor-element elementor-element-39700612 elementor-widget elementor-widget-text-editor\" data-id=\"39700612\" data-element_type=\"widget\" data-e-type=\"widget\" data-widget_type=\"text-editor.default\">\n\t\t\t\t<div class=\"elementor-widget-container\">\n\t\t\t\t\t\t\t\t\t<h5 class=\"p1\"><strong>Steg 4 \u2013 M\u00e5l h\u00f8yden p\u00e5 rullegardinen<\/strong><\/h5><p>M\u00e5l fra toppen der gardinen skal monteres, ned til \u00f8nsket endepunkt (vanligvis vinduskarmen). Sjekk dette h\u00f8ydem\u00e5let for alle gardiner i karnappvinduet, spesielt for eldre vinduer kan disse m\u00e5lene variere. Vi anbefaler at det st\u00f8rste m\u00e5let brukes for alle gardiner, og dette h\u00f8ydem\u00e5let oppgis n\u00e5r du bestiller rullegardinene.  <\/p>\t\t\t\t\t\t\t\t<\/div>\n\t\t\t\t<\/div>\n\t\t\t\t\t<\/div>\n\t\t<\/div>\n\t\t\t\t\t<\/div>\n\t\t<\/section>\n\t\t\t\t<section class=\"elementor-section elementor-top-section elementor-element elementor-element-2d2883cf elementor-section-boxed elementor-section-height-default elementor-section-height-default\" data-id=\"2d2883cf\" data-element_type=\"section\" data-e-type=\"section\">\n\t\t\t\t\t\t<div class=\"elementor-container elementor-column-gap-default\">\n\t\t\t\t\t<div class=\"elementor-column elementor-col-100 elementor-top-column elementor-element elementor-element-5bf4644d\" data-id=\"5bf4644d\" data-element_type=\"column\" data-e-type=\"column\">\n\t\t\t<div class=\"elementor-widget-wrap elementor-element-populated\">\n\t\t\t\t\t\t<div class=\"elementor-element elementor-element-66ff0e4a elementor-widget elementor-widget-text-editor\" data-id=\"66ff0e4a\" data-element_type=\"widget\" data-e-type=\"widget\" data-widget_type=\"text-editor.default\">\n\t\t\t\t<div class=\"elementor-widget-container\">\n\t\t\t\t\t\t\t\t\t<h5 class=\"p1\"><strong>Steg 5 \u2013 Bestilling av rullegardin<\/strong><b><\/b><\/h5><p>Skriv inn de endelige bredde- og h\u00f8ydem\u00e5lene fra trinn 3 og 4 n\u00e5r du bestiller rullegardinen p\u00e5 nettsiden v\u00e5r.<\/p><p><em><strong>Vennligst sjekk alle m\u00e5l f\u00f8r du bestiller for \u00e5 sikre at rullegardinene passer.<\/strong><\/em><\/p><p>F\u00e5 svar p\u00e5 de vanligste sp\u00f8rsm\u00e5lene om rullegardinene v\u00e5re <a href=\"https:\/\/colorco.dk\/no\/faq\/\">her<\/a> .<\/p><p>Hvis du er i tvil, er du alltid velkommen til \u00e5 <a href=\"https:\/\/colorco.dk\/no\/kontakt-oss\/\">kontakte oss<\/a> for veiledning.<\/p>\t\t\t\t\t\t\t\t<\/div>\n\t\t\t\t<\/div>\n\t\t\t\t\t<\/div>\n\t\t<\/div>\n\t\t\t\t\t<\/div>\n\t\t<\/section>\n\t\t\t\t<\/div>\n\t\t","protected":false},"excerpt":{"rendered":"<p>M\u00e5ler opp til rullegardiner med kjedetrekk &#8211; karnapp Finn f\u00f8lgende Du trenger: To ark av papir eller papp i A4- eller A5-format En blyant Et m\u00e5leb\u00e5nd En hersker Steg 1 \u2013 Finn rullst\u00f8rrelsen F\u00f8rst m\u00e5 du vite den omtrentlige diameteren p\u00e5 stoffrullen p\u00e5 den installerte rullegardinen. Finn den omtrentlige st\u00f8rrelsen p\u00e5 rullegardinrullen ved hjelp av [&hellip;]<\/p>\n","protected":false},"author":2,"featured_media":0,"parent":0,"menu_order":0,"comment_status":"closed","ping_status":"closed","template":"","meta":{"footnotes":""},"class_list":["post-38477","page","type-page","status-publish","hentry"],"aioseo_notices":[],"_links":{"self":[{"href":"https:\/\/colorco.dk\/no\/wp-json\/wp\/v2\/pages\/38477","targetHints":{"allow":["GET"]}}],"collection":[{"href":"https:\/\/colorco.dk\/no\/wp-json\/wp\/v2\/pages"}],"about":[{"href":"https:\/\/colorco.dk\/no\/wp-json\/wp\/v2\/types\/page"}],"author":[{"embeddable":true,"href":"https:\/\/colorco.dk\/no\/wp-json\/wp\/v2\/users\/2"}],"replies":[{"embeddable":true,"href":"https:\/\/colorco.dk\/no\/wp-json\/wp\/v2\/comments?post=38477"}],"version-history":[{"count":0,"href":"https:\/\/colorco.dk\/no\/wp-json\/wp\/v2\/pages\/38477\/revisions"}],"wp:attachment":[{"href":"https:\/\/colorco.dk\/no\/wp-json\/wp\/v2\/media?parent=38477"}],"curies":[{"name":"wp","href":"https:\/\/api.w.org\/{rel}","templated":true}]}}