{"id":38479,"date":"2026-02-13T13:22:46","date_gmt":"2026-02-13T12:22:46","guid":{"rendered":"https:\/\/colorco.dk\/maaler-opp-til-rullegardiner-med-kjedetrekk-utenfor-vinduet\/"},"modified":"2026-02-17T10:45:05","modified_gmt":"2026-02-17T09:45:05","slug":"maaler-opp-til-rullegardiner-med-kjedetrekk-utenfor-vinduet","status":"publish","type":"page","link":"https:\/\/colorco.dk\/no\/maaler-opp-til-rullegardiner-med-kjedetrekk-utenfor-vinduet\/","title":{"rendered":"M\u00e5ler opp til rullegardiner med kjedetrekk \u2013 utenfor vinduet<br>"},"content":{"rendered":"\t\t<div data-elementor-type=\"wp-page\" data-elementor-id=\"38479\" class=\"elementor elementor-38479 elementor-37806\" data-elementor-post-type=\"page\">\n\t\t\t\t\t\t<section class=\"elementor-section elementor-top-section elementor-element elementor-element-a9700fe elementor-section-boxed elementor-section-height-default elementor-section-height-default\" data-id=\"a9700fe\" data-element_type=\"section\" data-e-type=\"section\">\n\t\t\t\t\t\t<div class=\"elementor-container elementor-column-gap-default\">\n\t\t\t\t\t<div class=\"elementor-column elementor-col-100 elementor-top-column elementor-element elementor-element-a6ad4a2\" data-id=\"a6ad4a2\" data-element_type=\"column\" data-e-type=\"column\">\n\t\t\t<div class=\"elementor-widget-wrap elementor-element-populated\">\n\t\t\t\t\t\t<div class=\"elementor-element elementor-element-dfd2b33 elementor-widget elementor-widget-heading\" data-id=\"dfd2b33\" data-element_type=\"widget\" data-e-type=\"widget\" data-widget_type=\"heading.default\">\n\t\t\t\t<div class=\"elementor-widget-container\">\n\t\t\t\t\t<h2 class=\"elementor-heading-title elementor-size-default\">M\u00e5ler opp til rullegardiner med kjedetrekk \u2013 utenfor vinduet<br><\/h2>\t\t\t\t<\/div>\n\t\t\t\t<\/div>\n\t\t\t\t\t<\/div>\n\t\t<\/div>\n\t\t\t\t\t<\/div>\n\t\t<\/section>\n\t\t\t\t<section class=\"elementor-section elementor-top-section elementor-element elementor-element-8744b23 elementor-section-boxed elementor-section-height-default elementor-section-height-default\" data-id=\"8744b23\" data-element_type=\"section\" data-e-type=\"section\">\n\t\t\t\t\t\t<div class=\"elementor-container elementor-column-gap-default\">\n\t\t\t\t\t<div class=\"elementor-column elementor-col-50 elementor-top-column elementor-element elementor-element-c9f08b6\" data-id=\"c9f08b6\" data-element_type=\"column\" data-e-type=\"column\">\n\t\t\t<div class=\"elementor-widget-wrap elementor-element-populated\">\n\t\t\t\t\t\t<div class=\"elementor-element elementor-element-83edead elementor-widget elementor-widget-text-editor\" data-id=\"83edead\" data-element_type=\"widget\" data-e-type=\"widget\" data-widget_type=\"text-editor.default\">\n\t\t\t\t<div class=\"elementor-widget-container\">\n\t\t\t\t\t\t\t\t\t<p><strong>Steg 1<\/strong> \u2013 Bruk et m\u00e5leb\u00e5nd til \u00e5 m\u00e5le vinduet. M\u00e5l f\u00f8rst bredden \u00f8verst p\u00e5 vinduet, deretter midt p\u00e5 vinduet og til slutt nederst. Noter det bredeste m\u00e5let og legg deretter til 10 cm.   <\/p><p><strong>Steg 2<\/strong> \u2013 Deretter m\u00e5ler du h\u00f8yden. M\u00e5l fra toppen av vinduet og ned til vinduskarmen. Dette er h\u00f8yden p\u00e5 gardinen. Hvis du vil ha den lengre, er det bare \u00e5 legge til det.    <\/p><p>Oppgi det bredeste m\u00e5let (pluss de ekstra 10 cm) og h\u00f8yden n\u00e5r du bestiller gardin med kjedetrekk.<\/p><p>Hvis du har en vindusramme rundt vinduet, justerer du bredden tilsvarende slik at beslagene og gardinen enten henger opp\u00e5 rammen eller ved siden av den. Kontakt oss hvis du er usikker. <\/p>\t\t\t\t\t\t\t\t<\/div>\n\t\t\t\t<\/div>\n\t\t\t\t\t<\/div>\n\t\t<\/div>\n\t\t\t\t<div class=\"elementor-column elementor-col-50 elementor-top-column elementor-element elementor-element-2c21d22\" data-id=\"2c21d22\" data-element_type=\"column\" data-e-type=\"column\">\n\t\t\t<div class=\"elementor-widget-wrap elementor-element-populated\">\n\t\t\t\t\t\t<div class=\"elementor-element elementor-element-7868e6a elementor-widget elementor-widget-video\" data-id=\"7868e6a\" data-element_type=\"widget\" data-e-type=\"widget\" data-settings=\"{&quot;youtube_url&quot;:&quot;https:\\\/\\\/www.youtube.com\\\/watch?v=IcfFoIMn6L0&quot;,&quot;video_type&quot;:&quot;youtube&quot;,&quot;controls&quot;:&quot;yes&quot;}\" data-widget_type=\"video.default\">\n\t\t\t\t<div class=\"elementor-widget-container\">\n\t\t\t\t\t\t\t<div class=\"elementor-wrapper elementor-open-inline\">\n\t\t\t<div class=\"elementor-video\"><\/div>\t\t<\/div>\n\t\t\t\t\t\t<\/div>\n\t\t\t\t<\/div>\n\t\t\t\t\t<\/div>\n\t\t<\/div>\n\t\t\t\t\t<\/div>\n\t\t<\/section>\n\t\t\t\t<\/div>\n\t\t","protected":false},"excerpt":{"rendered":"<p>M\u00e5ler opp til rullegardiner med kjedetrekk \u2013 utenfor vinduet Steg 1 \u2013 Bruk et m\u00e5leb\u00e5nd til \u00e5 m\u00e5le vinduet. M\u00e5l f\u00f8rst bredden \u00f8verst p\u00e5 vinduet, deretter midt p\u00e5 vinduet og til slutt nederst. Noter det bredeste m\u00e5let og legg deretter til 10 cm. Steg 2 \u2013 Deretter m\u00e5ler du h\u00f8yden. M\u00e5l fra toppen av vinduet [&hellip;]<\/p>\n","protected":false},"author":2,"featured_media":0,"parent":0,"menu_order":0,"comment_status":"closed","ping_status":"closed","template":"","meta":{"footnotes":""},"class_list":["post-38479","page","type-page","status-publish","hentry"],"aioseo_notices":[],"_links":{"self":[{"href":"https:\/\/colorco.dk\/no\/wp-json\/wp\/v2\/pages\/38479","targetHints":{"allow":["GET"]}}],"collection":[{"href":"https:\/\/colorco.dk\/no\/wp-json\/wp\/v2\/pages"}],"about":[{"href":"https:\/\/colorco.dk\/no\/wp-json\/wp\/v2\/types\/page"}],"author":[{"embeddable":true,"href":"https:\/\/colorco.dk\/no\/wp-json\/wp\/v2\/users\/2"}],"replies":[{"embeddable":true,"href":"https:\/\/colorco.dk\/no\/wp-json\/wp\/v2\/comments?post=38479"}],"version-history":[{"count":0,"href":"https:\/\/colorco.dk\/no\/wp-json\/wp\/v2\/pages\/38479\/revisions"}],"wp:attachment":[{"href":"https:\/\/colorco.dk\/no\/wp-json\/wp\/v2\/media?parent=38479"}],"curies":[{"name":"wp","href":"https:\/\/api.w.org\/{rel}","templated":true}]}}