{"id":38481,"date":"2026-02-13T13:19:26","date_gmt":"2026-02-13T12:19:26","guid":{"rendered":"https:\/\/colorco.dk\/maaler-opp-til-rullegardiner-med-kjedetrekk-inne-i-vinduet\/"},"modified":"2026-02-17T10:47:12","modified_gmt":"2026-02-17T09:47:12","slug":"maaler-opp-til-rullegardiner-med-kjedetrekk-inne-i-vinduet","status":"publish","type":"page","link":"https:\/\/colorco.dk\/no\/maaler-opp-til-rullegardiner-med-kjedetrekk-inne-i-vinduet\/","title":{"rendered":"M\u00e5ler opp til rullegardiner med kjedetrekk \u2013 inne i vinduet"},"content":{"rendered":"\t\t<div data-elementor-type=\"wp-page\" data-elementor-id=\"38481\" class=\"elementor elementor-38481 elementor-37800\" data-elementor-post-type=\"page\">\n\t\t\t\t\t\t<section class=\"elementor-section elementor-top-section elementor-element elementor-element-9fc8edb elementor-section-boxed elementor-section-height-default elementor-section-height-default\" data-id=\"9fc8edb\" data-element_type=\"section\" data-e-type=\"section\">\n\t\t\t\t\t\t<div class=\"elementor-container elementor-column-gap-default\">\n\t\t\t\t\t<div class=\"elementor-column elementor-col-100 elementor-top-column elementor-element elementor-element-2b4c1c8\" data-id=\"2b4c1c8\" data-element_type=\"column\" data-e-type=\"column\">\n\t\t\t<div class=\"elementor-widget-wrap elementor-element-populated\">\n\t\t\t\t\t\t<div class=\"elementor-element elementor-element-2cc6d9a elementor-widget elementor-widget-heading\" data-id=\"2cc6d9a\" data-element_type=\"widget\" data-e-type=\"widget\" data-widget_type=\"heading.default\">\n\t\t\t\t<div class=\"elementor-widget-container\">\n\t\t\t\t\t<h2 class=\"elementor-heading-title elementor-size-default\">M\u00e5ler opp til rullegardiner med kjedetrekk \u2013 inne i vinduet<\/h2>\t\t\t\t<\/div>\n\t\t\t\t<\/div>\n\t\t\t\t\t<\/div>\n\t\t<\/div>\n\t\t\t\t\t<\/div>\n\t\t<\/section>\n\t\t\t\t<section class=\"elementor-section elementor-top-section elementor-element elementor-element-4ba67d8 elementor-section-boxed elementor-section-height-default elementor-section-height-default\" data-id=\"4ba67d8\" data-element_type=\"section\" data-e-type=\"section\">\n\t\t\t\t\t\t<div class=\"elementor-container elementor-column-gap-default\">\n\t\t\t\t\t<div class=\"elementor-column elementor-col-50 elementor-top-column elementor-element elementor-element-9f959d7\" data-id=\"9f959d7\" data-element_type=\"column\" data-e-type=\"column\">\n\t\t\t<div class=\"elementor-widget-wrap elementor-element-populated\">\n\t\t\t\t\t\t<div class=\"elementor-element elementor-element-1cbda26 elementor-widget elementor-widget-text-editor\" data-id=\"1cbda26\" data-element_type=\"widget\" data-e-type=\"widget\" data-widget_type=\"text-editor.default\">\n\t\t\t\t<div class=\"elementor-widget-container\">\n\t\t\t\t\t\t\t\t\t<p><strong>Steg 1<\/strong> \u2013 Bruk et m\u00e5leb\u00e5nd til \u00e5 m\u00e5le vinduet. M\u00e5l f\u00f8rst bredden \u00f8verst p\u00e5 vinduet, deretter midt p\u00e5 vinduet og til slutt nederst. <\/p><p><strong>Steg 2<\/strong> \u2013 Noter det minste m\u00e5let. Det er dette m\u00e5let vi kaller veggm\u00e5let. <\/p><p><strong>Steg 3<\/strong> \u2013 Deretter m\u00e5ler du h\u00f8yden. M\u00e5l fra toppen av vinduet og ned til vinduskarmen. Dette er h\u00f8yden p\u00e5 gardinen.  <\/p><p>Oppgi bredden p\u00e5 veggm\u00e5let og h\u00f8yden n\u00e5r du bestiller gardin med kjedetrekk.<\/p><p>Kontroller at det er plass til gardinen i vinduskarmen. Husk \u00e5 ta h\u00f8yde for h\u00e5ndtak eller annet som kan v\u00e6re i veien. <\/p><p>V\u00e6r oppmerksom p\u00e5 at stoffet er mindre enn veggm\u00e5let, s\u00e5 det vil v\u00e6re ca. 2-2,5 cm luft p\u00e5 begge sider av stoffet til vinduskarmen. Dette er f\u00f8rst og fremst for monteringens skyld.<br><br>  <\/p>\t\t\t\t\t\t\t\t<\/div>\n\t\t\t\t<\/div>\n\t\t\t\t\t<\/div>\n\t\t<\/div>\n\t\t\t\t<div class=\"elementor-column elementor-col-50 elementor-top-column elementor-element elementor-element-f407969\" data-id=\"f407969\" data-element_type=\"column\" data-e-type=\"column\">\n\t\t\t<div class=\"elementor-widget-wrap elementor-element-populated\">\n\t\t\t\t\t\t<div class=\"elementor-element elementor-element-1c74f3d elementor-widget elementor-widget-video\" data-id=\"1c74f3d\" data-element_type=\"widget\" data-e-type=\"widget\" data-settings=\"{&quot;youtube_url&quot;:&quot;https:\\\/\\\/www.youtube.com\\\/watch?v=J3Mm9QU9Q7E&quot;,&quot;video_type&quot;:&quot;youtube&quot;,&quot;controls&quot;:&quot;yes&quot;}\" data-widget_type=\"video.default\">\n\t\t\t\t<div class=\"elementor-widget-container\">\n\t\t\t\t\t\t\t<div class=\"elementor-wrapper elementor-open-inline\">\n\t\t\t<div class=\"elementor-video\"><\/div>\t\t<\/div>\n\t\t\t\t\t\t<\/div>\n\t\t\t\t<\/div>\n\t\t\t\t\t<\/div>\n\t\t<\/div>\n\t\t\t\t\t<\/div>\n\t\t<\/section>\n\t\t\t\t<\/div>\n\t\t","protected":false},"excerpt":{"rendered":"<p>M\u00e5ler opp til rullegardiner med kjedetrekk \u2013 inne i vinduet Steg 1 \u2013 Bruk et m\u00e5leb\u00e5nd til \u00e5 m\u00e5le vinduet. M\u00e5l f\u00f8rst bredden \u00f8verst p\u00e5 vinduet, deretter midt p\u00e5 vinduet og til slutt nederst. Steg 2 \u2013 Noter det minste m\u00e5let. Det er dette m\u00e5let vi kaller veggm\u00e5let. Steg 3 \u2013 Deretter m\u00e5ler du h\u00f8yden. [&hellip;]<\/p>\n","protected":false},"author":2,"featured_media":0,"parent":0,"menu_order":0,"comment_status":"closed","ping_status":"closed","template":"","meta":{"footnotes":""},"class_list":["post-38481","page","type-page","status-publish","hentry"],"aioseo_notices":[],"_links":{"self":[{"href":"https:\/\/colorco.dk\/no\/wp-json\/wp\/v2\/pages\/38481","targetHints":{"allow":["GET"]}}],"collection":[{"href":"https:\/\/colorco.dk\/no\/wp-json\/wp\/v2\/pages"}],"about":[{"href":"https:\/\/colorco.dk\/no\/wp-json\/wp\/v2\/types\/page"}],"author":[{"embeddable":true,"href":"https:\/\/colorco.dk\/no\/wp-json\/wp\/v2\/users\/2"}],"replies":[{"embeddable":true,"href":"https:\/\/colorco.dk\/no\/wp-json\/wp\/v2\/comments?post=38481"}],"version-history":[{"count":0,"href":"https:\/\/colorco.dk\/no\/wp-json\/wp\/v2\/pages\/38481\/revisions"}],"wp:attachment":[{"href":"https:\/\/colorco.dk\/no\/wp-json\/wp\/v2\/media?parent=38481"}],"curies":[{"name":"wp","href":"https:\/\/api.w.org\/{rel}","templated":true}]}}