{"id":8648,"date":"2023-02-27T14:31:51","date_gmt":"2023-02-27T13:31:51","guid":{"rendered":"https:\/\/colorco.dk\/\/gratis-proeve\/"},"modified":"2026-03-10T15:05:00","modified_gmt":"2026-03-10T14:05:00","slug":"gratis-proeve","status":"publish","type":"page","link":"https:\/\/colorco.dk\/no\/gratis-proeve\/","title":{"rendered":"Motta gratis pr\u00f8ve"},"content":{"rendered":"\t\t<div data-elementor-type=\"wp-page\" data-elementor-id=\"8648\" class=\"elementor elementor-8648 elementor-7274\" data-elementor-post-type=\"page\">\n\t\t\t\t\t\t<section class=\"elementor-section elementor-top-section elementor-element elementor-element-f2ff0d elementor-section-boxed elementor-section-height-default elementor-section-height-default\" data-id=\"f2ff0d\" data-element_type=\"section\" data-e-type=\"section\">\n\t\t\t\t\t\t<div class=\"elementor-container elementor-column-gap-default\">\n\t\t\t\t\t<div class=\"elementor-column elementor-col-100 elementor-top-column elementor-element elementor-element-6cb5b03d\" data-id=\"6cb5b03d\" data-element_type=\"column\" data-e-type=\"column\">\n\t\t\t<div class=\"elementor-widget-wrap elementor-element-populated\">\n\t\t\t\t\t\t<div class=\"elementor-element elementor-element-5f84888c elementor-widget elementor-widget-heading\" data-id=\"5f84888c\" data-element_type=\"widget\" data-e-type=\"widget\" data-widget_type=\"heading.default\">\n\t\t\t\t<div class=\"elementor-widget-container\">\n\t\t\t\t\t<h2 class=\"elementor-heading-title elementor-size-default\">Motta en gratis pr\u00f8ve \u2013 du betaler kun for frakten<\/h2>\t\t\t\t<\/div>\n\t\t\t\t<\/div>\n\t\t\t\t<div class=\"elementor-element elementor-element-1dd9b1c8 elementor-widget elementor-widget-text-editor\" data-id=\"1dd9b1c8\" data-element_type=\"widget\" data-e-type=\"widget\" data-widget_type=\"text-editor.default\">\n\t\t\t\t<div class=\"elementor-widget-container\">\n\t\t\t\t\t\t\t\t\t<p>For \u00e5 bestille en pr\u00f8ve, g\u00e5r du inn p\u00e5 produktet du \u00f8nsker en pr\u00f8ve av og klikker p\u00e5 knappen: \u00abBestill en gratis pr\u00f8ve\u00bb. Hvis du \u00f8nsker flere pr\u00f8ver, gj\u00f8r du det samme p\u00e5 de andre produktene.<\/p><p>Deretter fullf\u00f8rer du bestillingen, og vi sender pr\u00f8vene til deg. Pr\u00f8vene sendes med DAO, og det kan ta fra 5 til opptil 15 virkedager f\u00f8r du mottar dem.<\/p><p>Hvis du velger hjemlevering, blir pr\u00f8vene sendt med en pakkeleverand\u00f8r (vanligvis GLS eller en annen leverand\u00f8r) med sporing. Dette er normalt raskere og mer stabilt.<\/p><p>Fargene p\u00e5 bildene av produktene v\u00e5re kan variere avhengig av hvilken skjerm de vises p\u00e5, samt lysforhold som dagslys eller kveldslys. Derfor anbefaler vi at du bestiller en pr\u00f8ve av ditt foretrukne design f\u00f8r du legger inn en bestilling. Dette er spesielt viktig for spesiallagde gardiner, da angreretten ikke gjelder for varer som er spesialtilpasset.<\/p><p><strong>Slik ser knappen du m\u00e5 trykke p\u00e5 ut:<\/strong><\/p><p><img fetchpriority=\"high\" decoding=\"async\" class=\"wp-image-16784 alignnone\" style=\"border: 1px solid #7777;\" src=\"https:\/\/colorco.dk\/wp-content\/uploads\/2024\/09\/Screenshot-2024-09-16-at-23.57.45-e1726524069425.png\" alt=\"\" width=\"600\" height=\"300\" \/><\/p>\t\t\t\t\t\t\t\t<\/div>\n\t\t\t\t<\/div>\n\t\t\t\t\t<\/div>\n\t\t<\/div>\n\t\t\t\t\t<\/div>\n\t\t<\/section>\n\t\t\t\t<section class=\"elementor-section elementor-top-section elementor-element elementor-element-2ee098a elementor-section-boxed elementor-section-height-default elementor-section-height-default\" data-id=\"2ee098a\" data-element_type=\"section\" data-e-type=\"section\">\n\t\t\t\t\t\t<div class=\"elementor-container elementor-column-gap-default\">\n\t\t\t\t\t<div class=\"elementor-column elementor-col-25 elementor-top-column elementor-element elementor-element-ce2b352\" data-id=\"ce2b352\" data-element_type=\"column\" data-e-type=\"column\">\n\t\t\t<div class=\"elementor-widget-wrap\">\n\t\t\t\t\t\t\t<\/div>\n\t\t<\/div>\n\t\t\t\t<div class=\"elementor-column elementor-col-50 elementor-top-column elementor-element elementor-element-5ac4255\" data-id=\"5ac4255\" data-element_type=\"column\" data-e-type=\"column\">\n\t\t\t<div class=\"elementor-widget-wrap\">\n\t\t\t\t\t\t\t<\/div>\n\t\t<\/div>\n\t\t\t\t<div class=\"elementor-column elementor-col-25 elementor-top-column elementor-element elementor-element-833a26a\" data-id=\"833a26a\" data-element_type=\"column\" data-e-type=\"column\">\n\t\t\t<div class=\"elementor-widget-wrap\">\n\t\t\t\t\t\t\t<\/div>\n\t\t<\/div>\n\t\t\t\t\t<\/div>\n\t\t<\/section>\n\t\t\t\t<\/div>\n\t\t","protected":false},"excerpt":{"rendered":"<p>Motta en gratis pr\u00f8ve \u2013 du betaler kun for frakten For \u00e5 bestille en pr\u00f8ve, g\u00e5r du inn p\u00e5 produktet du \u00f8nsker en pr\u00f8ve av og klikker p\u00e5 knappen: \u00abBestill en gratis pr\u00f8ve\u00bb. Hvis du \u00f8nsker flere pr\u00f8ver, gj\u00f8r du det samme p\u00e5 de andre produktene. Deretter fullf\u00f8rer du bestillingen, og vi sender pr\u00f8vene til [&hellip;]<\/p>\n","protected":false},"author":1,"featured_media":0,"parent":0,"menu_order":0,"comment_status":"closed","ping_status":"closed","template":"","meta":{"footnotes":""},"class_list":["post-8648","page","type-page","status-publish","hentry"],"aioseo_notices":[],"_links":{"self":[{"href":"https:\/\/colorco.dk\/no\/wp-json\/wp\/v2\/pages\/8648","targetHints":{"allow":["GET"]}}],"collection":[{"href":"https:\/\/colorco.dk\/no\/wp-json\/wp\/v2\/pages"}],"about":[{"href":"https:\/\/colorco.dk\/no\/wp-json\/wp\/v2\/types\/page"}],"author":[{"embeddable":true,"href":"https:\/\/colorco.dk\/no\/wp-json\/wp\/v2\/users\/1"}],"replies":[{"embeddable":true,"href":"https:\/\/colorco.dk\/no\/wp-json\/wp\/v2\/comments?post=8648"}],"version-history":[{"count":0,"href":"https:\/\/colorco.dk\/no\/wp-json\/wp\/v2\/pages\/8648\/revisions"}],"wp:attachment":[{"href":"https:\/\/colorco.dk\/no\/wp-json\/wp\/v2\/media?parent=8648"}],"curies":[{"name":"wp","href":"https:\/\/api.w.org\/{rel}","templated":true}]}}