{"id":9808,"date":"2023-02-27T14:24:49","date_gmt":"2023-02-27T13:24:49","guid":{"rendered":"https:\/\/colorco.dk\/\/montering\/"},"modified":"2023-10-02T16:57:38","modified_gmt":"2023-10-02T14:57:38","slug":"installasjonsinstruksjoner","status":"publish","type":"page","link":"https:\/\/colorco.dk\/no\/installasjonsinstruksjoner\/","title":{"rendered":"Installasjonsinstruksjoner"},"content":{"rendered":"\t\t<div data-elementor-type=\"wp-page\" data-elementor-id=\"9808\" class=\"elementor elementor-9808 elementor-7267\" data-elementor-post-type=\"page\">\n\t\t\t\t\t\t<section class=\"elementor-section elementor-top-section elementor-element elementor-element-63a9b180 elementor-section-boxed elementor-section-height-default elementor-section-height-default\" data-id=\"63a9b180\" data-element_type=\"section\" data-e-type=\"section\">\n\t\t\t\t\t\t<div class=\"elementor-container elementor-column-gap-default\">\n\t\t\t\t\t<div class=\"elementor-column elementor-col-100 elementor-top-column elementor-element elementor-element-52e91024\" data-id=\"52e91024\" data-element_type=\"column\" data-e-type=\"column\">\n\t\t\t<div class=\"elementor-widget-wrap elementor-element-populated\">\n\t\t\t\t\t\t<div class=\"elementor-element elementor-element-4c33fddb elementor-widget elementor-widget-heading\" data-id=\"4c33fddb\" data-element_type=\"widget\" data-e-type=\"widget\" data-widget_type=\"heading.default\">\n\t\t\t\t<div class=\"elementor-widget-container\">\n\t\t\t\t\t<h2 class=\"elementor-heading-title elementor-size-default\">Installasjonsinstruksjoner<\/h2>\t\t\t\t<\/div>\n\t\t\t\t<\/div>\n\t\t\t\t\t<\/div>\n\t\t<\/div>\n\t\t\t\t\t<\/div>\n\t\t<\/section>\n\t\t\t\t<section class=\"elementor-section elementor-top-section elementor-element elementor-element-1c4d4a9e elementor-section-boxed elementor-section-height-default elementor-section-height-default\" data-id=\"1c4d4a9e\" data-element_type=\"section\" data-e-type=\"section\">\n\t\t\t\t\t\t<div class=\"elementor-container elementor-column-gap-default\">\n\t\t\t\t\t<div class=\"elementor-column elementor-col-100 elementor-top-column elementor-element elementor-element-588be128\" data-id=\"588be128\" data-element_type=\"column\" data-e-type=\"column\">\n\t\t\t<div class=\"elementor-widget-wrap elementor-element-populated\">\n\t\t\t\t\t\t<div class=\"elementor-element elementor-element-52e565ce elementor-widget elementor-widget-text-editor\" data-id=\"52e565ce\" data-element_type=\"widget\" data-e-type=\"widget\" data-widget_type=\"text-editor.default\">\n\t\t\t\t<div class=\"elementor-widget-container\">\n\t\t\t\t\t\t\t\t\t<p>Nedenfor finner du informasjon om hvordan du installerer og monterer rullegardiner med <span style=\"text-decoration: underline;\">snortrekk<\/span> og rullegardiner med kjedetrekk.<br \/>rullegardiner med <span style=\"text-decoration: underline;\">kjedetrekk<\/span>.<\/p>\t\t\t\t\t\t\t\t<\/div>\n\t\t\t\t<\/div>\n\t\t\t\t\t<\/div>\n\t\t<\/div>\n\t\t\t\t\t<\/div>\n\t\t<\/section>\n\t\t\t\t<section class=\"elementor-section elementor-top-section elementor-element elementor-element-33629318 elementor-section-boxed elementor-section-height-default elementor-section-height-default\" data-id=\"33629318\" data-element_type=\"section\" data-e-type=\"section\">\n\t\t\t\t\t\t<div class=\"elementor-container elementor-column-gap-default\">\n\t\t\t\t\t<div class=\"elementor-column elementor-col-100 elementor-top-column elementor-element elementor-element-2a5b06b7\" data-id=\"2a5b06b7\" data-element_type=\"column\" data-e-type=\"column\">\n\t\t\t<div class=\"elementor-widget-wrap elementor-element-populated\">\n\t\t\t\t\t\t<div class=\"elementor-element elementor-element-3b5ee9b5 elementor-widget elementor-widget-heading\" data-id=\"3b5ee9b5\" data-element_type=\"widget\" data-e-type=\"widget\" data-widget_type=\"heading.default\">\n\t\t\t\t<div class=\"elementor-widget-container\">\n\t\t\t\t\t<h3 class=\"elementor-heading-title elementor-size-default\">Installasjonsinstruksjoner \u2013 Rullegardiner med snortrekk<\/h3>\t\t\t\t<\/div>\n\t\t\t\t<\/div>\n\t\t\t\t\t<\/div>\n\t\t<\/div>\n\t\t\t\t\t<\/div>\n\t\t<\/section>\n\t\t\t\t<section class=\"elementor-section elementor-top-section elementor-element elementor-element-389b2014 elementor-section-boxed elementor-section-height-default elementor-section-height-default\" data-id=\"389b2014\" data-element_type=\"section\" data-e-type=\"section\">\n\t\t\t\t\t\t<div class=\"elementor-container elementor-column-gap-default\">\n\t\t\t\t\t<div class=\"elementor-column elementor-col-100 elementor-top-column elementor-element elementor-element-14f8233b\" data-id=\"14f8233b\" data-element_type=\"column\" data-e-type=\"column\">\n\t\t\t<div class=\"elementor-widget-wrap elementor-element-populated\">\n\t\t\t\t\t\t<div class=\"elementor-element elementor-element-76282c21 elementor-widget__width-initial elementor-widget elementor-widget-text-editor\" data-id=\"76282c21\" data-element_type=\"widget\" data-e-type=\"widget\" data-widget_type=\"text-editor.default\">\n\t\t\t\t<div class=\"elementor-widget-container\">\n\t\t\t\t\t\t\t\t\t<p><strong>F\u00f8r du begynner<\/strong><\/p><p>Du trenger f\u00f8lgende:<br \/>Blyant, Kroker, Snorholder, Skruer, Skrutrekker<\/p><p>F\u00f8lgende f\u00f8lger med til hvert gardin:<\/p><ul><li>Kroker \u2013 2 til 3 kroker alt efter bredden p\u00e5 gardinet.<\/li><li>En klame \u2013 En viktig del av barnesikringssystemet<\/li><li>Skruer \u2013 To skruer for montering av klampen<\/li><\/ul><p>N\u00e5r du mottar gardinen, er det to plastringer som sitter p\u00e5 snortrekket. Gardinet rulles ut til \u00f8nsket lengde, og ringene plasseres p\u00e5 toppen av l\u00e5sen, slik at gardinen ikke kan rulles ut lenger enn \u00f8nsket. Ringenes funksjon er en viktig del av barnesikkerhetssystemet, og stopper strengene og dermed ogs\u00e5 gardinen fra \u00e5 rulle lenger enn lengden du \u00f8nsker. Funksjonen er der for \u00e5 forhindre kvelningsulykker. Hvis et barn vikler seg inn eller henger p\u00e5 snortrekket, f\u00e5r ringene sikkerhetssystemet bak gardinen til \u00e5 l\u00f8sne, noe som f\u00e5r gardinet til \u00e5 falle p\u00e5 gulvet.<\/p>\t\t\t\t\t\t\t\t<\/div>\n\t\t\t\t<\/div>\n\t\t\t\t\t<\/div>\n\t\t<\/div>\n\t\t\t\t\t<\/div>\n\t\t<\/section>\n\t\t\t\t<section class=\"elementor-section elementor-top-section elementor-element elementor-element-1622443b elementor-section-boxed elementor-section-height-default elementor-section-height-default\" data-id=\"1622443b\" data-element_type=\"section\" data-e-type=\"section\">\n\t\t\t\t\t\t<div class=\"elementor-container elementor-column-gap-default\">\n\t\t\t\t\t<div class=\"elementor-column elementor-col-100 elementor-top-column elementor-element elementor-element-21c3fbdf\" data-id=\"21c3fbdf\" data-element_type=\"column\" data-e-type=\"column\">\n\t\t\t<div class=\"elementor-widget-wrap elementor-element-populated\">\n\t\t\t\t\t\t<div class=\"elementor-element elementor-element-53348efa elementor-widget elementor-widget-text-editor\" data-id=\"53348efa\" data-element_type=\"widget\" data-e-type=\"widget\" data-widget_type=\"text-editor.default\">\n\t\t\t\t<div class=\"elementor-widget-container\">\n\t\t\t\t\t\t\t\t\t<p><img fetchpriority=\"high\" decoding=\"async\" class=\"size-full wp-image-8018 alignright\" src=\"https:\/\/colorandco.co.uk\/wp-content\/uploads\/2022\/06\/how-to-install-blinds-cordpull-1-300x176-1.png\" alt=\"\" width=\"300\" height=\"176\" \/><br \/><strong>Trinn 1<\/strong> &#8211; Hold rullegardinen opp til vinduskarmen. Marker hvor krokene skal henge.<\/p>\t\t\t\t\t\t\t\t<\/div>\n\t\t\t\t<\/div>\n\t\t\t\t\t<\/div>\n\t\t<\/div>\n\t\t\t\t\t<\/div>\n\t\t<\/section>\n\t\t\t\t<section class=\"elementor-section elementor-top-section elementor-element elementor-element-4a693e05 elementor-section-boxed elementor-section-height-default elementor-section-height-default\" data-id=\"4a693e05\" data-element_type=\"section\" data-e-type=\"section\">\n\t\t\t\t\t\t<div class=\"elementor-container elementor-column-gap-default\">\n\t\t\t\t\t<div class=\"elementor-column elementor-col-100 elementor-top-column elementor-element elementor-element-3920face\" data-id=\"3920face\" data-element_type=\"column\" data-e-type=\"column\">\n\t\t\t<div class=\"elementor-widget-wrap elementor-element-populated\">\n\t\t\t\t\t\t<div class=\"elementor-element elementor-element-6be8fd64 elementor-widget elementor-widget-text-editor\" data-id=\"6be8fd64\" data-element_type=\"widget\" data-e-type=\"widget\" data-widget_type=\"text-editor.default\">\n\t\t\t\t<div class=\"elementor-widget-container\">\n\t\t\t\t\t\t\t\t\t<p><img decoding=\"async\" class=\"size-full wp-image-8017 alignright\" src=\"https:\/\/colorandco.co.uk\/wp-content\/uploads\/2022\/06\/how-to-install-blinds-cordpull-2-300x200-1.png\" alt=\"\" width=\"300\" height=\"200\" \/><strong>Trinn 2<\/strong> &#8211; Bor sm\u00e5 hull og skru inn krokene. Stram eventuelt til krokene med en tang. Gardinsnoren rykkes til h\u00f8yre for \u00e5 l\u00e5se, og rett ned eller litt til venstre for \u00e5 l\u00f8sne.<\/p>\t\t\t\t\t\t\t\t<\/div>\n\t\t\t\t<\/div>\n\t\t\t\t\t<\/div>\n\t\t<\/div>\n\t\t\t\t\t<\/div>\n\t\t<\/section>\n\t\t\t\t<section class=\"elementor-section elementor-top-section elementor-element elementor-element-38214aba elementor-section-boxed elementor-section-height-default elementor-section-height-default\" data-id=\"38214aba\" data-element_type=\"section\" data-e-type=\"section\">\n\t\t\t\t\t\t<div class=\"elementor-container elementor-column-gap-default\">\n\t\t\t\t\t<div class=\"elementor-column elementor-col-100 elementor-top-column elementor-element elementor-element-6393ab35\" data-id=\"6393ab35\" data-element_type=\"column\" data-e-type=\"column\">\n\t\t\t<div class=\"elementor-widget-wrap elementor-element-populated\">\n\t\t\t\t\t\t<div class=\"elementor-element elementor-element-561c3f18 elementor-widget elementor-widget-text-editor\" data-id=\"561c3f18\" data-element_type=\"widget\" data-e-type=\"widget\" data-widget_type=\"text-editor.default\">\n\t\t\t\t<div class=\"elementor-widget-container\">\n\t\t\t\t\t\t\t\t\t<p><img decoding=\"async\" class=\"size-full wp-image-8016 alignright\" src=\"https:\/\/colorandco.co.uk\/wp-content\/uploads\/2022\/06\/how-to-install-blinds-cordpull-3-262x300-1.png\" alt=\"\" width=\"262\" height=\"300\" \/><\/p><p><strong>Trinn 3<\/strong> &#8211; Installer den medf\u00f8lgende barnesikring ikke mindre enn 150 cm fra gulvet. Rull snoren rundt snorholderen for \u00e5 holde den utilgjengelig for barn. Dette er en viktig barnesikkerhetsinnretning. N\u00e5r gardinen er rullet ut til \u00f8nsket lengde, skj\u00e6res snorene slik at de henger utrullet minst 150 cm fra gulvet, for \u00e5 unng\u00e5 at det er l\u00f8se snore som henger og dingler n\u00e5r gardinet rulles ut.<\/p>\t\t\t\t\t\t\t\t<\/div>\n\t\t\t\t<\/div>\n\t\t\t\t\t<\/div>\n\t\t<\/div>\n\t\t\t\t\t<\/div>\n\t\t<\/section>\n\t\t\t\t<section class=\"elementor-section elementor-top-section elementor-element elementor-element-6b129e57 elementor-section-boxed elementor-section-height-default elementor-section-height-default\" data-id=\"6b129e57\" data-element_type=\"section\" data-e-type=\"section\">\n\t\t\t\t\t\t<div class=\"elementor-container elementor-column-gap-default\">\n\t\t\t\t\t<div class=\"elementor-column elementor-col-100 elementor-top-column elementor-element elementor-element-784a15ea\" data-id=\"784a15ea\" data-element_type=\"column\" data-e-type=\"column\">\n\t\t\t<div class=\"elementor-widget-wrap elementor-element-populated\">\n\t\t\t\t\t\t<div class=\"elementor-element elementor-element-71f00d35 elementor-widget elementor-widget-text-editor\" data-id=\"71f00d35\" data-element_type=\"widget\" data-e-type=\"widget\" data-widget_type=\"text-editor.default\">\n\t\t\t\t<div class=\"elementor-widget-container\">\n\t\t\t\t\t\t\t\t\t<p><strong>BARN OG SIKKERHET<\/strong><\/p><ul><li>N\u00e5r du mottar gardinen, kan det v\u00e6re sm\u00e5 plastringer \u00f8verst p\u00e5 snoren. Disse skal tilpasses gardinens fulle lengde, f\u00f8r det er mulig \u00e5 rulle ut gardinen for f\u00f8rste gang. Plastringenes funksjon er \u00e5 stoppe snoren og gardinen i \u00e5 rulle ut lenger enn man \u00f8nsker. Dette er hovedsakelig for \u00e5 hindre kvelningsulykker.<\/li><li>Snorholderen m\u00e5 installeres minst 150 cm fra gulvet. Snorene m\u00e5 rulles tett rundt snorholderen n\u00e5r gardinen ikke er i bruk.<\/li><li>En patentert barnesikkerhetsfunksjon i plast er plassert p\u00e5 baksiden av gardinen. Dette er en viktig del av barnesikkerhetssystemet. Denne barnesikringen utl\u00f8ses hvis det legges vekt p\u00e5 strengene og gardinen faller til bakken.<\/li><\/ul><p><strong>ADVARSEL!<\/strong><br \/><em>For \u00e5 unng\u00e5 kvelningsfare skal snorene holdes vekk fra barn. Klampen skal monteres minst 1,5 meter fra gulvet, og snoren skal foldes rundt klampen slik at den ikke henger l\u00f8st. I henhold til EN 13120 skal de medf\u00f8lgende sikkerhetsanordningene installeres og brukes i henhold til bruksanvisningen, for \u00e5 redusere risikoen for ulykker.<\/em><\/p>\t\t\t\t\t\t\t\t<\/div>\n\t\t\t\t<\/div>\n\t\t\t\t\t<\/div>\n\t\t<\/div>\n\t\t\t\t\t<\/div>\n\t\t<\/section>\n\t\t\t\t<section class=\"elementor-section elementor-top-section elementor-element elementor-element-565dcdaf elementor-section-boxed elementor-section-height-default elementor-section-height-default\" data-id=\"565dcdaf\" data-element_type=\"section\" data-e-type=\"section\">\n\t\t\t\t\t\t<div class=\"elementor-container elementor-column-gap-default\">\n\t\t\t\t\t<div class=\"elementor-column elementor-col-100 elementor-top-column elementor-element elementor-element-71a67dda\" data-id=\"71a67dda\" data-element_type=\"column\" data-e-type=\"column\">\n\t\t\t<div class=\"elementor-widget-wrap elementor-element-populated\">\n\t\t\t\t\t\t<div class=\"elementor-element elementor-element-74b9e83f elementor-widget-divider--view-line elementor-widget elementor-widget-divider\" data-id=\"74b9e83f\" data-element_type=\"widget\" data-e-type=\"widget\" data-widget_type=\"divider.default\">\n\t\t\t\t<div class=\"elementor-widget-container\">\n\t\t\t\t\t\t\t<div class=\"elementor-divider\">\n\t\t\t<span class=\"elementor-divider-separator\">\n\t\t\t\t\t\t<\/span>\n\t\t<\/div>\n\t\t\t\t\t\t<\/div>\n\t\t\t\t<\/div>\n\t\t\t\t\t<\/div>\n\t\t<\/div>\n\t\t\t\t\t<\/div>\n\t\t<\/section>\n\t\t\t\t<section class=\"elementor-section elementor-top-section elementor-element elementor-element-48418e4b elementor-section-boxed elementor-section-height-default elementor-section-height-default\" data-id=\"48418e4b\" data-element_type=\"section\" data-e-type=\"section\">\n\t\t\t\t\t\t<div class=\"elementor-container elementor-column-gap-default\">\n\t\t\t\t\t<div class=\"elementor-column elementor-col-100 elementor-top-column elementor-element elementor-element-7c2aed6d\" data-id=\"7c2aed6d\" data-element_type=\"column\" data-e-type=\"column\">\n\t\t\t<div class=\"elementor-widget-wrap elementor-element-populated\">\n\t\t\t\t\t\t<div class=\"elementor-element elementor-element-70243ce2 elementor-widget elementor-widget-heading\" data-id=\"70243ce2\" data-element_type=\"widget\" data-e-type=\"widget\" data-widget_type=\"heading.default\">\n\t\t\t\t<div class=\"elementor-widget-container\">\n\t\t\t\t\t<h3 class=\"elementor-heading-title elementor-size-default\">Installasjonsinstruksjoner \u2013 Rullegardiner med kjedetrekk<\/h3>\t\t\t\t<\/div>\n\t\t\t\t<\/div>\n\t\t\t\t\t<\/div>\n\t\t<\/div>\n\t\t\t\t\t<\/div>\n\t\t<\/section>\n\t\t\t\t<section class=\"elementor-section elementor-top-section elementor-element elementor-element-15e8a94e elementor-section-boxed elementor-section-height-default elementor-section-height-default\" data-id=\"15e8a94e\" data-element_type=\"section\" data-e-type=\"section\">\n\t\t\t\t\t\t<div class=\"elementor-container elementor-column-gap-default\">\n\t\t\t\t\t<div class=\"elementor-column elementor-col-100 elementor-top-column elementor-element elementor-element-36f4259b\" data-id=\"36f4259b\" data-element_type=\"column\" data-e-type=\"column\">\n\t\t\t<div class=\"elementor-widget-wrap elementor-element-populated\">\n\t\t\t\t\t\t<div class=\"elementor-element elementor-element-191bb423 elementor-widget elementor-widget-text-editor\" data-id=\"191bb423\" data-element_type=\"widget\" data-e-type=\"widget\" data-widget_type=\"text-editor.default\">\n\t\t\t\t<div class=\"elementor-widget-container\">\n\t\t\t\t\t\t\t\t\t<p><strong>F\u00f8r du begynner<\/strong><\/p><p>Dette trenger du:<br \/>Blyant, Festemidler, Endestykker, Barnesikring, Boremaskin<\/p><p>F\u00f8lgende f\u00f8lger med hver gardin:<\/p><ul><li>To braketter<\/li><li>To endestykker til beslagene<\/li><li>Barnesikring\/kjedeholder &#8211; for \u00e5 holde kjedet godt fast.<\/li><\/ul><p><em>Vi gj\u00f8r oppmerksom p\u00e5 at skruer ikke er inkludert, da det avhenger av hvilket materiale gardinene skal monteres p\u00e5.<\/em><br \/><em>Vi anbefaler \u00e5 bruke ca. to skruer per brakett.<\/em><\/p>\t\t\t\t\t\t\t\t<\/div>\n\t\t\t\t<\/div>\n\t\t\t\t\t<\/div>\n\t\t<\/div>\n\t\t\t\t\t<\/div>\n\t\t<\/section>\n\t\t\t\t<section class=\"elementor-section elementor-top-section elementor-element elementor-element-2226ce8d elementor-section-boxed elementor-section-height-default elementor-section-height-default\" data-id=\"2226ce8d\" data-element_type=\"section\" data-e-type=\"section\">\n\t\t\t\t\t\t<div class=\"elementor-container elementor-column-gap-default\">\n\t\t\t\t\t<div class=\"elementor-column elementor-col-25 elementor-top-column elementor-element elementor-element-38b7aead\" data-id=\"38b7aead\" data-element_type=\"column\" data-e-type=\"column\">\n\t\t\t<div class=\"elementor-widget-wrap elementor-element-populated\">\n\t\t\t\t\t\t<div class=\"elementor-element elementor-element-4e5a69a elementor-widget elementor-widget-text-editor\" data-id=\"4e5a69a\" data-element_type=\"widget\" data-e-type=\"widget\" data-widget_type=\"text-editor.default\">\n\t\t\t\t<div class=\"elementor-widget-container\">\n\t\t\t\t\t\t\t\t\t<p><strong>Trinn 1<\/strong><br \/>Velg hvordan du monterer beslagene (side \u2013 eller toppen av rammen). Skru beslagen inn p\u00e5 \u00f8nsket sted i rammen. Forsikre deg om at de henger rett. Merk at skruer ikke er inkludert.<\/p><p><img loading=\"lazy\" decoding=\"async\" class=\"alignnone wp-image-8036 size-full\" src=\"https:\/\/colorandco.co.uk\/wp-content\/uploads\/2022\/06\/how-to-install-blinds-chainpull-ENG-1-300x281-1.png\" alt=\"\" width=\"300\" height=\"281\" \/><\/p>\t\t\t\t\t\t\t\t<\/div>\n\t\t\t\t<\/div>\n\t\t\t\t\t<\/div>\n\t\t<\/div>\n\t\t\t\t<div class=\"elementor-column elementor-col-25 elementor-top-column elementor-element elementor-element-2b86abce\" data-id=\"2b86abce\" data-element_type=\"column\" data-e-type=\"column\">\n\t\t\t<div class=\"elementor-widget-wrap elementor-element-populated\">\n\t\t\t\t\t\t<div class=\"elementor-element elementor-element-28fc37d elementor-widget elementor-widget-text-editor\" data-id=\"28fc37d\" data-element_type=\"widget\" data-e-type=\"widget\" data-widget_type=\"text-editor.default\">\n\t\t\t\t<div class=\"elementor-widget-container\">\n\t\t\t\t\t\t\t\t\t<p><strong>Trinn 2<\/strong><br \/>Sett gardinen inn i beslagene. Sett alltid inn siden med den elastiske endepluggen f\u00f8rst, og deretter den andre siden etterp\u00e5.<\/p><p><img loading=\"lazy\" decoding=\"async\" src=\"https:\/\/colorandco.co.uk\/wp-content\/uploads\/2022\/06\/how-to-install-blinds-chainpull-2-300x225-1.png\" alt=\"\" width=\"300\" height=\"225\" \/><\/p>\t\t\t\t\t\t\t\t<\/div>\n\t\t\t\t<\/div>\n\t\t\t\t\t<\/div>\n\t\t<\/div>\n\t\t\t\t<div class=\"elementor-column elementor-col-25 elementor-top-column elementor-element elementor-element-702ce232\" data-id=\"702ce232\" data-element_type=\"column\" data-e-type=\"column\">\n\t\t\t<div class=\"elementor-widget-wrap elementor-element-populated\">\n\t\t\t\t\t\t<div class=\"elementor-element elementor-element-351cc5d6 elementor-widget elementor-widget-text-editor\" data-id=\"351cc5d6\" data-element_type=\"widget\" data-e-type=\"widget\" data-widget_type=\"text-editor.default\">\n\t\t\t\t<div class=\"elementor-widget-container\">\n\t\t\t\t\t\t\t\t\t<p><strong>Trinn 3<\/strong><br \/>Legg endestykker for beslag p\u00e5 om n\u00f8dvendig. De skyves plass fra forsiden.<\/p><p><img loading=\"lazy\" decoding=\"async\" class=\"alignnone size-full wp-image-8038\" src=\"https:\/\/colorandco.co.uk\/wp-content\/uploads\/2022\/06\/how-to-install-blinds-chainpull-3-300x268-1.png\" alt=\"\" width=\"300\" height=\"268\" \/><\/p>\t\t\t\t\t\t\t\t<\/div>\n\t\t\t\t<\/div>\n\t\t\t\t\t<\/div>\n\t\t<\/div>\n\t\t\t\t<div class=\"elementor-column elementor-col-25 elementor-top-column elementor-element elementor-element-6673cd16\" data-id=\"6673cd16\" data-element_type=\"column\" data-e-type=\"column\">\n\t\t\t<div class=\"elementor-widget-wrap elementor-element-populated\">\n\t\t\t\t\t\t<div class=\"elementor-element elementor-element-7d556d86 elementor-widget elementor-widget-text-editor\" data-id=\"7d556d86\" data-element_type=\"widget\" data-e-type=\"widget\" data-widget_type=\"text-editor.default\">\n\t\t\t\t<div class=\"elementor-widget-container\">\n\t\t\t\t\t\t\t\t\t<p><strong>Trinn 4<\/strong><br \/>Installer barnesikringen p\u00e5 bunnen av kjedet, og pass p\u00e5 at den er helt rett og minst 150 cm fra gulvet.<\/p><p><img loading=\"lazy\" decoding=\"async\" class=\"alignnone size-full wp-image-8039\" src=\"https:\/\/colorandco.co.uk\/wp-content\/uploads\/2022\/06\/how-to-install-blinds-chainpull-1-293x300-1.png\" alt=\"\" width=\"293\" height=\"300\" \/><\/p>\t\t\t\t\t\t\t\t<\/div>\n\t\t\t\t<\/div>\n\t\t\t\t\t<\/div>\n\t\t<\/div>\n\t\t\t\t\t<\/div>\n\t\t<\/section>\n\t\t\t\t<section class=\"elementor-section elementor-top-section elementor-element elementor-element-7c7ac148 elementor-section-boxed elementor-section-height-default elementor-section-height-default\" data-id=\"7c7ac148\" data-element_type=\"section\" data-e-type=\"section\">\n\t\t\t\t\t\t<div class=\"elementor-container elementor-column-gap-default\">\n\t\t\t\t\t<div class=\"elementor-column elementor-col-100 elementor-top-column elementor-element elementor-element-620bf180\" data-id=\"620bf180\" data-element_type=\"column\" data-e-type=\"column\">\n\t\t\t<div class=\"elementor-widget-wrap elementor-element-populated\">\n\t\t\t\t\t\t<div class=\"elementor-element elementor-element-6ee5d2d2 elementor-widget elementor-widget-text-editor\" data-id=\"6ee5d2d2\" data-element_type=\"widget\" data-e-type=\"widget\" data-widget_type=\"text-editor.default\">\n\t\t\t\t<div class=\"elementor-widget-container\">\n\t\t\t\t\t\t\t\t\t<p><strong>BARN OG SIKKERHET<\/strong><\/p>\n<ul>\n<li>Kjedeholder: Kjedeholderen holder kjedet fast og i flukt med veggen, slik at kjedet ikke slynger seg. Denne monteres minst 150 cm fra gulvet,<\/li>\n<li>Kjettinglengde: Kjettingen m\u00e5 monteres minst 150 cm fra gulvet for \u00e5 forhindre kvelningsulykker hos barn.<\/li>\n<\/ul>\n<p><strong>ADVARSEL!<\/strong><br><em>Sm\u00e5 barn kan kveles av l\u00f8kker p\u00e5 kjeder og snorer som brukes til \u00e5 betjene gardinprodukter.<\/em><br><em>gardinprodukter. I henhold til EN 13120 m\u00e5 de medf\u00f8lgende sikkerhetsinnretningene installeres og brukes i henhold til installasjonsinstruksjonene for \u00e5 redusere risikoen for ulykker. For \u00e5 unng\u00e5 dette b\u00f8r f\u00f8lgende forholdsregler tas.<\/em><\/p>\n<ol>\n<li><em>Lednings-\/kjedeholderen m\u00e5 monteres minst 1,5 meter over gulvet, og ledningen og kjedet m\u00e5 vikles\/henges stramt rundt den slik at den ikke henger l\u00f8st.<\/em><\/li>\n<li><em>Flytt senger, barnesenger og andre m\u00f8bler bort fra ledningene slik at sm\u00e5 barn ikke kan bruke m\u00f8blene til \u00e5 n\u00e5 ledningene.<\/em><\/li>\n<li><em>Unng\u00e5 \u00e5 knytte ledningene sammen. Pass p\u00e5 at ledningen ikke lager en l\u00f8kke.&nbsp;<\/em><\/li>\n<\/ol>\t\t\t\t\t\t\t\t<\/div>\n\t\t\t\t<\/div>\n\t\t\t\t\t<\/div>\n\t\t<\/div>\n\t\t\t\t\t<\/div>\n\t\t<\/section>\n\t\t\t\t<\/div>\n\t\t","protected":false},"excerpt":{"rendered":"<p>Installasjonsinstruksjoner Nedenfor finner du informasjon om hvordan du installerer og monterer rullegardiner med snortrekk og rullegardiner med kjedetrekk. rullegardiner med kjedetrekk. Installasjonsinstruksjoner \u2013 Rullegardiner med snortrekk F\u00f8r du begynner Du trenger f\u00f8lgende: Blyant, Kroker, Snorholder, Skruer, Skrutrekker F\u00f8lgende f\u00f8lger med til hvert gardin: Kroker \u2013 2 til 3 kroker alt efter bredden p\u00e5 gardinet. En [&hellip;]<\/p>\n","protected":false},"author":1,"featured_media":0,"parent":0,"menu_order":0,"comment_status":"closed","ping_status":"closed","template":"","meta":{"footnotes":""},"class_list":["post-9808","page","type-page","status-publish","hentry"],"aioseo_notices":[],"_links":{"self":[{"href":"https:\/\/colorco.dk\/no\/wp-json\/wp\/v2\/pages\/9808","targetHints":{"allow":["GET"]}}],"collection":[{"href":"https:\/\/colorco.dk\/no\/wp-json\/wp\/v2\/pages"}],"about":[{"href":"https:\/\/colorco.dk\/no\/wp-json\/wp\/v2\/types\/page"}],"author":[{"embeddable":true,"href":"https:\/\/colorco.dk\/no\/wp-json\/wp\/v2\/users\/1"}],"replies":[{"embeddable":true,"href":"https:\/\/colorco.dk\/no\/wp-json\/wp\/v2\/comments?post=9808"}],"version-history":[{"count":0,"href":"https:\/\/colorco.dk\/no\/wp-json\/wp\/v2\/pages\/9808\/revisions"}],"wp:attachment":[{"href":"https:\/\/colorco.dk\/no\/wp-json\/wp\/v2\/media?parent=9808"}],"curies":[{"name":"wp","href":"https:\/\/api.w.org\/{rel}","templated":true}]}}