{"id":9814,"date":"2023-02-27T14:23:44","date_gmt":"2023-02-27T13:23:44","guid":{"rendered":"https:\/\/colorco.dk\/\/opmaaling\/"},"modified":"2026-02-19T11:06:17","modified_gmt":"2026-02-19T10:06:17","slug":"maler-opp-til-rullegardiner-med-snortrekk-inne-i-vinduskarmen","status":"publish","type":"page","link":"https:\/\/colorco.dk\/no\/maler-opp-til-rullegardiner-med-snortrekk-inne-i-vinduskarmen\/","title":{"rendered":"M\u00e5ler opp til rullegardiner med snortrekk &#8211; inne i vinduskarmen"},"content":{"rendered":"\t\t<div data-elementor-type=\"wp-page\" data-elementor-id=\"9814\" class=\"elementor elementor-9814 elementor-7263\" data-elementor-post-type=\"page\">\n\t\t\t\t\t\t<section class=\"elementor-section elementor-top-section elementor-element elementor-element-32589da1 elementor-section-boxed elementor-section-height-default elementor-section-height-default\" data-id=\"32589da1\" data-element_type=\"section\" data-e-type=\"section\">\n\t\t\t\t\t\t<div class=\"elementor-container elementor-column-gap-default\">\n\t\t\t\t\t<div class=\"elementor-column elementor-col-100 elementor-top-column elementor-element elementor-element-27ff28c\" data-id=\"27ff28c\" data-element_type=\"column\" data-e-type=\"column\">\n\t\t\t<div class=\"elementor-widget-wrap elementor-element-populated\">\n\t\t\t\t\t\t<div class=\"elementor-element elementor-element-6c0b19b9 elementor-widget elementor-widget-heading\" data-id=\"6c0b19b9\" data-element_type=\"widget\" data-e-type=\"widget\" data-widget_type=\"heading.default\">\n\t\t\t\t<div class=\"elementor-widget-container\">\n\t\t\t\t\t<h2 class=\"elementor-heading-title elementor-size-default\">M\u00e5ler opp til rullegardiner med snortrekk - inne i vinduskarmen<\/h2>\t\t\t\t<\/div>\n\t\t\t\t<\/div>\n\t\t\t\t\t<\/div>\n\t\t<\/div>\n\t\t\t\t\t<\/div>\n\t\t<\/section>\n\t\t\t\t<section class=\"elementor-section elementor-top-section elementor-element elementor-element-173f5b1e elementor-section-boxed elementor-section-height-default elementor-section-height-default\" data-id=\"173f5b1e\" data-element_type=\"section\" data-e-type=\"section\">\n\t\t\t\t\t\t<div class=\"elementor-container elementor-column-gap-default\">\n\t\t\t\t\t<div class=\"elementor-column elementor-col-100 elementor-top-column elementor-element elementor-element-5bc2fd74\" data-id=\"5bc2fd74\" data-element_type=\"column\" data-e-type=\"column\">\n\t\t\t<div class=\"elementor-widget-wrap elementor-element-populated\">\n\t\t\t\t\t\t<section class=\"elementor-section elementor-inner-section elementor-element elementor-element-6f2b18a7 elementor-section-boxed elementor-section-height-default elementor-section-height-default\" data-id=\"6f2b18a7\" data-element_type=\"section\" data-e-type=\"section\">\n\t\t\t\t\t\t<div class=\"elementor-container elementor-column-gap-default\">\n\t\t\t\t\t<div class=\"elementor-column elementor-col-50 elementor-inner-column elementor-element elementor-element-7edea80d\" data-id=\"7edea80d\" data-element_type=\"column\" data-e-type=\"column\">\n\t\t\t<div class=\"elementor-widget-wrap elementor-element-populated\">\n\t\t\t\t\t\t<div class=\"elementor-element elementor-element-5f6a17e7 elementor-widget elementor-widget-text-editor\" data-id=\"5f6a17e7\" data-element_type=\"widget\" data-e-type=\"widget\" data-widget_type=\"text-editor.default\">\n\t\t\t\t<div class=\"elementor-widget-container\">\n\t\t\t\t\t\t\t\t\t<p><strong>Steg 1<\/strong> \u2013 Bruk et m\u00e5leb\u00e5nd til \u00e5 m\u00e5le opp vinduet. M\u00e5l f\u00f8rst bredden \u00f8verst p\u00e5 vinduet, deretter midt p\u00e5 vinduet og til slutt nederst. <\/p><p><strong>Steg 2 <\/strong>\u2013 Noter det minste m\u00e5let. Trekk deretter 2 cm fra dette m\u00e5let. Dette er for \u00e5 sikre at gardinen ikke skraper i vinduskarmen under bruk. Dette er det ferdige m\u00e5let for gardinens bredde.   <\/p><p><strong>Steg 3<\/strong> \u2013 Deretter gj\u00f8r du det samme med h\u00f8yden. M\u00e5l fra toppen av vinduet til bunnen av vinduskarmen og legg til 10-15 cm. Vi anbefaler at du har en liten stoffrull nederst p\u00e5 gardinen p\u00e5 minst 10 cm. Dette gir gardinen mer tyngde og stabilitet, og gj\u00f8r den lettere \u00e5 rulle opp og ned.   <\/p><p>Hvis m\u00e5lene dine er 90 cm i bredden og 120 cm i h\u00f8yden, blir m\u00e5lene du m\u00e5 oppgi:<br>90 cm \u2013 2 cm = Ferdig breddem\u00e5l <strong>88 cm<\/strong><br>120 cm + 10 cm = Ferdig h\u00f8ydem\u00e5l <strong>130 cm<\/strong><\/p><p>P\u00e5 grunn av gardinens konstruksjon kan vi dessverre ikke alltid garantere 100 % n\u00f8yaktighet. Det kan v\u00e6re en feilmargin p\u00e5 opptil 0,5 cm i bredden og noen f\u00e5 cm i h\u00f8yden. Dette skyldes at tr\u00e5dene i veven kan forstyrre breddesnittet, og at tyngdekraften p\u00e5virker h\u00f8yden.<br><br>  <\/p>\t\t\t\t\t\t\t\t<\/div>\n\t\t\t\t<\/div>\n\t\t\t\t\t<\/div>\n\t\t<\/div>\n\t\t\t\t<div class=\"elementor-column elementor-col-50 elementor-inner-column elementor-element elementor-element-29ddcbd7\" data-id=\"29ddcbd7\" data-element_type=\"column\" data-e-type=\"column\">\n\t\t\t<div class=\"elementor-widget-wrap elementor-element-populated\">\n\t\t\t\t\t\t<div class=\"elementor-element elementor-element-53223ab4 elementor-widget elementor-widget-video\" data-id=\"53223ab4\" data-element_type=\"widget\" data-e-type=\"widget\" data-settings=\"{&quot;youtube_url&quot;:&quot;https:\\\/\\\/www.youtube.com\\\/watch?v=f1kZXaj4yvc&quot;,&quot;video_type&quot;:&quot;youtube&quot;,&quot;controls&quot;:&quot;yes&quot;}\" data-widget_type=\"video.default\">\n\t\t\t\t<div class=\"elementor-widget-container\">\n\t\t\t\t\t\t\t<div class=\"elementor-wrapper elementor-open-inline\">\n\t\t\t<div class=\"elementor-video\"><\/div>\t\t<\/div>\n\t\t\t\t\t\t<\/div>\n\t\t\t\t<\/div>\n\t\t\t\t<div class=\"elementor-element elementor-element-4cd78c3 elementor-widget elementor-widget-text-editor\" data-id=\"4cd78c3\" data-element_type=\"widget\" data-e-type=\"widget\" data-widget_type=\"text-editor.default\">\n\t\t\t\t<div class=\"elementor-widget-container\">\n\t\t\t\t\t\t\t\t\t<p><em>Se instruksjonsvideoen ovenfor. Den er p\u00e5 engelsk. Hvis du vil ha den med danske undertekster, m\u00e5 du \u00e5pne den p\u00e5 Youtube, hvor dette kan velges.  <\/em><\/p>\t\t\t\t\t\t\t\t<\/div>\n\t\t\t\t<\/div>\n\t\t\t\t\t<\/div>\n\t\t<\/div>\n\t\t\t\t\t<\/div>\n\t\t<\/section>\n\t\t\t\t\t<\/div>\n\t\t<\/div>\n\t\t\t\t\t<\/div>\n\t\t<\/section>\n\t\t\t\t<\/div>\n\t\t","protected":false},"excerpt":{"rendered":"<p>M\u00e5ler opp til rullegardiner med snortrekk &#8211; inne i vinduskarmen Steg 1 \u2013 Bruk et m\u00e5leb\u00e5nd til \u00e5 m\u00e5le opp vinduet. M\u00e5l f\u00f8rst bredden \u00f8verst p\u00e5 vinduet, deretter midt p\u00e5 vinduet og til slutt nederst. Steg 2 \u2013 Noter det minste m\u00e5let. Trekk deretter 2 cm fra dette m\u00e5let. Dette er for \u00e5 sikre at [&hellip;]<\/p>\n","protected":false},"author":1,"featured_media":0,"parent":0,"menu_order":0,"comment_status":"closed","ping_status":"closed","template":"","meta":{"footnotes":""},"class_list":["post-9814","page","type-page","status-publish","hentry"],"aioseo_notices":[],"_links":{"self":[{"href":"https:\/\/colorco.dk\/no\/wp-json\/wp\/v2\/pages\/9814","targetHints":{"allow":["GET"]}}],"collection":[{"href":"https:\/\/colorco.dk\/no\/wp-json\/wp\/v2\/pages"}],"about":[{"href":"https:\/\/colorco.dk\/no\/wp-json\/wp\/v2\/types\/page"}],"author":[{"embeddable":true,"href":"https:\/\/colorco.dk\/no\/wp-json\/wp\/v2\/users\/1"}],"replies":[{"embeddable":true,"href":"https:\/\/colorco.dk\/no\/wp-json\/wp\/v2\/comments?post=9814"}],"version-history":[{"count":0,"href":"https:\/\/colorco.dk\/no\/wp-json\/wp\/v2\/pages\/9814\/revisions"}],"wp:attachment":[{"href":"https:\/\/colorco.dk\/no\/wp-json\/wp\/v2\/media?parent=9814"}],"curies":[{"name":"wp","href":"https:\/\/api.w.org\/{rel}","templated":true}]}}