{"id":9820,"date":"2023-02-23T15:16:13","date_gmt":"2023-02-23T14:16:13","guid":{"rendered":"https:\/\/colorco.dk\/\/privatlivspolitik\/"},"modified":"2023-10-21T19:35:29","modified_gmt":"2023-10-21T17:35:29","slug":"persondatapolitikk","status":"publish","type":"page","link":"https:\/\/colorco.dk\/no\/persondatapolitikk\/","title":{"rendered":"Persondatapolitikk"},"content":{"rendered":"\t\t<div data-elementor-type=\"wp-page\" data-elementor-id=\"9820\" class=\"elementor elementor-9820 elementor-3\" data-elementor-post-type=\"page\">\n\t\t\t\t\t\t<section class=\"elementor-section elementor-top-section elementor-element elementor-element-298798d elementor-section-boxed elementor-section-height-default elementor-section-height-default\" data-id=\"298798d\" data-element_type=\"section\" data-e-type=\"section\">\n\t\t\t\t\t\t<div class=\"elementor-container elementor-column-gap-default\">\n\t\t\t\t\t<div class=\"elementor-column elementor-col-100 elementor-top-column elementor-element elementor-element-8a9eada\" data-id=\"8a9eada\" data-element_type=\"column\" data-e-type=\"column\">\n\t\t\t<div class=\"elementor-widget-wrap elementor-element-populated\">\n\t\t\t\t\t\t<div class=\"elementor-element elementor-element-669a083 elementor-widget elementor-widget-heading\" data-id=\"669a083\" data-element_type=\"widget\" data-e-type=\"widget\" data-widget_type=\"heading.default\">\n\t\t\t\t<div class=\"elementor-widget-container\">\n\t\t\t\t\t<h2 class=\"elementor-heading-title elementor-size-default\">Persondatapolitikk<\/h2>\t\t\t\t<\/div>\n\t\t\t\t<\/div>\n\t\t\t\t<div class=\"elementor-element elementor-element-97c4b41 elementor-widget elementor-widget-text-editor\" data-id=\"97c4b41\" data-element_type=\"widget\" data-e-type=\"widget\" data-widget_type=\"text-editor.default\">\n\t\t\t\t<div class=\"elementor-widget-container\">\n\t\t\t\t\t\t\t\t\t<p>Persondata<br \/>\nOpplysninger om Color &amp; Co\u2019s behandling av dine personlige opplysninger<\/p>\n<p>Color &amp; Co beskytter dine personlige opplysninger. Det betyr blant annet at vi forklarer hvordan vi behandler dine personlige opplysninger, at vi ikke selger dine personlige opplysninger til andre virksomheter og at vi overholder de gjeldende regler om databeskyttelse.<br \/>\nNedenfor beskriver vi hvordan vi behandler dine personlige opplysninger, hvilke rettigheter du har, hva du skal gj\u00f8re hvis du har sp\u00f8rsm\u00e5l osv.<\/p>\n<p>1.0 Dataansvarlig<br \/>\nColor &amp; Co<br \/>\nDatavej 24<br \/>\n3460 Birker\u00f8d<br \/>\nCVR 39381990<\/p>\n<p>2.0 Hvilke personopplysninger samler vi inn?<\/p>\n<p>Vi innsamler opplysninger som brukes for \u00e5 oppfylle v\u00e5r avtale med deg om din ordre hos Color &amp; Co. F\u00f8lgende personopplysninger samler vi inn n\u00e5r du handler i v\u00e5r nettbutikk:<br \/>\nNavn<br \/>\nVirksomhetsnavn<br \/>\nAdresse<br \/>\nE-post<br \/>\nMobilnummer<br \/>\nKundenummer<br \/>\nKj\u00f8pshistorikk<br \/>\nOrdrenummer<br \/>\nSamt din kommunikasjon med oss<\/p>\n<p>Vi samler kun inn de personopplysningene som du selv gir oss ved bestilling av v\u00e5re produkter.<\/p>\n<p>2.1 Hva bruker vi personopplysningene dine til?<br \/>\nVi bruker dine personlige opplysninger til \u00e5 administrere dine kj\u00f8p p\u00e5 v\u00e5r hjemmeside, og videre til \u00e5 behandle din ordre, returer samt reklamasjoner. Rettsgrunnlaget for denne behandlingen: Avtale<br \/>\nVi bruker dine personlige opplysninger til \u00e5 sende deg beskjeder om leveringsstatus og til \u00e5 kontakte deg i tilfelle det oppst\u00e5r problemer med leveringen av din ordre.<br \/>\nVi bruker dine personlige opplysninger til \u00e5 gjennomf\u00f8re dine betalinger.<br \/>\nVi bruker dine personlige opplysninger til \u00e5 h\u00e5ndtere anmodninger fra deg, via v\u00e5r kundeservice, via e-post, telefon og sosiale medier.<br \/>\nVi bruker dine personlige opplysninger til \u00e5 administrere garantirelaterte krav og produktreklamasjon.<br \/>\nVi bruker dine personlige opplysninger til \u00e5 bekrefte din adresse ovenfor eksterne partnere.<br \/>\nVi bruker dine personlige opplysninger til \u00e5 sende deg nyhetsbrev og tilbud.<br \/>\nVi bruker dine personlige opplysninger til \u00e5 lage pakkeetiketter, slik at varen kan leveres til deg.<\/p>\n<p>Vi kan bruke dine personlige opplysninger i overensstemmelse med den gjeldende lovgivning, til \u00e5 overholde myndighetsp\u00e5bud og til \u00e5 besvare henvendelser fra offentlige og statlige myndigheter.<br \/>\nDine personopplysninger gis ikke videre til tredjemann, med mindre du selv uttrykkelig har samtykket til dette.<br \/>\nVi bruker f\u00f8lgende underleverand\u00f8rer til behandling av dine personopplysninger.<br \/>\nLink Logistics<br \/>\nGoogle<br \/>\nMailchimp<\/p>\n<p>3.0 Hvilke rettigheter har du og hvordan ut\u00f8ver du dem?<br \/>\nDu har visse rettigheter n\u00e5r det kommer til v\u00e5r behandling av dine personlige opplysninger. Kontakt Color &amp; Co via v\u00e5r kundeservice eller info@colorco.dk<\/p>\n<p>3.1 Rett til adgang<br \/>\nDu har rett til \u00e5 motta en bekreftelse p\u00e5: Om vi behandler personlige opplysninger om deg, og i s\u00e5 fall, f\u00e5 bestemte opplysninger om hvorfor vi f.eks. behandler opplysningene og hvor lenge vi oppbevarer dem. Du har ogs\u00e5 rett til \u00e5 motta en kopi av alle dine personlige opplysninger.<\/p>\n<p>3.2 Rett til \u00e5 endre<br \/>\nDu har rett til \u00e5 endre og rette dine ukorrekte eller ufullstendige personlige opplysninger.<\/p>\n<p>3.3 Rett til innsigelse<br \/>\nHvis du \u00f8nsker adgang til de opplysningene som er registrert om deg hos Color &amp; Co, skal du skrive til oss p\u00e5 info@colorco.dk<br \/>\nDu har mulighet til \u00e5 f\u00e5 innsikt i hvilken informasjon som er registrert om deg, og du er berettiget til \u00e5 komme med innsigelser mot v\u00e5r behandling av dine personopplysninger.<\/p>\n<p>3.4 Rett til sletting og begrensning<br \/>\nVi sletter personopplysninger l\u00f8pende.<br \/>\nVi lagrer dine personopplysninger s\u00e5 lenge vi har et aktivt kundeforhold med deg\/din virksomhet.<br \/>\nHvis du \u00f8nsker \u00e5 f\u00e5 slettet dine data, skal du skrive til oss p\u00e5 info@colorco.dk<\/p>\n<p>3.5 Rett til dataportabilitet<br \/>\nN\u00e5r vi behandler dine personlige opplysninger for \u00e5 kunne gjennomf\u00f8re en avtale med deg eller med ditt samtykke, har du rett til s\u00e5kalt dataportabilitet. Det betyr at du har rett til \u00e5 motta egne opplysninger i et strukturert, alminnelig anvendt og maskinlesbart format, og rett til \u00e5 f\u00e5 overf\u00f8rt disse opplysningene fra en dataansvarlig til en annen.<\/p>\n<p>4.0 Hva gj\u00f8r man, hvis man har sp\u00f8rsm\u00e5l eller klager?<br \/>\nHvis du har sp\u00f8rsm\u00e5l til v\u00e5r behandling av dine personlige opplysninger, er du velkommen til \u00e5 kontakte v\u00e5r kundeservice p\u00e5 info@colorco.dk eller telefon: +45 7199 7172 Du kan sende dine sp\u00f8rsm\u00e5l om dine rettigheter, eller \u00f8vrige sp\u00f8rsm\u00e5l om hvordan vi arbeider med databeskyttelse.<\/p>\n<p>Hva skjer hvis vi endrer v\u00e5r behandling av personlige opplysninger? Hvis vi for eksempel behandler dine personlige opplysninger til nye form\u00e5l, samler inn flere opplysninger eller deler dine opplysninger med andre virksomheter, vil vi informere deg om dette. Den nyeste utgaven av opplysningene er alltid offentliggjort p\u00e5 colorco.dk<\/p>\n<p>5.0 Hvordan samler dere personlige opplysninger?<br \/>\nVi samler inn personlige opplysninger direkte fra deg, n\u00e5r du foretar et kj\u00f8p, kontakter oss osv.<\/p>\n<p>6.0 Er det valgfritt \u00e5 angi personlige opplysninger?<br \/>\nAlle dine personlige opplysninger, med unntak av \u00abvirksomhet\u00bb og \u00ablagrede kredittkortopplysninger\u00bb skal opplyses ved kj\u00f8p p\u00e5 v\u00e5r hjemmeside.<\/p>\n\t\t\t\t\t\t\t\t<\/div>\n\t\t\t\t<\/div>\n\t\t\t\t\t<\/div>\n\t\t<\/div>\n\t\t\t\t\t<\/div>\n\t\t<\/section>\n\t\t\t\t<\/div>\n\t\t","protected":false},"excerpt":{"rendered":"<p>Persondatapolitikk Persondata Opplysninger om Color &amp; Co\u2019s behandling av dine personlige opplysninger Color &amp; Co beskytter dine personlige opplysninger. Det betyr blant annet at vi forklarer hvordan vi behandler dine personlige opplysninger, at vi ikke selger dine personlige opplysninger til andre virksomheter og at vi overholder de gjeldende regler om databeskyttelse. Nedenfor beskriver vi hvordan [&hellip;]<\/p>\n","protected":false},"author":1,"featured_media":0,"parent":0,"menu_order":0,"comment_status":"closed","ping_status":"open","template":"","meta":{"footnotes":""},"class_list":["post-9820","page","type-page","status-publish","hentry"],"aioseo_notices":[],"_links":{"self":[{"href":"https:\/\/colorco.dk\/no\/wp-json\/wp\/v2\/pages\/9820","targetHints":{"allow":["GET"]}}],"collection":[{"href":"https:\/\/colorco.dk\/no\/wp-json\/wp\/v2\/pages"}],"about":[{"href":"https:\/\/colorco.dk\/no\/wp-json\/wp\/v2\/types\/page"}],"author":[{"embeddable":true,"href":"https:\/\/colorco.dk\/no\/wp-json\/wp\/v2\/users\/1"}],"replies":[{"embeddable":true,"href":"https:\/\/colorco.dk\/no\/wp-json\/wp\/v2\/comments?post=9820"}],"version-history":[{"count":0,"href":"https:\/\/colorco.dk\/no\/wp-json\/wp\/v2\/pages\/9820\/revisions"}],"wp:attachment":[{"href":"https:\/\/colorco.dk\/no\/wp-json\/wp\/v2\/media?parent=9820"}],"curies":[{"name":"wp","href":"https:\/\/api.w.org\/{rel}","templated":true}]}}