{"id":9831,"date":"2023-06-26T18:13:05","date_gmt":"2023-06-26T16:13:05","guid":{"rendered":"https:\/\/colorco.dk\/\/handelsbetingelser\/"},"modified":"2025-05-28T15:20:35","modified_gmt":"2025-05-28T13:20:35","slug":"handelsbetingelser","status":"publish","type":"page","link":"https:\/\/colorco.dk\/no\/handelsbetingelser\/","title":{"rendered":"Handelsbetingelser"},"content":{"rendered":"\t\t<div data-elementor-type=\"wp-page\" data-elementor-id=\"9831\" class=\"elementor elementor-9831 elementor-11\" data-elementor-post-type=\"page\">\n\t\t\t\t\t\t<section class=\"elementor-section elementor-top-section elementor-element elementor-element-c7ada4a elementor-section-boxed elementor-section-height-default elementor-section-height-default\" data-id=\"c7ada4a\" data-element_type=\"section\" data-e-type=\"section\">\n\t\t\t\t\t\t<div class=\"elementor-container elementor-column-gap-default\">\n\t\t\t\t\t<div class=\"elementor-column elementor-col-100 elementor-top-column elementor-element elementor-element-5c10c01\" data-id=\"5c10c01\" data-element_type=\"column\" data-e-type=\"column\">\n\t\t\t<div class=\"elementor-widget-wrap elementor-element-populated\">\n\t\t\t\t\t\t<div class=\"elementor-element elementor-element-3066cd0 elementor-widget elementor-widget-heading\" data-id=\"3066cd0\" data-element_type=\"widget\" data-e-type=\"widget\" data-widget_type=\"heading.default\">\n\t\t\t\t<div class=\"elementor-widget-container\">\n\t\t\t\t\t<h2 class=\"elementor-heading-title elementor-size-default\">Betingelser og vilk\u00e5r<\/h2>\t\t\t\t<\/div>\n\t\t\t\t<\/div>\n\t\t\t\t<div class=\"elementor-element elementor-element-63627a7 elementor-widget elementor-widget-text-editor\" data-id=\"63627a7\" data-element_type=\"widget\" data-e-type=\"widget\" data-widget_type=\"text-editor.default\">\n\t\t\t\t<div class=\"elementor-widget-container\">\n\t\t\t\t\t\t\t\t\t<h4>Levering<\/h4><p>Bestilte standardvarer i nettbutikken sendes normalt innen 3\u20135 virkedager etter mottatt ordre. Ved bestilling av gardiner etter spesialm\u00e5l, inkludert gardiner med kjedetrekk eller andre tilpasninger, er produksjonstiden ca. 3\u20135 uker fra bestillingsdato, avhengig av sesong og kapasitet.<\/p><p>Vinter &#8211; ca. 3 uker (4 uker rundt jul)<\/p><p>V\u00e5r &#8211; ca. 5 uker<\/p><p>Sommer &#8211; ca. 4\u20135 uker<\/p><p>H\u00f8st &#8211; ca. 3 uker<\/p><p>Det er ingen returrett p\u00e5 spesialtilpassede gardiner.<\/p><h4>Betaling<\/h4><p>Du kan bruke MobilePay, Vipps og de fleste utenlandske kredittkort, samt Paypal og Klarna til betaling. For standardvarer trekkes bel\u00f8pet fra kortholderens konto tidligst n\u00e5r varen sendes ut. For spesialtilpassede varer (gardiner med kjedetrekk og skreddersydde gardiner eller andre tillegg til gardinene) trekkes bel\u00f8pet umiddelbart.<\/p><h4>Priser<\/h4><p>Nettbutikkens priser er ikke inklusiv merverdiavgift og eventuelle andre avgifter. Prisene er basert p\u00e5 dagspriser, og kan variere.\u00a0Produktet blir sendt fra Danmark. Det er derfor en toll p\u00e5 5,5% i tillegg til det endelige bel\u00f8pet. MVA og toll belastes av UPS. Les mer om toll her\u00a0<a href=\"http:\/\/www.toll.no\/\">www.toll.no<\/a><\/p><h4>Levering<\/h4><p>Varer sendes med UPS. De leverer til hele Norge.<\/p><p>Det tas forbehold for f\u00f8lgende:<\/p><ul><li>Trykkfeil<\/li><li>Prisendringer<\/li><li>Utg\u00e5tte varer<\/li><li>Leveransesvikt fra tredjepart.<\/li><li>Farger kan variere i forhold til fargene p\u00e5 bildene.<\/li><\/ul><h4>Uinnsamlede pakker \/ levering ikke mulig<\/h4><p>Dersom pakken ikke blir hentet ved en feil eller ikke kan leveres, dekker du kostnadene ved \u00e5 returnere den til oss, samt annen videresending av pakken.<\/p><h4>14 dagers returrett og tilbakebetaling av kj\u00f8psbel\u00f8pet<\/h4><p>Ved retur m\u00e5 man gi beskjed om dette p\u00e5 e-post. Man kan ogs\u00e5 bruke kontaktskjemaet p\u00e5 hjemmesiden. Dette skal gj\u00f8res innen 14 dager etter du har mottatt varen. Etter vi har mottatt din e-post ang\u00e5ende retur, har du 14 dager til \u00e5 returnere varer til oss. Varen bes sendes i retur med en kopi av ordrebekreftelsen. V\u00e6r oppmerksom p\u00e5 at returretten oppheves 14 dager etter du har mottatt varen. Varer som sendes i retur m\u00e5 v\u00e6re uskadde, og m\u00e5 leveres tilbake i samme stand og antall som ble levert. Returretten oppheves om dette ikke er tilfellet. Om du returnerer varer, f\u00e5r du tilbakebetalt hele bel\u00f8pet. Bel\u00f8pet blir betalt tilbake med samme betalingsform som ble brukt det opprinnelige kj\u00f8pet.\u00a0\u00a0 Pengene blir tilbakebetalt n\u00e5r varen er returnert, og returrettens regler er overholdt. Frakt for returnering av varer kj\u00f8pt p\u00e5 www.colorco.dk\/no betales av kunden. Ved eventuell retur skal varen sendes til: Color &amp; Co, Datavej 24, 3460 Birker\u00f8d, Danmark. Du kan ogs\u00e5 returnere varer kj\u00f8pt p\u00e5 www.colorco.dk\/no ved \u00e5 nekte \u00e5 ta imot pakken n\u00e5r den blir levert. Pakker og brev sendt med postoppkrav blir ikke mottatt.<\/p><h4>Returrett \u2013 spesialtilpassede varer<\/h4><p>Om det er snakk om spesialtilpassede varer, gjelder fremdeles den vanlige returretten i 14 dager etter bestilling. Om www.colorco.dk allerede har begynt \u00e5 produsere den spesialtilpassede varen, oppheves returretten. Det betyr at om vi leverer en spesialtilpasset gardin, gjelder ikke lenger returretten.<\/p><h4>Varens stand ved returnering<\/h4><p>Om varen er brukt betyr dette at varens verdi er svekket. Du m\u00e5 gjerne ta ut gardinen \u00e5 kikke p\u00e5 den som i en fysisk butikk i henseende \u00e5 se p\u00e5 varens egenskaper og materiale. Alt utover dette vil bli betraktet som brukt og vil p\u00e5virke hvor stor andel av kj\u00f8pesummen som vil blir tilbakebetalt. Dette kan ogs\u00e5 bety at intet bel\u00f8p betales tilbake.<\/p><h4>Reklamasjon<\/h4><p>Kj\u00f8pslovens reklamasjonsrett kan benyttes.<\/p><h4>Reklamasjonsrett<\/h4><p>Om du handler p\u00e5 www.colorco.dk\/no, har du 24 m\u00e5neders reklamasjonsrett. Dette betyr at du kan f\u00e5 pengene i retur eller bytte varen, avhengig av situasjonen. Reklamasjonen m\u00e5 begrunnes, og mangler ved varen skal ikke v\u00e6re som f\u00f8lge av skade p\u00e5 produktet. Varen m\u00e5 sendes i retur i forsvarlig emballasje.<\/p><p>V\u00e5re bambusgardiner er laget av bambus \u2013 et naturmateriale. Derfor kan det forekomme sm\u00e5 skj\u00f8nnhetsfeil, som er en naturlig del av det \u00e5 eie et unikt og naturlig produkt som en bambusgardin er. Disse skj\u00f8nnhetsfeilene kan derfor ikke betraktes som reklamasjonsgrunn.<\/p><p>Med tiden kan v\u00e5re gardiner bli bleget i solen. For at unng\u00e5 blegning anbefaler vi, at du ikke h\u00e6nger gardinet i direkte sollys.<\/p><p>Bambus er et naturprodukt og fargetilpasning kan ikke garanteres.<\/p><h4>Personvern<\/h4><p>Ved kj\u00f8p p\u00e5 www.colorco.dk\/no sp\u00f8r vi om navn, adresse, postnummer, poststed, telefonnummer og e-postadresse. Dette er n\u00f8dvendig for \u00e5 kunne sende deg varene. Opplysningene blir registrert hos www.colorco.dk\/no og oppbevart i fem \u00e5r, f\u00f8r de blir slettet. Innsamling av personlige opplysninger vil kun skje med ditt samtykke, og ansatte ved www.colorco.dk\/no har adgang til disse opplysningene. Opplysninger samlet inn p\u00e5 www.colorco.dk\/no blir aldri gitt videre eller solgt til tredjeparter, og ingen f\u00f8lsomme opplysninger vil bli registrert. Du kan n\u00e5r som helst avbryte registreringen. Personvernloven gir deg ogs\u00e5 rett til \u00e5 vite hvilke opplysninger som er registrert om deg. Du er alltid velkommen til \u00e5 kontakte oss p\u00e5 info@colorco.dk vedr\u00f8rende dine data.<\/p><h4>Cookies<\/h4><p>www.colorco.dk\/no bruker cookies p\u00e5 hjemmesiden. Form\u00e5let med dette er \u00e5 optimalisere hjemmesiden. Du kan alltid slette cookies selv, p\u00e5 datamaskinen din.<\/p><h4>Loggstatistikk<\/h4><p>www.colorco.dk\/no benytter seg av loggstatistikk. Dette gir oss mulighet til \u00e5 se hvor mange bes\u00f8kende vi har p\u00e5 hjemmesiden, og hvor i Norge de kommer fra. Form\u00e5let med dette er \u00e5 gj\u00f8re hjemmesiden v\u00e5r best mulig.<\/p>\t\t\t\t\t\t\t\t<\/div>\n\t\t\t\t<\/div>\n\t\t\t\t\t<\/div>\n\t\t<\/div>\n\t\t\t\t\t<\/div>\n\t\t<\/section>\n\t\t\t\t<\/div>\n\t\t","protected":false},"excerpt":{"rendered":"<p>Betingelser og vilk\u00e5r Levering Bestilte standardvarer i nettbutikken sendes normalt innen 3\u20135 virkedager etter mottatt ordre. Ved bestilling av gardiner etter spesialm\u00e5l, inkludert gardiner med kjedetrekk eller andre tilpasninger, er produksjonstiden ca. 3\u20135 uker fra bestillingsdato, avhengig av sesong og kapasitet. Vinter &#8211; ca. 3 uker (4 uker rundt jul) V\u00e5r &#8211; ca. 5 uker [&hellip;]<\/p>\n","protected":false},"author":1,"featured_media":0,"parent":0,"menu_order":0,"comment_status":"closed","ping_status":"closed","template":"","meta":{"footnotes":""},"class_list":["post-9831","page","type-page","status-publish","hentry"],"aioseo_notices":[],"_links":{"self":[{"href":"https:\/\/colorco.dk\/no\/wp-json\/wp\/v2\/pages\/9831","targetHints":{"allow":["GET"]}}],"collection":[{"href":"https:\/\/colorco.dk\/no\/wp-json\/wp\/v2\/pages"}],"about":[{"href":"https:\/\/colorco.dk\/no\/wp-json\/wp\/v2\/types\/page"}],"author":[{"embeddable":true,"href":"https:\/\/colorco.dk\/no\/wp-json\/wp\/v2\/users\/1"}],"replies":[{"embeddable":true,"href":"https:\/\/colorco.dk\/no\/wp-json\/wp\/v2\/comments?post=9831"}],"version-history":[{"count":0,"href":"https:\/\/colorco.dk\/no\/wp-json\/wp\/v2\/pages\/9831\/revisions"}],"wp:attachment":[{"href":"https:\/\/colorco.dk\/no\/wp-json\/wp\/v2\/media?parent=9831"}],"curies":[{"name":"wp","href":"https:\/\/api.w.org\/{rel}","templated":true}]}}