{"id":11211,"date":"2023-10-31T14:06:04","date_gmt":"2023-10-31T13:06:04","guid":{"rendered":"https:\/\/colorco.dk\/?post_type=product&#038;p=11211"},"modified":"2025-04-21T04:00:17","modified_gmt":"2025-04-21T02:00:17","slug":"rullegardin-moerk-brun-papir-plante-med-kjedetrekk","status":"publish","type":"product","link":"https:\/\/colorco.dk\/no\/product\/rullegardin-moerk-brun-papir-plante-med-kjedetrekk\/","title":{"rendered":"Rullegardin \u2013 M\u00f8rk brun papir plante med kjedetrekk"},"content":{"rendered":"<p>Denne m\u00f8rke papir plante rullegardin med kjededrag har en solavskjerming p\u00e5 <strong>50 %<\/strong>. Gardinene v\u00e5re er delt inn i fem solavskjermingskategorier: 25 %, 50 %, 75 %, 90 % og 98 %.<br \/>\nDette er betegnelser for hvor mye sollys vi mener de slipper inn. Dette er v\u00e5r vurdering og refererer ikke til hvor mye du kan se gjennom. Vi anbefaler at du bestiller en <a href=\"https:\/\/colorco.dk\/no\/gratis-proeve\/\">gratis pr\u00f8ve<\/a> hvis du er usikker p\u00e5 farger, solskjerming eller hvor mye du kan se gjennom.<\/p>\n<p style=\"text-align: center;\">Disse krokene brukes til denne modellen.<\/p>\n<p><img fetchpriority=\"high\" decoding=\"async\" class=\"alignnone size-medium wp-image-7348 aligncenter\" src=\"https:\/\/colorco.dk\/wp-content\/uploads\/2023\/03\/Color_co_blank_metal_hooks-600x600-1-300x300.webp\" alt=\"\" width=\"300\" height=\"300\" srcset=\"https:\/\/colorco.dk\/wp-content\/uploads\/2023\/03\/Color_co_blank_metal_hooks-600x600-1-300x300.webp 300w, https:\/\/colorco.dk\/wp-content\/uploads\/2023\/03\/Color_co_blank_metal_hooks-600x600-1-150x150.webp 150w, https:\/\/colorco.dk\/wp-content\/uploads\/2023\/03\/Color_co_blank_metal_hooks-600x600-1-441x441.webp 441w, https:\/\/colorco.dk\/wp-content\/uploads\/2023\/03\/Color_co_blank_metal_hooks-600x600-1-100x100.webp 100w, https:\/\/colorco.dk\/wp-content\/uploads\/2023\/03\/Color_co_blank_metal_hooks-600x600-1.webp 600w\" sizes=\"(max-width: 300px) 100vw, 300px\" \/><\/p>\n","protected":false},"excerpt":{"rendered":"<p>M\u00f8rk brun papir plante rullegardin med kjedetrekk. Dette vakre stoffet er vevd med helt naturlig jutetr\u00e5d og m\u00f8rkebrun papirmasse, noe som gir et lett stripete strukturm\u00f8nster. Jutetr\u00e5dfibrene h\u00f8stes fra en juteplante i Bangladesh, og stoffet veves deretter med jutetr\u00e5d og FSC-sertifisert papirmasse p\u00e5 fabrikken v\u00e5r i Taiwan. Alle rullegardinerne v\u00e5re produseres i v\u00e5rt produksjonsanlegg i K\u00f8benhavn. Stoffet er tilgjengelig som rullegardiner med kjedetrekk eller snoretrekk i to farger, m\u00f8rk og lys brun.<\/p>\n","protected":false},"featured_media":10611,"template":"","meta":[],"product_brand":[],"product_cat":[158,152,155],"product_tag":[],"class_list":{"0":"post-11211","1":"product","2":"type-product","3":"status-publish","4":"has-post-thumbnail","6":"product_cat-kjede-trekk","7":"product_cat-natur-plante","8":"product_cat-rullegardiner-no","10":"first","11":"instock","12":"taxable","13":"shipping-taxable","14":"purchasable","15":"product-type-variable"},"aioseo_notices":[],"_links":{"self":[{"href":"https:\/\/colorco.dk\/no\/wp-json\/wp\/v2\/product\/11211","targetHints":{"allow":["GET"]}}],"collection":[{"href":"https:\/\/colorco.dk\/no\/wp-json\/wp\/v2\/product"}],"about":[{"href":"https:\/\/colorco.dk\/no\/wp-json\/wp\/v2\/types\/product"}],"wp:featuredmedia":[{"embeddable":true,"href":"https:\/\/colorco.dk\/no\/wp-json\/wp\/v2\/media\/10611"}],"wp:attachment":[{"href":"https:\/\/colorco.dk\/no\/wp-json\/wp\/v2\/media?parent=11211"}],"wp:term":[{"taxonomy":"product_brand","embeddable":true,"href":"https:\/\/colorco.dk\/no\/wp-json\/wp\/v2\/product_brand?post=11211"},{"taxonomy":"product_cat","embeddable":true,"href":"https:\/\/colorco.dk\/no\/wp-json\/wp\/v2\/product_cat?post=11211"},{"taxonomy":"product_tag","embeddable":true,"href":"https:\/\/colorco.dk\/no\/wp-json\/wp\/v2\/product_tag?post=11211"}],"curies":[{"name":"wp","href":"https:\/\/api.w.org\/{rel}","templated":true}]}}