{"id":17544,"date":"2024-06-09T14:53:22","date_gmt":"2024-06-09T12:53:22","guid":{"rendered":"https:\/\/colorco.dk\/produkt\/snor\/"},"modified":"2024-06-10T09:57:47","modified_gmt":"2024-06-10T07:57:47","slug":"snor","status":"publish","type":"product","link":"https:\/\/colorco.dk\/no\/product\/snor\/","title":{"rendered":"Snor"},"content":{"rendered":"","protected":false},"excerpt":{"rendered":"<p>Hvis snoren din er \u00f8delagt, kan du bestille en ny her. Bare spesifiser style og gardinst\u00f8rrelse, s\u00e5 sender vi deg en snor som passer.<\/p>\n","protected":false},"featured_media":37466,"template":"","meta":[],"product_brand":[],"product_cat":[396],"product_tag":[],"class_list":{"0":"post-17544","1":"product","2":"type-product","3":"status-publish","4":"has-post-thumbnail","6":"product_cat-tilbehoer","8":"first","9":"instock","10":"taxable","11":"shipping-taxable","12":"purchasable","13":"product-type-simple"},"aioseo_notices":[],"_links":{"self":[{"href":"https:\/\/colorco.dk\/no\/wp-json\/wp\/v2\/product\/17544","targetHints":{"allow":["GET"]}}],"collection":[{"href":"https:\/\/colorco.dk\/no\/wp-json\/wp\/v2\/product"}],"about":[{"href":"https:\/\/colorco.dk\/no\/wp-json\/wp\/v2\/types\/product"}],"wp:featuredmedia":[{"embeddable":true,"href":"https:\/\/colorco.dk\/no\/wp-json\/wp\/v2\/media\/37466"}],"wp:attachment":[{"href":"https:\/\/colorco.dk\/no\/wp-json\/wp\/v2\/media?parent=17544"}],"wp:term":[{"taxonomy":"product_brand","embeddable":true,"href":"https:\/\/colorco.dk\/no\/wp-json\/wp\/v2\/product_brand?post=17544"},{"taxonomy":"product_cat","embeddable":true,"href":"https:\/\/colorco.dk\/no\/wp-json\/wp\/v2\/product_cat?post=17544"},{"taxonomy":"product_tag","embeddable":true,"href":"https:\/\/colorco.dk\/no\/wp-json\/wp\/v2\/product_tag?post=17544"}],"curies":[{"name":"wp","href":"https:\/\/api.w.org\/{rel}","templated":true}]}}