{"id":19981,"date":"2024-09-30T14:39:18","date_gmt":"2024-09-30T12:39:18","guid":{"rendered":"https:\/\/colorco.dk\/?post_type=product&#038;p=19981"},"modified":"2026-04-08T11:33:04","modified_gmt":"2026-04-08T09:33:04","slug":"rullegardin-lys-gronn-papir-plante","status":"publish","type":"product","link":"https:\/\/colorco.dk\/no\/product\/rullegardin-lys-gronn-papir-plante\/","title":{"rendered":"Rullegardin \u2013 lys gr\u00f8nn papir plante"},"content":{"rendered":"<p>Denne lys gr\u00f8nn papir plante rullegardin med snorer har en solavskjerming p\u00e5 <strong>50 %<\/strong>. Gardinene v\u00e5re er delt inn i fem solavskjermingskategorier: 25 %, 50 %, 75 %, 90 % og 98 %.<br \/>\nDette er betegnelser for hvor mye sollys vi mener de slipper inn. Dette er v\u00e5r vurdering og refererer ikke til hvor mye du kan se gjennom. Vi anbefaler at du bestiller en <a href=\"https:\/\/colorco.dk\/no\/gratis-proeve\/\">gratis pr\u00f8ve<\/a> hvis du er usikker p\u00e5 farger, solskjerming eller hvor mye du kan se gjennom.<\/p>\n<p style=\"text-align: center;\">Disse krokene brukes til denne modellen.<\/p>\n<p><img fetchpriority=\"high\" decoding=\"async\" class=\"alignnone size-medium wp-image-7348 aligncenter\" src=\"https:\/\/colorco.dk\/wp-content\/uploads\/2023\/03\/Color_co_blank_metal_hooks-600x600-1-300x300.webp\" alt=\"\" width=\"300\" height=\"300\" srcset=\"https:\/\/colorco.dk\/wp-content\/uploads\/2023\/03\/Color_co_blank_metal_hooks-600x600-1-300x300.webp 300w, https:\/\/colorco.dk\/wp-content\/uploads\/2023\/03\/Color_co_blank_metal_hooks-600x600-1-150x150.webp 150w, https:\/\/colorco.dk\/wp-content\/uploads\/2023\/03\/Color_co_blank_metal_hooks-600x600-1-441x441.webp 441w, https:\/\/colorco.dk\/wp-content\/uploads\/2023\/03\/Color_co_blank_metal_hooks-600x600-1-100x100.webp 100w, https:\/\/colorco.dk\/wp-content\/uploads\/2023\/03\/Color_co_blank_metal_hooks-600x600-1.webp 600w\" sizes=\"(max-width: 300px) 100vw, 300px\" \/><\/p>\n","protected":false},"excerpt":{"rendered":"<p>Rullegardin i lysegr\u00f8nn papirplante med snortrekk. Naturlig jutegarn er vevd sammen med st\u00f8vete lysegr\u00f8nne papirstrimler. Jute- og papirfibrene er vevd med en lysegr\u00f8nn tr\u00e5d og skaper et vakkert stripete m\u00f8nster. Fibrene i jutegarnet h\u00f8stes i Bangladesh og papirmassen produseres av FSC-sertifisert papir ved v\u00e5r fabrikk i Taiwan. Vi tilbyr dette designet som rullegardiner med kjedetrekk eller snortrekk i tre farger; Lysegr\u00f8nn, lys brun og m\u00f8rk brun.<\/p>\n","protected":false},"featured_media":37659,"template":"","meta":[],"product_brand":[],"product_cat":[152,155,161],"product_tag":[],"class_list":{"0":"post-19981","1":"product","2":"type-product","3":"status-publish","4":"has-post-thumbnail","6":"product_cat-natur-plante","7":"product_cat-rullegardiner-no","8":"product_cat-snor-trekk","10":"first","11":"instock","12":"taxable","13":"shipping-taxable","14":"purchasable","15":"product-type-simple"},"aioseo_notices":[],"_links":{"self":[{"href":"https:\/\/colorco.dk\/no\/wp-json\/wp\/v2\/product\/19981","targetHints":{"allow":["GET"]}}],"collection":[{"href":"https:\/\/colorco.dk\/no\/wp-json\/wp\/v2\/product"}],"about":[{"href":"https:\/\/colorco.dk\/no\/wp-json\/wp\/v2\/types\/product"}],"wp:featuredmedia":[{"embeddable":true,"href":"https:\/\/colorco.dk\/no\/wp-json\/wp\/v2\/media\/37659"}],"wp:attachment":[{"href":"https:\/\/colorco.dk\/no\/wp-json\/wp\/v2\/media?parent=19981"}],"wp:term":[{"taxonomy":"product_brand","embeddable":true,"href":"https:\/\/colorco.dk\/no\/wp-json\/wp\/v2\/product_brand?post=19981"},{"taxonomy":"product_cat","embeddable":true,"href":"https:\/\/colorco.dk\/no\/wp-json\/wp\/v2\/product_cat?post=19981"},{"taxonomy":"product_tag","embeddable":true,"href":"https:\/\/colorco.dk\/no\/wp-json\/wp\/v2\/product_tag?post=19981"}],"curies":[{"name":"wp","href":"https:\/\/api.w.org\/{rel}","templated":true}]}}