{"id":8663,"date":"2023-06-29T16:45:04","date_gmt":"2023-06-29T14:45:04","guid":{"rendered":"https:\/\/colorco.dk\/\/produkt\/liftgardin-graabeiset-bambus\/"},"modified":"2025-08-15T15:29:56","modified_gmt":"2025-08-15T13:29:56","slug":"liftgardin-graabeiset-bambus","status":"publish","type":"product","link":"https:\/\/colorco.dk\/no\/product\/liftgardin-graabeiset-bambus\/","title":{"rendered":"Liftgardin \u2013 gr\u00e5beiset bambus"},"content":{"rendered":"<p>Denne gr\u00e5beisede foldegardinen med snorer har en solavskjerming p\u00e5 <strong>75 %<\/strong>. Gardinene v\u00e5re er delt inn i fem solavskjermingskategorier: 25 %, 50 %, 75 %, 90 % og 98 %.<br \/>\nDette er betegnelser for hvor mye sollys vi mener de slipper inn. Dette er v\u00e5r vurdering og refererer ikke til hvor mye du kan se gjennom. Vi anbefaler at du bestiller en <a href=\"https:\/\/colorco.dk\/no\/gratis-proeve\/\">gratis pr\u00f8ve<\/a> hvis du er usikker p\u00e5 farger, solskjerming eller hvor mye du kan se gjennom.<\/p>\n<p style=\"text-align: center;\">Disse krokene brukes til denne modellen.<\/p>\n<p><img fetchpriority=\"high\" decoding=\"async\" class=\"alignnone size-medium wp-image-7348 aligncenter\" src=\"https:\/\/colorco.dk\/wp-content\/uploads\/2023\/03\/Color_co_blank_metal_hooks-600x600-1-300x300.webp\" alt=\"\" width=\"300\" height=\"300\" srcset=\"https:\/\/colorco.dk\/wp-content\/uploads\/2023\/03\/Color_co_blank_metal_hooks-600x600-1-300x300.webp 300w, https:\/\/colorco.dk\/wp-content\/uploads\/2023\/03\/Color_co_blank_metal_hooks-600x600-1-150x150.webp 150w, https:\/\/colorco.dk\/wp-content\/uploads\/2023\/03\/Color_co_blank_metal_hooks-600x600-1-441x441.webp 441w, https:\/\/colorco.dk\/wp-content\/uploads\/2023\/03\/Color_co_blank_metal_hooks-600x600-1-100x100.webp 100w, https:\/\/colorco.dk\/wp-content\/uploads\/2023\/03\/Color_co_blank_metal_hooks-600x600-1.webp 600w\" sizes=\"(max-width: 300px) 100vw, 300px\" \/><\/p>\n","protected":false},"excerpt":{"rendered":"<p>Gr\u00e5 beiset bambusliftgardin. Lamellene er 7 mm. bred og vevd sammen med gr\u00e5 tr\u00e5d. Bambusstoffet brettes n\u00e5r persiennen trekkes opp og ned. Disse foldene trekkes opp bak en kappe p\u00e5 ca. 10 cm i h\u00f8yden, og gir dermed gardinen et jevnt og rolig utseende n\u00e5r den trekkes helt opp. L\u00e5se- og trekksystemet er ogs\u00e5 skjult bak kappen. Hvis du \u00f8nsker at gardinen skal lages etter m\u00e5l i h\u00f8yden, anbefaler vi at du legger til minst 10 cm til m\u00e5l p\u00e5 vindusst\u00f8rrelsen.<\/p>\n<p>Gardinen er laget av naturlig bambus, som er beiset med en lys gr\u00e5tone. Derfor kan den naturlige bambus farge og tekstur anes i gjennom den gr\u00e5 fargen.<\/p>\n","protected":false},"featured_media":8621,"template":"","meta":[],"product_brand":[],"product_cat":[149,155],"product_tag":[373],"class_list":{"0":"post-8663","1":"product","2":"type-product","3":"status-publish","4":"has-post-thumbnail","6":"product_cat-liftgardiner","7":"product_cat-rullegardiner-no","8":"product_tag-rullegardiner","10":"first","11":"instock","12":"taxable","13":"shipping-taxable","14":"purchasable","15":"product-type-variable"},"aioseo_notices":[],"_links":{"self":[{"href":"https:\/\/colorco.dk\/no\/wp-json\/wp\/v2\/product\/8663","targetHints":{"allow":["GET"]}}],"collection":[{"href":"https:\/\/colorco.dk\/no\/wp-json\/wp\/v2\/product"}],"about":[{"href":"https:\/\/colorco.dk\/no\/wp-json\/wp\/v2\/types\/product"}],"wp:featuredmedia":[{"embeddable":true,"href":"https:\/\/colorco.dk\/no\/wp-json\/wp\/v2\/media\/8621"}],"wp:attachment":[{"href":"https:\/\/colorco.dk\/no\/wp-json\/wp\/v2\/media?parent=8663"}],"wp:term":[{"taxonomy":"product_brand","embeddable":true,"href":"https:\/\/colorco.dk\/no\/wp-json\/wp\/v2\/product_brand?post=8663"},{"taxonomy":"product_cat","embeddable":true,"href":"https:\/\/colorco.dk\/no\/wp-json\/wp\/v2\/product_cat?post=8663"},{"taxonomy":"product_tag","embeddable":true,"href":"https:\/\/colorco.dk\/no\/wp-json\/wp\/v2\/product_tag?post=8663"}],"curies":[{"name":"wp","href":"https:\/\/api.w.org\/{rel}","templated":true}]}}