{"id":9091,"date":"2023-06-29T16:02:26","date_gmt":"2023-06-29T14:02:26","guid":{"rendered":"https:\/\/colorco.dk\/\/produkt\/lys-heldaekkende-bambus-rullegardin-med-kaedetraek\/"},"modified":"2024-09-02T12:07:10","modified_gmt":"2024-09-02T10:07:10","slug":"rullegardin-lys-heldekkende-bambus-med-kjedetrekk","status":"publish","type":"product","link":"https:\/\/colorco.dk\/no\/product\/rullegardin-lys-heldekkende-bambus-med-kjedetrekk\/","title":{"rendered":"Rullegardin \u2013 Lys heldekkende bambus med kjedetrekk"},"content":{"rendered":"<p>Denne lys heldekkende bambus med kjedetrekk har en solavskjerming p\u00e5 <strong>90 %<\/strong>. Gardinene v\u00e5re er delt inn i fem solavskjermingskategorier: 25 %, 50 %, 75 %, 90 % og 98 %.<br \/>\nDette er betegnelser for hvor mye sollys vi mener de slipper inn. Dette er v\u00e5r vurdering og refererer ikke til hvor mye du kan se gjennom. Vi anbefaler at du bestiller en <a href=\"https:\/\/colorco.dk\/no\/gratis-proeve\/\">gratis pr\u00f8ve<\/a> hvis du er usikker p\u00e5 farger, solskjerming eller hvor mye du kan se gjennom.<\/p>\n<p style=\"text-align: center;\">Disse beslag og kjedene brukes til denne modellen.<\/p>\n<p><img fetchpriority=\"high\" decoding=\"async\" class=\"alignnone size-medium wp-image-7348 aligncenter\" src=\"https:\/\/colorco.dk\/wp-content\/uploads\/2023\/03\/Color_co_blank_metal_hooks-600x600-1-300x300.webp\" alt=\"\" width=\"300\" height=\"300\" srcset=\"https:\/\/colorco.dk\/wp-content\/uploads\/2023\/03\/Color_co_blank_metal_hooks-600x600-1-300x300.webp 300w, https:\/\/colorco.dk\/wp-content\/uploads\/2023\/03\/Color_co_blank_metal_hooks-600x600-1-150x150.webp 150w, https:\/\/colorco.dk\/wp-content\/uploads\/2023\/03\/Color_co_blank_metal_hooks-600x600-1-441x441.webp 441w, https:\/\/colorco.dk\/wp-content\/uploads\/2023\/03\/Color_co_blank_metal_hooks-600x600-1-100x100.webp 100w, https:\/\/colorco.dk\/wp-content\/uploads\/2023\/03\/Color_co_blank_metal_hooks-600x600-1.webp 600w\" sizes=\"(max-width: 300px) 100vw, 300px\" \/><\/p>\n","protected":false},"excerpt":{"rendered":"<p>Et vakkert rullegardin i lys heldekkende bambus med kjededrag. Smale flate bambuslameller p\u00e5 ca. 0,4 cm er vevd sammen med hvit tr\u00e5d, p\u00e5 en m\u00e5te slik at lamellene overlapper hverandre. Dermed dekker gardinet for visning uten \u00e5 stenge lyset ut av rommet. Gardinen er derfor perfekt for de rommene der du vil skjerme for nysgjerrige blikk uten at rommet blir helt m\u00f8rkt. Gardinet f\u00e5s ogs\u00e5\u00a0med\u00a0<a href=\"https:\/\/colorco.dk\/no\/produkt\/rullegardin-lys-heldekkende-bambus\/\">snoretrekk.<\/a><\/p>\n<p>Rullegardinen er laget av naturlig ubehandlet bambus, og vil etter hvert ha en m\u00f8rkere og vakrere gylden tone. Fargen passer perfekt til v\u00e5r\u00a0<a href=\"https:\/\/colorco.dk\/no\/produkt\/rullegardin-lys-bambus\/\">Lys bambus rullegardin<\/a>.<\/p>\n","protected":false},"featured_media":8600,"template":"","meta":[],"product_brand":[],"product_cat":[158,155],"product_tag":[],"class_list":{"0":"post-9091","1":"product","2":"type-product","3":"status-publish","4":"has-post-thumbnail","6":"product_cat-kjede-trekk","7":"product_cat-rullegardiner-no","9":"first","10":"instock","11":"taxable","12":"shipping-taxable","13":"purchasable","14":"product-type-variable"},"aioseo_notices":[],"_links":{"self":[{"href":"https:\/\/colorco.dk\/no\/wp-json\/wp\/v2\/product\/9091","targetHints":{"allow":["GET"]}}],"collection":[{"href":"https:\/\/colorco.dk\/no\/wp-json\/wp\/v2\/product"}],"about":[{"href":"https:\/\/colorco.dk\/no\/wp-json\/wp\/v2\/types\/product"}],"wp:featuredmedia":[{"embeddable":true,"href":"https:\/\/colorco.dk\/no\/wp-json\/wp\/v2\/media\/8600"}],"wp:attachment":[{"href":"https:\/\/colorco.dk\/no\/wp-json\/wp\/v2\/media?parent=9091"}],"wp:term":[{"taxonomy":"product_brand","embeddable":true,"href":"https:\/\/colorco.dk\/no\/wp-json\/wp\/v2\/product_brand?post=9091"},{"taxonomy":"product_cat","embeddable":true,"href":"https:\/\/colorco.dk\/no\/wp-json\/wp\/v2\/product_cat?post=9091"},{"taxonomy":"product_tag","embeddable":true,"href":"https:\/\/colorco.dk\/no\/wp-json\/wp\/v2\/product_tag?post=9091"}],"curies":[{"name":"wp","href":"https:\/\/api.w.org\/{rel}","templated":true}]}}