{"id":9093,"date":"2023-06-29T15:51:10","date_gmt":"2023-06-29T13:51:10","guid":{"rendered":"https:\/\/colorco.dk\/\/produkt\/graa-bejdset-heldaekkende-bambus-rullegardin-med-kaedetraek\/"},"modified":"2024-10-29T14:17:15","modified_gmt":"2024-10-29T13:17:15","slug":"graabeiset-heldekkende-bambus-med-kjedetrekk","status":"publish","type":"product","link":"https:\/\/colorco.dk\/no\/product\/graabeiset-heldekkende-bambus-med-kjedetrekk\/","title":{"rendered":"Rullegardin \u2013 gr\u00e5beiset heldekkende bambus med kjedetrekk"},"content":{"rendered":"<p>Denne gr\u00e5beiset heldekkende bambus med kjedetrekk har en solavskjerming p\u00e5 <strong>90 %<\/strong>. Gardinene v\u00e5re er delt inn i fem solavskjermingskategorier: 25 %, 50 %, 75 %, 90 % og 98 %.<br \/>\nDette er betegnelser for hvor mye sollys vi mener de slipper inn. Dette er v\u00e5r vurdering og refererer ikke til hvor mye du kan se gjennom. Vi anbefaler at du bestiller en <a href=\"https:\/\/colorco.dk\/no\/gratis-proeve\/\">gratis pr\u00f8ve<\/a> hvis du er usikker p\u00e5 farger, solskjerming eller hvor mye du kan se gjennom.<\/p>\n<p style=\"text-align: center;\">Disse beslag og kjedene brukes til denne modellen.<\/p>\n<p><img fetchpriority=\"high\" decoding=\"async\" class=\"alignnone size-medium wp-image-7320 aligncenter\" src=\"https:\/\/colorco.dk\/wp-content\/uploads\/2023\/03\/06-1-600x600-1-300x300.webp\" alt=\"\" width=\"300\" height=\"300\" srcset=\"https:\/\/colorco.dk\/wp-content\/uploads\/2023\/03\/06-1-600x600-1-300x300.webp 300w, https:\/\/colorco.dk\/wp-content\/uploads\/2023\/03\/06-1-600x600-1-150x150.webp 150w, https:\/\/colorco.dk\/wp-content\/uploads\/2023\/03\/06-1-600x600-1-441x441.webp 441w, https:\/\/colorco.dk\/wp-content\/uploads\/2023\/03\/06-1-600x600-1-100x100.webp 100w, https:\/\/colorco.dk\/wp-content\/uploads\/2023\/03\/06-1-600x600-1.webp 600w\" sizes=\"(max-width: 300px) 100vw, 300px\" \/><\/p>\n","protected":false},"excerpt":{"rendered":"<p>Rullegardin \u2013 gr\u00e5beiset heldekkende bambus med kjedetrekk. Bambuslamellene er beiset i en lys gr\u00e5 tone. Dette gir den naturlige brune bambusen et gr\u00e5aktig skj\u00e6r, samtidig som du kan ane bambusens naturlige struktur gjennom tonen. I tillegg er lamellene vevd sammen p\u00e5 en m\u00e5te slik at lamellene overlapper hverandre. P\u00e5 denne m\u00e5ten hindrer gardinen innsyn uten at rommet blir helt m\u00f8rklagt. Rommet blir imidlertid m\u00f8rkere, og kan derfor brukes til rom hvor soling og privatliv er \u00f8nskelig. Gardinen f\u00e5s ogs\u00e5\u00a0<a href=\"https:\/\/colorco.dk\/no\/produkt\/rullegardin-graabeiset-lysdempende-bambus\/\">med snortrekk<\/a>.<\/p>\n<p>Gardinen er laget av beiset bambus, og vil etter hvert f\u00e5 en lysere og mer naturlig bambusfarge. Bambus er et naturlig produkt og fargetilpasning kan ikke garanteres. Vennligst bestil en gratis bambuspr\u00f8ve hvis du er i tvil.<\/p>\n","protected":false},"featured_media":8597,"template":"","meta":[],"product_brand":[],"product_cat":[158,155],"product_tag":[],"class_list":{"0":"post-9093","1":"product","2":"type-product","3":"status-publish","4":"has-post-thumbnail","6":"product_cat-kjede-trekk","7":"product_cat-rullegardiner-no","9":"first","10":"instock","11":"taxable","12":"shipping-taxable","13":"purchasable","14":"product-type-variable"},"aioseo_notices":[],"_links":{"self":[{"href":"https:\/\/colorco.dk\/no\/wp-json\/wp\/v2\/product\/9093","targetHints":{"allow":["GET"]}}],"collection":[{"href":"https:\/\/colorco.dk\/no\/wp-json\/wp\/v2\/product"}],"about":[{"href":"https:\/\/colorco.dk\/no\/wp-json\/wp\/v2\/types\/product"}],"wp:featuredmedia":[{"embeddable":true,"href":"https:\/\/colorco.dk\/no\/wp-json\/wp\/v2\/media\/8597"}],"wp:attachment":[{"href":"https:\/\/colorco.dk\/no\/wp-json\/wp\/v2\/media?parent=9093"}],"wp:term":[{"taxonomy":"product_brand","embeddable":true,"href":"https:\/\/colorco.dk\/no\/wp-json\/wp\/v2\/product_brand?post=9093"},{"taxonomy":"product_cat","embeddable":true,"href":"https:\/\/colorco.dk\/no\/wp-json\/wp\/v2\/product_cat?post=9093"},{"taxonomy":"product_tag","embeddable":true,"href":"https:\/\/colorco.dk\/no\/wp-json\/wp\/v2\/product_tag?post=9093"}],"curies":[{"name":"wp","href":"https:\/\/api.w.org\/{rel}","templated":true}]}}