{"id":9109,"date":"2023-06-29T14:33:36","date_gmt":"2023-06-29T12:33:36","guid":{"rendered":"https:\/\/colorco.dk\/\/produkt\/brun-fin-bambus-rullegardin-kaede\/"},"modified":"2025-02-28T14:34:29","modified_gmt":"2025-02-28T13:34:29","slug":"brun-fin-bambus-rullegardin-kjede","status":"publish","type":"product","link":"https:\/\/colorco.dk\/no\/product\/brun-fin-bambus-rullegardin-kjede\/","title":{"rendered":"Rullegardin \u2013 Brun fin bambus med kjedetrekk"},"content":{"rendered":"<p>Denne brune fine bambus rullegardin med kjedetrekk har en solavskjerming p\u00e5 <strong>50 %<\/strong>. Gardinene v\u00e5re er delt inn i fem solavskjermingskategorier: 25 %, 50 %, 75 %, 90 % og 98 %.<br \/>\nDette er betegnelser for hvor mye sollys vi mener de slipper inn. Dette er v\u00e5r vurdering og refererer ikke til hvor mye du kan se gjennom. Vi anbefaler at du bestiller en <a href=\"https:\/\/colorco.dk\/no\/gratis-proeve\/\">gratis pr\u00f8ve<\/a> hvis du er usikker p\u00e5 farger, solskjerming eller hvor mye du kan se gjennom.<\/p>\n<p style=\"text-align: center;\">Disse beslag og kjedene brukes til denne modellen.<\/p>\n<p><img fetchpriority=\"high\" decoding=\"async\" class=\"alignnone size-medium wp-image-7320 aligncenter\" src=\"https:\/\/colorco.dk\/wp-content\/uploads\/2023\/03\/06-1-600x600-1-300x300.webp\" alt=\"\" width=\"300\" height=\"300\" srcset=\"https:\/\/colorco.dk\/wp-content\/uploads\/2023\/03\/06-1-600x600-1-300x300.webp 300w, https:\/\/colorco.dk\/wp-content\/uploads\/2023\/03\/06-1-600x600-1-150x150.webp 150w, https:\/\/colorco.dk\/wp-content\/uploads\/2023\/03\/06-1-600x600-1-441x441.webp 441w, https:\/\/colorco.dk\/wp-content\/uploads\/2023\/03\/06-1-600x600-1-100x100.webp 100w, https:\/\/colorco.dk\/wp-content\/uploads\/2023\/03\/06-1-600x600-1.webp 600w\" sizes=\"(max-width: 300px) 100vw, 300px\" \/><\/p>\n","protected":false},"excerpt":{"rendered":"<p>Rullegardin i brun fin bambus. Bambuspinnene er vevd fint sammen med gyldenbrun tr\u00e5d. Gardinet er utrolig fint vevd, og er derfor ekstra bevegelig i materialet. Gardinet er helfarget da den gylden fargen oppst\u00e5r ved en varmeprosess hvor varmen m\u00f8rkner bambusen. En lekker og vakker gardin, som skaper en fin og naturlig stemning i hjemmet. Gardinet f\u00e5s ogs\u00e5 med snortrekk.<\/p>\n<p>Farger kan variere etter fargene p\u00e5 bildene, s\u00e5 vi anbefaler derfor at du bestiller en gratis bambuspr\u00f8ve.<\/p>\n<p>Bambus er et naturprodukt og fargetilpasning kan ikke garanteres.<\/p>\n","protected":false},"featured_media":8555,"template":"","meta":[],"product_brand":[],"product_cat":[158,155],"product_tag":[],"class_list":{"0":"post-9109","1":"product","2":"type-product","3":"status-publish","4":"has-post-thumbnail","6":"product_cat-kjede-trekk","7":"product_cat-rullegardiner-no","9":"first","10":"instock","11":"taxable","12":"shipping-taxable","13":"purchasable","14":"product-type-variable"},"aioseo_notices":[],"_links":{"self":[{"href":"https:\/\/colorco.dk\/no\/wp-json\/wp\/v2\/product\/9109","targetHints":{"allow":["GET"]}}],"collection":[{"href":"https:\/\/colorco.dk\/no\/wp-json\/wp\/v2\/product"}],"about":[{"href":"https:\/\/colorco.dk\/no\/wp-json\/wp\/v2\/types\/product"}],"wp:featuredmedia":[{"embeddable":true,"href":"https:\/\/colorco.dk\/no\/wp-json\/wp\/v2\/media\/8555"}],"wp:attachment":[{"href":"https:\/\/colorco.dk\/no\/wp-json\/wp\/v2\/media?parent=9109"}],"wp:term":[{"taxonomy":"product_brand","embeddable":true,"href":"https:\/\/colorco.dk\/no\/wp-json\/wp\/v2\/product_brand?post=9109"},{"taxonomy":"product_cat","embeddable":true,"href":"https:\/\/colorco.dk\/no\/wp-json\/wp\/v2\/product_cat?post=9109"},{"taxonomy":"product_tag","embeddable":true,"href":"https:\/\/colorco.dk\/no\/wp-json\/wp\/v2\/product_tag?post=9109"}],"curies":[{"name":"wp","href":"https:\/\/api.w.org\/{rel}","templated":true}]}}