{"id":9111,"date":"2023-06-29T14:28:22","date_gmt":"2023-06-29T12:28:22","guid":{"rendered":"https:\/\/colorco.dk\/\/produkt\/lysbrun-plante-rullegardin-med-kaedetraek\/"},"modified":"2025-02-17T12:23:41","modified_gmt":"2025-02-17T11:23:41","slug":"rullegardin-lys-brunt-plante-med-kjedetrekk","status":"publish","type":"product","link":"https:\/\/colorco.dk\/no\/product\/rullegardin-lys-brunt-plante-med-kjedetrekk\/","title":{"rendered":"Rullegardin \u2013 lys brun plante med kjedetrekk"},"content":{"rendered":"<p>Denne lys brune plante rullegardin med kjedetrekk har en solavskjerming p\u00e5 <strong>75 %<\/strong>. Gardinene v\u00e5re er delt inn i fem solavskjermingskategorier: 25 %, 50 %, 75 %, 90 % og 98 %.<br \/>\nDette er betegnelser for hvor mye sollys vi mener de slipper inn. Dette er v\u00e5r vurdering og refererer ikke til hvor mye du kan se gjennom. Vi anbefaler at du bestiller en <a href=\"https:\/\/colorco.dk\/no\/gratis-proeve\/\">gratis pr\u00f8ve<\/a> hvis du er usikker p\u00e5 farger, solskjerming eller hvor mye du kan se gjennom.<\/p>\n<p style=\"text-align: center;\">Disse beslag og kjedene brukes til denne modellen.<\/p>\n","protected":false},"excerpt":{"rendered":"<p>Rullegardin i lys brun plante. Denne vakre plante rullegardin er vevd sammen fra brun jute og mange fine hvite tr\u00e5der til et tett vevd og utrolig fint naturstoff med mange vakre detaljer. Jute ekstraheres fra stammen til den b\u00e6rekraftige juteplanten og er derfor helt naturlig. P\u00e5 grunn av vevingen av stoffet med de mange hvite tr\u00e5dene f\u00e5r gardinen et lysere utseende enn med den normale brune jutefargen. Rullegardinen har en vakker struktur og er helt naturlig og unikt. Rullegardinen f\u00e5s i en maksimal bredde p\u00e5 204 cm.<\/p>\n","protected":false},"featured_media":8549,"template":"","meta":[],"product_brand":[],"product_cat":[158,155],"product_tag":[],"class_list":{"0":"post-9111","1":"product","2":"type-product","3":"status-publish","4":"has-post-thumbnail","6":"product_cat-kjede-trekk","7":"product_cat-rullegardiner-no","9":"first","10":"instock","11":"taxable","12":"shipping-taxable","13":"purchasable","14":"product-type-variable"},"aioseo_notices":[],"_links":{"self":[{"href":"https:\/\/colorco.dk\/no\/wp-json\/wp\/v2\/product\/9111","targetHints":{"allow":["GET"]}}],"collection":[{"href":"https:\/\/colorco.dk\/no\/wp-json\/wp\/v2\/product"}],"about":[{"href":"https:\/\/colorco.dk\/no\/wp-json\/wp\/v2\/types\/product"}],"wp:featuredmedia":[{"embeddable":true,"href":"https:\/\/colorco.dk\/no\/wp-json\/wp\/v2\/media\/8549"}],"wp:attachment":[{"href":"https:\/\/colorco.dk\/no\/wp-json\/wp\/v2\/media?parent=9111"}],"wp:term":[{"taxonomy":"product_brand","embeddable":true,"href":"https:\/\/colorco.dk\/no\/wp-json\/wp\/v2\/product_brand?post=9111"},{"taxonomy":"product_cat","embeddable":true,"href":"https:\/\/colorco.dk\/no\/wp-json\/wp\/v2\/product_cat?post=9111"},{"taxonomy":"product_tag","embeddable":true,"href":"https:\/\/colorco.dk\/no\/wp-json\/wp\/v2\/product_tag?post=9111"}],"curies":[{"name":"wp","href":"https:\/\/api.w.org\/{rel}","templated":true}]}}