{"id":9115,"date":"2023-06-29T14:14:52","date_gmt":"2023-06-29T12:14:52","guid":{"rendered":"https:\/\/colorco.dk\/\/produkt\/hvidt-heldaekkende-papir-rullegardin-med-kaedetraek\/"},"modified":"2024-10-29T15:16:05","modified_gmt":"2024-10-29T14:16:05","slug":"rullegardin-hvitt-lysdempende-papir-med-kjedetrekk","status":"publish","type":"product","link":"https:\/\/colorco.dk\/no\/product\/rullegardin-hvitt-lysdempende-papir-med-kjedetrekk\/","title":{"rendered":"Rullegardin \u2013 hvitt semi-transparent papir med kjedetrekk"},"content":{"rendered":"<p>Denne hvitt semi-transparente papir rullegardin med kjedetrekk har en solavskjerming p\u00e5 <strong>90 %<\/strong>. Gardinene v\u00e5re er delt inn i fem solavskjermingskategorier: 25 %, 50 %, 75 %, 90 % og 98 %.<br \/>\nDette er betegnelser for hvor mye sollys vi mener de slipper inn. Dette er v\u00e5r vurdering og refererer ikke til hvor mye du kan se gjennom. Vi anbefaler at du bestiller en <a href=\"https:\/\/colorco.dk\/no\/gratis-proeve\/\">gratis pr\u00f8ve<\/a> hvis du er usikker p\u00e5 farger, solskjerming eller hvor mye du kan se gjennom.<\/p>\n<p style=\"text-align: center;\">Disse beslag og kjedene brukes til denne modellen.<\/p>\n<p><img fetchpriority=\"high\" decoding=\"async\" class=\"alignnone size-medium wp-image-7320 aligncenter\" src=\"https:\/\/colorco.dk\/wp-content\/uploads\/2023\/03\/06-1-600x600-1-300x300.webp\" alt=\"\" width=\"300\" height=\"300\" srcset=\"https:\/\/colorco.dk\/wp-content\/uploads\/2023\/03\/06-1-600x600-1-300x300.webp 300w, https:\/\/colorco.dk\/wp-content\/uploads\/2023\/03\/06-1-600x600-1-150x150.webp 150w, https:\/\/colorco.dk\/wp-content\/uploads\/2023\/03\/06-1-600x600-1-441x441.webp 441w, https:\/\/colorco.dk\/wp-content\/uploads\/2023\/03\/06-1-600x600-1-100x100.webp 100w, https:\/\/colorco.dk\/wp-content\/uploads\/2023\/03\/06-1-600x600-1.webp 600w\" sizes=\"(max-width: 300px) 100vw, 300px\" \/><\/p>\n","protected":false},"excerpt":{"rendered":"<p>Rullegardin i hvitt papir. Rullegardinen er vevd veldig tett sammen av brede hvite papirfibre og hvit tr\u00e5d. Gardinet har en utrolig vakker struktur og har full dekning, og det er derfor det er det opplagte valget i rom der det \u00f8nskes beskyttelse mot sollys eller nysgjerrige blikk. Produksjonstiden for dette vakre stoffet er ca. 30 dager. Papiret som brukes i vevingen kommer fra FSC-sertifisert tre, noe som betyr at treet kommer fra b\u00e6rekraftige skoger, der det ikke blir felt mer tre enn skogen kan reprodusere. Gardinet f\u00e5s i en maksimal bredde p\u00e5 184 cm.<\/p>\n","protected":false},"featured_media":8528,"template":"","meta":[],"product_brand":[],"product_cat":[158,155],"product_tag":[],"class_list":{"0":"post-9115","1":"product","2":"type-product","3":"status-publish","4":"has-post-thumbnail","6":"product_cat-kjede-trekk","7":"product_cat-rullegardiner-no","9":"first","10":"instock","11":"taxable","12":"shipping-taxable","13":"purchasable","14":"product-type-variable"},"aioseo_notices":[],"_links":{"self":[{"href":"https:\/\/colorco.dk\/no\/wp-json\/wp\/v2\/product\/9115","targetHints":{"allow":["GET"]}}],"collection":[{"href":"https:\/\/colorco.dk\/no\/wp-json\/wp\/v2\/product"}],"about":[{"href":"https:\/\/colorco.dk\/no\/wp-json\/wp\/v2\/types\/product"}],"wp:featuredmedia":[{"embeddable":true,"href":"https:\/\/colorco.dk\/no\/wp-json\/wp\/v2\/media\/8528"}],"wp:attachment":[{"href":"https:\/\/colorco.dk\/no\/wp-json\/wp\/v2\/media?parent=9115"}],"wp:term":[{"taxonomy":"product_brand","embeddable":true,"href":"https:\/\/colorco.dk\/no\/wp-json\/wp\/v2\/product_brand?post=9115"},{"taxonomy":"product_cat","embeddable":true,"href":"https:\/\/colorco.dk\/no\/wp-json\/wp\/v2\/product_cat?post=9115"},{"taxonomy":"product_tag","embeddable":true,"href":"https:\/\/colorco.dk\/no\/wp-json\/wp\/v2\/product_tag?post=9115"}],"curies":[{"name":"wp","href":"https:\/\/api.w.org\/{rel}","templated":true}]}}