{"id":9117,"date":"2023-06-29T13:41:04","date_gmt":"2023-06-29T11:41:04","guid":{"rendered":"https:\/\/colorco.dk\/\/produkt\/moerk-graa-papir-rullegardin\/"},"modified":"2024-01-21T13:00:43","modified_gmt":"2024-01-21T12:00:43","slug":"rullegardin-morkt-graatt-papir-kjede","status":"publish","type":"product","link":"https:\/\/colorco.dk\/no\/product\/rullegardin-morkt-graatt-papir-kjede\/","title":{"rendered":"Rullegardin \u2013 m\u00f8rkt gr\u00e5tt papir med kjedetrekk"},"content":{"rendered":"<p>Denne m\u00f8rkt gr\u00e5tt papir rullegardin med kjedetrekk har en solavskjerming p\u00e5 <strong>50 %<\/strong>. Gardinene v\u00e5re er delt inn i fem solavskjermingskategorier: 25 %, 50 %, 75 %, 90 % og 98 %.<br \/>\nDette er betegnelser for hvor mye sollys vi mener de slipper inn. Dette er v\u00e5r vurdering og refererer ikke til hvor mye du kan se gjennom. Vi anbefaler at du bestiller en <a href=\"https:\/\/colorco.dk\/no\/gratis-proeve\/\">gratis pr\u00f8ve<\/a> hvis du er usikker p\u00e5 farger, solskjerming eller hvor mye du kan se gjennom.<\/p>\n<p style=\"text-align: center;\">Disse beslag og kjedene brukes til denne modellen.<\/p>\n","protected":false},"excerpt":{"rendered":"<p>Rullegardin i m\u00f8rkt gr\u00e5tt papir. Stoffet i rullegardinen er vevd med m\u00f8rkegr\u00e5tt fargede papirfibre samt m\u00f8rk gr\u00e5 tr\u00e5d. Papirstoffet blir vevet p\u00e5 store vever og det tar ca. 30 dager \u00e5 produsere det ferdige naturlige stoffet fra tr\u00e5den blir satt p\u00e5 vevens kroker til stoffet er helt ferdig vevd. Stoffet har en fantastisk overflate, som kan ligne finvevd ull. Det er en vakker gardin, men den m\u00f8rke gr\u00e5 fargen og det naturlige materialet bringer en helt spesiell eksklusiv stemning inn i hjemmet.<\/p>\n","protected":false},"featured_media":8519,"template":"","meta":[],"product_brand":[],"product_cat":[158,155],"product_tag":[],"class_list":{"0":"post-9117","1":"product","2":"type-product","3":"status-publish","4":"has-post-thumbnail","6":"product_cat-kjede-trekk","7":"product_cat-rullegardiner-no","9":"first","10":"outofstock","11":"taxable","12":"shipping-taxable","13":"purchasable","14":"product-type-variable"},"aioseo_notices":[],"_links":{"self":[{"href":"https:\/\/colorco.dk\/no\/wp-json\/wp\/v2\/product\/9117","targetHints":{"allow":["GET"]}}],"collection":[{"href":"https:\/\/colorco.dk\/no\/wp-json\/wp\/v2\/product"}],"about":[{"href":"https:\/\/colorco.dk\/no\/wp-json\/wp\/v2\/types\/product"}],"wp:featuredmedia":[{"embeddable":true,"href":"https:\/\/colorco.dk\/no\/wp-json\/wp\/v2\/media\/8519"}],"wp:attachment":[{"href":"https:\/\/colorco.dk\/no\/wp-json\/wp\/v2\/media?parent=9117"}],"wp:term":[{"taxonomy":"product_brand","embeddable":true,"href":"https:\/\/colorco.dk\/no\/wp-json\/wp\/v2\/product_brand?post=9117"},{"taxonomy":"product_cat","embeddable":true,"href":"https:\/\/colorco.dk\/no\/wp-json\/wp\/v2\/product_cat?post=9117"},{"taxonomy":"product_tag","embeddable":true,"href":"https:\/\/colorco.dk\/no\/wp-json\/wp\/v2\/product_tag?post=9117"}],"curies":[{"name":"wp","href":"https:\/\/api.w.org\/{rel}","templated":true}]}}