{"id":9121,"date":"2023-06-29T13:22:17","date_gmt":"2023-06-29T11:22:17","guid":{"rendered":"https:\/\/colorco.dk\/\/produkt\/hvidt-stribet-plante-rullegardin-med-kaedetraek-hvidt-stribet-plante-rullegardin-med-kaedetraek-brun-stribet-plante-rullegardin-med-kaedetraek-kopier\/"},"modified":"2024-01-21T13:10:12","modified_gmt":"2024-01-21T12:10:12","slug":"rullegardin-hvit-natur-plante-med-kjedetrekk","status":"publish","type":"product","link":"https:\/\/colorco.dk\/no\/product\/rullegardin-hvit-natur-plante-med-kjedetrekk\/","title":{"rendered":"Rullegardin \u2013 hvit natur plante med kjedetrekk"},"content":{"rendered":"<p>Denne hvit natur plante med kjedetrekk har en solavskjerming p\u00e5 <strong>50 %<\/strong>. Gardinene v\u00e5re er delt inn i fem solavskjermingskategorier: 25 %, 50 %, 75 %, 90 % og 98 %.<br \/>\nDette er betegnelser for hvor mye sollys vi mener de slipper inn. Dette er v\u00e5r vurdering og refererer ikke til hvor mye du kan se gjennom. Vi anbefaler at du bestiller en <a href=\"https:\/\/colorco.dk\/no\/gratis-proeve\/\">gratis pr\u00f8ve<\/a> hvis du er usikker p\u00e5 farger, solskjerming eller hvor mye du kan se gjennom.<\/p>\n<p style=\"text-align: center;\">Disse beslag og kjedene brukes til denne modellen.<\/p>\n","protected":false},"excerpt":{"rendered":"<p>Hvitstripet plantegardin med kjedetrekk. Fint jutegarn er vevd sammen med hvit tr\u00e5d i stripet m\u00f8nster. Jute utvinnes fra stilken til juteplanten. Planten er en utrolig b\u00e6rekraftig plante da den ikke krever mye vann eller gj\u00f8dsel og den vokser raskt. De lyse stripene er ca. 1 cm bred i vevingen. Gardinen er utrolig vakker, lett og eksklusiv og kan henges opp i alle rom. Finnes ogs\u00e5 med snortrekk. Gardinet f\u00e5s i en maksimal bredde p\u00e5 184 cm.<br \/>\nGardinen vil f\u00e5 en mer naturlig brun tone over tid.<\/p>\n","protected":false},"featured_media":8510,"template":"","meta":[],"product_brand":[],"product_cat":[158,152,155],"product_tag":[],"class_list":{"0":"post-9121","1":"product","2":"type-product","3":"status-publish","4":"has-post-thumbnail","6":"product_cat-kjede-trekk","7":"product_cat-natur-plante","8":"product_cat-rullegardiner-no","10":"first","11":"instock","12":"taxable","13":"shipping-taxable","14":"purchasable","15":"product-type-variable"},"aioseo_notices":[],"_links":{"self":[{"href":"https:\/\/colorco.dk\/no\/wp-json\/wp\/v2\/product\/9121","targetHints":{"allow":["GET"]}}],"collection":[{"href":"https:\/\/colorco.dk\/no\/wp-json\/wp\/v2\/product"}],"about":[{"href":"https:\/\/colorco.dk\/no\/wp-json\/wp\/v2\/types\/product"}],"wp:featuredmedia":[{"embeddable":true,"href":"https:\/\/colorco.dk\/no\/wp-json\/wp\/v2\/media\/8510"}],"wp:attachment":[{"href":"https:\/\/colorco.dk\/no\/wp-json\/wp\/v2\/media?parent=9121"}],"wp:term":[{"taxonomy":"product_brand","embeddable":true,"href":"https:\/\/colorco.dk\/no\/wp-json\/wp\/v2\/product_brand?post=9121"},{"taxonomy":"product_cat","embeddable":true,"href":"https:\/\/colorco.dk\/no\/wp-json\/wp\/v2\/product_cat?post=9121"},{"taxonomy":"product_tag","embeddable":true,"href":"https:\/\/colorco.dk\/no\/wp-json\/wp\/v2\/product_tag?post=9121"}],"curies":[{"name":"wp","href":"https:\/\/api.w.org\/{rel}","templated":true}]}}