{"id":9132,"date":"2023-06-28T16:29:06","date_gmt":"2023-06-28T14:29:06","guid":{"rendered":"https:\/\/colorco.dk\/\/produkt\/brun-natur-plante-rullegardin\/"},"modified":"2026-04-07T16:32:50","modified_gmt":"2026-04-07T14:32:50","slug":"rullegardin-brun-natur-plante","status":"publish","type":"product","link":"https:\/\/colorco.dk\/no\/product\/rullegardin-brun-natur-plante\/","title":{"rendered":"Rullegardin \u2013 brun stripet natur plante"},"content":{"rendered":"<p>Denne brune stripet natur plante rullegardin med snorer har en solavskjerming p\u00e5 <strong>50 %<\/strong>. Gardinene v\u00e5re er delt inn i fem solavskjermingskategorier: 25 %, 50 %, 75 %, 90 % og 98 %.<br \/>\nDette er betegnelser for hvor mye sollys vi mener de slipper inn. Dette er v\u00e5r vurdering og refererer ikke til hvor mye du kan se gjennom. Vi anbefaler at du bestiller en <a href=\"https:\/\/colorco.dk\/no\/gratis-proeve\/\">gratis pr\u00f8ve<\/a> hvis du er usikker p\u00e5 farger, solskjerming eller hvor mye du kan se gjennom.<\/p>\n<p style=\"text-align: center;\">Disse krokene brukes til denne modellen.<\/p>\n<p><img fetchpriority=\"high\" decoding=\"async\" class=\"alignnone size-medium wp-image-7348 aligncenter\" src=\"https:\/\/colorco.dk\/wp-content\/uploads\/2023\/03\/Color_co_blank_metal_hooks-600x600-1-300x300.webp\" alt=\"\" width=\"300\" height=\"300\" srcset=\"https:\/\/colorco.dk\/wp-content\/uploads\/2023\/03\/Color_co_blank_metal_hooks-600x600-1-300x300.webp 300w, https:\/\/colorco.dk\/wp-content\/uploads\/2023\/03\/Color_co_blank_metal_hooks-600x600-1-150x150.webp 150w, https:\/\/colorco.dk\/wp-content\/uploads\/2023\/03\/Color_co_blank_metal_hooks-600x600-1-441x441.webp 441w, https:\/\/colorco.dk\/wp-content\/uploads\/2023\/03\/Color_co_blank_metal_hooks-600x600-1-100x100.webp 100w, https:\/\/colorco.dk\/wp-content\/uploads\/2023\/03\/Color_co_blank_metal_hooks-600x600-1.webp 600w\" sizes=\"(max-width: 300px) 100vw, 300px\" \/><\/p>\n","protected":false},"excerpt":{"rendered":"<p>Rullegardin i brun natur plante med striper. Rullegardinet er finvevd med jute. Jute er en tekstil som utvinnes fra juteplantens stilk. Materialet kan frembringe minner fra 60-tallets Hessian-trender. De lyse stripene er ca. 1 cm brede og er vevd med en fin lys tr\u00e5d. Gardinen er vakker og bringer noe eksklusivt inn i rommet. Det kan henges i alle rom hvor man \u00f8nsker en god stemning, f\u00f8lelse av kos og varme. F\u00e5s i fargen hvit natur.<\/p>\n","protected":false},"featured_media":8468,"template":"","meta":[],"product_brand":[],"product_cat":[152,155,161],"product_tag":[],"class_list":{"0":"post-9132","1":"product","2":"type-product","3":"status-publish","4":"has-post-thumbnail","6":"product_cat-natur-plante","7":"product_cat-rullegardiner-no","8":"product_cat-snor-trekk","10":"first","11":"instock","12":"taxable","13":"shipping-taxable","14":"purchasable","15":"product-type-variable"},"aioseo_notices":[],"_links":{"self":[{"href":"https:\/\/colorco.dk\/no\/wp-json\/wp\/v2\/product\/9132","targetHints":{"allow":["GET"]}}],"collection":[{"href":"https:\/\/colorco.dk\/no\/wp-json\/wp\/v2\/product"}],"about":[{"href":"https:\/\/colorco.dk\/no\/wp-json\/wp\/v2\/types\/product"}],"wp:featuredmedia":[{"embeddable":true,"href":"https:\/\/colorco.dk\/no\/wp-json\/wp\/v2\/media\/8468"}],"wp:attachment":[{"href":"https:\/\/colorco.dk\/no\/wp-json\/wp\/v2\/media?parent=9132"}],"wp:term":[{"taxonomy":"product_brand","embeddable":true,"href":"https:\/\/colorco.dk\/no\/wp-json\/wp\/v2\/product_brand?post=9132"},{"taxonomy":"product_cat","embeddable":true,"href":"https:\/\/colorco.dk\/no\/wp-json\/wp\/v2\/product_cat?post=9132"},{"taxonomy":"product_tag","embeddable":true,"href":"https:\/\/colorco.dk\/no\/wp-json\/wp\/v2\/product_tag?post=9132"}],"curies":[{"name":"wp","href":"https:\/\/api.w.org\/{rel}","templated":true}]}}