{"id":9153,"date":"2023-06-28T15:35:19","date_gmt":"2023-06-28T13:35:19","guid":{"rendered":"https:\/\/colorco.dk\/\/produkt\/graa-bejdset-heldaekkende-bambus\/"},"modified":"2025-11-10T11:41:22","modified_gmt":"2025-11-10T10:41:22","slug":"rullegardin-graabeiset-lysdempende-bambus","status":"publish","type":"product","link":"https:\/\/colorco.dk\/no\/product\/rullegardin-graabeiset-lysdempende-bambus\/","title":{"rendered":"Rullegardin \u2013 gr\u00e5beiset heldekkende bambus"},"content":{"rendered":"<p>Denne gr\u00e5beiset heldekkende bambus rullegardin med snorer har en solavskjerming p\u00e5 <strong>90 %<\/strong>. Gardinene v\u00e5re er delt inn i fem solavskjermingskategorier: 25 %, 50 %, 75 %, 90 % og 98 %.<br \/>\nDette er betegnelser for hvor mye sollys vi mener de slipper inn. Dette er v\u00e5r vurdering og refererer ikke til hvor mye du kan se gjennom. Vi anbefaler at du bestiller en <a href=\"https:\/\/colorco.dk\/no\/gratis-proeve\/\">gratis pr\u00f8ve<\/a> hvis du er usikker p\u00e5 farger, solskjerming eller hvor mye du kan se gjennom.<\/p>\n<p style=\"text-align: center;\">Disse krokene brukes til denne modellen.<\/p>\n<p><img fetchpriority=\"high\" decoding=\"async\" class=\"alignnone size-medium wp-image-7348 aligncenter\" src=\"https:\/\/colorco.dk\/wp-content\/uploads\/2023\/03\/Color_co_blank_metal_hooks-600x600-1-300x300.webp\" alt=\"\" width=\"300\" height=\"300\" srcset=\"https:\/\/colorco.dk\/wp-content\/uploads\/2023\/03\/Color_co_blank_metal_hooks-600x600-1-300x300.webp 300w, https:\/\/colorco.dk\/wp-content\/uploads\/2023\/03\/Color_co_blank_metal_hooks-600x600-1-150x150.webp 150w, https:\/\/colorco.dk\/wp-content\/uploads\/2023\/03\/Color_co_blank_metal_hooks-600x600-1-441x441.webp 441w, https:\/\/colorco.dk\/wp-content\/uploads\/2023\/03\/Color_co_blank_metal_hooks-600x600-1-100x100.webp 100w, https:\/\/colorco.dk\/wp-content\/uploads\/2023\/03\/Color_co_blank_metal_hooks-600x600-1.webp 600w\" sizes=\"(max-width: 300px) 100vw, 300px\" \/><\/p>\n","protected":false},"excerpt":{"rendered":"<p>Gr\u00e5beiset heldekkende bambus rullegardin, passer perfekt til rom, hvor det \u00f8nskes en skjerming av innsyn eller sollys. Bambuspinner p\u00e5 ca. 7 mm bredde er vevet sammen p\u00e5 en m\u00e5te slik at de nesten dekker 100 prosent for sollys. Den lar imidlertid fortsatt noe lys trenge inn slik at rommet ikke blir m\u00f8rklagt. Gardinen er beiset i samme farge som v\u00e5r gr\u00e5beisede bambus s\u00e5 disse gardinene passer perfekt hvis du vil ha samme design i hele huset.<\/p>\n<p>Gardinen er laget av naturlig bambus, som er beiset med en lys gr\u00e5tone. Derfor kan den naturlige bambus farge og tekstur anes i gjennom den gr\u00e5 fargen<\/p>\n<p>Bambus er et naturlig produkt og fargetilpasning kan ikke garanteres. Vennligst bestil en gratis bambuspr\u00f8ve hvis du er i tvil.<\/p>\n","protected":false},"featured_media":8447,"template":"","meta":[],"product_brand":[],"product_cat":[155,161],"product_tag":[],"class_list":{"0":"post-9153","1":"product","2":"type-product","3":"status-publish","4":"has-post-thumbnail","6":"product_cat-rullegardiner-no","7":"product_cat-snor-trekk","9":"first","10":"instock","11":"taxable","12":"shipping-taxable","13":"purchasable","14":"product-type-variable"},"aioseo_notices":[],"_links":{"self":[{"href":"https:\/\/colorco.dk\/no\/wp-json\/wp\/v2\/product\/9153","targetHints":{"allow":["GET"]}}],"collection":[{"href":"https:\/\/colorco.dk\/no\/wp-json\/wp\/v2\/product"}],"about":[{"href":"https:\/\/colorco.dk\/no\/wp-json\/wp\/v2\/types\/product"}],"wp:featuredmedia":[{"embeddable":true,"href":"https:\/\/colorco.dk\/no\/wp-json\/wp\/v2\/media\/8447"}],"wp:attachment":[{"href":"https:\/\/colorco.dk\/no\/wp-json\/wp\/v2\/media?parent=9153"}],"wp:term":[{"taxonomy":"product_brand","embeddable":true,"href":"https:\/\/colorco.dk\/no\/wp-json\/wp\/v2\/product_brand?post=9153"},{"taxonomy":"product_cat","embeddable":true,"href":"https:\/\/colorco.dk\/no\/wp-json\/wp\/v2\/product_cat?post=9153"},{"taxonomy":"product_tag","embeddable":true,"href":"https:\/\/colorco.dk\/no\/wp-json\/wp\/v2\/product_tag?post=9153"}],"curies":[{"name":"wp","href":"https:\/\/api.w.org\/{rel}","templated":true}]}}