{"id":9163,"date":"2023-06-28T15:14:52","date_gmt":"2023-06-28T13:14:52","guid":{"rendered":"https:\/\/colorco.dk\/\/produkt\/brun-bambus\/"},"modified":"2025-11-20T14:33:14","modified_gmt":"2025-11-20T13:33:14","slug":"rullegardin-brun-bambus","status":"publish","type":"product","link":"https:\/\/colorco.dk\/no\/product\/rullegardin-brun-bambus\/","title":{"rendered":"Rullegardin \u2013 Brun heldekkende bambus"},"content":{"rendered":"<p>Denne brune heldekkende bambus rullegardin med snorer har en solavskjerming p\u00e5 <strong>90 %<\/strong>. Gardinene v\u00e5re er delt inn i fem solavskjermingskategorier: 25 %, 50 %, 75 %, 90 % og 98 %.<br \/>\nDette er betegnelser for hvor mye sollys vi mener de slipper inn. Dette er v\u00e5r vurdering og refererer ikke til hvor mye du kan se gjennom. Vi anbefaler at du bestiller en <a href=\"https:\/\/colorco.dk\/no\/gratis-proeve\/\">gratis pr\u00f8ve<\/a> hvis du er usikker p\u00e5 farger, solskjerming eller hvor mye du kan se gjennom.<\/p>\n<p style=\"text-align: center;\">Disse krokene brukes til denne modellen.<\/p>\n<p><img fetchpriority=\"high\" decoding=\"async\" class=\"alignnone size-medium wp-image-7348 aligncenter\" src=\"https:\/\/colorco.dk\/wp-content\/uploads\/2023\/03\/Color_co_blank_metal_hooks-600x600-1-300x300.webp\" alt=\"\" width=\"300\" height=\"300\" srcset=\"https:\/\/colorco.dk\/wp-content\/uploads\/2023\/03\/Color_co_blank_metal_hooks-600x600-1-300x300.webp 300w, https:\/\/colorco.dk\/wp-content\/uploads\/2023\/03\/Color_co_blank_metal_hooks-600x600-1-150x150.webp 150w, https:\/\/colorco.dk\/wp-content\/uploads\/2023\/03\/Color_co_blank_metal_hooks-600x600-1-441x441.webp 441w, https:\/\/colorco.dk\/wp-content\/uploads\/2023\/03\/Color_co_blank_metal_hooks-600x600-1-100x100.webp 100w, https:\/\/colorco.dk\/wp-content\/uploads\/2023\/03\/Color_co_blank_metal_hooks-600x600-1.webp 600w\" sizes=\"(max-width: 300px) 100vw, 300px\" \/><\/p>\n","protected":false},"excerpt":{"rendered":"<p>En elegant rullegardin i brun bambus. Bambuspinner p\u00e5 ca. 0,9 cm bredde er vevet sammen med brun tr\u00e5d p\u00e5 en m\u00e5te, s\u00e5 de nesten dekker 90 prosent av solens sterkeste str\u00e5ler. Gardinet passer derfor perfekt til rom, hvor det \u00f8nskes en avskjerming fra lys, feks tv-stuen eller soverommet, men vil imidlertid ikke gj\u00f8re rommet helt m\u00f8rkere. Gardinen er laget av naturlig bambus, som har v\u00e6rt gjennom en varmeprosess som m\u00f8rkner materialet. Dermed er bambusen helt gjennomfarget. Fargen passer fint sammen med v\u00e5r brune fine bambus rullegardin.<\/p>\n<p>Farger kan variere etter fargene p\u00e5 bildene, s\u00e5 vi anbefaler derfor at du bestiller en gratis bambuspr\u00f8ve.<\/p>\n<p>Bambus er et naturprodukt og fargetilpasning kan ikke garanteres.<\/p>\n","protected":false},"featured_media":8438,"template":"","meta":[],"product_brand":[],"product_cat":[155,161],"product_tag":[],"class_list":{"0":"post-9163","1":"product","2":"type-product","3":"status-publish","4":"has-post-thumbnail","6":"product_cat-rullegardiner-no","7":"product_cat-snor-trekk","9":"first","10":"instock","11":"taxable","12":"shipping-taxable","13":"purchasable","14":"product-type-variable"},"aioseo_notices":[],"_links":{"self":[{"href":"https:\/\/colorco.dk\/no\/wp-json\/wp\/v2\/product\/9163","targetHints":{"allow":["GET"]}}],"collection":[{"href":"https:\/\/colorco.dk\/no\/wp-json\/wp\/v2\/product"}],"about":[{"href":"https:\/\/colorco.dk\/no\/wp-json\/wp\/v2\/types\/product"}],"wp:featuredmedia":[{"embeddable":true,"href":"https:\/\/colorco.dk\/no\/wp-json\/wp\/v2\/media\/8438"}],"wp:attachment":[{"href":"https:\/\/colorco.dk\/no\/wp-json\/wp\/v2\/media?parent=9163"}],"wp:term":[{"taxonomy":"product_brand","embeddable":true,"href":"https:\/\/colorco.dk\/no\/wp-json\/wp\/v2\/product_brand?post=9163"},{"taxonomy":"product_cat","embeddable":true,"href":"https:\/\/colorco.dk\/no\/wp-json\/wp\/v2\/product_cat?post=9163"},{"taxonomy":"product_tag","embeddable":true,"href":"https:\/\/colorco.dk\/no\/wp-json\/wp\/v2\/product_tag?post=9163"}],"curies":[{"name":"wp","href":"https:\/\/api.w.org\/{rel}","templated":true}]}}