{"id":9179,"date":"2023-06-27T14:28:29","date_gmt":"2023-06-27T12:28:29","guid":{"rendered":"https:\/\/colorco.dk\/\/produkt\/moerk-brun-bambus-rullegardin\/"},"modified":"2026-04-12T20:11:17","modified_gmt":"2026-04-12T18:11:17","slug":"rullegardin-moerk-brun-bambus","status":"publish","type":"product","link":"https:\/\/colorco.dk\/no\/product\/rullegardin-moerk-brun-bambus\/","title":{"rendered":"Rullegardin \u2013 m\u00f8rk brun bambus"},"content":{"rendered":"<p>Denne m\u00f8rke brune natur bambus rullegardin med snorer har en solavskjerming p\u00e5 <strong>75 %<\/strong>. Gardinene v\u00e5re er delt inn i fem solavskjermingskategorier: 25 %, 50 %, 75 %, 90 % og 98 %.<br \/>\nDette er betegnelser for hvor mye sollys vi mener de slipper inn. Dette er v\u00e5r vurdering og refererer ikke til hvor mye du kan se gjennom. Vi anbefaler at du bestiller en <a href=\"https:\/\/colorco.dk\/no\/gratis-proeve\/\">gratis pr\u00f8ve<\/a> hvis du er usikker p\u00e5 farger, solskjerming eller hvor mye du kan se gjennom.<\/p>\n<p style=\"text-align: center;\">Disse krokene brukes til denne modellen.<\/p>\n<p><img fetchpriority=\"high\" decoding=\"async\" class=\"alignnone size-medium wp-image-7348 aligncenter\" src=\"https:\/\/colorco.dk\/wp-content\/uploads\/2023\/03\/Color_co_blank_metal_hooks-600x600-1-300x300.webp\" alt=\"\" width=\"300\" height=\"300\" srcset=\"https:\/\/colorco.dk\/wp-content\/uploads\/2023\/03\/Color_co_blank_metal_hooks-600x600-1-300x300.webp 300w, https:\/\/colorco.dk\/wp-content\/uploads\/2023\/03\/Color_co_blank_metal_hooks-600x600-1-150x150.webp 150w, https:\/\/colorco.dk\/wp-content\/uploads\/2023\/03\/Color_co_blank_metal_hooks-600x600-1-441x441.webp 441w, https:\/\/colorco.dk\/wp-content\/uploads\/2023\/03\/Color_co_blank_metal_hooks-600x600-1-100x100.webp 100w, https:\/\/colorco.dk\/wp-content\/uploads\/2023\/03\/Color_co_blank_metal_hooks-600x600-1.webp 600w\" sizes=\"(max-width: 300px) 100vw, 300px\" \/><\/p>\n","protected":false},"excerpt":{"rendered":"<p>Flott og enkel rullegardin i m\u00f8rk bambus. Tynne, fine, m\u00f8rkebrune bambuspinner som er ca. 3,5 mm brede, vevet sammen med m\u00f8rkebrun tr\u00e5d. En flott og meget enkel rullegardin. Med tiden vil den brune bejdsning f\u00e5 en lysere tone p\u00e5 den siden der vender ut mod lyset.<\/p>\n<p>Bambus er et naturlig produkt og fargetilpasning kan ikke garanteres. Vennligst bestil en gratis bambuspr\u00f8ve hvis du er i tvil.<\/p>\n","protected":false},"featured_media":8363,"template":"","meta":[],"product_brand":[],"product_cat":[155,161],"product_tag":[],"class_list":{"0":"post-9179","1":"product","2":"type-product","3":"status-publish","4":"has-post-thumbnail","6":"product_cat-rullegardiner-no","7":"product_cat-snor-trekk","9":"first","10":"instock","11":"taxable","12":"shipping-taxable","13":"purchasable","14":"product-type-variable"},"aioseo_notices":[],"_links":{"self":[{"href":"https:\/\/colorco.dk\/no\/wp-json\/wp\/v2\/product\/9179","targetHints":{"allow":["GET"]}}],"collection":[{"href":"https:\/\/colorco.dk\/no\/wp-json\/wp\/v2\/product"}],"about":[{"href":"https:\/\/colorco.dk\/no\/wp-json\/wp\/v2\/types\/product"}],"wp:featuredmedia":[{"embeddable":true,"href":"https:\/\/colorco.dk\/no\/wp-json\/wp\/v2\/media\/8363"}],"wp:attachment":[{"href":"https:\/\/colorco.dk\/no\/wp-json\/wp\/v2\/media?parent=9179"}],"wp:term":[{"taxonomy":"product_brand","embeddable":true,"href":"https:\/\/colorco.dk\/no\/wp-json\/wp\/v2\/product_brand?post=9179"},{"taxonomy":"product_cat","embeddable":true,"href":"https:\/\/colorco.dk\/no\/wp-json\/wp\/v2\/product_cat?post=9179"},{"taxonomy":"product_tag","embeddable":true,"href":"https:\/\/colorco.dk\/no\/wp-json\/wp\/v2\/product_tag?post=9179"}],"curies":[{"name":"wp","href":"https:\/\/api.w.org\/{rel}","templated":true}]}}