{"id":9210,"date":"2023-06-27T13:08:12","date_gmt":"2023-06-27T11:08:12","guid":{"rendered":"https:\/\/colorco.dk\/\/produkt\/brun-fin-bambus-rullegardin\/"},"modified":"2026-04-08T11:30:06","modified_gmt":"2026-04-08T09:30:06","slug":"rullegardin-brun-fin-bambus","status":"publish","type":"product","link":"https:\/\/colorco.dk\/no\/product\/rullegardin-brun-fin-bambus\/","title":{"rendered":"Rullegardin \u2013 brun fin bambus"},"content":{"rendered":"<p>Denne brune fine bambus rullegardin med snorer har en solavskjerming p\u00e5 <strong>50 %<\/strong>. Gardinene v\u00e5re er delt inn i fem solavskjermingskategorier: 25 %, 50 %, 75 %, 90 % og 98 %.<br \/>\nDette er betegnelser for hvor mye sollys vi mener de slipper inn. Dette er v\u00e5r vurdering og refererer ikke til hvor mye du kan se gjennom. Vi anbefaler at du bestiller en <a href=\"https:\/\/colorco.dk\/no\/gratis-proeve\/\">gratis pr\u00f8ve<\/a> hvis du er usikker p\u00e5 farger, solskjerming eller hvor mye du kan se gjennom.<\/p>\n<p style=\"text-align: center;\">Disse krokene brukes til denne modellen.<\/p>\n<p><img fetchpriority=\"high\" decoding=\"async\" class=\"alignnone size-medium wp-image-7348 aligncenter\" src=\"https:\/\/colorco.dk\/wp-content\/uploads\/2023\/03\/Color_co_blank_metal_hooks-600x600-1-300x300.webp\" alt=\"\" width=\"300\" height=\"300\" srcset=\"https:\/\/colorco.dk\/wp-content\/uploads\/2023\/03\/Color_co_blank_metal_hooks-600x600-1-300x300.webp 300w, https:\/\/colorco.dk\/wp-content\/uploads\/2023\/03\/Color_co_blank_metal_hooks-600x600-1-150x150.webp 150w, https:\/\/colorco.dk\/wp-content\/uploads\/2023\/03\/Color_co_blank_metal_hooks-600x600-1-441x441.webp 441w, https:\/\/colorco.dk\/wp-content\/uploads\/2023\/03\/Color_co_blank_metal_hooks-600x600-1-100x100.webp 100w, https:\/\/colorco.dk\/wp-content\/uploads\/2023\/03\/Color_co_blank_metal_hooks-600x600-1.webp 600w\" sizes=\"(max-width: 300px) 100vw, 300px\" \/><\/p>\n","protected":false},"excerpt":{"rendered":"<p>Rullegardin i brun fin bambus. Sm\u00e5, tynne bambuspinner er vevet fint sammen med en gylden tr\u00e5d. Gardinet er i helt naturlig bambus, men har v\u00e6rt gjennom en varmeprosess som har m\u00f8rknet bambusen. Dermed er bambusen helt gjennomfarget. Gardinet er utrolig fint vevd, og er derfor ekstra bevegelig i materialet. En utrolig fin og meget eksklusiv gardin, som skaper en naturlig og deilig stemning i hjemmet. Gardinen f\u00e5s ogs\u00e5 med kjedetrekk.<\/p>\n<p>Farger kan variere etter fargene p\u00e5 bildene, s\u00e5 vi anbefaler derfor at du bestiller en gratis bambuspr\u00f8ve.<\/p>\n<p>Bambus er et naturprodukt og fargetilpasning kan ikke garanteres.<\/p>\n","protected":false},"featured_media":8321,"template":"","meta":[],"product_brand":[],"product_cat":[155,161],"product_tag":[],"class_list":{"0":"post-9210","1":"product","2":"type-product","3":"status-publish","4":"has-post-thumbnail","6":"product_cat-rullegardiner-no","7":"product_cat-snor-trekk","9":"first","10":"instock","11":"taxable","12":"shipping-taxable","13":"purchasable","14":"product-type-variable"},"aioseo_notices":[],"_links":{"self":[{"href":"https:\/\/colorco.dk\/no\/wp-json\/wp\/v2\/product\/9210","targetHints":{"allow":["GET"]}}],"collection":[{"href":"https:\/\/colorco.dk\/no\/wp-json\/wp\/v2\/product"}],"about":[{"href":"https:\/\/colorco.dk\/no\/wp-json\/wp\/v2\/types\/product"}],"wp:featuredmedia":[{"embeddable":true,"href":"https:\/\/colorco.dk\/no\/wp-json\/wp\/v2\/media\/8321"}],"wp:attachment":[{"href":"https:\/\/colorco.dk\/no\/wp-json\/wp\/v2\/media?parent=9210"}],"wp:term":[{"taxonomy":"product_brand","embeddable":true,"href":"https:\/\/colorco.dk\/no\/wp-json\/wp\/v2\/product_brand?post=9210"},{"taxonomy":"product_cat","embeddable":true,"href":"https:\/\/colorco.dk\/no\/wp-json\/wp\/v2\/product_cat?post=9210"},{"taxonomy":"product_tag","embeddable":true,"href":"https:\/\/colorco.dk\/no\/wp-json\/wp\/v2\/product_tag?post=9210"}],"curies":[{"name":"wp","href":"https:\/\/api.w.org\/{rel}","templated":true}]}}