{"id":9227,"date":"2023-03-01T21:07:49","date_gmt":"2023-03-01T20:07:49","guid":{"rendered":"https:\/\/colorco.dk\/\/produkt\/staalgraa-bambus-rullegardin-med-kaedetraek\/"},"modified":"2024-01-21T18:08:06","modified_gmt":"2024-01-21T17:08:06","slug":"staalgraa-bambus-rullegardin-med-kjedetrekk","status":"publish","type":"product","link":"https:\/\/colorco.dk\/no\/product\/staalgraa-bambus-rullegardin-med-kjedetrekk\/","title":{"rendered":"Rullegardin \u2013 St\u00e5l gr\u00e5 bambus med kjedetrekk"},"content":{"rendered":"<p>Denne st\u00e5l gr\u00e5 bambus med kjedetrekk har en solavskjerming p\u00e5 <strong>50 %<\/strong>. Gardinene v\u00e5re er delt inn i fem solavskjermingskategorier: 25 %, 50 %, 75 %, 90 % og 98 %.<br \/>\nDette er betegnelser for hvor mye sollys vi mener de slipper inn. Dette er v\u00e5r vurdering og refererer ikke til hvor mye du kan se gjennom. Vi anbefaler at du bestiller en <a href=\"https:\/\/colorco.dk\/no\/gratis-proeve\/\">gratis pr\u00f8ve<\/a> hvis du er usikker p\u00e5 farger, solskjerming eller hvor mye du kan se gjennom.<\/p>\n<p style=\"text-align: center;\">Disse beslag og kjedene brukes til denne modellen.<\/p>\n<p><img fetchpriority=\"high\" decoding=\"async\" class=\"alignnone size-medium wp-image-7320 aligncenter\" src=\"https:\/\/colorco.dk\/wp-content\/uploads\/2023\/03\/06-1-600x600-1-300x300.webp\" alt=\"\" width=\"300\" height=\"300\" srcset=\"https:\/\/colorco.dk\/wp-content\/uploads\/2023\/03\/06-1-600x600-1-300x300.webp 300w, https:\/\/colorco.dk\/wp-content\/uploads\/2023\/03\/06-1-600x600-1-150x150.webp 150w, https:\/\/colorco.dk\/wp-content\/uploads\/2023\/03\/06-1-600x600-1-441x441.webp 441w, https:\/\/colorco.dk\/wp-content\/uploads\/2023\/03\/06-1-600x600-1-100x100.webp 100w, https:\/\/colorco.dk\/wp-content\/uploads\/2023\/03\/06-1-600x600-1.webp 600w\" sizes=\"(max-width: 300px) 100vw, 300px\" \/><\/p>\n","protected":false},"excerpt":{"rendered":"<p>Bambus rullegardin i st\u00e5lgr\u00e5 bambus. Fine, matte, gr\u00e5 og flate malte bambuspinner, p\u00e5 ca. 3,5 mm i bredden, er vevet sammen med gr\u00e5 tr\u00e5d. Denne elegante gardin, passer inn i nesten alle hjemmets rom, og skaper en fantastisk deilig stemning, med sin elegante matte farge og fine struktur. Gardinet f\u00e5s ogs\u00e5 med snoretrekk.<\/p>\n","protected":false},"featured_media":8288,"template":"","meta":[],"product_brand":[],"product_cat":[158,155],"product_tag":[],"class_list":{"0":"post-9227","1":"product","2":"type-product","3":"status-publish","4":"has-post-thumbnail","6":"product_cat-kjede-trekk","7":"product_cat-rullegardiner-no","9":"first","10":"instock","11":"taxable","12":"shipping-taxable","13":"purchasable","14":"product-type-variable"},"aioseo_notices":[],"_links":{"self":[{"href":"https:\/\/colorco.dk\/no\/wp-json\/wp\/v2\/product\/9227","targetHints":{"allow":["GET"]}}],"collection":[{"href":"https:\/\/colorco.dk\/no\/wp-json\/wp\/v2\/product"}],"about":[{"href":"https:\/\/colorco.dk\/no\/wp-json\/wp\/v2\/types\/product"}],"wp:featuredmedia":[{"embeddable":true,"href":"https:\/\/colorco.dk\/no\/wp-json\/wp\/v2\/media\/8288"}],"wp:attachment":[{"href":"https:\/\/colorco.dk\/no\/wp-json\/wp\/v2\/media?parent=9227"}],"wp:term":[{"taxonomy":"product_brand","embeddable":true,"href":"https:\/\/colorco.dk\/no\/wp-json\/wp\/v2\/product_brand?post=9227"},{"taxonomy":"product_cat","embeddable":true,"href":"https:\/\/colorco.dk\/no\/wp-json\/wp\/v2\/product_cat?post=9227"},{"taxonomy":"product_tag","embeddable":true,"href":"https:\/\/colorco.dk\/no\/wp-json\/wp\/v2\/product_tag?post=9227"}],"curies":[{"name":"wp","href":"https:\/\/api.w.org\/{rel}","templated":true}]}}