{"id":10484,"date":"2023-09-17T18:41:58","date_gmt":"2023-09-17T16:41:58","guid":{"rendered":"https:\/\/colorco.dk\/\/forhandlere-og-interioerarkitekter\/"},"modified":"2023-10-03T16:28:42","modified_gmt":"2023-10-03T14:28:42","slug":"forhandlere-og-interioerarkitekter","status":"publish","type":"page","link":"https:\/\/colorco.dk\/sv\/forhandlere-og-interioerarkitekter\/","title":{"rendered":"\u00c5terf\u00f6rs\u00e4ljare och inredningsarkitekter"},"content":{"rendered":"\t\t<div data-elementor-type=\"wp-page\" data-elementor-id=\"10484\" class=\"elementor elementor-10484 elementor-9958\" data-elementor-post-type=\"page\">\n\t\t\t\t\t\t<section class=\"elementor-section elementor-top-section elementor-element elementor-element-e29ede4 elementor-section-boxed elementor-section-height-default elementor-section-height-default\" data-id=\"e29ede4\" data-element_type=\"section\" data-e-type=\"section\">\n\t\t\t\t\t\t<div class=\"elementor-container elementor-column-gap-default\">\n\t\t\t\t\t<div class=\"elementor-column elementor-col-100 elementor-top-column elementor-element elementor-element-939a34b\" data-id=\"939a34b\" data-element_type=\"column\" data-e-type=\"column\">\n\t\t\t<div class=\"elementor-widget-wrap elementor-element-populated\">\n\t\t\t\t\t\t<div class=\"elementor-element elementor-element-fd3af14 elementor-widget elementor-widget-heading\" data-id=\"fd3af14\" data-element_type=\"widget\" data-e-type=\"widget\" data-widget_type=\"heading.default\">\n\t\t\t\t<div class=\"elementor-widget-container\">\n\t\t\t\t\t<h2 class=\"elementor-heading-title elementor-size-default\">\u00c5terf\u00f6rs\u00e4ljare och inredningsarkitekter<\/h2>\t\t\t\t<\/div>\n\t\t\t\t<\/div>\n\t\t\t\t<div class=\"elementor-element elementor-element-ad812af elementor-widget elementor-widget-text-editor\" data-id=\"ad812af\" data-element_type=\"widget\" data-e-type=\"widget\" data-widget_type=\"text-editor.default\">\n\t\t\t\t<div class=\"elementor-widget-container\">\n\t\t\t\t\t\t\t\t\tVi \u00e4r alltid p\u00e5 jakt efter nya partners att arbeta med.\r\nOm du har en butik och vill bli \u00e5terf\u00f6rs\u00e4ljare, \u00e4r inredningsarkitekt, arkitekt, mont\u00f6r eller bara har sp\u00e4nnande projekt \u00e4r du alltid v\u00e4lkommen att ans\u00f6ka om ett \u00e5terf\u00f6rs\u00e4ljarkonto.\t\t\t\t\t\t\t\t<\/div>\n\t\t\t\t<\/div>\n\t\t\t\t<div class=\"elementor-element elementor-element-93796d7 elementor-align-left elementor-widget elementor-widget-button\" data-id=\"93796d7\" data-element_type=\"widget\" data-e-type=\"widget\" data-widget_type=\"button.default\">\n\t\t\t\t<div class=\"elementor-widget-container\">\n\t\t\t\t\t\t\t\t\t<div class=\"elementor-button-wrapper\">\n\t\t\t\t\t<a class=\"elementor-button elementor-button-link elementor-size-lg\" href=\"https:\/\/colorco.dk\/sv\/skapa-konto\/\">\n\t\t\t\t\t\t<span class=\"elementor-button-content-wrapper\">\n\t\t\t\t\t\t\t\t\t<span class=\"elementor-button-text\">Ans\u00f6k om ett \u00e5terf\u00f6rs\u00e4ljarkonto<\/span>\n\t\t\t\t\t<\/span>\n\t\t\t\t\t<\/a>\n\t\t\t\t<\/div>\n\t\t\t\t\t\t\t\t<\/div>\n\t\t\t\t<\/div>\n\t\t\t\t<div class=\"elementor-element elementor-element-0905815 elementor-widget elementor-widget-spacer\" data-id=\"0905815\" data-element_type=\"widget\" data-e-type=\"widget\" data-widget_type=\"spacer.default\">\n\t\t\t\t<div class=\"elementor-widget-container\">\n\t\t\t\t\t\t\t<div class=\"elementor-spacer\">\n\t\t\t<div class=\"elementor-spacer-inner\"><\/div>\n\t\t<\/div>\n\t\t\t\t\t\t<\/div>\n\t\t\t\t<\/div>\n\t\t\t\t\t<\/div>\n\t\t<\/div>\n\t\t\t\t\t<\/div>\n\t\t<\/section>\n\t\t\t\t<\/div>\n\t\t","protected":false},"excerpt":{"rendered":"<p>\u00c5terf\u00f6rs\u00e4ljare och inredningsarkitekter Vi \u00e4r alltid p\u00e5 jakt efter nya partners att arbeta med. Om du har en butik och vill bli \u00e5terf\u00f6rs\u00e4ljare, \u00e4r inredningsarkitekt, arkitekt, mont\u00f6r eller bara har sp\u00e4nnande projekt \u00e4r du alltid v\u00e4lkommen att ans\u00f6ka om ett \u00e5terf\u00f6rs\u00e4ljarkonto. Ans\u00f6k om ett \u00e5terf\u00f6rs\u00e4ljarkonto<\/p>\n","protected":false},"author":1,"featured_media":0,"parent":0,"menu_order":0,"comment_status":"closed","ping_status":"closed","template":"","meta":{"footnotes":""},"class_list":["post-10484","page","type-page","status-publish","hentry"],"aioseo_notices":[],"_links":{"self":[{"href":"https:\/\/colorco.dk\/sv\/wp-json\/wp\/v2\/pages\/10484","targetHints":{"allow":["GET"]}}],"collection":[{"href":"https:\/\/colorco.dk\/sv\/wp-json\/wp\/v2\/pages"}],"about":[{"href":"https:\/\/colorco.dk\/sv\/wp-json\/wp\/v2\/types\/page"}],"author":[{"embeddable":true,"href":"https:\/\/colorco.dk\/sv\/wp-json\/wp\/v2\/users\/1"}],"replies":[{"embeddable":true,"href":"https:\/\/colorco.dk\/sv\/wp-json\/wp\/v2\/comments?post=10484"}],"version-history":[{"count":0,"href":"https:\/\/colorco.dk\/sv\/wp-json\/wp\/v2\/pages\/10484\/revisions"}],"wp:attachment":[{"href":"https:\/\/colorco.dk\/sv\/wp-json\/wp\/v2\/media?parent=10484"}],"curies":[{"name":"wp","href":"https:\/\/api.w.org\/{rel}","templated":true}]}}