{"id":38429,"date":"2026-02-13T12:48:30","date_gmt":"2026-02-13T11:48:30","guid":{"rendered":"https:\/\/colorco.dk\/maetning-av-rullgardinen\/"},"modified":"2026-02-19T11:09:11","modified_gmt":"2026-02-19T10:09:11","slug":"maetning-av-rullgardinen","status":"publish","type":"page","link":"https:\/\/colorco.dk\/sv\/maetning-av-rullgardinen\/","title":{"rendered":"M\u00e4tning av rullgardinen"},"content":{"rendered":"\t\t<div data-elementor-type=\"wp-page\" data-elementor-id=\"38429\" class=\"elementor elementor-38429 elementor-38182\" data-elementor-post-type=\"page\">\n\t\t\t\t\t\t<section class=\"elementor-section elementor-top-section elementor-element elementor-element-ee2be29 elementor-section-boxed elementor-section-height-default elementor-section-height-default\" data-id=\"ee2be29\" data-element_type=\"section\" data-e-type=\"section\">\n\t\t\t\t\t\t<div class=\"elementor-container elementor-column-gap-default\">\n\t\t\t\t\t<div class=\"elementor-column elementor-col-100 elementor-top-column elementor-element elementor-element-1692018\" data-id=\"1692018\" data-element_type=\"column\" data-e-type=\"column\">\n\t\t\t<div class=\"elementor-widget-wrap elementor-element-populated\">\n\t\t\t\t\t\t<div class=\"elementor-element elementor-element-fc80848 elementor-widget elementor-widget-heading\" data-id=\"fc80848\" data-element_type=\"widget\" data-e-type=\"widget\" data-widget_type=\"heading.default\">\n\t\t\t\t<div class=\"elementor-widget-container\">\n\t\t\t\t\t<h2 class=\"elementor-heading-title elementor-size-default\">M\u00e4tning av rullgardinen - S\u00e5 h\u00e4r m\u00e4ter du!<\/h2>\t\t\t\t<\/div>\n\t\t\t\t<\/div>\n\t\t\t\t\t<\/div>\n\t\t<\/div>\n\t\t\t\t\t<\/div>\n\t\t<\/section>\n\t\t\t\t<section class=\"elementor-section elementor-top-section elementor-element elementor-element-ded319a elementor-section-boxed elementor-section-height-default elementor-section-height-default\" data-id=\"ded319a\" data-element_type=\"section\" data-e-type=\"section\">\n\t\t\t\t\t\t<div class=\"elementor-container elementor-column-gap-default\">\n\t\t\t\t\t<div class=\"elementor-column elementor-col-100 elementor-top-column elementor-element elementor-element-999b6f9\" data-id=\"999b6f9\" data-element_type=\"column\" data-e-type=\"column\">\n\t\t\t<div class=\"elementor-widget-wrap elementor-element-populated\">\n\t\t\t\t\t\t<div class=\"elementor-element elementor-element-3c8687b elementor-widget elementor-widget-text-editor\" data-id=\"3c8687b\" data-element_type=\"widget\" data-e-type=\"widget\" data-widget_type=\"text-editor.default\">\n\t\t\t\t<div class=\"elementor-widget-container\">\n\t\t\t\t\t\t\t\t\t<p>Att hitta r\u00e4tt storlek f\u00f6r dina naturliga rullgardiner b\u00f6rjar med exakta m\u00e5tt.  <\/p><p><strong>Det f\u00f6rsta steget \u00e4r att v\u00e4lja om du ska v\u00e4lja rullgardiner med sn\u00f6re eller rullgardiner med kedjedrag.<\/strong><\/p>\t\t\t\t\t\t\t\t<\/div>\n\t\t\t\t<\/div>\n\t\t\t\t\t<\/div>\n\t\t<\/div>\n\t\t\t\t\t<\/div>\n\t\t<\/section>\n\t\t\t\t<section class=\"elementor-section elementor-top-section elementor-element elementor-element-75b989d elementor-section-boxed elementor-section-height-default elementor-section-height-default\" data-id=\"75b989d\" data-element_type=\"section\" data-e-type=\"section\">\n\t\t\t\t\t\t<div class=\"elementor-container elementor-column-gap-default\">\n\t\t\t\t\t<div class=\"elementor-column elementor-col-50 elementor-top-column elementor-element elementor-element-44a61a6\" data-id=\"44a61a6\" data-element_type=\"column\" data-e-type=\"column\">\n\t\t\t<div class=\"elementor-widget-wrap elementor-element-populated\">\n\t\t\t\t\t\t<div class=\"elementor-element elementor-element-46fc710 elementor-widget elementor-widget-button\" data-id=\"46fc710\" data-element_type=\"widget\" data-e-type=\"widget\" data-widget_type=\"button.default\">\n\t\t\t\t<div class=\"elementor-widget-container\">\n\t\t\t\t\t\t\t\t\t<div class=\"elementor-button-wrapper\">\n\t\t\t\t\t<a class=\"elementor-button elementor-button-link elementor-size-sm\" href=\"https:\/\/colorco.dk\/opmaaling-rullegardin-snoretraek\/\">\n\t\t\t\t\t\t<span class=\"elementor-button-content-wrapper\">\n\t\t\t\t\t\t\t\t\t<span class=\"elementor-button-text\">Rullgardin med sn\u00f6redrag<\/span>\n\t\t\t\t\t<\/span>\n\t\t\t\t\t<\/a>\n\t\t\t\t<\/div>\n\t\t\t\t\t\t\t\t<\/div>\n\t\t\t\t<\/div>\n\t\t\t\t\t<\/div>\n\t\t<\/div>\n\t\t\t\t<div class=\"elementor-column elementor-col-50 elementor-top-column elementor-element elementor-element-4312a87\" data-id=\"4312a87\" data-element_type=\"column\" data-e-type=\"column\">\n\t\t\t<div class=\"elementor-widget-wrap elementor-element-populated\">\n\t\t\t\t\t\t<div class=\"elementor-element elementor-element-4efbb43 elementor-widget elementor-widget-button\" data-id=\"4efbb43\" data-element_type=\"widget\" data-e-type=\"widget\" data-widget_type=\"button.default\">\n\t\t\t\t<div class=\"elementor-widget-container\">\n\t\t\t\t\t\t\t\t\t<div class=\"elementor-button-wrapper\">\n\t\t\t\t\t<a class=\"elementor-button elementor-button-link elementor-size-sm\" href=\"https:\/\/colorco.dk\/opmaaling-rullegardin-kaedetraek\/\">\n\t\t\t\t\t\t<span class=\"elementor-button-content-wrapper\">\n\t\t\t\t\t\t\t\t\t<span class=\"elementor-button-text\">Rullgardin med kedjedrag<\/span>\n\t\t\t\t\t<\/span>\n\t\t\t\t\t<\/a>\n\t\t\t\t<\/div>\n\t\t\t\t\t\t\t\t<\/div>\n\t\t\t\t<\/div>\n\t\t\t\t\t<\/div>\n\t\t<\/div>\n\t\t\t\t\t<\/div>\n\t\t<\/section>\n\t\t\t\t<section class=\"elementor-section elementor-top-section elementor-element elementor-element-c4335a3 elementor-section-boxed elementor-section-height-default elementor-section-height-default\" data-id=\"c4335a3\" data-element_type=\"section\" data-e-type=\"section\">\n\t\t\t\t\t\t<div class=\"elementor-container elementor-column-gap-default\">\n\t\t\t\t\t<div class=\"elementor-column elementor-col-50 elementor-top-column elementor-element elementor-element-c669e46\" data-id=\"c669e46\" data-element_type=\"column\" data-e-type=\"column\">\n\t\t\t<div class=\"elementor-widget-wrap elementor-element-populated\">\n\t\t\t\t\t\t<div class=\"elementor-element elementor-element-935c8a1 elementor-widget__width-initial elementor-widget elementor-widget-image\" data-id=\"935c8a1\" data-element_type=\"widget\" data-e-type=\"widget\" data-widget_type=\"image.default\">\n\t\t\t\t<div class=\"elementor-widget-container\">\n\t\t\t\t\t\t\t\t\t\t\t\t<figure class=\"wp-caption\">\n\t\t\t\t\t\t\t\t\t\t\t<a href=\"https:\/\/colorco.dk\/opmaaling-rullegardin-snoretraek\/\">\n\t\t\t\t\t\t\t<img fetchpriority=\"high\" decoding=\"async\" width=\"708\" height=\"770\" src=\"https:\/\/colorco.dk\/wp-content\/uploads\/2026\/02\/colorco-rollerblind-cordpull.png\" class=\"attachment-medium_large size-medium_large wp-image-38188\" alt=\"\" srcset=\"https:\/\/colorco.dk\/wp-content\/uploads\/2026\/02\/colorco-rollerblind-cordpull.png 708w, https:\/\/colorco.dk\/wp-content\/uploads\/2026\/02\/colorco-rollerblind-cordpull-276x300.png 276w, https:\/\/colorco.dk\/wp-content\/uploads\/2026\/02\/colorco-rollerblind-cordpull-441x480.png 441w, https:\/\/colorco.dk\/wp-content\/uploads\/2026\/02\/colorco-rollerblind-cordpull-150x163.png 150w\" sizes=\"(max-width: 708px) 100vw, 708px\" \/>\t\t\t\t\t\t\t\t<\/a>\n\t\t\t\t\t\t\t\t\t\t\t<figcaption class=\"widget-image-caption wp-caption-text\">Med dragsn\u00f6ren sitter tygrullen l\u00e4ngst ner p\u00e5 gardinen.<\/figcaption>\n\t\t\t\t\t\t\t\t\t\t<\/figure>\n\t\t\t\t\t\t\t\t\t<\/div>\n\t\t\t\t<\/div>\n\t\t\t\t\t<\/div>\n\t\t<\/div>\n\t\t\t\t<div class=\"elementor-column elementor-col-50 elementor-top-column elementor-element elementor-element-7a2fef6\" data-id=\"7a2fef6\" data-element_type=\"column\" data-e-type=\"column\">\n\t\t\t<div class=\"elementor-widget-wrap elementor-element-populated\">\n\t\t\t\t\t\t<div class=\"elementor-element elementor-element-d511d28 elementor-widget__width-initial elementor-widget elementor-widget-image\" data-id=\"d511d28\" data-element_type=\"widget\" data-e-type=\"widget\" data-widget_type=\"image.default\">\n\t\t\t\t<div class=\"elementor-widget-container\">\n\t\t\t\t\t\t\t\t\t\t\t\t<figure class=\"wp-caption\">\n\t\t\t\t\t\t\t\t\t\t\t<a href=\"https:\/\/colorco.dk\/opmaaling-rullegardin-kaedetraek\/\">\n\t\t\t\t\t\t\t<img decoding=\"async\" width=\"679\" height=\"799\" src=\"https:\/\/colorco.dk\/wp-content\/uploads\/2026\/02\/colorco-rollerblind-chainpull.png\" class=\"attachment-large size-large wp-image-38184\" alt=\"\" srcset=\"https:\/\/colorco.dk\/wp-content\/uploads\/2026\/02\/colorco-rollerblind-chainpull.png 679w, https:\/\/colorco.dk\/wp-content\/uploads\/2026\/02\/colorco-rollerblind-chainpull-255x300.png 255w, https:\/\/colorco.dk\/wp-content\/uploads\/2026\/02\/colorco-rollerblind-chainpull-441x519.png 441w, https:\/\/colorco.dk\/wp-content\/uploads\/2026\/02\/colorco-rollerblind-chainpull-150x177.png 150w\" sizes=\"(max-width: 679px) 100vw, 679px\" \/>\t\t\t\t\t\t\t\t<\/a>\n\t\t\t\t\t\t\t\t\t\t\t<figcaption class=\"widget-image-caption wp-caption-text\">Med kedjedragare \u00e4r tygrullen placerad h\u00f6gst upp p\u00e5 gardinen.<\/figcaption>\n\t\t\t\t\t\t\t\t\t\t<\/figure>\n\t\t\t\t\t\t\t\t\t<\/div>\n\t\t\t\t<\/div>\n\t\t\t\t\t<\/div>\n\t\t<\/div>\n\t\t\t\t\t<\/div>\n\t\t<\/section>\n\t\t\t\t<section class=\"elementor-section elementor-top-section elementor-element elementor-element-457af39 elementor-section-boxed elementor-section-height-default elementor-section-height-default\" data-id=\"457af39\" data-element_type=\"section\" data-e-type=\"section\">\n\t\t\t\t\t\t<div class=\"elementor-container elementor-column-gap-default\">\n\t\t\t\t\t<div class=\"elementor-column elementor-col-100 elementor-top-column elementor-element elementor-element-bbd0ce8\" data-id=\"bbd0ce8\" data-element_type=\"column\" data-e-type=\"column\">\n\t\t\t<div class=\"elementor-widget-wrap elementor-element-populated\">\n\t\t\t\t\t\t<div class=\"elementor-element elementor-element-1db2a29 elementor-widget elementor-widget-text-editor\" data-id=\"1db2a29\" data-element_type=\"widget\" data-e-type=\"widget\" data-widget_type=\"text-editor.default\">\n\t\t\t\t<div class=\"elementor-widget-container\">\n\t\t\t\t\t\t\t\t\t<h3>Noggrann m\u00e4tning \u00e4r absolut n\u00f6dv\u00e4ndig<\/h3><div><p>Felaktiga m\u00e5tt kan leda till en tight eller l\u00f6s passform och i slut\u00e4ndan en d\u00e5lig upplevelse. Den h\u00e4r guiden hj\u00e4lper dig att uppn\u00e5 professionella resultat varje g\u00e5ng och s\u00e4kerst\u00e4lla att dina nya rullgardiner passar som de ska. <\/p><p><strong>V\u00e4lj r\u00e4tt m\u00e4tmetod<\/strong><\/p><p>Det \u00e4r skillnad p\u00e5 hur du m\u00e4ter beroende p\u00e5 om din rullgardin har <strong>ett sn\u00f6redrag<\/strong> eller <strong>ett kedjedrag<\/strong> .<\/p><\/div><div><p>Genom att v\u00e4lja r\u00e4tt metod undviker du fel och s\u00e4kerst\u00e4ller optimal funktionalitet.<\/p><p><strong>Steg-f\u00f6r-steg-guide f\u00f6r m\u00e4tning<\/strong><\/p><\/div><ol data-list-tree=\"true\" data-indent=\"0\" data-border=\"0\"><li><strong>F\u00f6rbered verktyg<\/strong> \u2013 anv\u00e4nd ett m\u00e5ttband, helst st\u00e5l f\u00f6r b\u00e4sta precision.<\/li><li><strong>Skriv ner flera m\u00e5tt<\/strong> \u2013 m\u00e4t b\u00e5de bredd och h\u00f6jd 2\u20133 g\u00e5nger f\u00f6r att undvika fel.<\/li><li><strong>Inv\u00e4ndig kontra utv\u00e4ndig montering<\/strong> \u2013 notera om gardinen ska sitta innanf\u00f6r eller utanf\u00f6r ramen och f\u00f6lj m\u00e5ttguiden.<\/li><li><strong>Kontrollera vinklarna<\/strong> \u2013 m\u00e5nga d\u00f6rrar och f\u00f6nster \u00e4r inte 100 % raka. Vid behov, m\u00e4t p\u00e5 flera punkter f\u00f6r att s\u00e4kerst\u00e4lla noggrannhet. <\/li><\/ol><div><p><strong>Bra tips f\u00f6r noggrann m\u00e4tning<\/strong><\/p><ul><li>M\u00e4t alltid i millimeter, inte bara centimeter \u2013 det minskar risken f\u00f6r avvikelser.<\/li><li>Ta h\u00e4nsyn till eventuella handtag, lister eller hinder.<\/li><li>G\u00f6r anteckningar eller anv\u00e4nd en app f\u00f6r att lagra dina m\u00e5l s\u00e4kert.<\/li><\/ul><h3>Vanliga fr\u00e5gor om lantm\u00e4teri<\/h3><p><strong>Hur undviker jag fel vid m\u00e4tning?<\/strong><br aria-hidden=\"true\"> G\u00f6r flera m\u00e4tningar i samma f\u00f6nster och anv\u00e4nd alltid samma referenspunkt, t.ex. kanten p\u00e5 ramen eller mittlinjen.<br aria-hidden=\"true\"> <strong>Kan jag m\u00e4ta mig sj\u00e4lv, eller beh\u00f6ver jag professionell hj\u00e4lp?<\/strong><br aria-hidden=\"true\"> M\u00e5nga kunder kan enkelt m\u00e4ta sig sj\u00e4lva med hj\u00e4lp av den h\u00e4r guiden, men om ditt f\u00f6nster \u00e4r extra stort eller uppdelat i flera sektioner kan professionell m\u00e4tning vara en f\u00f6rdel.<\/p><\/div>\t\t\t\t\t\t\t\t<\/div>\n\t\t\t\t<\/div>\n\t\t\t\t\t<\/div>\n\t\t<\/div>\n\t\t\t\t\t<\/div>\n\t\t<\/section>\n\t\t\t\t<\/div>\n\t\t","protected":false},"excerpt":{"rendered":"<p>M\u00e4tning av rullgardinen &#8211; S\u00e5 h\u00e4r m\u00e4ter du! Att hitta r\u00e4tt storlek f\u00f6r dina naturliga rullgardiner b\u00f6rjar med exakta m\u00e5tt. Det f\u00f6rsta steget \u00e4r att v\u00e4lja om du ska v\u00e4lja rullgardiner med sn\u00f6re eller rullgardiner med kedjedrag. Rullgardin med sn\u00f6redrag Rullgardin med kedjedrag Med dragsn\u00f6ren sitter tygrullen l\u00e4ngst ner p\u00e5 gardinen. Med kedjedragare \u00e4r tygrullen [&hellip;]<\/p>\n","protected":false},"author":2,"featured_media":0,"parent":0,"menu_order":0,"comment_status":"closed","ping_status":"closed","template":"","meta":{"footnotes":""},"class_list":["post-38429","page","type-page","status-publish","hentry"],"aioseo_notices":[],"_links":{"self":[{"href":"https:\/\/colorco.dk\/sv\/wp-json\/wp\/v2\/pages\/38429","targetHints":{"allow":["GET"]}}],"collection":[{"href":"https:\/\/colorco.dk\/sv\/wp-json\/wp\/v2\/pages"}],"about":[{"href":"https:\/\/colorco.dk\/sv\/wp-json\/wp\/v2\/types\/page"}],"author":[{"embeddable":true,"href":"https:\/\/colorco.dk\/sv\/wp-json\/wp\/v2\/users\/2"}],"replies":[{"embeddable":true,"href":"https:\/\/colorco.dk\/sv\/wp-json\/wp\/v2\/comments?post=38429"}],"version-history":[{"count":0,"href":"https:\/\/colorco.dk\/sv\/wp-json\/wp\/v2\/pages\/38429\/revisions"}],"wp:attachment":[{"href":"https:\/\/colorco.dk\/sv\/wp-json\/wp\/v2\/media?parent=38429"}],"curies":[{"name":"wp","href":"https:\/\/api.w.org\/{rel}","templated":true}]}}