{"id":38438,"date":"2026-02-13T14:40:56","date_gmt":"2026-02-13T13:40:56","guid":{"rendered":"https:\/\/colorco.dk\/maetning-av-rullgardiner-med-kedjedrag-i-hoernfoenster\/"},"modified":"2026-02-16T16:32:32","modified_gmt":"2026-02-16T15:32:32","slug":"maetning-av-rullgardiner-med-kedjedrag-i-hoernfoenster","status":"publish","type":"page","link":"https:\/\/colorco.dk\/sv\/maetning-av-rullgardiner-med-kedjedrag-i-hoernfoenster\/","title":{"rendered":"M\u00e4tning av rullgardiner med kedjedrag i h\u00f6rnf\u00f6nster"},"content":{"rendered":"\t\t<div data-elementor-type=\"wp-page\" data-elementor-id=\"38438\" class=\"elementor elementor-38438 elementor-38268\" data-elementor-post-type=\"page\">\n\t\t\t\t\t\t<section class=\"elementor-section elementor-top-section elementor-element elementor-element-615fd24 elementor-section-boxed elementor-section-height-default elementor-section-height-default\" data-id=\"615fd24\" data-element_type=\"section\" data-e-type=\"section\">\n\t\t\t\t\t\t<div class=\"elementor-container elementor-column-gap-default\">\n\t\t\t\t\t<div class=\"elementor-column elementor-col-100 elementor-top-column elementor-element elementor-element-edb4ac7\" data-id=\"edb4ac7\" data-element_type=\"column\" data-e-type=\"column\">\n\t\t\t<div class=\"elementor-widget-wrap elementor-element-populated\">\n\t\t\t\t\t\t<div class=\"elementor-element elementor-element-64b04df elementor-widget elementor-widget-heading\" data-id=\"64b04df\" data-element_type=\"widget\" data-e-type=\"widget\" data-widget_type=\"heading.default\">\n\t\t\t\t<div class=\"elementor-widget-container\">\n\t\t\t\t\t<h2 class=\"elementor-heading-title elementor-size-default\">M\u00e4tning av rullgardiner med kedjedrag - h\u00f6rnf\u00f6nster<\/h2>\t\t\t\t<\/div>\n\t\t\t\t<\/div>\n\t\t\t\t\t<\/div>\n\t\t<\/div>\n\t\t\t\t\t<\/div>\n\t\t<\/section>\n\t\t\t\t<section class=\"elementor-section elementor-top-section elementor-element elementor-element-fc03c0a elementor-section-boxed elementor-section-height-default elementor-section-height-default\" data-id=\"fc03c0a\" data-element_type=\"section\" data-e-type=\"section\">\n\t\t\t\t\t\t<div class=\"elementor-container elementor-column-gap-default\">\n\t\t\t\t\t<div class=\"elementor-column elementor-col-50 elementor-top-column elementor-element elementor-element-ebd4f38\" data-id=\"ebd4f38\" data-element_type=\"column\" data-e-type=\"column\">\n\t\t\t<div class=\"elementor-widget-wrap elementor-element-populated\">\n\t\t\t\t\t\t<div class=\"elementor-element elementor-element-e53f75c elementor-widget elementor-widget-text-editor\" data-id=\"e53f75c\" data-element_type=\"widget\" data-e-type=\"widget\" data-widget_type=\"text-editor.default\">\n\t\t\t\t<div class=\"elementor-widget-container\">\n\t\t\t\t\t\t\t\t\t<h5><strong>Steg 1<\/strong> \u2013 Hitta rullstorleken<\/h5><p>F\u00f6rst beh\u00f6ver du veta den ungef\u00e4rliga diametern p\u00e5 tygrullen p\u00e5 den installerade rullgardinen. Hitta den ungef\u00e4rliga storleken p\u00e5 rullgardinsrullen med hj\u00e4lp av tabellen till h\u00f6ger. <\/p>\t\t\t\t\t\t\t\t<\/div>\n\t\t\t\t<\/div>\n\t\t\t\t\t<\/div>\n\t\t<\/div>\n\t\t\t\t<div class=\"elementor-column elementor-col-50 elementor-top-column elementor-element elementor-element-50c394b\" data-id=\"50c394b\" data-element_type=\"column\" data-e-type=\"column\">\n\t\t\t<div class=\"elementor-widget-wrap elementor-element-populated\">\n\t\t\t\t\t\t<div class=\"elementor-element elementor-element-4fb10fb elementor-widget elementor-widget-image\" data-id=\"4fb10fb\" data-element_type=\"widget\" data-e-type=\"widget\" data-widget_type=\"image.default\">\n\t\t\t\t<div class=\"elementor-widget-container\">\n\t\t\t\t\t\t\t\t\t\t\t\t\t\t\t<img fetchpriority=\"high\" decoding=\"async\" width=\"1024\" height=\"488\" src=\"https:\/\/colorco.dk\/wp-content\/uploads\/2026\/02\/colorco-measure-chain-table-1024x488.jpg\" class=\"attachment-large size-large wp-image-37734\" alt=\"\" srcset=\"https:\/\/colorco.dk\/wp-content\/uploads\/2026\/02\/colorco-measure-chain-table-1024x488.jpg 1024w, https:\/\/colorco.dk\/wp-content\/uploads\/2026\/02\/colorco-measure-chain-table-300x143.jpg 300w, https:\/\/colorco.dk\/wp-content\/uploads\/2026\/02\/colorco-measure-chain-table-768x366.jpg 768w, https:\/\/colorco.dk\/wp-content\/uploads\/2026\/02\/colorco-measure-chain-table-1536x733.jpg 1536w, https:\/\/colorco.dk\/wp-content\/uploads\/2026\/02\/colorco-measure-chain-table-990x472.jpg 990w, https:\/\/colorco.dk\/wp-content\/uploads\/2026\/02\/colorco-measure-chain-table-441x210.jpg 441w, https:\/\/colorco.dk\/wp-content\/uploads\/2026\/02\/colorco-measure-chain-table-800x382.jpg 800w, https:\/\/colorco.dk\/wp-content\/uploads\/2026\/02\/colorco-measure-chain-table-150x72.jpg 150w, https:\/\/colorco.dk\/wp-content\/uploads\/2026\/02\/colorco-measure-chain-table.jpg 1719w\" sizes=\"(max-width: 1024px) 100vw, 1024px\" \/>\t\t\t\t\t\t\t\t\t\t\t\t\t\t\t<\/div>\n\t\t\t\t<\/div>\n\t\t\t\t\t<\/div>\n\t\t<\/div>\n\t\t\t\t\t<\/div>\n\t\t<\/section>\n\t\t\t\t<section class=\"elementor-section elementor-top-section elementor-element elementor-element-5a357cd elementor-section-boxed elementor-section-height-default elementor-section-height-default\" data-id=\"5a357cd\" data-element_type=\"section\" data-e-type=\"section\">\n\t\t\t\t\t\t<div class=\"elementor-container elementor-column-gap-default\">\n\t\t\t\t\t<div class=\"elementor-column elementor-col-50 elementor-top-column elementor-element elementor-element-94ffffe\" data-id=\"94ffffe\" data-element_type=\"column\" data-e-type=\"column\">\n\t\t\t<div class=\"elementor-widget-wrap elementor-element-populated\">\n\t\t\t\t\t\t<div class=\"elementor-element elementor-element-10cd91a elementor-widget elementor-widget-text-editor\" data-id=\"10cd91a\" data-element_type=\"widget\" data-e-type=\"widget\" data-widget_type=\"text-editor.default\">\n\t\t\t\t<div class=\"elementor-widget-container\">\n\t\t\t\t\t\t\t\t\t<h5><span style=\"font-weight: 600;\">Steg 2<\/span> \u2013 Best\u00e4m hur du ska installera rullgardinerna<\/h5><p>D\u00e4refter beh\u00f6ver du best\u00e4mma hur du vill installera rullgardinerna p\u00e5 f\u00f6nstren. Det finns 3 olika alternativ att v\u00e4lja mellan. <\/p><p><strong>A.<\/strong> Rullgardinen som vetter mot rummets framsida monteras tv\u00e4rs \u00f6ver f\u00f6nstret, n\u00e4stan fr\u00e5n h\u00f6rn till h\u00f6rn. Sedan monteras rullgardin nr 2 p\u00e5 sidan mot den fr\u00e4mre rullgardinen. <\/p><p><strong>B.<\/strong> Sidorullgardinen installeras hela v\u00e4gen in i h\u00f6rnet, och den andra rullgardinen som vetter mot rummets framsida installeras bredvid den. Detta alternativ \u00e4r bra om sidof\u00f6nstret \u00e4r mindre \u00e4n v\u00e5r minsta rullgardinsstorlek (30 cm). <\/p><p><strong>C.<\/strong> Det h\u00e4r alternativet fungerar inte f\u00f6r alla h\u00f6rnf\u00f6nster. Om f\u00f6nsterkarmen i h\u00f6rnet \u00e4r mycket liten rekommenderar vi att anv\u00e4nda metod A. eller B. ist\u00e4llet f\u00f6r att s\u00e4kerst\u00e4lla att rullgardinerna t\u00e4cker glasytan. <\/p>\t\t\t\t\t\t\t\t<\/div>\n\t\t\t\t<\/div>\n\t\t\t\t\t<\/div>\n\t\t<\/div>\n\t\t\t\t<div class=\"elementor-column elementor-col-50 elementor-top-column elementor-element elementor-element-a447845\" data-id=\"a447845\" data-element_type=\"column\" data-e-type=\"column\">\n\t\t\t<div class=\"elementor-widget-wrap elementor-element-populated\">\n\t\t\t\t\t\t<div class=\"elementor-element elementor-element-1673f30 elementor-widget__width-initial elementor-widget elementor-widget-image\" data-id=\"1673f30\" data-element_type=\"widget\" data-e-type=\"widget\" data-widget_type=\"image.default\">\n\t\t\t\t<div class=\"elementor-widget-container\">\n\t\t\t\t\t\t\t\t\t\t\t\t\t\t\t<img decoding=\"async\" width=\"465\" height=\"1024\" src=\"https:\/\/colorco.dk\/wp-content\/uploads\/2026\/02\/colorco-measure-l-shaped-window-options-chain-465x1024.jpg\" class=\"attachment-large size-large wp-image-37738\" alt=\"\" srcset=\"https:\/\/colorco.dk\/wp-content\/uploads\/2026\/02\/colorco-measure-l-shaped-window-options-chain-465x1024.jpg 465w, https:\/\/colorco.dk\/wp-content\/uploads\/2026\/02\/colorco-measure-l-shaped-window-options-chain-136x300.jpg 136w, https:\/\/colorco.dk\/wp-content\/uploads\/2026\/02\/colorco-measure-l-shaped-window-options-chain-768x1693.jpg 768w, https:\/\/colorco.dk\/wp-content\/uploads\/2026\/02\/colorco-measure-l-shaped-window-options-chain-697x1536.jpg 697w, https:\/\/colorco.dk\/wp-content\/uploads\/2026\/02\/colorco-measure-l-shaped-window-options-chain-929x2048.jpg 929w, https:\/\/colorco.dk\/wp-content\/uploads\/2026\/02\/colorco-measure-l-shaped-window-options-chain-441x972.jpg 441w, https:\/\/colorco.dk\/wp-content\/uploads\/2026\/02\/colorco-measure-l-shaped-window-options-chain-800x1763.jpg 800w, https:\/\/colorco.dk\/wp-content\/uploads\/2026\/02\/colorco-measure-l-shaped-window-options-chain-150x331.jpg 150w, https:\/\/colorco.dk\/wp-content\/uploads\/2026\/02\/colorco-measure-l-shaped-window-options-chain.jpg 976w\" sizes=\"(max-width: 465px) 100vw, 465px\" \/>\t\t\t\t\t\t\t\t\t\t\t\t\t\t\t<\/div>\n\t\t\t\t<\/div>\n\t\t\t\t<div class=\"elementor-element elementor-element-775e8a0 elementor-widget elementor-widget-spacer\" data-id=\"775e8a0\" data-element_type=\"widget\" data-e-type=\"widget\" data-widget_type=\"spacer.default\">\n\t\t\t\t<div class=\"elementor-widget-container\">\n\t\t\t\t\t\t\t<div class=\"elementor-spacer\">\n\t\t\t<div class=\"elementor-spacer-inner\"><\/div>\n\t\t<\/div>\n\t\t\t\t\t\t<\/div>\n\t\t\t\t<\/div>\n\t\t\t\t\t<\/div>\n\t\t<\/div>\n\t\t\t\t\t<\/div>\n\t\t<\/section>\n\t\t\t\t<section class=\"elementor-section elementor-top-section elementor-element elementor-element-00eef4a elementor-section-boxed elementor-section-height-default elementor-section-height-default\" data-id=\"00eef4a\" data-element_type=\"section\" data-e-type=\"section\">\n\t\t\t\t\t\t<div class=\"elementor-container elementor-column-gap-default\">\n\t\t\t\t\t<div class=\"elementor-column elementor-col-100 elementor-top-column elementor-element elementor-element-8f5d143\" data-id=\"8f5d143\" data-element_type=\"column\" data-e-type=\"column\">\n\t\t\t<div class=\"elementor-widget-wrap elementor-element-populated\">\n\t\t\t\t\t\t<div class=\"elementor-element elementor-element-b470b98 elementor-widget elementor-widget-text-editor\" data-id=\"b470b98\" data-element_type=\"widget\" data-e-type=\"widget\" data-widget_type=\"text-editor.default\">\n\t\t\t\t<div class=\"elementor-widget-container\">\n\t\t\t\t\t\t\t\t\t<h5><span style=\"font-weight: 600;\">Steg 3<\/span> \u2013 M\u00e4t rullgardinens bredd<\/h5><p>Om du valde <b>steg 2, alternativ A<\/b> , anv\u00e4nd f\u00f6ljande instruktioner:<\/p><p>F\u00f6r att m\u00e4ta den fram\u00e5tv\u00e4nda gardinen, m\u00e4t helt enkelt hela f\u00f6nstrets bredd fr\u00e5n ena sidan av f\u00f6nsterbr\u00e4dan till den andra sidan. Detta blir den f\u00e4rdiga bredden f\u00f6r kedjedragrullgardinen. <\/p><p>F\u00f6r att m\u00e4ta sidogardinen, m\u00e4t denna fulla bredd fr\u00e5n ena sidan av f\u00f6nsterbr\u00e4dan till den andra. N\u00e4r du har detta m\u00e5tt, subtrahera m\u00e5ttet p\u00e5 tygrullen fr\u00e5n <strong>steg 1<\/strong> . <\/p><p>Detta blir rullgardinens f\u00e4rdiga bredd.<\/p><p>Om du valde <strong>steg 2, alternativ B<\/strong> , anv\u00e4nd f\u00f6ljande instruktioner:<\/p><p>F\u00f6r att m\u00e4ta upp till sidogardinen, m\u00e4t hela bredden fr\u00e5n ena sidan av f\u00f6nsterbr\u00e4dan till den andra sidan. Detta blir den f\u00e4rdiga bredden f\u00f6r den kedjedrivna rullgardinen. <\/p><p>F\u00f6r att m\u00e4ta upp till rullgardinen som vetter mot rummets framsida, m\u00e4t hela bredden fr\u00e5n ena sidan av f\u00f6nsterbr\u00e4dan till den andra. N\u00e4r du har detta m\u00e5tt, subtrahera m\u00e5ttet p\u00e5 tygrullen fr\u00e5n <strong>steg 1<\/strong> . <\/p><p>Detta blir rullgardinens f\u00e4rdiga bredd fram\u00e5t.<\/p><p>Om <strong>steg 2, alternativ C.<\/strong> \u00e4r valt, anv\u00e4nd f\u00f6ljande instruktioner: <\/p><p>M\u00e4t helt enkelt b\u00e5de fram- och sidof\u00f6nstren fr\u00e5n ena sidan av f\u00f6nsterbr\u00e4dan till den andra sidan. N\u00e4r du har dessa m\u00e5tt, subtrahera m\u00e5ttet p\u00e5 tygrullens diameter fr\u00e5n steg 1. Detta m\u00e5tt ska subtraheras fr\u00e5n b\u00e5de sidorullen och den fr\u00e4mre rullgardinen.  <\/p><p>Detta blir det slutliga breddm\u00e5ttet f\u00f6r varje rullgardin.<\/p><p><em><strong>Om ditt f\u00f6nster har handtag eller n\u00e5got som sticker ut utanf\u00f6r f\u00f6nsterbr\u00e4dan rekommenderar vi att du best\u00e4ller persiennerna med en &#8221;omv\u00e4nd rulle&#8221;. Tyget rullar sedan ner fr\u00e5n r\u00f6rets framsida och h\u00e4nger framf\u00f6r eventuella hinder. <\/strong><\/em><\/p>\t\t\t\t\t\t\t\t<\/div>\n\t\t\t\t<\/div>\n\t\t\t\t\t<\/div>\n\t\t<\/div>\n\t\t\t\t\t<\/div>\n\t\t<\/section>\n\t\t\t\t<section class=\"elementor-section elementor-top-section elementor-element elementor-element-6f85e56 elementor-section-boxed elementor-section-height-default elementor-section-height-default\" data-id=\"6f85e56\" data-element_type=\"section\" data-e-type=\"section\">\n\t\t\t\t\t\t<div class=\"elementor-container elementor-column-gap-default\">\n\t\t\t\t\t<div class=\"elementor-column elementor-col-100 elementor-top-column elementor-element elementor-element-7880eb4\" data-id=\"7880eb4\" data-element_type=\"column\" data-e-type=\"column\">\n\t\t\t<div class=\"elementor-widget-wrap elementor-element-populated\">\n\t\t\t\t\t\t<div class=\"elementor-element elementor-element-9eec597 elementor-widget elementor-widget-text-editor\" data-id=\"9eec597\" data-element_type=\"widget\" data-e-type=\"widget\" data-widget_type=\"text-editor.default\">\n\t\t\t\t<div class=\"elementor-widget-container\">\n\t\t\t\t\t\t\t\t\t<h5><span style=\"font-weight: 600;\">Steg 4<\/span> \u2013 M\u00e4t rullgardinens h\u00f6jd<\/h5><p>M\u00e4t fr\u00e5n toppen d\u00e4r rullgardinen ska monteras ner till \u00f6nskad slutpunkt (vanligtvis f\u00f6nsterbr\u00e4dan). V\u00e4nligen m\u00e4t alla f\u00f6nster, s\u00e4rskilt f\u00f6r \u00e4ldre f\u00f6nster kan dessa m\u00e5tt variera. Det slutliga h\u00f6jdm\u00e5ttet b\u00f6r anv\u00e4ndas vid best\u00e4llning av rullgardinen.  <\/p><p><em><strong>Observera att rullr\u00f6r och f\u00e4sten ing\u00e5r i den slutliga h\u00f6jden och att en plan rambit p\u00e5 minst 5 cm kr\u00e4vs f\u00f6r att montera f\u00e4stena s\u00e4kert.<\/strong><\/em><\/p>\t\t\t\t\t\t\t\t<\/div>\n\t\t\t\t<\/div>\n\t\t\t\t\t<\/div>\n\t\t<\/div>\n\t\t\t\t\t<\/div>\n\t\t<\/section>\n\t\t\t\t<section class=\"elementor-section elementor-top-section elementor-element elementor-element-abf1497 elementor-section-boxed elementor-section-height-default elementor-section-height-default\" data-id=\"abf1497\" data-element_type=\"section\" data-e-type=\"section\">\n\t\t\t\t\t\t<div class=\"elementor-container elementor-column-gap-default\">\n\t\t\t\t\t<div class=\"elementor-column elementor-col-100 elementor-top-column elementor-element elementor-element-12c6933\" data-id=\"12c6933\" data-element_type=\"column\" data-e-type=\"column\">\n\t\t\t<div class=\"elementor-widget-wrap elementor-element-populated\">\n\t\t\t\t\t\t<div class=\"elementor-element elementor-element-b9bbab2 elementor-widget elementor-widget-text-editor\" data-id=\"b9bbab2\" data-element_type=\"widget\" data-e-type=\"widget\" data-widget_type=\"text-editor.default\">\n\t\t\t\t<div class=\"elementor-widget-container\">\n\t\t\t\t\t\t\t\t\t<h5><span style=\"font-weight: 600;\">Steg 5<\/span> \u2013 Best\u00e4llning av gardiner<\/h5><p>Ange de slutliga bredd- och h\u00f6jdm\u00e5tten fr\u00e5n <strong>steg 3 och 4<\/strong> n\u00e4r du best\u00e4ller rullgardinen p\u00e5 v\u00e5r webbplats.<\/p><p><em><strong>Kontrollera alla m\u00e5tt innan du g\u00f6r din best\u00e4llning f\u00f6r att s\u00e4kerst\u00e4lla perfekt passform.<\/strong><\/em><\/p><p><a href=\"https:\/\/colorco.dk\/sv\/faq\/\">L\u00e4s \u00e4ven v\u00e5r sida med vanliga fr\u00e5gor f\u00f6r allm\u00e4nna fr\u00e5gor om gardinerna.<\/a><\/p><p><a href=\"https:\/\/colorco.dk\/sv\/kontakta-oss\/\">Om du \u00e4r os\u00e4ker, v\u00e4nligen kontakta oss f\u00f6r v\u00e4gledning.<\/a><\/p>\t\t\t\t\t\t\t\t<\/div>\n\t\t\t\t<\/div>\n\t\t\t\t\t<\/div>\n\t\t<\/div>\n\t\t\t\t\t<\/div>\n\t\t<\/section>\n\t\t\t\t<\/div>\n\t\t","protected":false},"excerpt":{"rendered":"<p>M\u00e4tning av rullgardiner med kedjedrag &#8211; h\u00f6rnf\u00f6nster Steg 1 \u2013 Hitta rullstorleken F\u00f6rst beh\u00f6ver du veta den ungef\u00e4rliga diametern p\u00e5 tygrullen p\u00e5 den installerade rullgardinen. Hitta den ungef\u00e4rliga storleken p\u00e5 rullgardinsrullen med hj\u00e4lp av tabellen till h\u00f6ger. Steg 2 \u2013 Best\u00e4m hur du ska installera rullgardinerna D\u00e4refter beh\u00f6ver du best\u00e4mma hur du vill installera rullgardinerna [&hellip;]<\/p>\n","protected":false},"author":2,"featured_media":0,"parent":0,"menu_order":0,"comment_status":"closed","ping_status":"closed","template":"","meta":{"footnotes":""},"class_list":["post-38438","page","type-page","status-publish","hentry"],"aioseo_notices":[],"_links":{"self":[{"href":"https:\/\/colorco.dk\/sv\/wp-json\/wp\/v2\/pages\/38438","targetHints":{"allow":["GET"]}}],"collection":[{"href":"https:\/\/colorco.dk\/sv\/wp-json\/wp\/v2\/pages"}],"about":[{"href":"https:\/\/colorco.dk\/sv\/wp-json\/wp\/v2\/types\/page"}],"author":[{"embeddable":true,"href":"https:\/\/colorco.dk\/sv\/wp-json\/wp\/v2\/users\/2"}],"replies":[{"embeddable":true,"href":"https:\/\/colorco.dk\/sv\/wp-json\/wp\/v2\/comments?post=38438"}],"version-history":[{"count":0,"href":"https:\/\/colorco.dk\/sv\/wp-json\/wp\/v2\/pages\/38438\/revisions"}],"wp:attachment":[{"href":"https:\/\/colorco.dk\/sv\/wp-json\/wp\/v2\/media?parent=38438"}],"curies":[{"name":"wp","href":"https:\/\/api.w.org\/{rel}","templated":true}]}}