{"id":38494,"date":"2026-02-13T13:50:07","date_gmt":"2026-02-13T12:50:07","guid":{"rendered":"https:\/\/colorco.dk\/maatter-upp-til-rullgardiner-med-snoeredrag-utvaendig-montering\/"},"modified":"2026-02-19T09:39:11","modified_gmt":"2026-02-19T08:39:11","slug":"maatter-upp-til-rullgardiner-med-snoeredrag-utvaendig-montering","status":"publish","type":"page","link":"https:\/\/colorco.dk\/sv\/maatter-upp-til-rullgardiner-med-snoeredrag-utvaendig-montering\/","title":{"rendered":"M\u00e5tter upp til rullgardiner med sn\u00f6redrag utv\u00e4ndig montering"},"content":{"rendered":"\t\t<div data-elementor-type=\"wp-page\" data-elementor-id=\"38494\" class=\"elementor elementor-38494 elementor-38231\" data-elementor-post-type=\"page\">\n\t\t\t\t\t\t<section class=\"elementor-section elementor-top-section elementor-element elementor-element-07481a8 elementor-section-boxed elementor-section-height-default elementor-section-height-default\" data-id=\"07481a8\" data-element_type=\"section\" data-e-type=\"section\">\n\t\t\t\t\t\t<div class=\"elementor-container elementor-column-gap-default\">\n\t\t\t\t\t<div class=\"elementor-column elementor-col-100 elementor-top-column elementor-element elementor-element-82349cd\" data-id=\"82349cd\" data-element_type=\"column\" data-e-type=\"column\">\n\t\t\t<div class=\"elementor-widget-wrap elementor-element-populated\">\n\t\t\t\t\t\t<div class=\"elementor-element elementor-element-728c749 elementor-widget elementor-widget-heading\" data-id=\"728c749\" data-element_type=\"widget\" data-e-type=\"widget\" data-widget_type=\"heading.default\">\n\t\t\t\t<div class=\"elementor-widget-container\">\n\t\t\t\t\t<h2 class=\"elementor-heading-title elementor-size-default\">M\u00e5tter upp til rullgardiner med sn\u00f6redrag \u2013 utv\u00e4ndig montering<\/h2>\t\t\t\t<\/div>\n\t\t\t\t<\/div>\n\t\t\t\t\t<\/div>\n\t\t<\/div>\n\t\t\t\t\t<\/div>\n\t\t<\/section>\n\t\t\t\t<section class=\"elementor-section elementor-top-section elementor-element elementor-element-25b74a5 elementor-section-boxed elementor-section-height-default elementor-section-height-default\" data-id=\"25b74a5\" data-element_type=\"section\" data-e-type=\"section\">\n\t\t\t\t\t\t<div class=\"elementor-container elementor-column-gap-default\">\n\t\t\t\t\t<div class=\"elementor-column elementor-col-100 elementor-top-column elementor-element elementor-element-0ce7905\" data-id=\"0ce7905\" data-element_type=\"column\" data-e-type=\"column\">\n\t\t\t<div class=\"elementor-widget-wrap elementor-element-populated\">\n\t\t\t\t\t\t<section class=\"elementor-section elementor-inner-section elementor-element elementor-element-d2a6c12 elementor-section-boxed elementor-section-height-default elementor-section-height-default\" data-id=\"d2a6c12\" data-element_type=\"section\" data-e-type=\"section\">\n\t\t\t\t\t\t<div class=\"elementor-container elementor-column-gap-default\">\n\t\t\t\t\t<div class=\"elementor-column elementor-col-50 elementor-inner-column elementor-element elementor-element-5751332\" data-id=\"5751332\" data-element_type=\"column\" data-e-type=\"column\">\n\t\t\t<div class=\"elementor-widget-wrap elementor-element-populated\">\n\t\t\t\t\t\t<div class=\"elementor-element elementor-element-f0600e4 elementor-widget elementor-widget-text-editor\" data-id=\"f0600e4\" data-element_type=\"widget\" data-e-type=\"widget\" data-widget_type=\"text-editor.default\">\n\t\t\t\t<div class=\"elementor-widget-container\">\n\t\t\t\t\t\t\t\t\t<p><strong>Steg 1<\/strong> \u2013 Anv\u00e4nd ett m\u00e5ttband f\u00f6r att m\u00e4ta f\u00f6nstret. M\u00e4t f\u00f6rst bredden upptill p\u00e5 f\u00f6nstret, sedan i mitten och till sist nertill. <\/p><p><strong>Steg 2<\/strong> \u2013 Notera det st\u00f6rsta m\u00e5ttet. L\u00e4gg till minst 10 centimeter till detta m\u00e5tt, detta blir gardinens f\u00e4rdiga bredd. Detta m\u00e5tt anges p\u00e5 webbplatsen som breddm\u00e5tt. Den f\u00e4rdiga rullgardinen kommer att ha detta m\u00e5tt, s\u00e5 v\u00e4lj en bredd som t\u00e4cker ditt f\u00f6nster helt. Ta h\u00e4nsyn till eventuella hinder som f\u00f6nsterkarmen etc. n\u00e4r du g\u00f6r detta.    <\/p><p><strong>Steg 3<\/strong> \u2013 M\u00e4t sedan h\u00f6jden. M\u00e4t fr\u00e5n f\u00f6nstrets ovansida ner till f\u00f6nsterbr\u00e4dan. Detta \u00e4r gardinens h\u00f6jd.  <\/p><p>Skriv ner det minsta m\u00e5ttet. Vi rekommenderar att ha en liten rulle tyg p\u00e5 minst 10-15 cm l\u00e4ngst ner p\u00e5 gardinen, detta hj\u00e4lper till med vikt och stabilitet. Det g\u00f6r det ocks\u00e5 l\u00e4ttare att rulla upp och ner.  <\/p><p><strong>Om dina f\u00f6nsterkarmar till exempel \u00e4r 90 cm breda och 120 cm h\u00f6ga b\u00f6r du g\u00f6ra s\u00e5 h\u00e4r:<\/strong><\/p><p>90 cm + 10 cm = F\u00e4rdig gardinbredd \u00e4r 100 cm<br> 120 cm + 10 cm = F\u00e4rdig gardinh\u00f6jd 130 cm<\/p><p>Alla specialbest\u00e4llda gardiner \u00e4r handgjorda av v\u00e5rt produktionsteam och tillverkas p\u00e5 best\u00e4llning. Det \u00e4r d\u00e4rf\u00f6r viktigt att m\u00e5tten du anger \u00e4r helt korrekta, eftersom vi inte kan justera dem i efterhand. <\/p><p>Varje gardin \u00e4r unik och p\u00e5 grund av lamellernas konstruktion och gardinernas v\u00e4vning kan vi inte garantera att den passar dina m\u00e5tt till 100 %. Det finns en felmarginal p\u00e5 upp till 0,5 cm. <\/p><p><a href=\"https:\/\/colorco.dk\/sv\/faq\/\">L\u00e4s g\u00e4rna v\u00e5ra vanliga fr\u00e5gor om v\u00e5ra gardiner.<\/a><\/p><p><a href=\"https:\/\/colorco.dk\/sv\/kontakta-oss\/\">Om du \u00e4r os\u00e4ker, v\u00e4nligen kontakta oss f\u00f6r v\u00e4gledning.<\/a><\/p>\t\t\t\t\t\t\t\t<\/div>\n\t\t\t\t<\/div>\n\t\t\t\t\t<\/div>\n\t\t<\/div>\n\t\t\t\t<div class=\"elementor-column elementor-col-50 elementor-inner-column elementor-element elementor-element-3d4b493\" data-id=\"3d4b493\" data-element_type=\"column\" data-e-type=\"column\">\n\t\t\t<div class=\"elementor-widget-wrap elementor-element-populated\">\n\t\t\t\t\t\t<div class=\"elementor-element elementor-element-08f4617 elementor-widget elementor-widget-video\" data-id=\"08f4617\" data-element_type=\"widget\" data-e-type=\"widget\" data-settings=\"{&quot;youtube_url&quot;:&quot;https:\\\/\\\/www.youtube.com\\\/watch?v=IcfFoIMn6L0&quot;,&quot;video_type&quot;:&quot;youtube&quot;,&quot;controls&quot;:&quot;yes&quot;}\" data-widget_type=\"video.default\">\n\t\t\t\t<div class=\"elementor-widget-container\">\n\t\t\t\t\t\t\t<div class=\"elementor-wrapper elementor-open-inline\">\n\t\t\t<div class=\"elementor-video\"><\/div>\t\t<\/div>\n\t\t\t\t\t\t<\/div>\n\t\t\t\t<\/div>\n\t\t\t\t<div class=\"elementor-element elementor-element-8dcc978 elementor-widget elementor-widget-text-editor\" data-id=\"8dcc978\" data-element_type=\"widget\" data-e-type=\"widget\" data-widget_type=\"text-editor.default\">\n\t\t\t\t<div class=\"elementor-widget-container\">\n\t\t\t\t\t\t\t\t\t<p><em>Se instruktionsvideon ovan. Den \u00e4r p\u00e5 engelska. Om du vill ha den med danska undertexter m\u00e5ste du \u00f6ppna den p\u00e5 Youtube, d\u00e4r detta kan v\u00e4ljas.  <\/em><\/p>\t\t\t\t\t\t\t\t<\/div>\n\t\t\t\t<\/div>\n\t\t\t\t\t<\/div>\n\t\t<\/div>\n\t\t\t\t\t<\/div>\n\t\t<\/section>\n\t\t\t\t\t<\/div>\n\t\t<\/div>\n\t\t\t\t\t<\/div>\n\t\t<\/section>\n\t\t\t\t<\/div>\n\t\t","protected":false},"excerpt":{"rendered":"<p>M\u00e5tter upp til rullgardiner med sn\u00f6redrag \u2013 utv\u00e4ndig montering Steg 1 \u2013 Anv\u00e4nd ett m\u00e5ttband f\u00f6r att m\u00e4ta f\u00f6nstret. M\u00e4t f\u00f6rst bredden upptill p\u00e5 f\u00f6nstret, sedan i mitten och till sist nertill. Steg 2 \u2013 Notera det st\u00f6rsta m\u00e5ttet. L\u00e4gg till minst 10 centimeter till detta m\u00e5tt, detta blir gardinens f\u00e4rdiga bredd. Detta m\u00e5tt anges [&hellip;]<\/p>\n","protected":false},"author":2,"featured_media":0,"parent":0,"menu_order":0,"comment_status":"closed","ping_status":"closed","template":"","meta":{"footnotes":""},"class_list":["post-38494","page","type-page","status-publish","hentry"],"aioseo_notices":[],"_links":{"self":[{"href":"https:\/\/colorco.dk\/sv\/wp-json\/wp\/v2\/pages\/38494","targetHints":{"allow":["GET"]}}],"collection":[{"href":"https:\/\/colorco.dk\/sv\/wp-json\/wp\/v2\/pages"}],"about":[{"href":"https:\/\/colorco.dk\/sv\/wp-json\/wp\/v2\/types\/page"}],"author":[{"embeddable":true,"href":"https:\/\/colorco.dk\/sv\/wp-json\/wp\/v2\/users\/2"}],"replies":[{"embeddable":true,"href":"https:\/\/colorco.dk\/sv\/wp-json\/wp\/v2\/comments?post=38494"}],"version-history":[{"count":0,"href":"https:\/\/colorco.dk\/sv\/wp-json\/wp\/v2\/pages\/38494\/revisions"}],"wp:attachment":[{"href":"https:\/\/colorco.dk\/sv\/wp-json\/wp\/v2\/media?parent=38494"}],"curies":[{"name":"wp","href":"https:\/\/api.w.org\/{rel}","templated":true}]}}