{"id":38495,"date":"2026-02-13T13:28:19","date_gmt":"2026-02-13T12:28:19","guid":{"rendered":"https:\/\/colorco.dk\/maatter-upp-til-rullgardiner-med-snoeredrag-burspraak\/"},"modified":"2026-02-17T11:09:35","modified_gmt":"2026-02-17T10:09:35","slug":"maatter-upp-til-rullgardiner-med-snoeredrag-burspraak","status":"publish","type":"page","link":"https:\/\/colorco.dk\/sv\/maatter-upp-til-rullgardiner-med-snoeredrag-burspraak\/","title":{"rendered":"M\u00e5tter upp til rullgardiner med sn\u00f6redrag &#8211; burspr\u00e5k"},"content":{"rendered":"\t\t<div data-elementor-type=\"wp-page\" data-elementor-id=\"38495\" class=\"elementor elementor-38495 elementor-37732\" data-elementor-post-type=\"page\">\n\t\t\t\t\t\t<section class=\"elementor-section elementor-top-section elementor-element elementor-element-ec81ff4 elementor-section-boxed elementor-section-height-default elementor-section-height-default\" data-id=\"ec81ff4\" data-element_type=\"section\" data-e-type=\"section\">\n\t\t\t\t\t\t<div class=\"elementor-container elementor-column-gap-default\">\n\t\t\t\t\t<div class=\"elementor-column elementor-col-100 elementor-top-column elementor-element elementor-element-1598717\" data-id=\"1598717\" data-element_type=\"column\" data-e-type=\"column\">\n\t\t\t<div class=\"elementor-widget-wrap elementor-element-populated\">\n\t\t\t\t\t\t<div class=\"elementor-element elementor-element-fbe75e0 elementor-widget elementor-widget-heading\" data-id=\"fbe75e0\" data-element_type=\"widget\" data-e-type=\"widget\" data-widget_type=\"heading.default\">\n\t\t\t\t<div class=\"elementor-widget-container\">\n\t\t\t\t\t<h2 class=\"elementor-heading-title elementor-size-default\">M\u00e5tter upp til rullgardiner med sn\u00f6redrag - burspr\u00e5k<\/h2>\t\t\t\t<\/div>\n\t\t\t\t<\/div>\n\t\t\t\t\t<\/div>\n\t\t<\/div>\n\t\t\t\t\t<\/div>\n\t\t<\/section>\n\t\t\t\t<section class=\"elementor-section elementor-top-section elementor-element elementor-element-6b83e8c elementor-section-boxed elementor-section-height-default elementor-section-height-default\" data-id=\"6b83e8c\" data-element_type=\"section\" data-e-type=\"section\">\n\t\t\t\t\t\t<div class=\"elementor-container elementor-column-gap-default\">\n\t\t\t\t\t<div class=\"elementor-column elementor-col-100 elementor-top-column elementor-element elementor-element-ba40593\" data-id=\"ba40593\" data-element_type=\"column\" data-e-type=\"column\">\n\t\t\t<div class=\"elementor-widget-wrap elementor-element-populated\">\n\t\t\t\t\t\t<div class=\"elementor-element elementor-element-f7a2042 elementor-widget elementor-widget-text-editor\" data-id=\"f7a2042\" data-element_type=\"widget\" data-e-type=\"widget\" data-widget_type=\"text-editor.default\">\n\t\t\t\t<div class=\"elementor-widget-container\">\n\t\t\t\t\t\t\t\t\t<h5>Hitta f\u00f6ljande<\/h5><p>Du beh\u00f6ver:<\/p><ul><li>Tv\u00e5 ark papper eller kartong i A4- eller A5-format<\/li><li>En penna<\/li><li>Ett m\u00e5ttband<\/li><li>En linjal<\/li><\/ul>\t\t\t\t\t\t\t\t<\/div>\n\t\t\t\t<\/div>\n\t\t\t\t\t<\/div>\n\t\t<\/div>\n\t\t\t\t\t<\/div>\n\t\t<\/section>\n\t\t\t\t<section class=\"elementor-section elementor-top-section elementor-element elementor-element-58d553c elementor-section-boxed elementor-section-height-default elementor-section-height-default\" data-id=\"58d553c\" data-element_type=\"section\" data-e-type=\"section\">\n\t\t\t\t\t\t<div class=\"elementor-container elementor-column-gap-default\">\n\t\t\t\t\t<div class=\"elementor-column elementor-col-50 elementor-top-column elementor-element elementor-element-0c360b4\" data-id=\"0c360b4\" data-element_type=\"column\" data-e-type=\"column\">\n\t\t\t<div class=\"elementor-widget-wrap elementor-element-populated\">\n\t\t\t\t\t\t<div class=\"elementor-element elementor-element-532f6b2 elementor-widget elementor-widget-text-editor\" data-id=\"532f6b2\" data-element_type=\"widget\" data-e-type=\"widget\" data-widget_type=\"text-editor.default\">\n\t\t\t\t<div class=\"elementor-widget-container\">\n\t\t\t\t\t\t\t\t\t<h5><strong>Steg 1<\/strong> \u2013 Hitta rullstorleken<\/h5><p>F\u00f6rst beh\u00f6ver du veta den ungef\u00e4rliga diametern p\u00e5 tygrullen p\u00e5 den installerade rullgardinen. Hitta den ungef\u00e4rliga storleken p\u00e5 rullgardinsrullen med hj\u00e4lp av tabellen till h\u00f6ger. <\/p>\t\t\t\t\t\t\t\t<\/div>\n\t\t\t\t<\/div>\n\t\t\t\t\t<\/div>\n\t\t<\/div>\n\t\t\t\t<div class=\"elementor-column elementor-col-50 elementor-top-column elementor-element elementor-element-55aca5d\" data-id=\"55aca5d\" data-element_type=\"column\" data-e-type=\"column\">\n\t\t\t<div class=\"elementor-widget-wrap elementor-element-populated\">\n\t\t\t\t\t\t<div class=\"elementor-element elementor-element-f455457 elementor-widget__width-initial elementor-widget elementor-widget-image\" data-id=\"f455457\" data-element_type=\"widget\" data-e-type=\"widget\" data-widget_type=\"image.default\">\n\t\t\t\t<div class=\"elementor-widget-container\">\n\t\t\t\t\t\t\t\t\t\t\t\t\t\t\t<img fetchpriority=\"high\" decoding=\"async\" width=\"1024\" height=\"529\" src=\"https:\/\/colorco.dk\/wp-content\/uploads\/2026\/02\/colorco-measure-cord-table-1024x529.jpg\" class=\"attachment-large size-large wp-image-37828\" alt=\"\" srcset=\"https:\/\/colorco.dk\/wp-content\/uploads\/2026\/02\/colorco-measure-cord-table-1024x529.jpg 1024w, https:\/\/colorco.dk\/wp-content\/uploads\/2026\/02\/colorco-measure-cord-table-300x155.jpg 300w, https:\/\/colorco.dk\/wp-content\/uploads\/2026\/02\/colorco-measure-cord-table-768x397.jpg 768w, https:\/\/colorco.dk\/wp-content\/uploads\/2026\/02\/colorco-measure-cord-table-990x511.jpg 990w, https:\/\/colorco.dk\/wp-content\/uploads\/2026\/02\/colorco-measure-cord-table-441x228.jpg 441w, https:\/\/colorco.dk\/wp-content\/uploads\/2026\/02\/colorco-measure-cord-table-800x413.jpg 800w, https:\/\/colorco.dk\/wp-content\/uploads\/2026\/02\/colorco-measure-cord-table-150x77.jpg 150w, https:\/\/colorco.dk\/wp-content\/uploads\/2026\/02\/colorco-measure-cord-table.jpg 1462w\" sizes=\"(max-width: 1024px) 100vw, 1024px\" \/>\t\t\t\t\t\t\t\t\t\t\t\t\t\t\t<\/div>\n\t\t\t\t<\/div>\n\t\t\t\t\t<\/div>\n\t\t<\/div>\n\t\t\t\t\t<\/div>\n\t\t<\/section>\n\t\t\t\t<section class=\"elementor-section elementor-top-section elementor-element elementor-element-869a040 elementor-section-boxed elementor-section-height-default elementor-section-height-default\" data-id=\"869a040\" data-element_type=\"section\" data-e-type=\"section\">\n\t\t\t\t\t\t<div class=\"elementor-container elementor-column-gap-default\">\n\t\t\t\t\t<div class=\"elementor-column elementor-col-50 elementor-top-column elementor-element elementor-element-c45913a\" data-id=\"c45913a\" data-element_type=\"column\" data-e-type=\"column\">\n\t\t\t<div class=\"elementor-widget-wrap elementor-element-populated\">\n\t\t\t\t\t\t<div class=\"elementor-element elementor-element-cd4a559 elementor-widget elementor-widget-text-editor\" data-id=\"cd4a559\" data-element_type=\"widget\" data-e-type=\"widget\" data-widget_type=\"text-editor.default\">\n\t\t\t\t<div class=\"elementor-widget-container\">\n\t\t\t\t\t\t\t\t\t<h5><span style=\"font-weight: 600;\">Steg 2<\/span> \u2013 Hitta rullens vinkel<\/h5><p>D\u00e4refter m\u00e5ste du best\u00e4mma vinkeln p\u00e5 burspr\u00e5ken f\u00f6r att s\u00e4kerst\u00e4lla att rullgardinerna kan h\u00e4nga snyggt sida vid sida.<\/p><p>Ta de tv\u00e5 pappersarken och l\u00e4gg dem bredvid varandra, kant mot kant.<\/p><p><strong>A.<\/strong> Anv\u00e4nd en penna f\u00f6r att g\u00f6ra ett m\u00e4rke p\u00e5 dem baserat p\u00e5 rullens diameter. Om rullgardinens diameter \u00e4r ungef\u00e4r 10 cm, anv\u00e4nd linjalen f\u00f6r att g\u00f6ra ett 10 cm-m\u00e4rke med en penna. <\/p><p><strong>B.<\/strong> Placera sedan de tv\u00e5 pappersarken sida vid sida men i en vinkel l\u00e4ngs f\u00f6nsterbr\u00e4dan. N\u00e4r blyertsstrecken m\u00f6ts, anv\u00e4nd blyertspennan f\u00f6r att g\u00f6ra ett litet m\u00e4rke p\u00e5 f\u00f6nsterbr\u00e4dan d\u00e4r papprets kant m\u00f6ter f\u00f6nsterkarmen. <\/p><p>Detta m\u00e5ste g\u00f6ras vid alla burspr\u00e5k.<\/p>\t\t\t\t\t\t\t\t<\/div>\n\t\t\t\t<\/div>\n\t\t\t\t\t<\/div>\n\t\t<\/div>\n\t\t\t\t<div class=\"elementor-column elementor-col-50 elementor-top-column elementor-element elementor-element-7974070\" data-id=\"7974070\" data-element_type=\"column\" data-e-type=\"column\">\n\t\t\t<div class=\"elementor-widget-wrap elementor-element-populated\">\n\t\t\t\t\t\t<div class=\"elementor-element elementor-element-b9719c7 elementor-widget__width-initial elementor-widget elementor-widget-image\" data-id=\"b9719c7\" data-element_type=\"widget\" data-e-type=\"widget\" data-widget_type=\"image.default\">\n\t\t\t\t<div class=\"elementor-widget-container\">\n\t\t\t\t\t\t\t\t\t\t\t\t\t\t\t<img decoding=\"async\" width=\"983\" height=\"813\" src=\"https:\/\/colorco.dk\/wp-content\/uploads\/2026\/02\/colorco-measure-bay-window.jpg\" class=\"attachment-large size-large wp-image-37754\" alt=\"\" srcset=\"https:\/\/colorco.dk\/wp-content\/uploads\/2026\/02\/colorco-measure-bay-window.jpg 983w, https:\/\/colorco.dk\/wp-content\/uploads\/2026\/02\/colorco-measure-bay-window-300x248.jpg 300w, https:\/\/colorco.dk\/wp-content\/uploads\/2026\/02\/colorco-measure-bay-window-768x635.jpg 768w, https:\/\/colorco.dk\/wp-content\/uploads\/2026\/02\/colorco-measure-bay-window-441x365.jpg 441w, https:\/\/colorco.dk\/wp-content\/uploads\/2026\/02\/colorco-measure-bay-window-800x662.jpg 800w, https:\/\/colorco.dk\/wp-content\/uploads\/2026\/02\/colorco-measure-bay-window-150x124.jpg 150w\" sizes=\"(max-width: 983px) 100vw, 983px\" \/>\t\t\t\t\t\t\t\t\t\t\t\t\t\t\t<\/div>\n\t\t\t\t<\/div>\n\t\t\t\t<div class=\"elementor-element elementor-element-796c741 elementor-widget elementor-widget-spacer\" data-id=\"796c741\" data-element_type=\"widget\" data-e-type=\"widget\" data-widget_type=\"spacer.default\">\n\t\t\t\t<div class=\"elementor-widget-container\">\n\t\t\t\t\t\t\t<div class=\"elementor-spacer\">\n\t\t\t<div class=\"elementor-spacer-inner\"><\/div>\n\t\t<\/div>\n\t\t\t\t\t\t<\/div>\n\t\t\t\t<\/div>\n\t\t\t\t<div class=\"elementor-element elementor-element-dce4c75 elementor-widget__width-initial elementor-widget elementor-widget-image\" data-id=\"dce4c75\" data-element_type=\"widget\" data-e-type=\"widget\" data-widget_type=\"image.default\">\n\t\t\t\t<div class=\"elementor-widget-container\">\n\t\t\t\t\t\t\t\t\t\t\t\t\t\t\t<img decoding=\"async\" width=\"1024\" height=\"394\" src=\"https:\/\/colorco.dk\/wp-content\/uploads\/2026\/02\/colorco-measure-bay-window2-1024x394.jpg\" class=\"attachment-large size-large wp-image-37750\" alt=\"\" srcset=\"https:\/\/colorco.dk\/wp-content\/uploads\/2026\/02\/colorco-measure-bay-window2-1024x394.jpg 1024w, https:\/\/colorco.dk\/wp-content\/uploads\/2026\/02\/colorco-measure-bay-window2-300x116.jpg 300w, https:\/\/colorco.dk\/wp-content\/uploads\/2026\/02\/colorco-measure-bay-window2-768x296.jpg 768w, https:\/\/colorco.dk\/wp-content\/uploads\/2026\/02\/colorco-measure-bay-window2-1536x592.jpg 1536w, https:\/\/colorco.dk\/wp-content\/uploads\/2026\/02\/colorco-measure-bay-window2-990x381.jpg 990w, https:\/\/colorco.dk\/wp-content\/uploads\/2026\/02\/colorco-measure-bay-window2-441x170.jpg 441w, https:\/\/colorco.dk\/wp-content\/uploads\/2026\/02\/colorco-measure-bay-window2-800x308.jpg 800w, https:\/\/colorco.dk\/wp-content\/uploads\/2026\/02\/colorco-measure-bay-window2-150x58.jpg 150w, https:\/\/colorco.dk\/wp-content\/uploads\/2026\/02\/colorco-measure-bay-window2.jpg 1620w\" sizes=\"(max-width: 1024px) 100vw, 1024px\" \/>\t\t\t\t\t\t\t\t\t\t\t\t\t\t\t<\/div>\n\t\t\t\t<\/div>\n\t\t\t\t\t<\/div>\n\t\t<\/div>\n\t\t\t\t\t<\/div>\n\t\t<\/section>\n\t\t\t\t<section class=\"elementor-section elementor-top-section elementor-element elementor-element-c6c057a elementor-section-boxed elementor-section-height-default elementor-section-height-default\" data-id=\"c6c057a\" data-element_type=\"section\" data-e-type=\"section\">\n\t\t\t\t\t\t<div class=\"elementor-container elementor-column-gap-default\">\n\t\t\t\t\t<div class=\"elementor-column elementor-col-50 elementor-top-column elementor-element elementor-element-089354d\" data-id=\"089354d\" data-element_type=\"column\" data-e-type=\"column\">\n\t\t\t<div class=\"elementor-widget-wrap elementor-element-populated\">\n\t\t\t\t\t\t<div class=\"elementor-element elementor-element-a2198af elementor-widget elementor-widget-text-editor\" data-id=\"a2198af\" data-element_type=\"widget\" data-e-type=\"widget\" data-widget_type=\"text-editor.default\">\n\t\t\t\t<div class=\"elementor-widget-container\">\n\t\t\t\t\t\t\t\t\t<h5><strong>Steg 3 &#8211; M\u00e4t rullgardinens bredd<\/strong><\/h5><p class=\"p1\"><strong>C.<\/strong> M\u00e4t sedan avst\u00e5ndet mellan vart och ett av de tv\u00e5 blyertsm\u00e4rkena som ritats p\u00e5 f\u00f6nsterbr\u00e4dan. Avst\u00e5ndet mellan de tv\u00e5 m\u00e4rkena avg\u00f6r rullgardinens bredd. Detta slutliga breddm\u00e5tt kommer att anv\u00e4ndas vid best\u00e4llning av rullgardiner med sn\u00f6redrag.  <\/p>\t\t\t\t\t\t\t\t<\/div>\n\t\t\t\t<\/div>\n\t\t\t\t\t<\/div>\n\t\t<\/div>\n\t\t\t\t<div class=\"elementor-column elementor-col-50 elementor-top-column elementor-element elementor-element-813c977\" data-id=\"813c977\" data-element_type=\"column\" data-e-type=\"column\">\n\t\t\t<div class=\"elementor-widget-wrap elementor-element-populated\">\n\t\t\t\t\t\t<div class=\"elementor-element elementor-element-764a255 elementor-widget__width-initial elementor-widget elementor-widget-image\" data-id=\"764a255\" data-element_type=\"widget\" data-e-type=\"widget\" data-widget_type=\"image.default\">\n\t\t\t\t<div class=\"elementor-widget-container\">\n\t\t\t\t\t\t\t\t\t\t\t\t\t\t\t<img loading=\"lazy\" decoding=\"async\" width=\"1024\" height=\"418\" src=\"https:\/\/colorco.dk\/wp-content\/uploads\/2026\/02\/colorco-measure-bay-window3-1024x418.jpg\" class=\"attachment-large size-large wp-image-37746\" alt=\"\" srcset=\"https:\/\/colorco.dk\/wp-content\/uploads\/2026\/02\/colorco-measure-bay-window3-1024x418.jpg 1024w, https:\/\/colorco.dk\/wp-content\/uploads\/2026\/02\/colorco-measure-bay-window3-300x123.jpg 300w, https:\/\/colorco.dk\/wp-content\/uploads\/2026\/02\/colorco-measure-bay-window3-768x314.jpg 768w, https:\/\/colorco.dk\/wp-content\/uploads\/2026\/02\/colorco-measure-bay-window3-1536x628.jpg 1536w, https:\/\/colorco.dk\/wp-content\/uploads\/2026\/02\/colorco-measure-bay-window3-990x405.jpg 990w, https:\/\/colorco.dk\/wp-content\/uploads\/2026\/02\/colorco-measure-bay-window3-441x180.jpg 441w, https:\/\/colorco.dk\/wp-content\/uploads\/2026\/02\/colorco-measure-bay-window3-800x327.jpg 800w, https:\/\/colorco.dk\/wp-content\/uploads\/2026\/02\/colorco-measure-bay-window3-150x61.jpg 150w, https:\/\/colorco.dk\/wp-content\/uploads\/2026\/02\/colorco-measure-bay-window3.jpg 1620w\" sizes=\"(max-width: 1024px) 100vw, 1024px\" \/>\t\t\t\t\t\t\t\t\t\t\t\t\t\t\t<\/div>\n\t\t\t\t<\/div>\n\t\t\t\t\t<\/div>\n\t\t<\/div>\n\t\t\t\t\t<\/div>\n\t\t<\/section>\n\t\t\t\t<section class=\"elementor-section elementor-top-section elementor-element elementor-element-971fc31 elementor-section-boxed elementor-section-height-default elementor-section-height-default\" data-id=\"971fc31\" data-element_type=\"section\" data-e-type=\"section\">\n\t\t\t\t\t\t<div class=\"elementor-container elementor-column-gap-default\">\n\t\t\t\t\t<div class=\"elementor-column elementor-col-100 elementor-top-column elementor-element elementor-element-7e4f527\" data-id=\"7e4f527\" data-element_type=\"column\" data-e-type=\"column\">\n\t\t\t<div class=\"elementor-widget-wrap elementor-element-populated\">\n\t\t\t\t\t\t<div class=\"elementor-element elementor-element-c4e7633 elementor-widget elementor-widget-text-editor\" data-id=\"c4e7633\" data-element_type=\"widget\" data-e-type=\"widget\" data-widget_type=\"text-editor.default\">\n\t\t\t\t<div class=\"elementor-widget-container\">\n\t\t\t\t\t\t\t\t\t<h5 class=\"p1\"><strong>Steg 4 \u2013 M\u00e4t rullgardinens h\u00f6jd<\/strong><\/h5><p>M\u00e4t fr\u00e5n toppen d\u00e4r rullgardiner med sn\u00f6redrag ska monteras, ner till \u00f6nskad slutpunkt (vanligtvis f\u00f6nsterbr\u00e4dan). Kontrollera detta h\u00f6jdm\u00e5tt f\u00f6r alla rullgardiner i burspr\u00e5ket, s\u00e4rskilt f\u00f6r \u00e4ldre f\u00f6nster kan dessa m\u00e5tt variera. Vi rekommenderar att du l\u00e4gger till 10 cm till det m\u00e5tt du kommer fram till, eftersom detta ger rullgardinen en vikt l\u00e4ngst ner p\u00e5 persiennen, vilket g\u00f6r det l\u00e4ttare och stabilare att rulla upp och ner den. Det slutliga h\u00f6jdm\u00e5ttet b\u00f6r anv\u00e4ndas n\u00e4r du best\u00e4ller rullgardiner med sn\u00f6redrag.   <\/p>\t\t\t\t\t\t\t\t<\/div>\n\t\t\t\t<\/div>\n\t\t\t\t\t<\/div>\n\t\t<\/div>\n\t\t\t\t\t<\/div>\n\t\t<\/section>\n\t\t\t\t<section class=\"elementor-section elementor-top-section elementor-element elementor-element-cf7c7bd elementor-section-boxed elementor-section-height-default elementor-section-height-default\" data-id=\"cf7c7bd\" data-element_type=\"section\" data-e-type=\"section\">\n\t\t\t\t\t\t<div class=\"elementor-container elementor-column-gap-default\">\n\t\t\t\t\t<div class=\"elementor-column elementor-col-100 elementor-top-column elementor-element elementor-element-0239841\" data-id=\"0239841\" data-element_type=\"column\" data-e-type=\"column\">\n\t\t\t<div class=\"elementor-widget-wrap elementor-element-populated\">\n\t\t\t\t\t\t<div class=\"elementor-element elementor-element-0a391d1 elementor-widget elementor-widget-text-editor\" data-id=\"0a391d1\" data-element_type=\"widget\" data-e-type=\"widget\" data-widget_type=\"text-editor.default\">\n\t\t\t\t<div class=\"elementor-widget-container\">\n\t\t\t\t\t\t\t\t\t<h5 class=\"p1\"><strong>Steg 5 \u2013 Best\u00e4llning av rullgardiner<\/strong><b><\/b><\/h5><p>Ange de slutliga bredd- och h\u00f6jdm\u00e5tten fr\u00e5n steg 3 och 4 n\u00e4r du best\u00e4ller rullgardinen p\u00e5 v\u00e5r webbplats.<\/p><p><em><strong>Kontrollera alla m\u00e5tt innan du best\u00e4ller f\u00f6r att s\u00e4kerst\u00e4lla att gardinerna passar.<\/strong><\/em><\/p><p>F\u00e5 svar p\u00e5 de vanligaste fr\u00e5gorna om v\u00e5ra rullgardiner <a href=\"https:\/\/colorco.dk\/sv\/faq\/\">h\u00e4r<\/a> .<\/p><p>Om du \u00e4r os\u00e4ker \u00e4r du alltid v\u00e4lkommen att <a href=\"https:\/\/colorco.dk\/sv\/kontakta-oss\/\">kontakta oss<\/a> f\u00f6r v\u00e4gledning.<\/p>\t\t\t\t\t\t\t\t<\/div>\n\t\t\t\t<\/div>\n\t\t\t\t\t<\/div>\n\t\t<\/div>\n\t\t\t\t\t<\/div>\n\t\t<\/section>\n\t\t\t\t<\/div>\n\t\t","protected":false},"excerpt":{"rendered":"<p>M\u00e5tter upp til rullgardiner med sn\u00f6redrag &#8211; burspr\u00e5k Hitta f\u00f6ljande Du beh\u00f6ver: Tv\u00e5 ark papper eller kartong i A4- eller A5-format En penna Ett m\u00e5ttband En linjal Steg 1 \u2013 Hitta rullstorleken F\u00f6rst beh\u00f6ver du veta den ungef\u00e4rliga diametern p\u00e5 tygrullen p\u00e5 den installerade rullgardinen. Hitta den ungef\u00e4rliga storleken p\u00e5 rullgardinsrullen med hj\u00e4lp av tabellen [&hellip;]<\/p>\n","protected":false},"author":2,"featured_media":0,"parent":0,"menu_order":0,"comment_status":"closed","ping_status":"closed","template":"","meta":{"footnotes":""},"class_list":["post-38495","page","type-page","status-publish","hentry"],"aioseo_notices":[],"_links":{"self":[{"href":"https:\/\/colorco.dk\/sv\/wp-json\/wp\/v2\/pages\/38495","targetHints":{"allow":["GET"]}}],"collection":[{"href":"https:\/\/colorco.dk\/sv\/wp-json\/wp\/v2\/pages"}],"about":[{"href":"https:\/\/colorco.dk\/sv\/wp-json\/wp\/v2\/types\/page"}],"author":[{"embeddable":true,"href":"https:\/\/colorco.dk\/sv\/wp-json\/wp\/v2\/users\/2"}],"replies":[{"embeddable":true,"href":"https:\/\/colorco.dk\/sv\/wp-json\/wp\/v2\/comments?post=38495"}],"version-history":[{"count":0,"href":"https:\/\/colorco.dk\/sv\/wp-json\/wp\/v2\/pages\/38495\/revisions"}],"wp:attachment":[{"href":"https:\/\/colorco.dk\/sv\/wp-json\/wp\/v2\/media?parent=38495"}],"curies":[{"name":"wp","href":"https:\/\/api.w.org\/{rel}","templated":true}]}}