{"id":38497,"date":"2026-02-13T13:24:59","date_gmt":"2026-02-13T12:24:59","guid":{"rendered":"https:\/\/colorco.dk\/maetning-av-rullgardiner-med-kedjedrag-burspraak\/"},"modified":"2026-02-18T12:49:38","modified_gmt":"2026-02-18T11:49:38","slug":"maetning-av-rullgardiner-med-kedjedrag-burspraak","status":"publish","type":"page","link":"https:\/\/colorco.dk\/sv\/maetning-av-rullgardiner-med-kedjedrag-burspraak\/","title":{"rendered":"M\u00e4tning av rullgardiner med kedjedrag &#8211; burspr\u00e5k"},"content":{"rendered":"\t\t<div data-elementor-type=\"wp-page\" data-elementor-id=\"38497\" class=\"elementor elementor-38497 elementor-37820\" data-elementor-post-type=\"page\">\n\t\t\t\t\t\t<section class=\"elementor-section elementor-top-section elementor-element elementor-element-236f294f elementor-section-boxed elementor-section-height-default elementor-section-height-default\" data-id=\"236f294f\" data-element_type=\"section\" data-e-type=\"section\">\n\t\t\t\t\t\t<div class=\"elementor-container elementor-column-gap-default\">\n\t\t\t\t\t<div class=\"elementor-column elementor-col-100 elementor-top-column elementor-element elementor-element-4336351e\" data-id=\"4336351e\" data-element_type=\"column\" data-e-type=\"column\">\n\t\t\t<div class=\"elementor-widget-wrap elementor-element-populated\">\n\t\t\t\t\t\t<div class=\"elementor-element elementor-element-5c04fbd9 elementor-widget elementor-widget-heading\" data-id=\"5c04fbd9\" data-element_type=\"widget\" data-e-type=\"widget\" data-widget_type=\"heading.default\">\n\t\t\t\t<div class=\"elementor-widget-container\">\n\t\t\t\t\t<h2 class=\"elementor-heading-title elementor-size-default\">M\u00e4tning av rullgardiner med kedjedrag - burspr\u00e5k<\/h2>\t\t\t\t<\/div>\n\t\t\t\t<\/div>\n\t\t\t\t\t<\/div>\n\t\t<\/div>\n\t\t\t\t\t<\/div>\n\t\t<\/section>\n\t\t\t\t<section class=\"elementor-section elementor-top-section elementor-element elementor-element-74baa49e elementor-section-boxed elementor-section-height-default elementor-section-height-default\" data-id=\"74baa49e\" data-element_type=\"section\" data-e-type=\"section\">\n\t\t\t\t\t\t<div class=\"elementor-container elementor-column-gap-default\">\n\t\t\t\t\t<div class=\"elementor-column elementor-col-100 elementor-top-column elementor-element elementor-element-52998be1\" data-id=\"52998be1\" data-element_type=\"column\" data-e-type=\"column\">\n\t\t\t<div class=\"elementor-widget-wrap elementor-element-populated\">\n\t\t\t\t\t\t<div class=\"elementor-element elementor-element-36baa86f elementor-widget elementor-widget-text-editor\" data-id=\"36baa86f\" data-element_type=\"widget\" data-e-type=\"widget\" data-widget_type=\"text-editor.default\">\n\t\t\t\t<div class=\"elementor-widget-container\">\n\t\t\t\t\t\t\t\t\t<h5>Hitta f\u00f6ljande<\/h5><p>Du beh\u00f6ver:<\/p><ul><li>Tv\u00e5 ark papper eller kartong i A4- eller A5-format<\/li><li>En penna<\/li><li>Ett m\u00e5ttband<\/li><li>En linjal<\/li><\/ul>\t\t\t\t\t\t\t\t<\/div>\n\t\t\t\t<\/div>\n\t\t\t\t\t<\/div>\n\t\t<\/div>\n\t\t\t\t\t<\/div>\n\t\t<\/section>\n\t\t\t\t<section class=\"elementor-section elementor-top-section elementor-element elementor-element-6b32ccdc elementor-section-boxed elementor-section-height-default elementor-section-height-default\" data-id=\"6b32ccdc\" data-element_type=\"section\" data-e-type=\"section\">\n\t\t\t\t\t\t<div class=\"elementor-container elementor-column-gap-default\">\n\t\t\t\t\t<div class=\"elementor-column elementor-col-50 elementor-top-column elementor-element elementor-element-7eabd945\" data-id=\"7eabd945\" data-element_type=\"column\" data-e-type=\"column\">\n\t\t\t<div class=\"elementor-widget-wrap elementor-element-populated\">\n\t\t\t\t\t\t<div class=\"elementor-element elementor-element-4bca209c elementor-widget elementor-widget-text-editor\" data-id=\"4bca209c\" data-element_type=\"widget\" data-e-type=\"widget\" data-widget_type=\"text-editor.default\">\n\t\t\t\t<div class=\"elementor-widget-container\">\n\t\t\t\t\t\t\t\t\t<h5><strong>Steg 1<\/strong> \u2013 Hitta rullstorleken<\/h5><p>F\u00f6rst beh\u00f6ver du veta den ungef\u00e4rliga diametern p\u00e5 tygrullen p\u00e5 den installerade rullgardinen. Hitta den ungef\u00e4rliga storleken p\u00e5 rullgardinsrullen med hj\u00e4lp av tabellen till h\u00f6ger. <\/p>\t\t\t\t\t\t\t\t<\/div>\n\t\t\t\t<\/div>\n\t\t\t\t\t<\/div>\n\t\t<\/div>\n\t\t\t\t<div class=\"elementor-column elementor-col-50 elementor-top-column elementor-element elementor-element-448e759b\" data-id=\"448e759b\" data-element_type=\"column\" data-e-type=\"column\">\n\t\t\t<div class=\"elementor-widget-wrap elementor-element-populated\">\n\t\t\t\t\t\t<div class=\"elementor-element elementor-element-4c106517 elementor-widget__width-initial elementor-widget elementor-widget-image\" data-id=\"4c106517\" data-element_type=\"widget\" data-e-type=\"widget\" data-widget_type=\"image.default\">\n\t\t\t\t<div class=\"elementor-widget-container\">\n\t\t\t\t\t\t\t\t\t\t\t\t\t\t\t<img fetchpriority=\"high\" decoding=\"async\" width=\"1024\" height=\"488\" src=\"https:\/\/colorco.dk\/wp-content\/uploads\/2026\/02\/colorco-measure-chain-table-1024x488.jpg\" class=\"attachment-large size-large wp-image-37737\" alt=\"\" srcset=\"https:\/\/colorco.dk\/wp-content\/uploads\/2026\/02\/colorco-measure-chain-table-1024x488.jpg 1024w, https:\/\/colorco.dk\/wp-content\/uploads\/2026\/02\/colorco-measure-chain-table-300x143.jpg 300w, https:\/\/colorco.dk\/wp-content\/uploads\/2026\/02\/colorco-measure-chain-table-768x366.jpg 768w, https:\/\/colorco.dk\/wp-content\/uploads\/2026\/02\/colorco-measure-chain-table-1536x733.jpg 1536w, https:\/\/colorco.dk\/wp-content\/uploads\/2026\/02\/colorco-measure-chain-table-990x472.jpg 990w, https:\/\/colorco.dk\/wp-content\/uploads\/2026\/02\/colorco-measure-chain-table-441x210.jpg 441w, https:\/\/colorco.dk\/wp-content\/uploads\/2026\/02\/colorco-measure-chain-table-800x382.jpg 800w, https:\/\/colorco.dk\/wp-content\/uploads\/2026\/02\/colorco-measure-chain-table-150x72.jpg 150w, https:\/\/colorco.dk\/wp-content\/uploads\/2026\/02\/colorco-measure-chain-table.jpg 1719w\" sizes=\"(max-width: 1024px) 100vw, 1024px\" \/>\t\t\t\t\t\t\t\t\t\t\t\t\t\t\t<\/div>\n\t\t\t\t<\/div>\n\t\t\t\t\t<\/div>\n\t\t<\/div>\n\t\t\t\t\t<\/div>\n\t\t<\/section>\n\t\t\t\t<section class=\"elementor-section elementor-top-section elementor-element elementor-element-7622d349 elementor-section-boxed elementor-section-height-default elementor-section-height-default\" data-id=\"7622d349\" data-element_type=\"section\" data-e-type=\"section\">\n\t\t\t\t\t\t<div class=\"elementor-container elementor-column-gap-default\">\n\t\t\t\t\t<div class=\"elementor-column elementor-col-50 elementor-top-column elementor-element elementor-element-65b3b452\" data-id=\"65b3b452\" data-element_type=\"column\" data-e-type=\"column\">\n\t\t\t<div class=\"elementor-widget-wrap elementor-element-populated\">\n\t\t\t\t\t\t<div class=\"elementor-element elementor-element-1e3c7768 elementor-widget elementor-widget-text-editor\" data-id=\"1e3c7768\" data-element_type=\"widget\" data-e-type=\"widget\" data-widget_type=\"text-editor.default\">\n\t\t\t\t<div class=\"elementor-widget-container\">\n\t\t\t\t\t\t\t\t\t<h5><span style=\"font-weight: 600;\">Steg 2<\/span> \u2013 Hitta rullens vinkel<\/h5><p>D\u00e4refter m\u00e5ste du best\u00e4mma vinkeln p\u00e5 burspr\u00e5ken f\u00f6r att s\u00e4kerst\u00e4lla att rullgardinerna kan h\u00e4nga snyggt sida vid sida.<\/p><p>Ta de tv\u00e5 pappersarken och l\u00e4gg dem bredvid varandra, kant mot kant.<\/p><p><strong>A.<\/strong> Anv\u00e4nd en penna f\u00f6r att g\u00f6ra ett m\u00e4rke p\u00e5 dem baserat p\u00e5 rullens diameter. Om rullgardinens diameter \u00e4r ungef\u00e4r 10 cm, anv\u00e4nd linjalen f\u00f6r att g\u00f6ra ett 10 cm-m\u00e4rke med en penna. <\/p><p><strong>B.<\/strong> Placera sedan de tv\u00e5 pappersarken sida vid sida men i en vinkel l\u00e4ngs f\u00f6nsterbr\u00e4dan. N\u00e4r blyertsstrecken m\u00f6ts, anv\u00e4nd blyertspennan f\u00f6r att g\u00f6ra ett litet m\u00e4rke p\u00e5 f\u00f6nsterbr\u00e4dan d\u00e4r papprets kant m\u00f6ter f\u00f6nsterkarmen. <\/p><p>Detta m\u00e5ste g\u00f6ras vid alla burspr\u00e5k.<\/p>\t\t\t\t\t\t\t\t<\/div>\n\t\t\t\t<\/div>\n\t\t\t\t\t<\/div>\n\t\t<\/div>\n\t\t\t\t<div class=\"elementor-column elementor-col-50 elementor-top-column elementor-element elementor-element-1219fe1d\" data-id=\"1219fe1d\" data-element_type=\"column\" data-e-type=\"column\">\n\t\t\t<div class=\"elementor-widget-wrap elementor-element-populated\">\n\t\t\t\t\t\t<div class=\"elementor-element elementor-element-6262ef92 elementor-widget__width-initial elementor-widget elementor-widget-image\" data-id=\"6262ef92\" data-element_type=\"widget\" data-e-type=\"widget\" data-widget_type=\"image.default\">\n\t\t\t\t<div class=\"elementor-widget-container\">\n\t\t\t\t\t\t\t\t\t\t\t\t\t\t\t<img decoding=\"async\" width=\"983\" height=\"813\" src=\"https:\/\/colorco.dk\/wp-content\/uploads\/2026\/02\/colorco-measure-bay-window.jpg\" class=\"attachment-large size-large wp-image-37757\" alt=\"\" srcset=\"https:\/\/colorco.dk\/wp-content\/uploads\/2026\/02\/colorco-measure-bay-window.jpg 983w, https:\/\/colorco.dk\/wp-content\/uploads\/2026\/02\/colorco-measure-bay-window-300x248.jpg 300w, https:\/\/colorco.dk\/wp-content\/uploads\/2026\/02\/colorco-measure-bay-window-768x635.jpg 768w, https:\/\/colorco.dk\/wp-content\/uploads\/2026\/02\/colorco-measure-bay-window-441x365.jpg 441w, https:\/\/colorco.dk\/wp-content\/uploads\/2026\/02\/colorco-measure-bay-window-800x662.jpg 800w, https:\/\/colorco.dk\/wp-content\/uploads\/2026\/02\/colorco-measure-bay-window-150x124.jpg 150w\" sizes=\"(max-width: 983px) 100vw, 983px\" \/>\t\t\t\t\t\t\t\t\t\t\t\t\t\t\t<\/div>\n\t\t\t\t<\/div>\n\t\t\t\t<div class=\"elementor-element elementor-element-6d2bd4aa elementor-widget elementor-widget-spacer\" data-id=\"6d2bd4aa\" data-element_type=\"widget\" data-e-type=\"widget\" data-widget_type=\"spacer.default\">\n\t\t\t\t<div class=\"elementor-widget-container\">\n\t\t\t\t\t\t\t<div class=\"elementor-spacer\">\n\t\t\t<div class=\"elementor-spacer-inner\"><\/div>\n\t\t<\/div>\n\t\t\t\t\t\t<\/div>\n\t\t\t\t<\/div>\n\t\t\t\t<div class=\"elementor-element elementor-element-44d50ba3 elementor-widget__width-initial elementor-widget elementor-widget-image\" data-id=\"44d50ba3\" data-element_type=\"widget\" data-e-type=\"widget\" data-widget_type=\"image.default\">\n\t\t\t\t<div class=\"elementor-widget-container\">\n\t\t\t\t\t\t\t\t\t\t\t\t\t\t\t<img decoding=\"async\" width=\"1024\" height=\"394\" src=\"https:\/\/colorco.dk\/wp-content\/uploads\/2026\/02\/colorco-measure-bay-window2-1024x394.jpg\" class=\"attachment-large size-large wp-image-37753\" alt=\"\" srcset=\"https:\/\/colorco.dk\/wp-content\/uploads\/2026\/02\/colorco-measure-bay-window2-1024x394.jpg 1024w, https:\/\/colorco.dk\/wp-content\/uploads\/2026\/02\/colorco-measure-bay-window2-300x116.jpg 300w, https:\/\/colorco.dk\/wp-content\/uploads\/2026\/02\/colorco-measure-bay-window2-768x296.jpg 768w, https:\/\/colorco.dk\/wp-content\/uploads\/2026\/02\/colorco-measure-bay-window2-1536x592.jpg 1536w, https:\/\/colorco.dk\/wp-content\/uploads\/2026\/02\/colorco-measure-bay-window2-990x381.jpg 990w, https:\/\/colorco.dk\/wp-content\/uploads\/2026\/02\/colorco-measure-bay-window2-441x170.jpg 441w, https:\/\/colorco.dk\/wp-content\/uploads\/2026\/02\/colorco-measure-bay-window2-800x308.jpg 800w, https:\/\/colorco.dk\/wp-content\/uploads\/2026\/02\/colorco-measure-bay-window2-150x58.jpg 150w, https:\/\/colorco.dk\/wp-content\/uploads\/2026\/02\/colorco-measure-bay-window2.jpg 1620w\" sizes=\"(max-width: 1024px) 100vw, 1024px\" \/>\t\t\t\t\t\t\t\t\t\t\t\t\t\t\t<\/div>\n\t\t\t\t<\/div>\n\t\t\t\t\t<\/div>\n\t\t<\/div>\n\t\t\t\t\t<\/div>\n\t\t<\/section>\n\t\t\t\t<section class=\"elementor-section elementor-top-section elementor-element elementor-element-69319a78 elementor-section-boxed elementor-section-height-default elementor-section-height-default\" data-id=\"69319a78\" data-element_type=\"section\" data-e-type=\"section\">\n\t\t\t\t\t\t<div class=\"elementor-container elementor-column-gap-default\">\n\t\t\t\t\t<div class=\"elementor-column elementor-col-50 elementor-top-column elementor-element elementor-element-659dba74\" data-id=\"659dba74\" data-element_type=\"column\" data-e-type=\"column\">\n\t\t\t<div class=\"elementor-widget-wrap elementor-element-populated\">\n\t\t\t\t\t\t<div class=\"elementor-element elementor-element-715af576 elementor-widget elementor-widget-text-editor\" data-id=\"715af576\" data-element_type=\"widget\" data-e-type=\"widget\" data-widget_type=\"text-editor.default\">\n\t\t\t\t<div class=\"elementor-widget-container\">\n\t\t\t\t\t\t\t\t\t<h5><strong>Steg 3 &#8211; M\u00e4t rullgardinens bredd<\/strong><\/h5><p class=\"p1\"><strong>C.<\/strong> M\u00e4t sedan avst\u00e5ndet mellan vart och ett av de tv\u00e5 blyertsm\u00e4rkena som ritats p\u00e5 f\u00f6nsterbr\u00e4dan. Avst\u00e5ndet mellan de tv\u00e5 m\u00e4rkena avg\u00f6r rullgardinens bredd. L\u00e4gg sedan till 0,4 cm till detta m\u00e5tt. Detta slutliga breddm\u00e5tt kommer att anv\u00e4ndas vid best\u00e4llning av rullgardinen med kedjedrag.   <\/p>\t\t\t\t\t\t\t\t<\/div>\n\t\t\t\t<\/div>\n\t\t\t\t\t<\/div>\n\t\t<\/div>\n\t\t\t\t<div class=\"elementor-column elementor-col-50 elementor-top-column elementor-element elementor-element-374da721\" data-id=\"374da721\" data-element_type=\"column\" data-e-type=\"column\">\n\t\t\t<div class=\"elementor-widget-wrap elementor-element-populated\">\n\t\t\t\t\t\t<div class=\"elementor-element elementor-element-6d277038 elementor-widget__width-initial elementor-widget elementor-widget-image\" data-id=\"6d277038\" data-element_type=\"widget\" data-e-type=\"widget\" data-widget_type=\"image.default\">\n\t\t\t\t<div class=\"elementor-widget-container\">\n\t\t\t\t\t\t\t\t\t\t\t\t\t\t\t<img loading=\"lazy\" decoding=\"async\" width=\"1024\" height=\"418\" src=\"https:\/\/colorco.dk\/wp-content\/uploads\/2026\/02\/colorco-measure-bay-window3-1024x418.jpg\" class=\"attachment-large size-large wp-image-37749\" alt=\"\" srcset=\"https:\/\/colorco.dk\/wp-content\/uploads\/2026\/02\/colorco-measure-bay-window3-1024x418.jpg 1024w, https:\/\/colorco.dk\/wp-content\/uploads\/2026\/02\/colorco-measure-bay-window3-300x123.jpg 300w, https:\/\/colorco.dk\/wp-content\/uploads\/2026\/02\/colorco-measure-bay-window3-768x314.jpg 768w, https:\/\/colorco.dk\/wp-content\/uploads\/2026\/02\/colorco-measure-bay-window3-1536x628.jpg 1536w, https:\/\/colorco.dk\/wp-content\/uploads\/2026\/02\/colorco-measure-bay-window3-990x405.jpg 990w, https:\/\/colorco.dk\/wp-content\/uploads\/2026\/02\/colorco-measure-bay-window3-441x180.jpg 441w, https:\/\/colorco.dk\/wp-content\/uploads\/2026\/02\/colorco-measure-bay-window3-800x327.jpg 800w, https:\/\/colorco.dk\/wp-content\/uploads\/2026\/02\/colorco-measure-bay-window3-150x61.jpg 150w, https:\/\/colorco.dk\/wp-content\/uploads\/2026\/02\/colorco-measure-bay-window3.jpg 1620w\" sizes=\"(max-width: 1024px) 100vw, 1024px\" \/>\t\t\t\t\t\t\t\t\t\t\t\t\t\t\t<\/div>\n\t\t\t\t<\/div>\n\t\t\t\t\t<\/div>\n\t\t<\/div>\n\t\t\t\t\t<\/div>\n\t\t<\/section>\n\t\t\t\t<section class=\"elementor-section elementor-top-section elementor-element elementor-element-9f4692 elementor-section-boxed elementor-section-height-default elementor-section-height-default\" data-id=\"9f4692\" data-element_type=\"section\" data-e-type=\"section\">\n\t\t\t\t\t\t<div class=\"elementor-container elementor-column-gap-default\">\n\t\t\t\t\t<div class=\"elementor-column elementor-col-100 elementor-top-column elementor-element elementor-element-3624452d\" data-id=\"3624452d\" data-element_type=\"column\" data-e-type=\"column\">\n\t\t\t<div class=\"elementor-widget-wrap elementor-element-populated\">\n\t\t\t\t\t\t<div class=\"elementor-element elementor-element-39700612 elementor-widget elementor-widget-text-editor\" data-id=\"39700612\" data-element_type=\"widget\" data-e-type=\"widget\" data-widget_type=\"text-editor.default\">\n\t\t\t\t<div class=\"elementor-widget-container\">\n\t\t\t\t\t\t\t\t\t<h5 class=\"p1\"><strong>Steg 4 \u2013 M\u00e4t rullgardinens h\u00f6jd<\/strong><\/h5><p>M\u00e4t fr\u00e5n toppen d\u00e4r gardinen ska monteras, ner till \u00f6nskad slutpunkt (vanligtvis f\u00f6nsterbr\u00e4dan). Kontrollera detta h\u00f6jdm\u00e5tt f\u00f6r alla gardiner i burspr\u00e5ket, s\u00e4rskilt f\u00f6r \u00e4ldre f\u00f6nster kan dessa m\u00e5tt variera. Vi rekommenderar att det st\u00f6rsta m\u00e5ttet anv\u00e4nds f\u00f6r alla gardiner, och detta h\u00f6jdm\u00e5tt anges n\u00e4r du best\u00e4ller rullgardinerna.  <\/p>\t\t\t\t\t\t\t\t<\/div>\n\t\t\t\t<\/div>\n\t\t\t\t\t<\/div>\n\t\t<\/div>\n\t\t\t\t\t<\/div>\n\t\t<\/section>\n\t\t\t\t<section class=\"elementor-section elementor-top-section elementor-element elementor-element-2d2883cf elementor-section-boxed elementor-section-height-default elementor-section-height-default\" data-id=\"2d2883cf\" data-element_type=\"section\" data-e-type=\"section\">\n\t\t\t\t\t\t<div class=\"elementor-container elementor-column-gap-default\">\n\t\t\t\t\t<div class=\"elementor-column elementor-col-100 elementor-top-column elementor-element elementor-element-5bf4644d\" data-id=\"5bf4644d\" data-element_type=\"column\" data-e-type=\"column\">\n\t\t\t<div class=\"elementor-widget-wrap elementor-element-populated\">\n\t\t\t\t\t\t<div class=\"elementor-element elementor-element-66ff0e4a elementor-widget elementor-widget-text-editor\" data-id=\"66ff0e4a\" data-element_type=\"widget\" data-e-type=\"widget\" data-widget_type=\"text-editor.default\">\n\t\t\t\t<div class=\"elementor-widget-container\">\n\t\t\t\t\t\t\t\t\t<h5 class=\"p1\"><strong>Steg 5 \u2013 Best\u00e4llning av rullgardiner<\/strong><b><\/b><\/h5><p>Ange de slutliga bredd- och h\u00f6jdm\u00e5tten fr\u00e5n steg 3 och 4 n\u00e4r du best\u00e4ller rullgardinen p\u00e5 v\u00e5r webbplats.<\/p><p><em><strong>Kontrollera alla m\u00e5tt innan du best\u00e4ller f\u00f6r att s\u00e4kerst\u00e4lla att gardinerna passar.<\/strong><\/em><\/p><p>F\u00e5 svar p\u00e5 de vanligaste fr\u00e5gorna om v\u00e5ra rullgardiner <a href=\"https:\/\/colorco.dk\/sv\/faq\/\">h\u00e4r<\/a> .<\/p><p>Om du \u00e4r os\u00e4ker \u00e4r du alltid v\u00e4lkommen att <a href=\"https:\/\/colorco.dk\/sv\/kontakta-oss\/\">kontakta oss<\/a> f\u00f6r v\u00e4gledning.<\/p>\t\t\t\t\t\t\t\t<\/div>\n\t\t\t\t<\/div>\n\t\t\t\t\t<\/div>\n\t\t<\/div>\n\t\t\t\t\t<\/div>\n\t\t<\/section>\n\t\t\t\t<\/div>\n\t\t","protected":false},"excerpt":{"rendered":"<p>M\u00e4tning av rullgardiner med kedjedrag &#8211; burspr\u00e5k Hitta f\u00f6ljande Du beh\u00f6ver: Tv\u00e5 ark papper eller kartong i A4- eller A5-format En penna Ett m\u00e5ttband En linjal Steg 1 \u2013 Hitta rullstorleken F\u00f6rst beh\u00f6ver du veta den ungef\u00e4rliga diametern p\u00e5 tygrullen p\u00e5 den installerade rullgardinen. Hitta den ungef\u00e4rliga storleken p\u00e5 rullgardinsrullen med hj\u00e4lp av tabellen till [&hellip;]<\/p>\n","protected":false},"author":2,"featured_media":0,"parent":0,"menu_order":0,"comment_status":"closed","ping_status":"closed","template":"","meta":{"footnotes":""},"class_list":["post-38497","page","type-page","status-publish","hentry"],"aioseo_notices":[],"_links":{"self":[{"href":"https:\/\/colorco.dk\/sv\/wp-json\/wp\/v2\/pages\/38497","targetHints":{"allow":["GET"]}}],"collection":[{"href":"https:\/\/colorco.dk\/sv\/wp-json\/wp\/v2\/pages"}],"about":[{"href":"https:\/\/colorco.dk\/sv\/wp-json\/wp\/v2\/types\/page"}],"author":[{"embeddable":true,"href":"https:\/\/colorco.dk\/sv\/wp-json\/wp\/v2\/users\/2"}],"replies":[{"embeddable":true,"href":"https:\/\/colorco.dk\/sv\/wp-json\/wp\/v2\/comments?post=38497"}],"version-history":[{"count":0,"href":"https:\/\/colorco.dk\/sv\/wp-json\/wp\/v2\/pages\/38497\/revisions"}],"wp:attachment":[{"href":"https:\/\/colorco.dk\/sv\/wp-json\/wp\/v2\/media?parent=38497"}],"curies":[{"name":"wp","href":"https:\/\/api.w.org\/{rel}","templated":true}]}}