{"id":38501,"date":"2026-02-13T13:22:46","date_gmt":"2026-02-13T12:22:46","guid":{"rendered":"https:\/\/colorco.dk\/maetning-av-rullgardiner-med-kedjedrag-utanfoer-foenstret\/"},"modified":"2026-02-17T11:16:28","modified_gmt":"2026-02-17T10:16:28","slug":"maetning-av-rullgardiner-med-kedjedrag-utanfoer-foenstret","status":"publish","type":"page","link":"https:\/\/colorco.dk\/sv\/maetning-av-rullgardiner-med-kedjedrag-utanfoer-foenstret\/","title":{"rendered":"M\u00e4tning av rullgardiner med kedjedrag &#8211; utanf\u00f6r f\u00f6nstret"},"content":{"rendered":"\t\t<div data-elementor-type=\"wp-page\" data-elementor-id=\"38501\" class=\"elementor elementor-38501 elementor-37806\" data-elementor-post-type=\"page\">\n\t\t\t\t\t\t<section class=\"elementor-section elementor-top-section elementor-element elementor-element-a9700fe elementor-section-boxed elementor-section-height-default elementor-section-height-default\" data-id=\"a9700fe\" data-element_type=\"section\" data-e-type=\"section\">\n\t\t\t\t\t\t<div class=\"elementor-container elementor-column-gap-default\">\n\t\t\t\t\t<div class=\"elementor-column elementor-col-100 elementor-top-column elementor-element elementor-element-a6ad4a2\" data-id=\"a6ad4a2\" data-element_type=\"column\" data-e-type=\"column\">\n\t\t\t<div class=\"elementor-widget-wrap elementor-element-populated\">\n\t\t\t\t\t\t<div class=\"elementor-element elementor-element-dfd2b33 elementor-widget elementor-widget-heading\" data-id=\"dfd2b33\" data-element_type=\"widget\" data-e-type=\"widget\" data-widget_type=\"heading.default\">\n\t\t\t\t<div class=\"elementor-widget-container\">\n\t\t\t\t\t<h2 class=\"elementor-heading-title elementor-size-default\">M\u00e4tning av rullgardiner med kedjedrag - utanf\u00f6r f\u00f6nstret<\/h2>\t\t\t\t<\/div>\n\t\t\t\t<\/div>\n\t\t\t\t\t<\/div>\n\t\t<\/div>\n\t\t\t\t\t<\/div>\n\t\t<\/section>\n\t\t\t\t<section class=\"elementor-section elementor-top-section elementor-element elementor-element-8744b23 elementor-section-boxed elementor-section-height-default elementor-section-height-default\" data-id=\"8744b23\" data-element_type=\"section\" data-e-type=\"section\">\n\t\t\t\t\t\t<div class=\"elementor-container elementor-column-gap-default\">\n\t\t\t\t\t<div class=\"elementor-column elementor-col-50 elementor-top-column elementor-element elementor-element-c9f08b6\" data-id=\"c9f08b6\" data-element_type=\"column\" data-e-type=\"column\">\n\t\t\t<div class=\"elementor-widget-wrap elementor-element-populated\">\n\t\t\t\t\t\t<div class=\"elementor-element elementor-element-83edead elementor-widget elementor-widget-text-editor\" data-id=\"83edead\" data-element_type=\"widget\" data-e-type=\"widget\" data-widget_type=\"text-editor.default\">\n\t\t\t\t<div class=\"elementor-widget-container\">\n\t\t\t\t\t\t\t\t\t<p><strong>Steg 1<\/strong> \u2013 Anv\u00e4nd ett m\u00e5ttband f\u00f6r att m\u00e4ta f\u00f6nstret. M\u00e4t f\u00f6rst bredden upptill p\u00e5 f\u00f6nstret, sedan i mitten och och slutligen l\u00e4ngst ner.  Notera det bredaste m\u00e5ttet och l\u00e4gg sedan till 10 cm. <\/p><p><strong>Steg 2<\/strong> \u2013 D\u00e4refter m\u00e4ter du h\u00f6jden. M\u00e4t fr\u00e5n f\u00f6nstrets \u00f6verkant ner till f\u00f6nsterbr\u00e4dan. Detta \u00e4r h\u00f6jden p\u00e5 gardinen. Om du vill ha den l\u00e4ngre anger du bara det.    <\/p><p>Ange det bredaste m\u00e5ttet (plus de extra 10 cm) och h\u00f6jden n\u00e4r du best\u00e4ller gardinen med dragkedja.<\/p><p>Om du har en f\u00f6nsterram runt f\u00f6nstret ska du justera bredden s\u00e5 att konsolerna och gardinen h\u00e4nger antingen ovanp\u00e5 ramen eller bredvid den. Kontakta oss om du \u00e4r os\u00e4ker.<br><br> <\/p>\t\t\t\t\t\t\t\t<\/div>\n\t\t\t\t<\/div>\n\t\t\t\t\t<\/div>\n\t\t<\/div>\n\t\t\t\t<div class=\"elementor-column elementor-col-50 elementor-top-column elementor-element elementor-element-2c21d22\" data-id=\"2c21d22\" data-element_type=\"column\" data-e-type=\"column\">\n\t\t\t<div class=\"elementor-widget-wrap elementor-element-populated\">\n\t\t\t\t\t\t<div class=\"elementor-element elementor-element-7868e6a elementor-widget elementor-widget-video\" data-id=\"7868e6a\" data-element_type=\"widget\" data-e-type=\"widget\" data-settings=\"{&quot;youtube_url&quot;:&quot;https:\\\/\\\/www.youtube.com\\\/watch?v=IcfFoIMn6L0&quot;,&quot;video_type&quot;:&quot;youtube&quot;,&quot;controls&quot;:&quot;yes&quot;}\" data-widget_type=\"video.default\">\n\t\t\t\t<div class=\"elementor-widget-container\">\n\t\t\t\t\t\t\t<div class=\"elementor-wrapper elementor-open-inline\">\n\t\t\t<div class=\"elementor-video\"><\/div>\t\t<\/div>\n\t\t\t\t\t\t<\/div>\n\t\t\t\t<\/div>\n\t\t\t\t\t<\/div>\n\t\t<\/div>\n\t\t\t\t\t<\/div>\n\t\t<\/section>\n\t\t\t\t<\/div>\n\t\t","protected":false},"excerpt":{"rendered":"<p>M\u00e4tning av rullgardiner med kedjedrag &#8211; utanf\u00f6r f\u00f6nstret Steg 1 \u2013 Anv\u00e4nd ett m\u00e5ttband f\u00f6r att m\u00e4ta f\u00f6nstret. M\u00e4t f\u00f6rst bredden upptill p\u00e5 f\u00f6nstret, sedan i mitten och och slutligen l\u00e4ngst ner. Notera det bredaste m\u00e5ttet och l\u00e4gg sedan till 10 cm. Steg 2 \u2013 D\u00e4refter m\u00e4ter du h\u00f6jden. M\u00e4t fr\u00e5n f\u00f6nstrets \u00f6verkant ner till [&hellip;]<\/p>\n","protected":false},"author":2,"featured_media":0,"parent":0,"menu_order":0,"comment_status":"closed","ping_status":"closed","template":"","meta":{"footnotes":""},"class_list":["post-38501","page","type-page","status-publish","hentry"],"aioseo_notices":[],"_links":{"self":[{"href":"https:\/\/colorco.dk\/sv\/wp-json\/wp\/v2\/pages\/38501","targetHints":{"allow":["GET"]}}],"collection":[{"href":"https:\/\/colorco.dk\/sv\/wp-json\/wp\/v2\/pages"}],"about":[{"href":"https:\/\/colorco.dk\/sv\/wp-json\/wp\/v2\/types\/page"}],"author":[{"embeddable":true,"href":"https:\/\/colorco.dk\/sv\/wp-json\/wp\/v2\/users\/2"}],"replies":[{"embeddable":true,"href":"https:\/\/colorco.dk\/sv\/wp-json\/wp\/v2\/comments?post=38501"}],"version-history":[{"count":0,"href":"https:\/\/colorco.dk\/sv\/wp-json\/wp\/v2\/pages\/38501\/revisions"}],"wp:attachment":[{"href":"https:\/\/colorco.dk\/sv\/wp-json\/wp\/v2\/media?parent=38501"}],"curies":[{"name":"wp","href":"https:\/\/api.w.org\/{rel}","templated":true}]}}