{"id":38503,"date":"2026-02-13T13:19:26","date_gmt":"2026-02-13T12:19:26","guid":{"rendered":"https:\/\/colorco.dk\/maetning-av-rullgardiner-med-kedjedrag-inne-i-foenstret\/"},"modified":"2026-02-17T11:17:42","modified_gmt":"2026-02-17T10:17:42","slug":"maetning-av-rullgardiner-med-kedjedrag-inne-i-foenstret","status":"publish","type":"page","link":"https:\/\/colorco.dk\/sv\/maetning-av-rullgardiner-med-kedjedrag-inne-i-foenstret\/","title":{"rendered":"M\u00e4tning av rullgardiner med kedjedrag &#8211; Inne i f\u00f6nstret"},"content":{"rendered":"\t\t<div data-elementor-type=\"wp-page\" data-elementor-id=\"38503\" class=\"elementor elementor-38503 elementor-37800\" data-elementor-post-type=\"page\">\n\t\t\t\t\t\t<section class=\"elementor-section elementor-top-section elementor-element elementor-element-9fc8edb elementor-section-boxed elementor-section-height-default elementor-section-height-default\" data-id=\"9fc8edb\" data-element_type=\"section\" data-e-type=\"section\">\n\t\t\t\t\t\t<div class=\"elementor-container elementor-column-gap-default\">\n\t\t\t\t\t<div class=\"elementor-column elementor-col-100 elementor-top-column elementor-element elementor-element-2b4c1c8\" data-id=\"2b4c1c8\" data-element_type=\"column\" data-e-type=\"column\">\n\t\t\t<div class=\"elementor-widget-wrap elementor-element-populated\">\n\t\t\t\t\t\t<div class=\"elementor-element elementor-element-2cc6d9a elementor-widget elementor-widget-heading\" data-id=\"2cc6d9a\" data-element_type=\"widget\" data-e-type=\"widget\" data-widget_type=\"heading.default\">\n\t\t\t\t<div class=\"elementor-widget-container\">\n\t\t\t\t\t<h2 class=\"elementor-heading-title elementor-size-default\">M\u00e4tning av rullgardiner med kedjedrag - Inne i f\u00f6nstret<br><\/h2>\t\t\t\t<\/div>\n\t\t\t\t<\/div>\n\t\t\t\t\t<\/div>\n\t\t<\/div>\n\t\t\t\t\t<\/div>\n\t\t<\/section>\n\t\t\t\t<section class=\"elementor-section elementor-top-section elementor-element elementor-element-4ba67d8 elementor-section-boxed elementor-section-height-default elementor-section-height-default\" data-id=\"4ba67d8\" data-element_type=\"section\" data-e-type=\"section\">\n\t\t\t\t\t\t<div class=\"elementor-container elementor-column-gap-default\">\n\t\t\t\t\t<div class=\"elementor-column elementor-col-50 elementor-top-column elementor-element elementor-element-9f959d7\" data-id=\"9f959d7\" data-element_type=\"column\" data-e-type=\"column\">\n\t\t\t<div class=\"elementor-widget-wrap elementor-element-populated\">\n\t\t\t\t\t\t<div class=\"elementor-element elementor-element-1cbda26 elementor-widget elementor-widget-text-editor\" data-id=\"1cbda26\" data-element_type=\"widget\" data-e-type=\"widget\" data-widget_type=\"text-editor.default\">\n\t\t\t\t<div class=\"elementor-widget-container\">\n\t\t\t\t\t\t\t\t\t<p><strong>Steg 1<\/strong> \u2013 Anv\u00e4nd ett m\u00e5ttband f\u00f6r att m\u00e4ta f\u00f6nstret. M\u00e4t f\u00f6rst bredden upptill p\u00e5 f\u00f6nstret, sedan i mitten och slutligen nedtill. <\/p><p><strong>Steg 2<\/strong> \u2013 Notera det minsta m\u00e5ttet. Det \u00e4r detta m\u00e5tt vi kallar v\u00e4ggm\u00e5ttet. <\/p><p><strong>Steg 3<\/strong> \u2013 D\u00e4refter m\u00e4ter du h\u00f6jden. M\u00e4t fr\u00e5n f\u00f6nstrets \u00f6verkant ner till f\u00f6nsterbr\u00e4dan. Detta \u00e4r h\u00f6jden p\u00e5 gardinen.  <\/p><p>Ange bredden p\u00e5 v\u00e4ggm\u00e5ttet och h\u00f6jden n\u00e4r du best\u00e4ller gardinen med kedjedrag.<\/p><p>Kontrollera om det finns plats f\u00f6r gardinen i f\u00f6nsterkarmen. T\u00e4nk p\u00e5 att ta h\u00f6jd f\u00f6r handtag eller annat som kan vara i v\u00e4gen. <\/p><p>Observera att tyget \u00e4r mindre \u00e4n v\u00e4ggm\u00e5ttet, s\u00e5 det kommer att finnas ca 2-2,5 cm luft p\u00e5 b\u00e5da sidor av tyget till f\u00f6nsterbr\u00e4dan. Detta \u00e4r fr\u00e4mst f\u00f6r passningen.  <\/p>\t\t\t\t\t\t\t\t<\/div>\n\t\t\t\t<\/div>\n\t\t\t\t\t<\/div>\n\t\t<\/div>\n\t\t\t\t<div class=\"elementor-column elementor-col-50 elementor-top-column elementor-element elementor-element-f407969\" data-id=\"f407969\" data-element_type=\"column\" data-e-type=\"column\">\n\t\t\t<div class=\"elementor-widget-wrap elementor-element-populated\">\n\t\t\t\t\t\t<div class=\"elementor-element elementor-element-1c74f3d elementor-widget elementor-widget-video\" data-id=\"1c74f3d\" data-element_type=\"widget\" data-e-type=\"widget\" data-settings=\"{&quot;youtube_url&quot;:&quot;https:\\\/\\\/www.youtube.com\\\/watch?v=J3Mm9QU9Q7E&quot;,&quot;video_type&quot;:&quot;youtube&quot;,&quot;controls&quot;:&quot;yes&quot;}\" data-widget_type=\"video.default\">\n\t\t\t\t<div class=\"elementor-widget-container\">\n\t\t\t\t\t\t\t<div class=\"elementor-wrapper elementor-open-inline\">\n\t\t\t<div class=\"elementor-video\"><\/div>\t\t<\/div>\n\t\t\t\t\t\t<\/div>\n\t\t\t\t<\/div>\n\t\t\t\t\t<\/div>\n\t\t<\/div>\n\t\t\t\t\t<\/div>\n\t\t<\/section>\n\t\t\t\t<\/div>\n\t\t","protected":false},"excerpt":{"rendered":"<p>M\u00e4tning av rullgardiner med kedjedrag &#8211; Inne i f\u00f6nstret Steg 1 \u2013 Anv\u00e4nd ett m\u00e5ttband f\u00f6r att m\u00e4ta f\u00f6nstret. M\u00e4t f\u00f6rst bredden upptill p\u00e5 f\u00f6nstret, sedan i mitten och slutligen nedtill. Steg 2 \u2013 Notera det minsta m\u00e5ttet. Det \u00e4r detta m\u00e5tt vi kallar v\u00e4ggm\u00e5ttet. Steg 3 \u2013 D\u00e4refter m\u00e4ter du h\u00f6jden. M\u00e4t fr\u00e5n f\u00f6nstrets [&hellip;]<\/p>\n","protected":false},"author":2,"featured_media":0,"parent":0,"menu_order":0,"comment_status":"closed","ping_status":"closed","template":"","meta":{"footnotes":""},"class_list":["post-38503","page","type-page","status-publish","hentry"],"aioseo_notices":[],"_links":{"self":[{"href":"https:\/\/colorco.dk\/sv\/wp-json\/wp\/v2\/pages\/38503","targetHints":{"allow":["GET"]}}],"collection":[{"href":"https:\/\/colorco.dk\/sv\/wp-json\/wp\/v2\/pages"}],"about":[{"href":"https:\/\/colorco.dk\/sv\/wp-json\/wp\/v2\/types\/page"}],"author":[{"embeddable":true,"href":"https:\/\/colorco.dk\/sv\/wp-json\/wp\/v2\/users\/2"}],"replies":[{"embeddable":true,"href":"https:\/\/colorco.dk\/sv\/wp-json\/wp\/v2\/comments?post=38503"}],"version-history":[{"count":0,"href":"https:\/\/colorco.dk\/sv\/wp-json\/wp\/v2\/pages\/38503\/revisions"}],"wp:attachment":[{"href":"https:\/\/colorco.dk\/sv\/wp-json\/wp\/v2\/media?parent=38503"}],"curies":[{"name":"wp","href":"https:\/\/api.w.org\/{rel}","templated":true}]}}