{"id":9632,"date":"2023-02-27T14:31:51","date_gmt":"2023-02-27T13:31:51","guid":{"rendered":"https:\/\/colorco.dk\/\/gratis-bambuprov\/"},"modified":"2026-03-10T15:07:48","modified_gmt":"2026-03-10T14:07:48","slug":"gratis-prov","status":"publish","type":"page","link":"https:\/\/colorco.dk\/sv\/gratis-prov\/","title":{"rendered":"Gratis prov"},"content":{"rendered":"\t\t<div data-elementor-type=\"wp-page\" data-elementor-id=\"9632\" class=\"elementor elementor-9632 elementor-7274\" data-elementor-post-type=\"page\">\n\t\t\t\t\t\t<section class=\"elementor-section elementor-top-section elementor-element elementor-element-f2ff0d elementor-section-boxed elementor-section-height-default elementor-section-height-default\" data-id=\"f2ff0d\" data-element_type=\"section\" data-e-type=\"section\">\n\t\t\t\t\t\t<div class=\"elementor-container elementor-column-gap-default\">\n\t\t\t\t\t<div class=\"elementor-column elementor-col-100 elementor-top-column elementor-element elementor-element-6cb5b03d\" data-id=\"6cb5b03d\" data-element_type=\"column\" data-e-type=\"column\">\n\t\t\t<div class=\"elementor-widget-wrap elementor-element-populated\">\n\t\t\t\t\t\t<div class=\"elementor-element elementor-element-5f84888c elementor-widget elementor-widget-heading\" data-id=\"5f84888c\" data-element_type=\"widget\" data-e-type=\"widget\" data-widget_type=\"heading.default\">\n\t\t\t\t<div class=\"elementor-widget-container\">\n\t\t\t\t\t<h2 class=\"elementor-heading-title elementor-size-default\">F\u00e5 ett gratis prov \u2013 du betalar endast f\u00f6r frakten<\/h2>\t\t\t\t<\/div>\n\t\t\t\t<\/div>\n\t\t\t\t<div class=\"elementor-element elementor-element-1dd9b1c8 elementor-widget elementor-widget-text-editor\" data-id=\"1dd9b1c8\" data-element_type=\"widget\" data-e-type=\"widget\" data-widget_type=\"text-editor.default\">\n\t\t\t\t<div class=\"elementor-widget-container\">\n\t\t\t\t\t\t\t\t\t<p>F\u00f6r att best\u00e4lla ett prov g\u00e5r du in p\u00e5 produkten du vill ha ett prov av och klickar p\u00e5 knappen: &#8221;Best\u00e4ll gratis varuprov&#8221;. <br \/>Om du vill ha flera prover g\u00f6r du samma sak p\u00e5 de andra produkterna.<\/p><p>D\u00e4refter slutf\u00f6r du best\u00e4llningen och vi skickar proverna till dig. Proverna skickas med DAO och det kan ta 5 upp till 15 vardagar innan du f\u00e5r dem.<\/p><p>Om du v\u00e4ljer hemleverans skickas proverna med en paketleverant\u00f6r (vanligtvis GLS eller en annan leverant\u00f6r) med sp\u00e5rning. Detta \u00e4r normalt snabbare och mer stabilt.<\/p><p>F\u00e4rgerna p\u00e5 bilderna av v\u00e5ra produkter kan variera beroende p\u00e5 vilken sk\u00e4rm de visas p\u00e5 samt ljusf\u00f6rh\u00e5llanden som dagsljus eller kv\u00e4llsljus. D\u00e4rf\u00f6r rekommenderar vi att du best\u00e4ller ett prov av din f\u00f6redragna design innan du l\u00e4gger en best\u00e4llning. Detta \u00e4r s\u00e4rskilt viktigt f\u00f6r m\u00e5ttbest\u00e4llda gardiner, eftersom \u00e5ngerr\u00e4tten inte g\u00e4ller f\u00f6r specialanpassade produkter.<\/p><p><strong>S\u00e5 h\u00e4r ser knappen ut som du ska trycka p\u00e5:<\/strong><\/p><p><img fetchpriority=\"high\" decoding=\"async\" class=\"wp-image-16784 alignnone\" style=\"border: 1px solid #7777;\" src=\"https:\/\/colorco.dk\/wp-content\/uploads\/2024\/09\/Screenshot-2024-09-17-at-00.04.48-e1726524706586.png\" alt=\"\" width=\"600\" height=\"300\" \/><\/p>\t\t\t\t\t\t\t\t<\/div>\n\t\t\t\t<\/div>\n\t\t\t\t\t<\/div>\n\t\t<\/div>\n\t\t\t\t\t<\/div>\n\t\t<\/section>\n\t\t\t\t<section class=\"elementor-section elementor-top-section elementor-element elementor-element-2ee098a elementor-section-boxed elementor-section-height-default elementor-section-height-default\" data-id=\"2ee098a\" data-element_type=\"section\" data-e-type=\"section\">\n\t\t\t\t\t\t<div class=\"elementor-container elementor-column-gap-default\">\n\t\t\t\t\t<div class=\"elementor-column elementor-col-25 elementor-top-column elementor-element elementor-element-ce2b352\" data-id=\"ce2b352\" data-element_type=\"column\" data-e-type=\"column\">\n\t\t\t<div class=\"elementor-widget-wrap\">\n\t\t\t\t\t\t\t<\/div>\n\t\t<\/div>\n\t\t\t\t<div class=\"elementor-column elementor-col-50 elementor-top-column elementor-element elementor-element-5ac4255\" data-id=\"5ac4255\" data-element_type=\"column\" data-e-type=\"column\">\n\t\t\t<div class=\"elementor-widget-wrap\">\n\t\t\t\t\t\t\t<\/div>\n\t\t<\/div>\n\t\t\t\t<div class=\"elementor-column elementor-col-25 elementor-top-column elementor-element elementor-element-833a26a\" data-id=\"833a26a\" data-element_type=\"column\" data-e-type=\"column\">\n\t\t\t<div class=\"elementor-widget-wrap\">\n\t\t\t\t\t\t\t<\/div>\n\t\t<\/div>\n\t\t\t\t\t<\/div>\n\t\t<\/section>\n\t\t\t\t<\/div>\n\t\t","protected":false},"excerpt":{"rendered":"<p>F\u00e5 ett gratis prov \u2013 du betalar endast f\u00f6r frakten F\u00f6r att best\u00e4lla ett prov g\u00e5r du in p\u00e5 produkten du vill ha ett prov av och klickar p\u00e5 knappen: &#8221;Best\u00e4ll gratis varuprov&#8221;. Om du vill ha flera prover g\u00f6r du samma sak p\u00e5 de andra produkterna. D\u00e4refter slutf\u00f6r du best\u00e4llningen och vi skickar proverna [&hellip;]<\/p>\n","protected":false},"author":1,"featured_media":0,"parent":0,"menu_order":0,"comment_status":"closed","ping_status":"closed","template":"","meta":{"footnotes":""},"class_list":["post-9632","page","type-page","status-publish","hentry"],"aioseo_notices":[],"_links":{"self":[{"href":"https:\/\/colorco.dk\/sv\/wp-json\/wp\/v2\/pages\/9632","targetHints":{"allow":["GET"]}}],"collection":[{"href":"https:\/\/colorco.dk\/sv\/wp-json\/wp\/v2\/pages"}],"about":[{"href":"https:\/\/colorco.dk\/sv\/wp-json\/wp\/v2\/types\/page"}],"author":[{"embeddable":true,"href":"https:\/\/colorco.dk\/sv\/wp-json\/wp\/v2\/users\/1"}],"replies":[{"embeddable":true,"href":"https:\/\/colorco.dk\/sv\/wp-json\/wp\/v2\/comments?post=9632"}],"version-history":[{"count":0,"href":"https:\/\/colorco.dk\/sv\/wp-json\/wp\/v2\/pages\/9632\/revisions"}],"wp:attachment":[{"href":"https:\/\/colorco.dk\/sv\/wp-json\/wp\/v2\/media?parent=9632"}],"curies":[{"name":"wp","href":"https:\/\/api.w.org\/{rel}","templated":true}]}}