{"id":9806,"date":"2023-06-26T18:13:05","date_gmt":"2023-06-26T16:13:05","guid":{"rendered":"https:\/\/colorco.dk\/\/handelsbetingelser\/"},"modified":"2025-05-28T15:18:01","modified_gmt":"2025-05-28T13:18:01","slug":"handelsbetingelser","status":"publish","type":"page","link":"https:\/\/colorco.dk\/sv\/handelsbetingelser\/","title":{"rendered":"Handelsbetingelser"},"content":{"rendered":"\t\t<div data-elementor-type=\"wp-page\" data-elementor-id=\"9806\" class=\"elementor elementor-9806 elementor-11\" data-elementor-post-type=\"page\">\n\t\t\t\t\t\t<section class=\"elementor-section elementor-top-section elementor-element elementor-element-c7ada4a elementor-section-boxed elementor-section-height-default elementor-section-height-default\" data-id=\"c7ada4a\" data-element_type=\"section\" data-e-type=\"section\">\n\t\t\t\t\t\t<div class=\"elementor-container elementor-column-gap-default\">\n\t\t\t\t\t<div class=\"elementor-column elementor-col-100 elementor-top-column elementor-element elementor-element-5c10c01\" data-id=\"5c10c01\" data-element_type=\"column\" data-e-type=\"column\">\n\t\t\t<div class=\"elementor-widget-wrap elementor-element-populated\">\n\t\t\t\t\t\t<div class=\"elementor-element elementor-element-3066cd0 elementor-widget elementor-widget-heading\" data-id=\"3066cd0\" data-element_type=\"widget\" data-e-type=\"widget\" data-widget_type=\"heading.default\">\n\t\t\t\t<div class=\"elementor-widget-container\">\n\t\t\t\t\t<h2 class=\"elementor-heading-title elementor-size-default\">Handelsvillkor<\/h2>\t\t\t\t<\/div>\n\t\t\t\t<\/div>\n\t\t\t\t<div class=\"elementor-element elementor-element-63627a7 elementor-widget elementor-widget-text-editor\" data-id=\"63627a7\" data-element_type=\"widget\" data-e-type=\"widget\" data-widget_type=\"text-editor.default\">\n\t\t\t\t<div class=\"elementor-widget-container\">\n\t\t\t\t\t\t\t\t\t<h4>Leverans<\/h4><p>Best\u00e4llda standardvaror i webbshoppen skickas normalt inom 3\u20135 arbetsdagar efter att ordern mottagits. Vid best\u00e4llning av gardiner med specialm\u00e5tt, inklusive gardiner med kedjedrag eller andra anpassningar, \u00e4r produktionstiden cirka 3\u20135 veckor fr\u00e5n best\u00e4llningsdatum, beroende p\u00e5 s\u00e4song och kapacitet.<\/p><p>Vinter &#8211; ca 3 veckor (4 veckor runt jul)<\/p><p>V\u00e5r &#8211; ca 5 veckor<\/p><p>Sommar &#8211; ca 4-5 veckor<\/p><p>H\u00f6st &#8211; ca 3 veckor<\/p><p>Det \u00e4r ingen returr\u00e4tt p\u00e5 specialtillverkade gardiner.<\/p><h4>Betalning<\/h4><p>Du kan anv\u00e4nda MobilePay, Vipps och de flesta utl\u00e4ndska kreditkort, samt Paypal och Klarna f\u00f6r betalning. F\u00f6r standardvaror dras beloppet fr\u00e5n kortinnehavarens konto tidigast i samband med att varan skickas. F\u00f6r m\u00e5ttbest\u00e4llda varor (gardiner med kedjetryck och m\u00e5ttbest\u00e4llda gardiner eller andra till\u00e4gg till gardinerna) dras beloppet omedelbart.<\/p><h4>Priserna<\/h4><p>P\u00e5 v\u00e5r web shop\u00e4r priser inklusive moms och andra skatter. Priserna baseras p\u00e5 l\u00f6pande dagspriser, och kan d\u00e4rf\u00f6r variera.<\/p><h4>Frakt<\/h4><p>F\u00f6rs\u00e4ndning av de best\u00e4llda varorna skickas fr\u00e4mst av UPS till n\u00e4rmaste paketbutik. Det finns en fast frakt och hantering pris av 149 SEK. per best\u00e4llning. Priset f\u00f6r leverans till privat adress och till f\u00f6retag \u00e4r 250 SEK. per best\u00e4llning.<\/p><p>Color &amp; Co levererar till hela Sverige<\/p><p>Reservationer f\u00f6r:<\/p><ul><li style=\"list-style-type: none;\"><ul><li>Tryckfel.<\/li><li>Prisf\u00f6r\u00e4ndringar.<\/li><li>Utg\u00e5ngen produkter.<\/li><li>Leverans misslyckande fr\u00e5n tredje part.<\/li><li>F\u00e4rgarne kan variera i f\u00f6rh\u00e5llande till f\u00e4rgerne i bilderna.<\/li><\/ul><\/li><\/ul><h4>Osamlade paket \/ leverans inte m\u00f6jligt<\/h4><p>Om paketet inte h\u00e4mtas av misstag t\u00e4cks kostnaden f\u00f6r att returnera det av oss samt en annan leverans av paketet av dig.<\/p><h4>14 dagars \u00e5ngerr\u00e4tt och \u00e5terbetalning av k\u00f6pbeloppet<\/h4><p>N\u00e4r du returnerar ett objekt m\u00e5ste du skicka ett e-postmeddelande. Kontaktformul\u00e4ret p\u00e5 webbplatsen kan ocks\u00e5 fyllas. Detta m\u00e5ste g\u00f6ras inom 14 dagar efter mottagandet av varan. Efter meddelandet om din returnering av varen, har du 14 dagar f\u00f6r att returnera varan.Var uppm\u00e4rksam p\u00e5 att \u00e5ngerr\u00e4tten upph\u00f6r 14 dagar efter mottagandet av varorna. Den returnerade vara m\u00e5ste vara oskadad, och m\u00e5ste skickas tillbaka i sammaantal och tillst\u00e5nd som vid leverans, och med en kopia av orderbekr\u00e4ftelsen. Om detta inte \u00e4r fallet, kommer \u00e5ngerr\u00e4tten att upph\u00e4vas. Om du \u00e5ngrar ditt k\u00f6p, f\u00e5r du en \u00e5terbetalning av alla dina pengar. Beloppet kommer att betalas tillbaka p\u00e5 samma s\u00e4tt som n\u00e4r betalningen gjordes. Pengarna \u00e5terbetalas n\u00e4r varan \u00e4r tillbaka, och reglerna f\u00f6r \u00e5ngerr\u00e4tten uppfylls. Betalning av frakten f\u00f6r returen av den ink\u00f6pta artikeln p\u00e5 www.colorco.dk\/sv skall b\u00e4ras av kunden. Av eventuell \u00e5nger m\u00e5ste varan returneras till: Color &amp; Co., Datavej 24, 3460 Birker\u00f8d, Danmark. Alla ink\u00f6p som g\u00f6rs p\u00e5 www.colorco.dk\/sv, kan ocks\u00e5 \u00e5ngras om varan nekas mottaget. Paket och brev levererat per postf\u00f6rskott mottas inte.<\/p><h4>Specialanpassade varor \u2013 \u00e5ngerr\u00e4tt<\/h4><p>Anpassade eller tillverkade varor skall omfattas av den generella \u00e5ngerr\u00e4tten \u2013 fortfarande 14 dagar efter best\u00e4llning. Om www.colorco.dk\/sv b\u00f6rjar producera varorna f\u00f6rfaller denna. Detta inneb\u00e4r att om vi levererar en speciellt skurna gardin, d\u00e5 finns ingen \u00e5ngerr\u00e4tt.<\/p><h4>Varans skick vid returnering<\/h4><p>Om artikeln anv\u00e4nds, \u00e4r kunden ansvarig f\u00f6r f\u00f6rs\u00e4mring av varans v\u00e4rde. Man f\u00e5r g\u00e4rna ta varan ut och titta p\u00e5 det, som i en fysisk butik, f\u00f6r att avg\u00f6ra varans egenskaper och material. N\u00e5got ut\u00f6ver detta kommer att betraktas som anv\u00e4nds, som har en inverkan p\u00e5 hur mycket av k\u00f6pbeloppet som \u00e5terbetalas, detta kan ocks\u00e5 inneb\u00e4ra att det inte \u00e5terbetalas n\u00e5got.<\/p><h4>Brister<\/h4><p>K\u00f6pl\u00e4gensreglering vid brister kan anv\u00e4ndas.<\/p><h4>Garanti<\/h4><p>Om du handlar p\u00e5 www.colorco.dk\/sv, har du 24 m\u00e5naders garanti. Detta inneb\u00e4r att du kan f\u00e5 en \u00e5terbetalning beroende p\u00e5 situationen eller varan ersatt. Klagom\u00e5let m\u00e5ste dock vara motiverad, och bristerm\u00e5ste inte ha skett som f\u00f6ljd av skador p\u00e5 produkten. Varan m\u00e5ste skickas tillbaka i bra f\u00f6rpackning.<\/p><p>V\u00e5r bambu gardiner \u00e4r gjorda av bambu, ett naturligt material. D\u00e4rf\u00f6r kan du se sm\u00e5 oj\u00e4mnheter, som \u00e4r en naturlig del av det att \u00e4ga en unik och naturlig produkt som en bambugardin \u00e4r. Dessa brister anses d\u00e4rf\u00f6r inte som klagom\u00e5l.<\/p><p>Bambu \u00e4r ett naturmaterial och en f\u00e4rg- eller tonmatchning kan d\u00e4rf\u00f6r inte garanteras.<\/p><p>\u00d6ver tid, kan vara m\u00f6rka gardiner attbleks i solen, om detta skall undvikas rekommenderar vi att du inte h\u00e4nger gardinen i direkt solljus.<\/p><h4>Klagom\u00e5l<\/h4><p>Du kan l\u00e4mna ett klagom\u00e5l till EU-kommissionens online klago-portal. Klagom\u00e5l l\u00e4mnas h\u00e4r:\u00a0<a href=\"http:\/\/ec.europa.eu\/consumers\/odr\/\">http:\/\/ec.europa.eu\/consumers\/odr\/<\/a><\/p><h5>Integritetspolicy<\/h5><p>F\u00f6r ink\u00f6p p\u00e5 www.colorco.se ber vi om ditt namn, adress, postnummer, stad, telefonnummer och e-postadress. Detta beh\u00f6vs f\u00f6r att kunna skicka din best\u00e4llning. Informationen registreras d\u00e4rf\u00f6r med www.colorco.dk\/sv, d\u00e4r de kommer att raderas efter fem \u00e5r. Insamling av personlig information kommer alltid att g\u00f6ras endast med ditt medgivande, anst\u00e4llda av www.colorco.dk\/sv har tillg\u00e5ng till denna information. Information som samlas in via www.colorco.dk\/sv vidarebefordras eller s\u00e4ljas aldrig till tredje part, och det finns aldrig registrering av person-k\u00e4nslig natur. Du kan alltid s\u00e4ga emot er registrering. Personuppgiftslagan ger dig r\u00e4tt att f\u00e5 veta vilken information som registreras. Du \u00e4r alltid v\u00e4lkommen att kontakta oss p\u00e5: info@colorco.dk om dina data.<\/p><h4>Cookies<\/h4><p>www.colorco.dk\/sv anv\u00e4nder Cookies p\u00e5 webbplatsen. Detta \u00e4r f\u00f6r at optimera webbplatsen. Cookies kan alltid raderas p\u00e5 din dator.<\/p><h4>Logstatistik<\/h4><p>www.colorco.dk\/sv anv\u00e4nder log statistik. Det till\u00e5ter oss att r\u00e4kna antal bes\u00f6kande, och var i Sverige de kommer fr\u00e5n. Syftet med detta \u00e4r f\u00f6r att kunna optimera den b\u00e4sta m\u00f6jliga www.colorco.dk\/sv efter v\u00e5ra konsumenter.<\/p>\t\t\t\t\t\t\t\t<\/div>\n\t\t\t\t<\/div>\n\t\t\t\t\t<\/div>\n\t\t<\/div>\n\t\t\t\t\t<\/div>\n\t\t<\/section>\n\t\t\t\t<section class=\"elementor-section elementor-top-section elementor-element elementor-element-17bec84 elementor-section-boxed elementor-section-height-default elementor-section-height-default\" data-id=\"17bec84\" data-element_type=\"section\" data-e-type=\"section\">\n\t\t\t\t\t\t<div class=\"elementor-container elementor-column-gap-default\">\n\t\t\t\t\t<div class=\"elementor-column elementor-col-100 elementor-top-column elementor-element elementor-element-cbf5117\" data-id=\"cbf5117\" data-element_type=\"column\" data-e-type=\"column\">\n\t\t\t<div class=\"elementor-widget-wrap elementor-element-populated\">\n\t\t\t\t\t\t<section class=\"elementor-section elementor-inner-section elementor-element elementor-element-4555b2b elementor-section-boxed elementor-section-height-default elementor-section-height-default\" data-id=\"4555b2b\" data-element_type=\"section\" data-e-type=\"section\">\n\t\t\t\t\t\t<div class=\"elementor-container elementor-column-gap-default\">\n\t\t\t\t\t<div class=\"elementor-column elementor-col-50 elementor-inner-column elementor-element elementor-element-4be20db\" data-id=\"4be20db\" data-element_type=\"column\" data-e-type=\"column\">\n\t\t\t<div class=\"elementor-widget-wrap\">\n\t\t\t\t\t\t\t<\/div>\n\t\t<\/div>\n\t\t\t\t<div class=\"elementor-column elementor-col-50 elementor-inner-column elementor-element elementor-element-1b2c22b\" data-id=\"1b2c22b\" data-element_type=\"column\" data-e-type=\"column\">\n\t\t\t<div class=\"elementor-widget-wrap\">\n\t\t\t\t\t\t\t<\/div>\n\t\t<\/div>\n\t\t\t\t\t<\/div>\n\t\t<\/section>\n\t\t\t\t\t<\/div>\n\t\t<\/div>\n\t\t\t\t\t<\/div>\n\t\t<\/section>\n\t\t\t\t<\/div>\n\t\t","protected":false},"excerpt":{"rendered":"<p>Handelsvillkor Leverans Best\u00e4llda standardvaror i webbshoppen skickas normalt inom 3\u20135 arbetsdagar efter att ordern mottagits. Vid best\u00e4llning av gardiner med specialm\u00e5tt, inklusive gardiner med kedjedrag eller andra anpassningar, \u00e4r produktionstiden cirka 3\u20135 veckor fr\u00e5n best\u00e4llningsdatum, beroende p\u00e5 s\u00e4song och kapacitet. Vinter &#8211; ca 3 veckor (4 veckor runt jul) V\u00e5r &#8211; ca 5 veckor Sommar [&hellip;]<\/p>\n","protected":false},"author":1,"featured_media":0,"parent":0,"menu_order":0,"comment_status":"closed","ping_status":"closed","template":"","meta":{"footnotes":""},"class_list":["post-9806","page","type-page","status-publish","hentry"],"aioseo_notices":[],"_links":{"self":[{"href":"https:\/\/colorco.dk\/sv\/wp-json\/wp\/v2\/pages\/9806","targetHints":{"allow":["GET"]}}],"collection":[{"href":"https:\/\/colorco.dk\/sv\/wp-json\/wp\/v2\/pages"}],"about":[{"href":"https:\/\/colorco.dk\/sv\/wp-json\/wp\/v2\/types\/page"}],"author":[{"embeddable":true,"href":"https:\/\/colorco.dk\/sv\/wp-json\/wp\/v2\/users\/1"}],"replies":[{"embeddable":true,"href":"https:\/\/colorco.dk\/sv\/wp-json\/wp\/v2\/comments?post=9806"}],"version-history":[{"count":0,"href":"https:\/\/colorco.dk\/sv\/wp-json\/wp\/v2\/pages\/9806\/revisions"}],"wp:attachment":[{"href":"https:\/\/colorco.dk\/sv\/wp-json\/wp\/v2\/media?parent=9806"}],"curies":[{"name":"wp","href":"https:\/\/api.w.org\/{rel}","templated":true}]}}