{"id":9809,"date":"2023-02-27T14:24:49","date_gmt":"2023-02-27T13:24:49","guid":{"rendered":"https:\/\/colorco.dk\/\/montering\/"},"modified":"2023-10-21T22:12:35","modified_gmt":"2023-10-21T20:12:35","slug":"montering","status":"publish","type":"page","link":"https:\/\/colorco.dk\/sv\/montering\/","title":{"rendered":"Montering"},"content":{"rendered":"\t\t<div data-elementor-type=\"wp-page\" data-elementor-id=\"9809\" class=\"elementor elementor-9809 elementor-7267\" data-elementor-post-type=\"page\">\n\t\t\t\t\t\t<section class=\"elementor-section elementor-top-section elementor-element elementor-element-63a9b180 elementor-section-boxed elementor-section-height-default elementor-section-height-default\" data-id=\"63a9b180\" data-element_type=\"section\" data-e-type=\"section\">\n\t\t\t\t\t\t<div class=\"elementor-container elementor-column-gap-default\">\n\t\t\t\t\t<div class=\"elementor-column elementor-col-100 elementor-top-column elementor-element elementor-element-52e91024\" data-id=\"52e91024\" data-element_type=\"column\" data-e-type=\"column\">\n\t\t\t<div class=\"elementor-widget-wrap elementor-element-populated\">\n\t\t\t\t\t\t<div class=\"elementor-element elementor-element-4c33fddb elementor-widget elementor-widget-heading\" data-id=\"4c33fddb\" data-element_type=\"widget\" data-e-type=\"widget\" data-widget_type=\"heading.default\">\n\t\t\t\t<div class=\"elementor-widget-container\">\n\t\t\t\t\t<h2 class=\"elementor-heading-title elementor-size-default\">Installations instruktioner<\/h2>\t\t\t\t<\/div>\n\t\t\t\t<\/div>\n\t\t\t\t\t<\/div>\n\t\t<\/div>\n\t\t\t\t\t<\/div>\n\t\t<\/section>\n\t\t\t\t<section class=\"elementor-section elementor-top-section elementor-element elementor-element-1c4d4a9e elementor-section-boxed elementor-section-height-default elementor-section-height-default\" data-id=\"1c4d4a9e\" data-element_type=\"section\" data-e-type=\"section\">\n\t\t\t\t\t\t<div class=\"elementor-container elementor-column-gap-default\">\n\t\t\t\t\t<div class=\"elementor-column elementor-col-100 elementor-top-column elementor-element elementor-element-588be128\" data-id=\"588be128\" data-element_type=\"column\" data-e-type=\"column\">\n\t\t\t<div class=\"elementor-widget-wrap elementor-element-populated\">\n\t\t\t\t\t\t<div class=\"elementor-element elementor-element-52e565ce elementor-widget elementor-widget-text-editor\" data-id=\"52e565ce\" data-element_type=\"widget\" data-e-type=\"widget\" data-widget_type=\"text-editor.default\">\n\t\t\t\t<div class=\"elementor-widget-container\">\n\t\t\t\t\t\t\t\t\t<p>Nedenfor finner du informasjon om hvordan du installerer og monterer rullgardiner med <span style=\"text-decoration: underline;\">lina<\/span><br \/>og monterer rullgardiner med <span style=\"text-decoration: underline;\">kedjedrag<\/span><\/p>\t\t\t\t\t\t\t\t<\/div>\n\t\t\t\t<\/div>\n\t\t\t\t\t<\/div>\n\t\t<\/div>\n\t\t\t\t\t<\/div>\n\t\t<\/section>\n\t\t\t\t<section class=\"elementor-section elementor-top-section elementor-element elementor-element-33629318 elementor-section-boxed elementor-section-height-default elementor-section-height-default\" data-id=\"33629318\" data-element_type=\"section\" data-e-type=\"section\">\n\t\t\t\t\t\t<div class=\"elementor-container elementor-column-gap-default\">\n\t\t\t\t\t<div class=\"elementor-column elementor-col-100 elementor-top-column elementor-element elementor-element-2a5b06b7\" data-id=\"2a5b06b7\" data-element_type=\"column\" data-e-type=\"column\">\n\t\t\t<div class=\"elementor-widget-wrap elementor-element-populated\">\n\t\t\t\t\t\t<div class=\"elementor-element elementor-element-3b5ee9b5 elementor-widget elementor-widget-heading\" data-id=\"3b5ee9b5\" data-element_type=\"widget\" data-e-type=\"widget\" data-widget_type=\"heading.default\">\n\t\t\t\t<div class=\"elementor-widget-container\">\n\t\t\t\t\t<h3 class=\"elementor-heading-title elementor-size-default\">Rullgardiner med <u>lina<\/u><\/h3>\t\t\t\t<\/div>\n\t\t\t\t<\/div>\n\t\t\t\t\t<\/div>\n\t\t<\/div>\n\t\t\t\t\t<\/div>\n\t\t<\/section>\n\t\t\t\t<section class=\"elementor-section elementor-top-section elementor-element elementor-element-389b2014 elementor-section-boxed elementor-section-height-default elementor-section-height-default\" data-id=\"389b2014\" data-element_type=\"section\" data-e-type=\"section\">\n\t\t\t\t\t\t<div class=\"elementor-container elementor-column-gap-default\">\n\t\t\t\t\t<div class=\"elementor-column elementor-col-100 elementor-top-column elementor-element elementor-element-14f8233b\" data-id=\"14f8233b\" data-element_type=\"column\" data-e-type=\"column\">\n\t\t\t<div class=\"elementor-widget-wrap elementor-element-populated\">\n\t\t\t\t\t\t<div class=\"elementor-element elementor-element-76282c21 elementor-widget__width-initial elementor-widget elementor-widget-text-editor\" data-id=\"76282c21\" data-element_type=\"widget\" data-e-type=\"widget\" data-widget_type=\"text-editor.default\">\n\t\t\t\t<div class=\"elementor-widget-container\">\n\t\t\t\t\t\t\t\t\t<p>Du kommer att beh\u00f6va:<br \/>Blyertspenna, Krokar, Sn\u00f6rh\u00e5llare, Skruvar, Skruvmejsel<\/p><p>F\u00f6ljande ing\u00e5r f\u00f6r varje gardin:<\/p><ul><li>Krokar &#8211; 2\/3 krokar beroende p\u00e5 gardinens bredd.<\/li><li>Sn\u00f6reh\u00e5llare &#8211; En viktig del av barns\u00e4kerhetssystemet<\/li><li>Skruvar &#8211; Tv\u00e5 skruvar f\u00f6r att montera sladdh\u00e5llaren<\/li><\/ul><p>N\u00e4r du f\u00e5r gardinen finns det tv\u00e5 plastringar f\u00e4sta p\u00e5 sn\u00f6rena f\u00f6r sn\u00f6rdragningen. Gardinen rullas ut till \u00f6nskad l\u00e4ngd och ringarna placeras i toppen av l\u00e5set s\u00e5 att gardinen inte kan rullas ut l\u00e4ngre \u00e4n \u00f6nskat. Ringarnas funktion \u00e4r en viktig del av barns\u00e4kerhetssystemet och hindrar sn\u00f6rena, och d\u00e4rmed gardinen, fr\u00e5n att rullas ut \u00f6ver \u00f6nskad l\u00e4ngd. Funktionen \u00e4r till f\u00f6r att f\u00f6rhindra kv\u00e4vningsolyckor. Om ett barn trasslar in sig eller h\u00e4nger i sn\u00f6rena utl\u00f6ser ringarna s\u00e4kerhetssystemet bakom gardinen s\u00e5 att gardinen faller till golvet.<\/p>\t\t\t\t\t\t\t\t<\/div>\n\t\t\t\t<\/div>\n\t\t\t\t\t<\/div>\n\t\t<\/div>\n\t\t\t\t\t<\/div>\n\t\t<\/section>\n\t\t\t\t<section class=\"elementor-section elementor-top-section elementor-element elementor-element-1622443b elementor-section-boxed elementor-section-height-default elementor-section-height-default\" data-id=\"1622443b\" data-element_type=\"section\" data-e-type=\"section\">\n\t\t\t\t\t\t<div class=\"elementor-container elementor-column-gap-default\">\n\t\t\t\t\t<div class=\"elementor-column elementor-col-100 elementor-top-column elementor-element elementor-element-21c3fbdf\" data-id=\"21c3fbdf\" data-element_type=\"column\" data-e-type=\"column\">\n\t\t\t<div class=\"elementor-widget-wrap elementor-element-populated\">\n\t\t\t\t\t\t<div class=\"elementor-element elementor-element-53348efa elementor-widget elementor-widget-text-editor\" data-id=\"53348efa\" data-element_type=\"widget\" data-e-type=\"widget\" data-widget_type=\"text-editor.default\">\n\t\t\t\t<div class=\"elementor-widget-container\">\n\t\t\t\t\t\t\t\t\t<p><img fetchpriority=\"high\" decoding=\"async\" class=\"size-full wp-image-8018 alignright\" src=\"https:\/\/colorandco.co.uk\/wp-content\/uploads\/2022\/06\/how-to-install-blinds-cordpull-1-300x176-1.png\" alt=\"\" width=\"300\" height=\"176\" \/><br \/><strong>Steg 1<\/strong> &#8211; H\u00e5ll upp persiennen mot f\u00f6nsterkarmen. Markera var du vill att krokarna ska h\u00e4nga och borra h\u00e5l f\u00f6r krokarna med en liten borr.<\/p>\t\t\t\t\t\t\t\t<\/div>\n\t\t\t\t<\/div>\n\t\t\t\t\t<\/div>\n\t\t<\/div>\n\t\t\t\t\t<\/div>\n\t\t<\/section>\n\t\t\t\t<section class=\"elementor-section elementor-top-section elementor-element elementor-element-4a693e05 elementor-section-boxed elementor-section-height-default elementor-section-height-default\" data-id=\"4a693e05\" data-element_type=\"section\" data-e-type=\"section\">\n\t\t\t\t\t\t<div class=\"elementor-container elementor-column-gap-default\">\n\t\t\t\t\t<div class=\"elementor-column elementor-col-100 elementor-top-column elementor-element elementor-element-3920face\" data-id=\"3920face\" data-element_type=\"column\" data-e-type=\"column\">\n\t\t\t<div class=\"elementor-widget-wrap elementor-element-populated\">\n\t\t\t\t\t\t<div class=\"elementor-element elementor-element-6be8fd64 elementor-widget elementor-widget-text-editor\" data-id=\"6be8fd64\" data-element_type=\"widget\" data-e-type=\"widget\" data-widget_type=\"text-editor.default\">\n\t\t\t\t<div class=\"elementor-widget-container\">\n\t\t\t\t\t\t\t\t\t<p><img decoding=\"async\" class=\"size-full wp-image-8017 alignright\" src=\"https:\/\/colorandco.co.uk\/wp-content\/uploads\/2022\/06\/how-to-install-blinds-cordpull-2-300x200-1.png\" alt=\"\" width=\"300\" height=\"200\" \/><\/p><p><strong>Steg 2<\/strong> &#8211; Skruva fast krokarna i f\u00f6nsterkarmen och dra \u00e5t med t\u00e5ng om det beh\u00f6vs. H\u00e4ng gardinen p\u00e5 krokarna.<\/p><p>Rulla ner: Dra sn\u00f6ret ned\u00e5t mot gardinens v\u00e4nstra sida f\u00f6r att lossa sn\u00f6rl\u00e5set. L\u00e5t sedan gardinen falla ner genom att l\u00e5ta sn\u00f6rena glida genom fingrarna tills \u00f6nskad h\u00f6jd uppn\u00e5s. Dra sedan sn\u00f6ret n\u00e5got \u00e5t h\u00f6ger f\u00f6r att l\u00e5sa i \u00f6nskat l\u00e4ge.<\/p><p>Upprullning: Dra sn\u00f6ret rakt ned\u00e5t tills \u00f6nskad position har uppn\u00e5tts. Dra sedan sn\u00f6ret n\u00e5got \u00e5t h\u00f6ger f\u00f6r att aktivera l\u00e5set.<\/p>\t\t\t\t\t\t\t\t<\/div>\n\t\t\t\t<\/div>\n\t\t\t\t\t<\/div>\n\t\t<\/div>\n\t\t\t\t\t<\/div>\n\t\t<\/section>\n\t\t\t\t<section class=\"elementor-section elementor-top-section elementor-element elementor-element-38214aba elementor-section-boxed elementor-section-height-default elementor-section-height-default\" data-id=\"38214aba\" data-element_type=\"section\" data-e-type=\"section\">\n\t\t\t\t\t\t<div class=\"elementor-container elementor-column-gap-default\">\n\t\t\t\t\t<div class=\"elementor-column elementor-col-100 elementor-top-column elementor-element elementor-element-6393ab35\" data-id=\"6393ab35\" data-element_type=\"column\" data-e-type=\"column\">\n\t\t\t<div class=\"elementor-widget-wrap elementor-element-populated\">\n\t\t\t\t\t\t<div class=\"elementor-element elementor-element-561c3f18 elementor-widget elementor-widget-text-editor\" data-id=\"561c3f18\" data-element_type=\"widget\" data-e-type=\"widget\" data-widget_type=\"text-editor.default\">\n\t\t\t\t<div class=\"elementor-widget-container\">\n\t\t\t\t\t\t\t\t\t<p><img decoding=\"async\" class=\"size-full wp-image-8016 alignright\" src=\"https:\/\/colorandco.co.uk\/wp-content\/uploads\/2022\/06\/how-to-install-blinds-cordpull-3-262x300-1.png\" alt=\"\" width=\"262\" height=\"300\" \/><\/p><p><strong>Steg 3<\/strong> &#8211; Installera den medf\u00f6ljande sladdh\u00e5llaren minst 150 cm fr\u00e5n golvet. Linda sn\u00f6ret runt sn\u00f6rh\u00e5llaren f\u00f6r att h\u00e5lla den utom r\u00e4ckh\u00e5ll f\u00f6r barn. Detta \u00e4r en viktig s\u00e4kerhetsfunktion. N\u00e4r gardinen \u00e4r utrullad till \u00f6nskad l\u00e4ngd klipper du av sn\u00f6rena s\u00e5 att de h\u00e4nger utrullade minst 150 cm fr\u00e5n golvet. Detta f\u00f6r att s\u00e4kerst\u00e4lla att det inte finns n\u00e5gra l\u00f6sa sn\u00f6ren som dinglar n\u00e4r gardinen rullas ut.<\/p>\t\t\t\t\t\t\t\t<\/div>\n\t\t\t\t<\/div>\n\t\t\t\t\t<\/div>\n\t\t<\/div>\n\t\t\t\t\t<\/div>\n\t\t<\/section>\n\t\t\t\t<section class=\"elementor-section elementor-top-section elementor-element elementor-element-6b129e57 elementor-section-boxed elementor-section-height-default elementor-section-height-default\" data-id=\"6b129e57\" data-element_type=\"section\" data-e-type=\"section\">\n\t\t\t\t\t\t<div class=\"elementor-container elementor-column-gap-default\">\n\t\t\t\t\t<div class=\"elementor-column elementor-col-100 elementor-top-column elementor-element elementor-element-784a15ea\" data-id=\"784a15ea\" data-element_type=\"column\" data-e-type=\"column\">\n\t\t\t<div class=\"elementor-widget-wrap elementor-element-populated\">\n\t\t\t\t\t\t<div class=\"elementor-element elementor-element-71f00d35 elementor-widget elementor-widget-text-editor\" data-id=\"71f00d35\" data-element_type=\"widget\" data-e-type=\"widget\" data-widget_type=\"text-editor.default\">\n\t\t\t\t<div class=\"elementor-widget-container\">\n\t\t\t\t\t\t\t\t\t<p><strong>BARN OCH S\u00c4KERHET<\/strong><\/p><p>N\u00e4r du f\u00e5r gardinen sitter det n\u00e5gra plastringar p\u00e5 sn\u00f6rena. Ringarna m\u00e5ste lossas l\u00e4ngs hela gardinen innan du kan rulla ut den f\u00f6r f\u00f6rsta g\u00e5ngen. Ringarnas funktion \u00e4r att f\u00f6rhindra att gardinen rullas ut l\u00e4ngre \u00e4n \u00f6nskat.<br \/>Sladdh\u00e5llaren m\u00e5ste monteras minst 150 cm fr\u00e5n golvet. Sn\u00f6rena m\u00e5ste vara ordentligt lindade runt sn\u00f6rh\u00e5llaren n\u00e4r gardinen inte anv\u00e4nds.<br \/>P\u00e5 gardinens baksida finns en patenterad barns\u00e4kerhetsfunktion i plast. Detta \u00e4r en viktig del av barns\u00e4kerhetssystemet. Barns\u00e4kringen utl\u00f6ses om sn\u00f6rena belastas med vikt och gardinen faller till marken.<\/p><p><em><strong>VARNING!<\/strong><\/em><br \/><em>Sm\u00e5 barn kan kv\u00e4vas av \u00f6glor i kedjor och sladdar som anv\u00e4nds f\u00f6r att man\u00f6vrera gardinprodukter. Enligt direktivet EN 13120 m\u00e5ste de medf\u00f6ljande s\u00e4kerhetsanordningarna installeras och anv\u00e4ndas i enlighet med installationsanvisningarna f\u00f6r att minska risken f\u00f6r en olycka. F\u00f6r att undvika detta b\u00f6r f\u00f6ljande f\u00f6rsiktighets\u00e5tg\u00e4rder vidtas.<\/em><\/p><ol><li><em>Sladd-\/kedjeh\u00e5llaren m\u00e5ste monteras minst 1,5 meter fr\u00e5n golvet och sladden och kedjan m\u00e5ste lindas\/h\u00e4ngas t\u00e4tt runt den s\u00e5 att den inte h\u00e4nger l\u00f6st.<\/em><\/li><li><em>Flytta s\u00e4ngar, spj\u00e4ls\u00e4ngar och andra m\u00f6bler bort fr\u00e5n sladdarna s\u00e5 att sm\u00e5 barn inte kan anv\u00e4nda m\u00f6blerna f\u00f6r att n\u00e5 sladdarna.<\/em><\/li><li><em>Undvik att knyta ihop sladdarna. Se till att sladden inte g\u00f6r en \u00f6gla.<\/em><\/li><\/ol>\t\t\t\t\t\t\t\t<\/div>\n\t\t\t\t<\/div>\n\t\t\t\t\t<\/div>\n\t\t<\/div>\n\t\t\t\t\t<\/div>\n\t\t<\/section>\n\t\t\t\t<section class=\"elementor-section elementor-top-section elementor-element elementor-element-565dcdaf elementor-section-boxed elementor-section-height-default elementor-section-height-default\" data-id=\"565dcdaf\" data-element_type=\"section\" data-e-type=\"section\">\n\t\t\t\t\t\t<div class=\"elementor-container elementor-column-gap-default\">\n\t\t\t\t\t<div class=\"elementor-column elementor-col-100 elementor-top-column elementor-element elementor-element-71a67dda\" data-id=\"71a67dda\" data-element_type=\"column\" data-e-type=\"column\">\n\t\t\t<div class=\"elementor-widget-wrap elementor-element-populated\">\n\t\t\t\t\t\t<div class=\"elementor-element elementor-element-74b9e83f elementor-widget-divider--view-line elementor-widget elementor-widget-divider\" data-id=\"74b9e83f\" data-element_type=\"widget\" data-e-type=\"widget\" data-widget_type=\"divider.default\">\n\t\t\t\t<div class=\"elementor-widget-container\">\n\t\t\t\t\t\t\t<div class=\"elementor-divider\">\n\t\t\t<span class=\"elementor-divider-separator\">\n\t\t\t\t\t\t<\/span>\n\t\t<\/div>\n\t\t\t\t\t\t<\/div>\n\t\t\t\t<\/div>\n\t\t\t\t\t<\/div>\n\t\t<\/div>\n\t\t\t\t\t<\/div>\n\t\t<\/section>\n\t\t\t\t<section class=\"elementor-section elementor-top-section elementor-element elementor-element-48418e4b elementor-section-boxed elementor-section-height-default elementor-section-height-default\" data-id=\"48418e4b\" data-element_type=\"section\" data-e-type=\"section\">\n\t\t\t\t\t\t<div class=\"elementor-container elementor-column-gap-default\">\n\t\t\t\t\t<div class=\"elementor-column elementor-col-100 elementor-top-column elementor-element elementor-element-7c2aed6d\" data-id=\"7c2aed6d\" data-element_type=\"column\" data-e-type=\"column\">\n\t\t\t<div class=\"elementor-widget-wrap elementor-element-populated\">\n\t\t\t\t\t\t<div class=\"elementor-element elementor-element-70243ce2 elementor-widget elementor-widget-heading\" data-id=\"70243ce2\" data-element_type=\"widget\" data-e-type=\"widget\" data-widget_type=\"heading.default\">\n\t\t\t\t<div class=\"elementor-widget-container\">\n\t\t\t\t\t<h3 class=\"elementor-heading-title elementor-size-default\">Rullgardiner med <u>kedjedrag<\/u><\/h3>\t\t\t\t<\/div>\n\t\t\t\t<\/div>\n\t\t\t\t\t<\/div>\n\t\t<\/div>\n\t\t\t\t\t<\/div>\n\t\t<\/section>\n\t\t\t\t<section class=\"elementor-section elementor-top-section elementor-element elementor-element-15e8a94e elementor-section-boxed elementor-section-height-default elementor-section-height-default\" data-id=\"15e8a94e\" data-element_type=\"section\" data-e-type=\"section\">\n\t\t\t\t\t\t<div class=\"elementor-container elementor-column-gap-default\">\n\t\t\t\t\t<div class=\"elementor-column elementor-col-100 elementor-top-column elementor-element elementor-element-36f4259b\" data-id=\"36f4259b\" data-element_type=\"column\" data-e-type=\"column\">\n\t\t\t<div class=\"elementor-widget-wrap elementor-element-populated\">\n\t\t\t\t\t\t<div class=\"elementor-element elementor-element-191bb423 elementor-widget elementor-widget-text-editor\" data-id=\"191bb423\" data-element_type=\"widget\" data-e-type=\"widget\" data-widget_type=\"text-editor.default\">\n\t\t\t\t<div class=\"elementor-widget-container\">\n\t\t\t\t\t\t\t\t\t<p>Innan du b\u00f6rjar<\/p><p>Du kommer att beh\u00f6va:<br \/>Blyertspenna, Konsoler, Gavlar, Barnl\u00e5s, Borrmaskin<\/p><p>F\u00f6ljande ing\u00e5r f\u00f6r varje gardin:<\/p><ul><li>Tv\u00e5 konsoler<\/li><li>Tv\u00e5 \u00e4ndlock f\u00f6r f\u00e4sten<\/li><li>En barns\u00e4kerhetsanordning\/kedjeh\u00e5llare &#8211; f\u00f6r att h\u00e5lla fast kedjan ordentligt<\/li><\/ul><p><em>Observera att skruvar inte ing\u00e5r, eftersom det beror p\u00e5 vilket material gardinerna ska monteras p\u00e5.<\/em><br \/><em>Vi rekommenderar att du anv\u00e4nder ca tv\u00e5 skruvar per f\u00e4ste.<\/em><\/p>\t\t\t\t\t\t\t\t<\/div>\n\t\t\t\t<\/div>\n\t\t\t\t\t<\/div>\n\t\t<\/div>\n\t\t\t\t\t<\/div>\n\t\t<\/section>\n\t\t\t\t<section class=\"elementor-section elementor-top-section elementor-element elementor-element-2226ce8d elementor-section-boxed elementor-section-height-default elementor-section-height-default\" data-id=\"2226ce8d\" data-element_type=\"section\" data-e-type=\"section\">\n\t\t\t\t\t\t<div class=\"elementor-container elementor-column-gap-default\">\n\t\t\t\t\t<div class=\"elementor-column elementor-col-25 elementor-top-column elementor-element elementor-element-38b7aead\" data-id=\"38b7aead\" data-element_type=\"column\" data-e-type=\"column\">\n\t\t\t<div class=\"elementor-widget-wrap elementor-element-populated\">\n\t\t\t\t\t\t<div class=\"elementor-element elementor-element-4e5a69a elementor-widget elementor-widget-text-editor\" data-id=\"4e5a69a\" data-element_type=\"widget\" data-e-type=\"widget\" data-widget_type=\"text-editor.default\">\n\t\t\t\t<div class=\"elementor-widget-container\">\n\t\t\t\t\t\t\t\t\t<p><strong>Step 1<\/strong><br \/>V\u00e6lg, hvordan beslagene skal monteres (siden \u2013 eller toppen af karmen). Skru beslagene ind det \u00f8nskede sted i karmen. Kontroller at beslagene h\u00e6nger lige.<\/p><p><img loading=\"lazy\" decoding=\"async\" class=\"alignnone wp-image-8036 size-full\" src=\"https:\/\/colorandco.co.uk\/wp-content\/uploads\/2022\/06\/how-to-install-blinds-chainpull-ENG-1-300x281-1.png\" alt=\"\" width=\"300\" height=\"281\" \/><\/p>\t\t\t\t\t\t\t\t<\/div>\n\t\t\t\t<\/div>\n\t\t\t\t\t<\/div>\n\t\t<\/div>\n\t\t\t\t<div class=\"elementor-column elementor-col-25 elementor-top-column elementor-element elementor-element-2b86abce\" data-id=\"2b86abce\" data-element_type=\"column\" data-e-type=\"column\">\n\t\t\t<div class=\"elementor-widget-wrap elementor-element-populated\">\n\t\t\t\t\t\t<div class=\"elementor-element elementor-element-28fc37d elementor-widget elementor-widget-text-editor\" data-id=\"28fc37d\" data-element_type=\"widget\" data-e-type=\"widget\" data-widget_type=\"text-editor.default\">\n\t\t\t\t<div class=\"elementor-widget-container\">\n\t\t\t\t\t\t\t\t\t<p><strong>Steg 2<\/strong><br \/>F\u00f6r in persiennen i kopplingen. S\u00e4tt alltid i sidan med den fj\u00e4drande \u00e4ndpluggen f\u00f6rst och sedan den andra sidan.<\/p><p><img loading=\"lazy\" decoding=\"async\" class=\"alignnone size-full wp-image-8037\" src=\"https:\/\/colorandco.co.uk\/wp-content\/uploads\/2022\/06\/how-to-install-blinds-chainpull-2-300x225-1.png\" alt=\"\" width=\"300\" height=\"225\" \/><\/p>\t\t\t\t\t\t\t\t<\/div>\n\t\t\t\t<\/div>\n\t\t\t\t\t<\/div>\n\t\t<\/div>\n\t\t\t\t<div class=\"elementor-column elementor-col-25 elementor-top-column elementor-element elementor-element-702ce232\" data-id=\"702ce232\" data-element_type=\"column\" data-e-type=\"column\">\n\t\t\t<div class=\"elementor-widget-wrap elementor-element-populated\">\n\t\t\t\t\t\t<div class=\"elementor-element elementor-element-351cc5d6 elementor-widget elementor-widget-text-editor\" data-id=\"351cc5d6\" data-element_type=\"widget\" data-e-type=\"widget\" data-widget_type=\"text-editor.default\">\n\t\t\t\t<div class=\"elementor-widget-container\">\n\t\t\t\t\t\t\t\t\t<p><strong>Steg 3<\/strong><br \/>F\u00e4st sedan gavlarna p\u00e5 konsolerna. Skjut in k\u00e5porna p\u00e5 plats framifr\u00e5n.<\/p><p><img loading=\"lazy\" decoding=\"async\" class=\"alignnone size-full wp-image-8038\" src=\"https:\/\/colorandco.co.uk\/wp-content\/uploads\/2022\/06\/how-to-install-blinds-chainpull-3-300x268-1.png\" alt=\"\" width=\"300\" height=\"268\" \/><\/p>\t\t\t\t\t\t\t\t<\/div>\n\t\t\t\t<\/div>\n\t\t\t\t\t<\/div>\n\t\t<\/div>\n\t\t\t\t<div class=\"elementor-column elementor-col-25 elementor-top-column elementor-element elementor-element-6673cd16\" data-id=\"6673cd16\" data-element_type=\"column\" data-e-type=\"column\">\n\t\t\t<div class=\"elementor-widget-wrap elementor-element-populated\">\n\t\t\t\t\t\t<div class=\"elementor-element elementor-element-7d556d86 elementor-widget elementor-widget-text-editor\" data-id=\"7d556d86\" data-element_type=\"widget\" data-e-type=\"widget\" data-widget_type=\"text-editor.default\">\n\t\t\t\t<div class=\"elementor-widget-container\">\n\t\t\t\t\t\t\t\t\t<p><strong>Steg 4<\/strong><br \/>Montera kedjeh\u00e5llaren minst 150 cm fr\u00e5n golvet s\u00e5 att kedjan h\u00e4nger stadigt. Kedjeh\u00e5llaren \u00e4r en viktig barns\u00e4kerhetsanordning.<\/p><p><img loading=\"lazy\" decoding=\"async\" class=\"alignnone size-full wp-image-8039\" src=\"https:\/\/colorandco.co.uk\/wp-content\/uploads\/2022\/06\/how-to-install-blinds-chainpull-1-293x300-1.png\" alt=\"\" width=\"293\" height=\"300\" \/><\/p>\t\t\t\t\t\t\t\t<\/div>\n\t\t\t\t<\/div>\n\t\t\t\t\t<\/div>\n\t\t<\/div>\n\t\t\t\t\t<\/div>\n\t\t<\/section>\n\t\t\t\t<section class=\"elementor-section elementor-top-section elementor-element elementor-element-7c7ac148 elementor-section-boxed elementor-section-height-default elementor-section-height-default\" data-id=\"7c7ac148\" data-element_type=\"section\" data-e-type=\"section\">\n\t\t\t\t\t\t<div class=\"elementor-container elementor-column-gap-default\">\n\t\t\t\t\t<div class=\"elementor-column elementor-col-100 elementor-top-column elementor-element elementor-element-620bf180\" data-id=\"620bf180\" data-element_type=\"column\" data-e-type=\"column\">\n\t\t\t<div class=\"elementor-widget-wrap elementor-element-populated\">\n\t\t\t\t\t\t<div class=\"elementor-element elementor-element-6ee5d2d2 elementor-widget elementor-widget-text-editor\" data-id=\"6ee5d2d2\" data-element_type=\"widget\" data-e-type=\"widget\" data-widget_type=\"text-editor.default\">\n\t\t\t\t<div class=\"elementor-widget-container\">\n\t\t\t\t\t\t\t\t\t<p><strong>BARN OCH S\u00c4KERHET<\/strong><\/p><p><strong>Kedjeh\u00e5llare<\/strong>: Kedjeh\u00e5llaren h\u00e5ller kedjan t\u00e4tt intill v\u00e4ggen och ser till att den inte slingrar sig. Den installeras minst 150 cm fr\u00e5n golvet,<br \/><br \/><strong>Kedjans l\u00e4ngd<\/strong>: Kedjan m\u00e5ste installeras minst 150 cm fr\u00e5n golvet f\u00f6r att f\u00f6rhindra kv\u00e4vningsolyckor hos barn.<\/p><p><em><strong>VARNING!<\/strong><\/em><br \/><em>Sm\u00e5 barn kan kv\u00e4vas av \u00f6glor i kedjor och sladdar som anv\u00e4nds f\u00f6r att man\u00f6vrera<\/em><br \/><em>gardinprodukter. Enligt EN 13120 m\u00e5ste de medf\u00f6ljande s\u00e4kerhetsanordningarna installeras och anv\u00e4ndas i enlighet med installationsanvisningarna f\u00f6r att minska risken f\u00f6r en olycka. F\u00f6r att undvika detta b\u00f6r f\u00f6ljande f\u00f6rsiktighets\u00e5tg\u00e4rder vidtas.<\/em><\/p><ul><li><em>Sladd-\/kedjeh\u00e5llaren m\u00e5ste monteras minst 1,5 meter fr\u00e5n golvet och sladden och kedjan m\u00e5ste lindas\/h\u00e4ngas t\u00e4tt runt den s\u00e5 att den inte h\u00e4nger l\u00f6st.<\/em><\/li><li><em>Flytta s\u00e4ngar, spj\u00e4ls\u00e4ngar och andra m\u00f6bler bort fr\u00e5n sladdarna s\u00e5 att sm\u00e5 barn inte kan anv\u00e4nda m\u00f6blerna f\u00f6r att n\u00e5 sladdarna.<\/em><\/li><li><em>Undvik att knyta ihop sladdarna. Se till att sladden inte g\u00f6r en \u00f6gla.<\/em><\/li><\/ul>\t\t\t\t\t\t\t\t<\/div>\n\t\t\t\t<\/div>\n\t\t\t\t\t<\/div>\n\t\t<\/div>\n\t\t\t\t\t<\/div>\n\t\t<\/section>\n\t\t\t\t<\/div>\n\t\t","protected":false},"excerpt":{"rendered":"<p>Installations instruktioner Nedenfor finner du informasjon om hvordan du installerer og monterer rullgardiner med linaog monterer rullgardiner med kedjedrag Rullgardiner med lina Du kommer att beh\u00f6va:Blyertspenna, Krokar, Sn\u00f6rh\u00e5llare, Skruvar, Skruvmejsel F\u00f6ljande ing\u00e5r f\u00f6r varje gardin: Krokar &#8211; 2\/3 krokar beroende p\u00e5 gardinens bredd. Sn\u00f6reh\u00e5llare &#8211; En viktig del av barns\u00e4kerhetssystemet Skruvar &#8211; Tv\u00e5 skruvar f\u00f6r [&hellip;]<\/p>\n","protected":false},"author":1,"featured_media":0,"parent":0,"menu_order":0,"comment_status":"closed","ping_status":"closed","template":"","meta":{"footnotes":""},"class_list":["post-9809","page","type-page","status-publish","hentry"],"aioseo_notices":[],"_links":{"self":[{"href":"https:\/\/colorco.dk\/sv\/wp-json\/wp\/v2\/pages\/9809","targetHints":{"allow":["GET"]}}],"collection":[{"href":"https:\/\/colorco.dk\/sv\/wp-json\/wp\/v2\/pages"}],"about":[{"href":"https:\/\/colorco.dk\/sv\/wp-json\/wp\/v2\/types\/page"}],"author":[{"embeddable":true,"href":"https:\/\/colorco.dk\/sv\/wp-json\/wp\/v2\/users\/1"}],"replies":[{"embeddable":true,"href":"https:\/\/colorco.dk\/sv\/wp-json\/wp\/v2\/comments?post=9809"}],"version-history":[{"count":0,"href":"https:\/\/colorco.dk\/sv\/wp-json\/wp\/v2\/pages\/9809\/revisions"}],"wp:attachment":[{"href":"https:\/\/colorco.dk\/sv\/wp-json\/wp\/v2\/media?parent=9809"}],"curies":[{"name":"wp","href":"https:\/\/api.w.org\/{rel}","templated":true}]}}