{"id":9815,"date":"2023-02-27T14:23:44","date_gmt":"2023-02-27T13:23:44","guid":{"rendered":"https:\/\/colorco.dk\/\/opmaaling\/"},"modified":"2026-02-19T11:06:56","modified_gmt":"2026-02-19T10:06:56","slug":"matter-upp-til-rullgardiner-med-snoredrag-inne-i-fonstret","status":"publish","type":"page","link":"https:\/\/colorco.dk\/sv\/matter-upp-til-rullgardiner-med-snoredrag-inne-i-fonstret\/","title":{"rendered":"M\u00e5tter upp til rullgardiner med sn\u00f6redrag &#8211; Inne i f\u00f6nstret"},"content":{"rendered":"\t\t<div data-elementor-type=\"wp-page\" data-elementor-id=\"9815\" class=\"elementor elementor-9815 elementor-7263\" data-elementor-post-type=\"page\">\n\t\t\t\t\t\t<section class=\"elementor-section elementor-top-section elementor-element elementor-element-32589da1 elementor-section-boxed elementor-section-height-default elementor-section-height-default\" data-id=\"32589da1\" data-element_type=\"section\" data-e-type=\"section\">\n\t\t\t\t\t\t<div class=\"elementor-container elementor-column-gap-default\">\n\t\t\t\t\t<div class=\"elementor-column elementor-col-100 elementor-top-column elementor-element elementor-element-27ff28c\" data-id=\"27ff28c\" data-element_type=\"column\" data-e-type=\"column\">\n\t\t\t<div class=\"elementor-widget-wrap elementor-element-populated\">\n\t\t\t\t\t\t<div class=\"elementor-element elementor-element-6c0b19b9 elementor-widget elementor-widget-heading\" data-id=\"6c0b19b9\" data-element_type=\"widget\" data-e-type=\"widget\" data-widget_type=\"heading.default\">\n\t\t\t\t<div class=\"elementor-widget-container\">\n\t\t\t\t\t<h2 class=\"elementor-heading-title elementor-size-default\">M\u00e5tter upp til rullgardiner med sn\u00f6redrag - Inne i f\u00f6nstret<\/h2>\t\t\t\t<\/div>\n\t\t\t\t<\/div>\n\t\t\t\t\t<\/div>\n\t\t<\/div>\n\t\t\t\t\t<\/div>\n\t\t<\/section>\n\t\t\t\t<section class=\"elementor-section elementor-top-section elementor-element elementor-element-173f5b1e elementor-section-boxed elementor-section-height-default elementor-section-height-default\" data-id=\"173f5b1e\" data-element_type=\"section\" data-e-type=\"section\">\n\t\t\t\t\t\t<div class=\"elementor-container elementor-column-gap-default\">\n\t\t\t\t\t<div class=\"elementor-column elementor-col-100 elementor-top-column elementor-element elementor-element-5bc2fd74\" data-id=\"5bc2fd74\" data-element_type=\"column\" data-e-type=\"column\">\n\t\t\t<div class=\"elementor-widget-wrap elementor-element-populated\">\n\t\t\t\t\t\t<section class=\"elementor-section elementor-inner-section elementor-element elementor-element-6f2b18a7 elementor-section-boxed elementor-section-height-default elementor-section-height-default\" data-id=\"6f2b18a7\" data-element_type=\"section\" data-e-type=\"section\">\n\t\t\t\t\t\t<div class=\"elementor-container elementor-column-gap-default\">\n\t\t\t\t\t<div class=\"elementor-column elementor-col-50 elementor-inner-column elementor-element elementor-element-7edea80d\" data-id=\"7edea80d\" data-element_type=\"column\" data-e-type=\"column\">\n\t\t\t<div class=\"elementor-widget-wrap elementor-element-populated\">\n\t\t\t\t\t\t<div class=\"elementor-element elementor-element-5f6a17e7 elementor-widget elementor-widget-text-editor\" data-id=\"5f6a17e7\" data-element_type=\"widget\" data-e-type=\"widget\" data-widget_type=\"text-editor.default\">\n\t\t\t\t<div class=\"elementor-widget-container\">\n\t\t\t\t\t\t\t\t\t<p><strong>Steg 1<\/strong> \u2013 Anv\u00e4nd ett m\u00e5ttband f\u00f6r att m\u00e4ta f\u00f6nstret. M\u00e4t f\u00f6rst bredden upptill p\u00e5 f\u00f6nstret, sedan i mitten och till sist nertill. <\/p><p><strong>Steg 2<\/strong> \u2013 Notera det minsta m\u00e5ttet. Dra sedan bort 2 cm fr\u00e5n detta m\u00e5tt. Detta f\u00f6r att gardinen inte ska repa f\u00f6nsterbr\u00e4dan n\u00e4r den anv\u00e4nds. Detta \u00e4r det f\u00e4rdiga m\u00e5ttet f\u00f6r gardinens bredd.   <\/p><p><strong>Steg 3<\/strong> \u2013 D\u00e4refter g\u00f6r du samma sak med h\u00f6jden. M\u00e4t fr\u00e5n toppen av f\u00f6nstret till botten av f\u00f6nsterbr\u00e4dan och l\u00e4gg till 10-15 cm. Vi rekommenderar att du har en liten tygrulle l\u00e4ngst ner p\u00e5 gardinen p\u00e5 minst 10 cm. Det ger gardinen mer tyngd och stabilitet och g\u00f6r den l\u00e4ttare att rulla upp och ner.   <\/p><p>Om dina m\u00e5tt \u00e4r 90 cm i bredd och 120 cm i h\u00f6jd blir m\u00e5tten du beh\u00f6ver ange f\u00f6ljande:<br>90cm \u2013 2cm = F\u00e4rdigt breddm\u00e5tt <strong>88cm<\/strong><br>120cm + 10cm = F\u00e4rdigt h\u00f6jdm\u00e5tt <strong>130cm<\/strong><\/p><p>P\u00e5 grund av gardinens konstruktion kan vi tyv\u00e4rr inte alltid garantera 100% noggrannhet. Det kan f\u00f6rekomma en felmarginal p\u00e5 upp till 0,5 cm i bredd och n\u00e5gra cm i h\u00f6jd. Detta beror p\u00e5 att tr\u00e5darna i v\u00e4ven kan st\u00f6ra breddm\u00e5ttet och att tyngdkraften p\u00e5verkar h\u00f6jden.<br><br>  <\/p>\t\t\t\t\t\t\t\t<\/div>\n\t\t\t\t<\/div>\n\t\t\t\t\t<\/div>\n\t\t<\/div>\n\t\t\t\t<div class=\"elementor-column elementor-col-50 elementor-inner-column elementor-element elementor-element-29ddcbd7\" data-id=\"29ddcbd7\" data-element_type=\"column\" data-e-type=\"column\">\n\t\t\t<div class=\"elementor-widget-wrap elementor-element-populated\">\n\t\t\t\t\t\t<div class=\"elementor-element elementor-element-53223ab4 elementor-widget elementor-widget-video\" data-id=\"53223ab4\" data-element_type=\"widget\" data-e-type=\"widget\" data-settings=\"{&quot;youtube_url&quot;:&quot;https:\\\/\\\/www.youtube.com\\\/watch?v=f1kZXaj4yvc&quot;,&quot;video_type&quot;:&quot;youtube&quot;,&quot;controls&quot;:&quot;yes&quot;}\" data-widget_type=\"video.default\">\n\t\t\t\t<div class=\"elementor-widget-container\">\n\t\t\t\t\t\t\t<div class=\"elementor-wrapper elementor-open-inline\">\n\t\t\t<div class=\"elementor-video\"><\/div>\t\t<\/div>\n\t\t\t\t\t\t<\/div>\n\t\t\t\t<\/div>\n\t\t\t\t<div class=\"elementor-element elementor-element-4cd78c3 elementor-widget elementor-widget-text-editor\" data-id=\"4cd78c3\" data-element_type=\"widget\" data-e-type=\"widget\" data-widget_type=\"text-editor.default\">\n\t\t\t\t<div class=\"elementor-widget-container\">\n\t\t\t\t\t\t\t\t\t<p><em>Se instruktionsvideon ovan. Den \u00e4r p\u00e5 engelska. Om du vill ha den med danska undertexter m\u00e5ste du \u00f6ppna den p\u00e5 Youtube, d\u00e4r detta kan v\u00e4ljas.  <\/em><\/p>\t\t\t\t\t\t\t\t<\/div>\n\t\t\t\t<\/div>\n\t\t\t\t\t<\/div>\n\t\t<\/div>\n\t\t\t\t\t<\/div>\n\t\t<\/section>\n\t\t\t\t\t<\/div>\n\t\t<\/div>\n\t\t\t\t\t<\/div>\n\t\t<\/section>\n\t\t\t\t<\/div>\n\t\t","protected":false},"excerpt":{"rendered":"<p>M\u00e5tter upp til rullgardiner med sn\u00f6redrag &#8211; Inne i f\u00f6nstret Steg 1 \u2013 Anv\u00e4nd ett m\u00e5ttband f\u00f6r att m\u00e4ta f\u00f6nstret. M\u00e4t f\u00f6rst bredden upptill p\u00e5 f\u00f6nstret, sedan i mitten och till sist nertill. Steg 2 \u2013 Notera det minsta m\u00e5ttet. Dra sedan bort 2 cm fr\u00e5n detta m\u00e5tt. Detta f\u00f6r att gardinen inte ska repa [&hellip;]<\/p>\n","protected":false},"author":1,"featured_media":0,"parent":0,"menu_order":0,"comment_status":"closed","ping_status":"closed","template":"","meta":{"footnotes":""},"class_list":["post-9815","page","type-page","status-publish","hentry"],"aioseo_notices":[],"_links":{"self":[{"href":"https:\/\/colorco.dk\/sv\/wp-json\/wp\/v2\/pages\/9815","targetHints":{"allow":["GET"]}}],"collection":[{"href":"https:\/\/colorco.dk\/sv\/wp-json\/wp\/v2\/pages"}],"about":[{"href":"https:\/\/colorco.dk\/sv\/wp-json\/wp\/v2\/types\/page"}],"author":[{"embeddable":true,"href":"https:\/\/colorco.dk\/sv\/wp-json\/wp\/v2\/users\/1"}],"replies":[{"embeddable":true,"href":"https:\/\/colorco.dk\/sv\/wp-json\/wp\/v2\/comments?post=9815"}],"version-history":[{"count":0,"href":"https:\/\/colorco.dk\/sv\/wp-json\/wp\/v2\/pages\/9815\/revisions"}],"wp:attachment":[{"href":"https:\/\/colorco.dk\/sv\/wp-json\/wp\/v2\/media?parent=9815"}],"curies":[{"name":"wp","href":"https:\/\/api.w.org\/{rel}","templated":true}]}}