{"id":9821,"date":"2023-02-23T15:16:13","date_gmt":"2023-02-23T14:16:13","guid":{"rendered":"https:\/\/colorco.dk\/\/privatlivspolitik\/"},"modified":"2023-10-21T19:35:54","modified_gmt":"2023-10-21T17:35:54","slug":"integritetspolicy","status":"publish","type":"page","link":"https:\/\/colorco.dk\/sv\/integritetspolicy\/","title":{"rendered":"Integritetspolicy"},"content":{"rendered":"\t\t<div data-elementor-type=\"wp-page\" data-elementor-id=\"9821\" class=\"elementor elementor-9821 elementor-3\" data-elementor-post-type=\"page\">\n\t\t\t\t\t\t<section class=\"elementor-section elementor-top-section elementor-element elementor-element-298798d elementor-section-boxed elementor-section-height-default elementor-section-height-default\" data-id=\"298798d\" data-element_type=\"section\" data-e-type=\"section\">\n\t\t\t\t\t\t<div class=\"elementor-container elementor-column-gap-default\">\n\t\t\t\t\t<div class=\"elementor-column elementor-col-100 elementor-top-column elementor-element elementor-element-8a9eada\" data-id=\"8a9eada\" data-element_type=\"column\" data-e-type=\"column\">\n\t\t\t<div class=\"elementor-widget-wrap elementor-element-populated\">\n\t\t\t\t\t\t<div class=\"elementor-element elementor-element-669a083 elementor-widget elementor-widget-heading\" data-id=\"669a083\" data-element_type=\"widget\" data-e-type=\"widget\" data-widget_type=\"heading.default\">\n\t\t\t\t<div class=\"elementor-widget-container\">\n\t\t\t\t\t<h2 class=\"elementor-heading-title elementor-size-default\">Integritetspolicy<\/h2>\t\t\t\t<\/div>\n\t\t\t\t<\/div>\n\t\t\t\t<div class=\"elementor-element elementor-element-97c4b41 elementor-widget elementor-widget-text-editor\" data-id=\"97c4b41\" data-element_type=\"widget\" data-e-type=\"widget\" data-widget_type=\"text-editor.default\">\n\t\t\t\t<div class=\"elementor-widget-container\">\n\t\t\t\t\t\t\t\t\t<p>Personuppgifter<br \/>\nInformation om Color &#038; Co:s behandling av dina personuppgifter<\/p>\n<p>Color &#038; Co skyddar dina personuppgifter. Det inneb\u00e4r bland annat att vi f\u00f6rklarar hur vi behandlar dina personuppgifter, att vi inte s\u00e4ljer dina personuppgifter till andra f\u00f6retag samt att vi uppfyller g\u00e4llande regler f\u00f6r dataskydd.<br \/>\nNedan beskriver vi hur vi behandlar dina personuppgifter, vilka r\u00e4ttigheter du har, vad du ska g\u00f6ra om du har fr\u00e5gor etc.<\/p>\n<p>1.0 Dataansvarig<br \/>\nF\u00e4rg &#038; Co<br \/>\nStubbeled 1a<br \/>\nDK-2950 Vedbaek<br \/>\nOrganisationsnr. DK39381990<\/p>\n<p>2.0 Vilka personuppgifter samlar vi in?<br \/>\nVi samlar in information f\u00f6r att kunna uppfylla v\u00e5rt avtal med dig g\u00e4llande din best\u00e4llning hos Color &#038; Co. F\u00f6ljande personuppgifter samlas in n\u00e4r du handlar i v\u00e5r webbshop:<br \/>\nNamn<br \/>\nF\u00f6retagsnamn<br \/>\nAdress<br \/>\nE-post<br \/>\nMobilnummer<br \/>\nKundnummer<br \/>\nK\u00f6phistorik<\/p>\n<p>Best\u00e4llningsnummer<br \/>\nSamt din kommunikation med oss<\/p>\n<p>Vi samlar bara in de personuppgifter som du sj\u00e4lv uppger n\u00e4r du best\u00e4ller v\u00e5ra produkter.<\/p>\n<p>2.1 Vad anv\u00e4nder vi dina personuppgifter f\u00f6r?<br \/>\nVi anv\u00e4nder dina personuppgifter f\u00f6r att hantera dina ink\u00f6p p\u00e5 v\u00e5r webbsida, inklusive behandling av din best\u00e4llning, retur och klagom\u00e5l.<br \/>\nLaglig grund f\u00f6r denna behandling: \u00d6verenskommelse<\/p>\n<p>Vi anv\u00e4nder dina personuppgifter f\u00f6r att skicka meddelanden om leveransstatus och f\u00f6r att kunna kontakta dig vid eventuella problem i samband med din best\u00e4llning.<br \/>\nVi anv\u00e4nder dina personuppgifter f\u00f6r att slutf\u00f6ra dina betalningar.<br \/>\nVi anv\u00e4nder dina personuppgifter f\u00f6r att hantera f\u00f6rfr\u00e5gningar fr\u00e5n dig via v\u00e5r kundtj\u00e4nst, via e-post, telefon och sociala medier.<br \/>\nVi anv\u00e4nder dina personuppgifter f\u00f6r att hantera garantirelaterade krav och produktklagom\u00e5l.<br \/>\nVi anv\u00e4nder dina personuppgifter f\u00f6r att bekr\u00e4fta din adress hos v\u00e5ra externa partners.<br \/>\nVi anv\u00e4nder dina personuppgifter f\u00f6r att skicka dig nyhetsbrev och erbjudanden.<br \/>\nVi anv\u00e4nder dina personuppgifter f\u00f6r att g\u00f6ra paketetiketter s\u00e5 att vi kan leverera varan till dig.<\/p>\n<p>Vi kan anv\u00e4nda dina personuppgifter i enlighet med g\u00e4llande lagstiftning f\u00f6r att uppfylla lagstiftningens krav, samt f\u00f6r att kunna besvara f\u00f6rfr\u00e5gningar fr\u00e5n offentliga och statliga myndigheter.<br \/>\nDina personuppgifter vidarebefordras inte till tredje part utan ditt uttryckliga samtycke till detta.<\/p>\n<p>Vi anv\u00e4nder f\u00f6ljande underleverant\u00f6rer f\u00f6r att behandla dina personuppgifter:<br \/>\nLink Logistics<br \/>\nGoogle<br \/>\nMailChimp<\/p>\n<p>3.0 Vilka r\u00e4ttigheter har du och hur ut\u00f6var du dem?<br \/>\nDu har vissa r\u00e4ttigheter n\u00e4r det g\u00e4ller v\u00e5r behandling av dina personuppgifter. Kontakta Color &#038; Co via v\u00e5r kundtj\u00e4nst eller info@colorco.dk .<\/p>\n<p>3.1 R\u00e4tt till insikt<br \/>\nDu har r\u00e4tt att f\u00e5 en bekr\u00e4ftelse p\u00e5 om vi behandlar personuppgifter om dig, och i s\u00e5 fall f\u00e5 viss information om varf\u00f6r vi behandlar uppgifterna samt hur l\u00e4nge vi lagrar dem. Du har ocks\u00e5 r\u00e4tt att f\u00e5 en kopia av alla dina personuppgifter.<\/p>\n<p>3.2 R\u00e4tt till korrigering<br \/>\nDu har r\u00e4tt att f\u00e5 \u00e4ndrat och korrigerat felaktiga eller ofullst\u00e4ndiga personuppgifter om dig.<\/p>\n<p>3.3 R\u00e4tt till inv\u00e4ndning<br \/>\nOm du vill ha tillg\u00e5ng till de uppgifter som vi har registrerat om dig hos Color &#038; Co, skriv till oss p\u00e5 info@colorco.dk<br \/>\nDu har m\u00f6jlighet att f\u00e5 insikt i vilken information som registrerats om dig och du har r\u00e4tt att mots\u00e4tta dig v\u00e5r behandling av dina personuppgifter.<\/p>\n<p>3.4 R\u00e4tt till radering och begr\u00e4nsning<br \/>\nVi raderar personuppgifter kontinuerligt.<br \/>\nVi lagrar dina personuppgifter s\u00e5 l\u00e4nge vi har en aktiv kundrelation med dig\/ditt f\u00f6retag.<br \/>\nOm du vill ha raderat dina uppgifter, skriv till oss p\u00e5 info@colorco.dk.<\/p>\n<p>3.5 R\u00e4tt till dataportabilitet<br \/>\nN\u00e4r vi behandlar din personliga information f\u00f6r att kunna slutf\u00f6ra ett avtal med dig eller med ditt samtycke har du r\u00e4tt till s\u00e5 kallad dataportabilitet (data\u00f6verf\u00f6ring). Det inneb\u00e4r att du har r\u00e4tt att f\u00e5 dina egna uppgifter i ett strukturerat, allm\u00e4nt f\u00f6rekommande och maskinl\u00e4sbart format, och du har r\u00e4tt att \u00f6verf\u00f6ra dessa uppgifter fr\u00e5n en datahanterare till en annan.<\/p>\n<p>4.0 Vad g\u00f6r du om du har fr\u00e5gor eller klagom\u00e5l?<br \/>\nOm du har fr\u00e5gor om v\u00e5r behandling av dina personuppgifter, v\u00e4nligen kontakta v\u00e5r kundtj\u00e4nst p\u00e5 info@colorco.dk eller ring: +45 7199 7172. Du kan skicka fr\u00e5gor ang\u00e5ende dina r\u00e4ttigheter eller andra fr\u00e5gor om hur vi arbetar med dataskydd och integritet.<\/p>\n<p>Vad h\u00e4nder om vi \u00e4ndrar v\u00e5r behandling av personuppgifter? Om vi till exempel behandlar dina personuppgifter f\u00f6r nya \u00e4ndam\u00e5l, samlar in fler uppgifter eller delar dina uppgifter med andra f\u00f6retag, d\u00e5 kommer vi att informera dig om detta. Den senaste versionen av denna policy finns alltid publicerad p\u00e5 colorco.dk<\/p>\n<p>5.0 Hur samlar ni in personlig information?<br \/>\nVi samlar in personuppgifter direkt fr\u00e5n dig n\u00e4r du handlar, kontaktar oss etc.<\/p>\n<p>6.0 \u00c4r det valfritt att ange personuppgifter?<br \/>\nDu m\u00e5sta ange alla dina personuppgifter utom \u201cf\u00f6retag\u201d och \u201clagrad kreditkortsinformation\u201d n\u00e4r du handlar p\u00e5 v\u00e5r webbsida.<\/p>\n\t\t\t\t\t\t\t\t<\/div>\n\t\t\t\t<\/div>\n\t\t\t\t\t<\/div>\n\t\t<\/div>\n\t\t\t\t\t<\/div>\n\t\t<\/section>\n\t\t\t\t<\/div>\n\t\t","protected":false},"excerpt":{"rendered":"<p>Integritetspolicy Personuppgifter Information om Color &amp; Co:s behandling av dina personuppgifter Color &amp; Co skyddar dina personuppgifter. Det inneb\u00e4r bland annat att vi f\u00f6rklarar hur vi behandlar dina personuppgifter, att vi inte s\u00e4ljer dina personuppgifter till andra f\u00f6retag samt att vi uppfyller g\u00e4llande regler f\u00f6r dataskydd. Nedan beskriver vi hur vi behandlar dina personuppgifter, vilka [&hellip;]<\/p>\n","protected":false},"author":1,"featured_media":0,"parent":0,"menu_order":0,"comment_status":"closed","ping_status":"open","template":"","meta":{"footnotes":""},"class_list":["post-9821","page","type-page","status-publish","hentry"],"aioseo_notices":[],"_links":{"self":[{"href":"https:\/\/colorco.dk\/sv\/wp-json\/wp\/v2\/pages\/9821","targetHints":{"allow":["GET"]}}],"collection":[{"href":"https:\/\/colorco.dk\/sv\/wp-json\/wp\/v2\/pages"}],"about":[{"href":"https:\/\/colorco.dk\/sv\/wp-json\/wp\/v2\/types\/page"}],"author":[{"embeddable":true,"href":"https:\/\/colorco.dk\/sv\/wp-json\/wp\/v2\/users\/1"}],"replies":[{"embeddable":true,"href":"https:\/\/colorco.dk\/sv\/wp-json\/wp\/v2\/comments?post=9821"}],"version-history":[{"count":0,"href":"https:\/\/colorco.dk\/sv\/wp-json\/wp\/v2\/pages\/9821\/revisions"}],"wp:attachment":[{"href":"https:\/\/colorco.dk\/sv\/wp-json\/wp\/v2\/media?parent=9821"}],"curies":[{"name":"wp","href":"https:\/\/api.w.org\/{rel}","templated":true}]}}