{"id":11194,"date":"2023-10-31T12:38:21","date_gmt":"2023-10-31T11:38:21","guid":{"rendered":"https:\/\/colorco.dk\/?post_type=product&#038;p=11194"},"modified":"2024-01-21T16:30:56","modified_gmt":"2024-01-21T15:30:56","slug":"ljus-brun-papper-vaxtfiber-rullgardin-med-kedjedrag","status":"publish","type":"product","link":"https:\/\/colorco.dk\/sv\/product\/ljus-brun-papper-vaxtfiber-rullgardin-med-kedjedrag\/","title":{"rendered":"Ljus brun papper v\u00e4xtfiber rullgardin med kedjedrag"},"content":{"rendered":"<p>Denna ljuse brune papper v\u00e4xtfiber rullgardin med kedjedrag har en solskyddsfaktor p\u00e5 <strong>50%<\/strong>. V\u00e5ra gardiner \u00e4r indelade i fem solskyddskategorier: 25%, 50%, 75%, 90% och 98%.<br \/>\nDessa \u00e4r beteckningar f\u00f6r hur mycket solljus vi anser att de sl\u00e4pper in. Detta \u00e4r v\u00e5r bed\u00f6mning och avser inte hur mycket du kan se igenom. Vi rekommenderar att du best\u00e4ller ett <a href=\"https:\/\/colorco.dk\/sv\/gratis-prov\/\">gratis prov<\/a> om du \u00e4r os\u00e4ker p\u00e5 f\u00e4rger, solskydd eller hur mycket du kan se igenom.<\/p>\n<p style=\"text-align: center;\">Dessa f\u00e4sten och kedjor anv\u00e4nds f\u00f6r denna modell.<\/p>\n<p><img fetchpriority=\"high\" decoding=\"async\" class=\"alignnone size-medium wp-image-7348 aligncenter\" src=\"https:\/\/colorco.dk\/wp-content\/uploads\/2023\/03\/Color_co_blank_metal_hooks-600x600-1-300x300.webp\" alt=\"\" width=\"300\" height=\"300\" srcset=\"https:\/\/colorco.dk\/wp-content\/uploads\/2023\/03\/Color_co_blank_metal_hooks-600x600-1-300x300.webp 300w, https:\/\/colorco.dk\/wp-content\/uploads\/2023\/03\/Color_co_blank_metal_hooks-600x600-1-150x150.webp 150w, https:\/\/colorco.dk\/wp-content\/uploads\/2023\/03\/Color_co_blank_metal_hooks-600x600-1-441x441.webp 441w, https:\/\/colorco.dk\/wp-content\/uploads\/2023\/03\/Color_co_blank_metal_hooks-600x600-1-100x100.webp 100w, https:\/\/colorco.dk\/wp-content\/uploads\/2023\/03\/Color_co_blank_metal_hooks-600x600-1.webp 600w\" sizes=\"(max-width: 300px) 100vw, 300px\" \/><\/p>\n","protected":false},"excerpt":{"rendered":"<p>Ljus brun papper v\u00e4xtfiber rullgardin med kedjedrag. Helt naturliga jutetr\u00e5dar \u00e4r fint sammanv\u00e4vda med beige pappersmassa och skapar ett vackert l\u00e4tt randigt m\u00f6nster. Fibrerna till jutetr\u00e5den sk\u00f6rdas i Bangladesh, tyget v\u00e4vs med jutetr\u00e5den och FSC-certifierad pappersmassa i v\u00e5r fabrik i Taiwan. Vi erbjuder denna design att anv\u00e4ndas som tyg eller som rullgardiner med kedjetrissa eller sn\u00f6rdragning i tv\u00e5 f\u00e4rger Ljusbrun och M\u00f6rkbrun.<\/p>\n","protected":false},"featured_media":10590,"template":"","meta":[],"product_brand":[],"product_cat":[159,156,153],"product_tag":[],"class_list":{"0":"post-11194","1":"product","2":"type-product","3":"status-publish","4":"has-post-thumbnail","6":"product_cat-kedjedrag","7":"product_cat-rullgardiner","8":"product_cat-vaxtfiber","10":"first","11":"instock","12":"taxable","13":"shipping-taxable","14":"purchasable","15":"product-type-variable"},"aioseo_notices":[],"_links":{"self":[{"href":"https:\/\/colorco.dk\/sv\/wp-json\/wp\/v2\/product\/11194","targetHints":{"allow":["GET"]}}],"collection":[{"href":"https:\/\/colorco.dk\/sv\/wp-json\/wp\/v2\/product"}],"about":[{"href":"https:\/\/colorco.dk\/sv\/wp-json\/wp\/v2\/types\/product"}],"wp:featuredmedia":[{"embeddable":true,"href":"https:\/\/colorco.dk\/sv\/wp-json\/wp\/v2\/media\/10590"}],"wp:attachment":[{"href":"https:\/\/colorco.dk\/sv\/wp-json\/wp\/v2\/media?parent=11194"}],"wp:term":[{"taxonomy":"product_brand","embeddable":true,"href":"https:\/\/colorco.dk\/sv\/wp-json\/wp\/v2\/product_brand?post=11194"},{"taxonomy":"product_cat","embeddable":true,"href":"https:\/\/colorco.dk\/sv\/wp-json\/wp\/v2\/product_cat?post=11194"},{"taxonomy":"product_tag","embeddable":true,"href":"https:\/\/colorco.dk\/sv\/wp-json\/wp\/v2\/product_tag?post=11194"}],"curies":[{"name":"wp","href":"https:\/\/api.w.org\/{rel}","templated":true}]}}