{"id":11288,"date":"2023-10-31T15:12:42","date_gmt":"2023-10-31T14:12:42","guid":{"rendered":"https:\/\/colorco.dk\/?post_type=product&#038;p=11288"},"modified":"2026-04-08T12:12:20","modified_gmt":"2026-04-08T10:12:20","slug":"mork-brun-papper-vaxtfiber-rullgardin","status":"publish","type":"product","link":"https:\/\/colorco.dk\/sv\/product\/mork-brun-papper-vaxtfiber-rullgardin\/","title":{"rendered":"M\u00f6rk brun papper v\u00e4xtfiber rullgardin"},"content":{"rendered":"<p>Denna m\u00f6rk brune v\u00e4xtfiber rullgardin med sn\u00f6redrag har en solskyddsfaktor p\u00e5 <strong>50%<\/strong>. V\u00e5ra gardiner \u00e4r indelade i fem solskyddskategorier: 25%, 50%, 75%, 90% och 98%.<br \/>\nDessa \u00e4r beteckningar f\u00f6r hur mycket solljus vi anser att de sl\u00e4pper in. Detta \u00e4r v\u00e5r bed\u00f6mning och avser inte hur mycket du kan se igenom. Vi rekommenderar att du best\u00e4ller ett <a href=\"https:\/\/colorco.dk\/sv\/gratis-prov\/\">gratis prov<\/a> om du \u00e4r os\u00e4ker p\u00e5 f\u00e4rger, solskydd eller hur mycket du kan se igenom.<\/p>\n<p style=\"text-align: center;\">Dessa krokar anv\u00e4nds f\u00f6r denna modell.<\/p>\n<p><img fetchpriority=\"high\" decoding=\"async\" class=\"alignnone size-medium wp-image-7348 aligncenter\" src=\"https:\/\/colorco.dk\/wp-content\/uploads\/2023\/03\/Color_co_blank_metal_hooks-600x600-1-300x300.webp\" alt=\"\" width=\"300\" height=\"300\" srcset=\"https:\/\/colorco.dk\/wp-content\/uploads\/2023\/03\/Color_co_blank_metal_hooks-600x600-1-300x300.webp 300w, https:\/\/colorco.dk\/wp-content\/uploads\/2023\/03\/Color_co_blank_metal_hooks-600x600-1-150x150.webp 150w, https:\/\/colorco.dk\/wp-content\/uploads\/2023\/03\/Color_co_blank_metal_hooks-600x600-1-441x441.webp 441w, https:\/\/colorco.dk\/wp-content\/uploads\/2023\/03\/Color_co_blank_metal_hooks-600x600-1-100x100.webp 100w, https:\/\/colorco.dk\/wp-content\/uploads\/2023\/03\/Color_co_blank_metal_hooks-600x600-1.webp 600w\" sizes=\"(max-width: 300px) 100vw, 300px\" \/><\/p>\n","protected":false},"excerpt":{"rendered":"<p>M\u00f6rk brun papper v\u00e4xtfiber rullgardin med sn\u00f6redrag. Detta vackra tyg \u00e4r v\u00e4vt med helt naturlig jutetr\u00e5d och m\u00f6rkbrun pappersmassa som skapar ett l\u00e4tt randigt strukturm\u00f6nster. Jutetr\u00e5dens fibrer sk\u00f6rdas fr\u00e5n juteplantan i Bangladesh, tyget v\u00e4vs sedan med jutetr\u00e5den och FSC-certifierad pappersmassa i v\u00e5r fabrik i Taiwan. Alla v\u00e5ra rullgardiner tillverkas i v\u00e5r produktionsanl\u00e4ggning i K\u00f6penhamn. Tyget finns som rullgardin med kedjetrissa eller sn\u00f6rtrissa i tv\u00e5 f\u00e4rger: m\u00f6rkbrun och ljusbrun.<\/p>\n","protected":false},"featured_media":11292,"template":"","meta":[],"product_brand":[],"product_cat":[155,161,152],"product_tag":[],"class_list":{"0":"post-11288","1":"product","2":"type-product","3":"status-publish","4":"has-post-thumbnail","6":"product_cat-rullegardiner-no","7":"product_cat-snor-trekk","8":"product_cat-natur-plante","10":"first","11":"instock","12":"taxable","13":"shipping-taxable","14":"purchasable","15":"product-type-simple"},"aioseo_notices":[],"_links":{"self":[{"href":"https:\/\/colorco.dk\/sv\/wp-json\/wp\/v2\/product\/11288","targetHints":{"allow":["GET"]}}],"collection":[{"href":"https:\/\/colorco.dk\/sv\/wp-json\/wp\/v2\/product"}],"about":[{"href":"https:\/\/colorco.dk\/sv\/wp-json\/wp\/v2\/types\/product"}],"wp:featuredmedia":[{"embeddable":true,"href":"https:\/\/colorco.dk\/sv\/wp-json\/wp\/v2\/media\/11292"}],"wp:attachment":[{"href":"https:\/\/colorco.dk\/sv\/wp-json\/wp\/v2\/media?parent=11288"}],"wp:term":[{"taxonomy":"product_brand","embeddable":true,"href":"https:\/\/colorco.dk\/sv\/wp-json\/wp\/v2\/product_brand?post=11288"},{"taxonomy":"product_cat","embeddable":true,"href":"https:\/\/colorco.dk\/sv\/wp-json\/wp\/v2\/product_cat?post=11288"},{"taxonomy":"product_tag","embeddable":true,"href":"https:\/\/colorco.dk\/sv\/wp-json\/wp\/v2\/product_tag?post=11288"}],"curies":[{"name":"wp","href":"https:\/\/api.w.org\/{rel}","templated":true}]}}