{"id":17545,"date":"2024-06-09T14:53:22","date_gmt":"2024-06-09T12:53:22","guid":{"rendered":"https:\/\/colorco.dk\/produkt\/sladd\/"},"modified":"2024-06-10T09:58:14","modified_gmt":"2024-06-10T07:58:14","slug":"sladd","status":"publish","type":"product","link":"https:\/\/colorco.dk\/sv\/product\/sladd\/","title":{"rendered":"Sladd"},"content":{"rendered":"","protected":false},"excerpt":{"rendered":"<p>Om din sladd \u00e4r trasig kan du best\u00e4lla en ny h\u00e4r. Ange bara din stil och gardinstorlek s\u00e5 skickar vi dig en sladd som passar.<\/p>\n","protected":false},"featured_media":37467,"template":"","meta":[],"product_brand":[],"product_cat":[396],"product_tag":[],"class_list":{"0":"post-17545","1":"product","2":"type-product","3":"status-publish","4":"has-post-thumbnail","6":"product_cat-tilbehoer","8":"first","9":"instock","10":"taxable","11":"shipping-taxable","12":"purchasable","13":"product-type-simple"},"aioseo_notices":[],"_links":{"self":[{"href":"https:\/\/colorco.dk\/sv\/wp-json\/wp\/v2\/product\/17545","targetHints":{"allow":["GET"]}}],"collection":[{"href":"https:\/\/colorco.dk\/sv\/wp-json\/wp\/v2\/product"}],"about":[{"href":"https:\/\/colorco.dk\/sv\/wp-json\/wp\/v2\/types\/product"}],"wp:featuredmedia":[{"embeddable":true,"href":"https:\/\/colorco.dk\/sv\/wp-json\/wp\/v2\/media\/37467"}],"wp:attachment":[{"href":"https:\/\/colorco.dk\/sv\/wp-json\/wp\/v2\/media?parent=17545"}],"wp:term":[{"taxonomy":"product_brand","embeddable":true,"href":"https:\/\/colorco.dk\/sv\/wp-json\/wp\/v2\/product_brand?post=17545"},{"taxonomy":"product_cat","embeddable":true,"href":"https:\/\/colorco.dk\/sv\/wp-json\/wp\/v2\/product_cat?post=17545"},{"taxonomy":"product_tag","embeddable":true,"href":"https:\/\/colorco.dk\/sv\/wp-json\/wp\/v2\/product_tag?post=17545"}],"curies":[{"name":"wp","href":"https:\/\/api.w.org\/{rel}","templated":true}]}}