{"id":31029,"date":"2025-07-03T12:53:07","date_gmt":"2025-07-03T10:53:07","guid":{"rendered":"https:\/\/colorco.dk\/?post_type=product&#038;p=31029"},"modified":"2026-04-08T12:45:00","modified_gmt":"2026-04-08T10:45:00","slug":"varmbrun-vaxtfiber-rullgardin","status":"publish","type":"product","link":"https:\/\/colorco.dk\/sv\/product\/varmbrun-vaxtfiber-rullgardin\/","title":{"rendered":"Varmbrun v\u00e4xtfiber rullgardin"},"content":{"rendered":"<p>Denna ljus gr\u00f6n v\u00e4xtfiber rullgardin med sn\u00f6redrag har en solskyddsfaktor p\u00e5 <strong>50%<\/strong>. V\u00e5ra gardiner \u00e4r indelade i fem solskyddskategorier: 25%, 50%, 75%, 90% och 98%.<br \/>\nDessa \u00e4r beteckningar f\u00f6r hur mycket solljus vi anser att de sl\u00e4pper in. Detta \u00e4r v\u00e5r bed\u00f6mning och avser inte hur mycket du kan se igenom. Vi rekommenderar att du best\u00e4ller ett <a href=\"https:\/\/colorco.dk\/sv\/gratis-prov\/\">gratis prov<\/a> om du \u00e4r os\u00e4ker p\u00e5 f\u00e4rger, solskydd eller hur mycket du kan se igenom.<\/p>\n<p style=\"text-align: center;\">Dessa krokar anv\u00e4nds f\u00f6r denna modell.<\/p>\n<p><img fetchpriority=\"high\" decoding=\"async\" class=\"alignnone size-medium wp-image-7348 aligncenter\" src=\"https:\/\/colorco.dk\/wp-content\/uploads\/2023\/03\/Color_co_blank_metal_hooks-600x600-1-300x300.webp\" alt=\"\" width=\"300\" height=\"300\" srcset=\"https:\/\/colorco.dk\/wp-content\/uploads\/2023\/03\/Color_co_blank_metal_hooks-600x600-1-300x300.webp 300w, https:\/\/colorco.dk\/wp-content\/uploads\/2023\/03\/Color_co_blank_metal_hooks-600x600-1-150x150.webp 150w, https:\/\/colorco.dk\/wp-content\/uploads\/2023\/03\/Color_co_blank_metal_hooks-600x600-1-441x441.webp 441w, https:\/\/colorco.dk\/wp-content\/uploads\/2023\/03\/Color_co_blank_metal_hooks-600x600-1-100x100.webp 100w, https:\/\/colorco.dk\/wp-content\/uploads\/2023\/03\/Color_co_blank_metal_hooks-600x600-1.webp 600w\" sizes=\"(max-width: 300px) 100vw, 300px\" \/><\/p>\n","protected":false},"excerpt":{"rendered":"<div>\n<p dir=\"auto\">Denna vackra och helt unika natur rullgardin \u00e4r inv\u00e4vd med vita tr\u00e5dar och jutegarn fr\u00e5n juteplantans stj\u00e4lk. V\u00e4ven bildar ett fint, vertikalt randigt m\u00f6nster som f\u00f6r\u00e4ndrar sitt uttryck beroende p\u00e5 ljus och skugga. De vitrandiga partierna \u00e4r cirka 2 cm breda, medan jute-mellanstyckena \u00e4r ungef\u00e4r 6 mm. Detta m\u00f6nster har en n\u00e5got varmare f\u00e4rgton j\u00e4mf\u00f6rt med v\u00e5rt Brun planta-m\u00f6nster, och r\u00e4nderna p\u00e5 tyget \u00e4r bredare. Rullgardinen ger ett vackert och naturligt uttryck till hemmet och skapar v\u00e4rme och mysighet i alla rum.<\/p>\n<\/div>\n<section><\/section>\n<section><\/section>\n","protected":false},"featured_media":32747,"template":"","meta":[],"product_brand":[],"product_cat":[156,162,153],"product_tag":[],"class_list":{"0":"post-31029","1":"product","2":"type-product","3":"status-publish","4":"has-post-thumbnail","6":"product_cat-rullgardiner","7":"product_cat-snore-drag","8":"product_cat-vaxtfiber","10":"first","11":"instock","12":"taxable","13":"shipping-taxable","14":"purchasable","15":"product-type-simple"},"aioseo_notices":[],"_links":{"self":[{"href":"https:\/\/colorco.dk\/sv\/wp-json\/wp\/v2\/product\/31029","targetHints":{"allow":["GET"]}}],"collection":[{"href":"https:\/\/colorco.dk\/sv\/wp-json\/wp\/v2\/product"}],"about":[{"href":"https:\/\/colorco.dk\/sv\/wp-json\/wp\/v2\/types\/product"}],"wp:featuredmedia":[{"embeddable":true,"href":"https:\/\/colorco.dk\/sv\/wp-json\/wp\/v2\/media\/32747"}],"wp:attachment":[{"href":"https:\/\/colorco.dk\/sv\/wp-json\/wp\/v2\/media?parent=31029"}],"wp:term":[{"taxonomy":"product_brand","embeddable":true,"href":"https:\/\/colorco.dk\/sv\/wp-json\/wp\/v2\/product_brand?post=31029"},{"taxonomy":"product_cat","embeddable":true,"href":"https:\/\/colorco.dk\/sv\/wp-json\/wp\/v2\/product_cat?post=31029"},{"taxonomy":"product_tag","embeddable":true,"href":"https:\/\/colorco.dk\/sv\/wp-json\/wp\/v2\/product_tag?post=31029"}],"curies":[{"name":"wp","href":"https:\/\/api.w.org\/{rel}","templated":true}]}}