{"id":8683,"date":"2023-06-29T16:45:04","date_gmt":"2023-06-29T14:45:04","guid":{"rendered":"https:\/\/colorco.dk\/\/produkt\/graa-bejdset-bambus-foldegardin\/"},"modified":"2024-08-15T09:48:18","modified_gmt":"2024-08-15T07:48:18","slug":"graabetsad-bambu-hissgardin","status":"publish","type":"product","link":"https:\/\/colorco.dk\/sv\/product\/graabetsad-bambu-hissgardin\/","title":{"rendered":"Gr\u00e5betsad bambu hissgardin"},"content":{"rendered":"<p>Denna gr\u00e5betsade hissgardin gardin har en solskyddsfaktor p\u00e5 <strong>75%<\/strong>. V\u00e5ra gardiner \u00e4r indelade i fem solskyddskategorier: 25%, 50%, 75%, 90% och 98%.<br \/>\nDessa \u00e4r beteckningar f\u00f6r hur mycket solljus vi anser att de sl\u00e4pper in. Detta \u00e4r v\u00e5r bed\u00f6mning och avser inte hur mycket du kan se igenom. Vi rekommenderar att du best\u00e4ller ett <a href=\"https:\/\/colorco.dk\/sv\/gratis-prov\/\">gratis prov<\/a> om du \u00e4r os\u00e4ker p\u00e5 f\u00e4rger, solskydd eller hur mycket du kan se igenom.<\/p>\n<p style=\"text-align: center;\">Dessa krokar anv\u00e4nds f\u00f6r denna modell.<\/p>\n<p><img fetchpriority=\"high\" decoding=\"async\" class=\"alignnone size-medium wp-image-7348 aligncenter\" src=\"https:\/\/colorco.dk\/wp-content\/uploads\/2023\/03\/Color_co_blank_metal_hooks-600x600-1-300x300.webp\" alt=\"\" width=\"300\" height=\"300\" srcset=\"https:\/\/colorco.dk\/wp-content\/uploads\/2023\/03\/Color_co_blank_metal_hooks-600x600-1-300x300.webp 300w, https:\/\/colorco.dk\/wp-content\/uploads\/2023\/03\/Color_co_blank_metal_hooks-600x600-1-150x150.webp 150w, https:\/\/colorco.dk\/wp-content\/uploads\/2023\/03\/Color_co_blank_metal_hooks-600x600-1-441x441.webp 441w, https:\/\/colorco.dk\/wp-content\/uploads\/2023\/03\/Color_co_blank_metal_hooks-600x600-1-100x100.webp 100w, https:\/\/colorco.dk\/wp-content\/uploads\/2023\/03\/Color_co_blank_metal_hooks-600x600-1.webp 600w\" sizes=\"(max-width: 300px) 100vw, 300px\" \/><\/p>\n","protected":false},"excerpt":{"rendered":"<p>Gr\u00e5betsad bambu hissgardin. Lamellerna \u00e4r 7 mm. bred och sammanv\u00e4vd med gr\u00e5 tr\u00e5d. Bambutyget viker sig n\u00e4r gardinen dras upp och ner. Dessa veck dras upp bakom en pelmet p\u00e5 ca 10 cm h\u00f6jd, vilket ger hissgardinen ett j\u00e4mnt lugnt utseende n\u00e4r den dras upp helt. L\u00e5s- och dragsystemet \u00e4r ocks\u00e5 dolt bakom pelmeten. Om du vill att hissgardinen ska g\u00f6ras p\u00e5 h\u00f6jden rekommenderar vi att du l\u00e4gger till minst 10 cm till m\u00e5ttet p\u00e5 din f\u00f6nsterstorlek.<\/p>\n<p>Gardinen \u00e4r gjord av naturlig bambu, som \u00e4r f\u00e4rgad med en ljusgr\u00e5 f\u00e4rg. D\u00e4rf\u00f6r kan b\u00e5de den naturliga bambuf\u00e4rgen och strukturen avk\u00e4nnas genom den gr\u00e5 f\u00e4rgen. <\/p>\n","protected":false},"featured_media":8622,"template":"","meta":[],"product_brand":[],"product_cat":[150,156],"product_tag":[374],"class_list":{"0":"post-8683","1":"product","2":"type-product","3":"status-publish","4":"has-post-thumbnail","6":"product_cat-hissgardiner","7":"product_cat-rullgardiner","8":"product_tag-rullgardiner","10":"first","11":"instock","12":"taxable","13":"shipping-taxable","14":"purchasable","15":"product-type-variable"},"aioseo_notices":[],"_links":{"self":[{"href":"https:\/\/colorco.dk\/sv\/wp-json\/wp\/v2\/product\/8683","targetHints":{"allow":["GET"]}}],"collection":[{"href":"https:\/\/colorco.dk\/sv\/wp-json\/wp\/v2\/product"}],"about":[{"href":"https:\/\/colorco.dk\/sv\/wp-json\/wp\/v2\/types\/product"}],"wp:featuredmedia":[{"embeddable":true,"href":"https:\/\/colorco.dk\/sv\/wp-json\/wp\/v2\/media\/8622"}],"wp:attachment":[{"href":"https:\/\/colorco.dk\/sv\/wp-json\/wp\/v2\/media?parent=8683"}],"wp:term":[{"taxonomy":"product_brand","embeddable":true,"href":"https:\/\/colorco.dk\/sv\/wp-json\/wp\/v2\/product_brand?post=8683"},{"taxonomy":"product_cat","embeddable":true,"href":"https:\/\/colorco.dk\/sv\/wp-json\/wp\/v2\/product_cat?post=8683"},{"taxonomy":"product_tag","embeddable":true,"href":"https:\/\/colorco.dk\/sv\/wp-json\/wp\/v2\/product_tag?post=8683"}],"curies":[{"name":"wp","href":"https:\/\/api.w.org\/{rel}","templated":true}]}}