{"id":8699,"date":"2023-06-29T16:30:07","date_gmt":"2023-06-29T14:30:07","guid":{"rendered":"https:\/\/colorco.dk\/\/produkt\/brun-stribet-bambus-rullegardin\/"},"modified":"2026-01-26T10:55:45","modified_gmt":"2026-01-26T09:55:45","slug":"brun-randig-bambu-rullgardin","status":"publish","type":"product","link":"https:\/\/colorco.dk\/sv\/product\/brun-randig-bambu-rullgardin\/","title":{"rendered":"Brun randig bambu rullgardin"},"content":{"rendered":"<p>Denna brune randig bambu rullgardin med sn\u00f6redrag har en solskyddsfaktor p\u00e5 <strong>75%<\/strong>. V\u00e5ra gardiner \u00e4r indelade i fem solskyddskategorier: 25%, 50%, 75%, 90% och 98%.<br \/>\nDessa \u00e4r beteckningar f\u00f6r hur mycket solljus vi anser att de sl\u00e4pper in. Detta \u00e4r v\u00e5r bed\u00f6mning och avser inte hur mycket du kan se igenom. Vi rekommenderar att du best\u00e4ller ett <a href=\"https:\/\/colorco.dk\/sv\/gratis-prov\/\">gratis prov<\/a> om du \u00e4r os\u00e4ker p\u00e5 f\u00e4rger, solskydd eller hur mycket du kan se igenom.<\/p>\n<p style=\"text-align: center;\">Dessa krokar anv\u00e4nds f\u00f6r denna modell.<\/p>\n<p><img fetchpriority=\"high\" decoding=\"async\" class=\"alignnone size-medium wp-image-7348 aligncenter\" src=\"https:\/\/colorco.dk\/wp-content\/uploads\/2023\/03\/Color_co_blank_metal_hooks-600x600-1-300x300.webp\" alt=\"\" width=\"300\" height=\"300\" srcset=\"https:\/\/colorco.dk\/wp-content\/uploads\/2023\/03\/Color_co_blank_metal_hooks-600x600-1-300x300.webp 300w, https:\/\/colorco.dk\/wp-content\/uploads\/2023\/03\/Color_co_blank_metal_hooks-600x600-1-150x150.webp 150w, https:\/\/colorco.dk\/wp-content\/uploads\/2023\/03\/Color_co_blank_metal_hooks-600x600-1-441x441.webp 441w, https:\/\/colorco.dk\/wp-content\/uploads\/2023\/03\/Color_co_blank_metal_hooks-600x600-1-100x100.webp 100w, https:\/\/colorco.dk\/wp-content\/uploads\/2023\/03\/Color_co_blank_metal_hooks-600x600-1.webp 600w\" sizes=\"(max-width: 300px) 100vw, 300px\" \/><\/p>\n","protected":false},"excerpt":{"rendered":"<p>Brun randig bambu rullgardin. Fina ovala bambupinnar, ca. 0,5 mm i bredd, \u00e4r v\u00e4vd ihop med brun tr\u00e5d till ett fint randigt m\u00f6nster. Gardinen har en superfin struktur och r\u00e4nder ger ett vackert grafiskt uttryck till alla rum i hemmet. Bambun har f\u00e5tt sin gyllene f\u00e4rg i en process d\u00e4r den v\u00e4rms upp. Bambu \u00e4r d\u00e4rf\u00f6r helt genomf\u00e4rgad och naturlig. Denna design passar perfekt i f\u00e4rg med v\u00e5r brun fina bambu och v\u00e5r brun bambu. Dessa konstruktioner kan d\u00e4rf\u00f6r med f\u00f6rdel blandas efter behov.<\/p>\n<p>F\u00e4rgerna kan variera beroende p\u00e5 f\u00e4rgerna p\u00e5 bilderna, vi rekommenderar d\u00e4rf\u00f6r att du best\u00e4ller ett gratis bambuprov.<\/p>\n<p>Bambu \u00e4r en naturprodukt och f\u00e4rgmatchning kan inte garanteras.<\/p>\n","protected":false},"featured_media":8616,"template":"","meta":[],"product_brand":[],"product_cat":[58,54],"product_tag":[],"class_list":{"0":"post-8699","1":"product","2":"type-product","3":"status-publish","4":"has-post-thumbnail","6":"product_cat-rullegardiner-bambus-papir-eller-plante","7":"product_cat-snore-traek","9":"first","10":"instock","11":"taxable","12":"shipping-taxable","13":"purchasable","14":"product-type-variable"},"aioseo_notices":[],"_links":{"self":[{"href":"https:\/\/colorco.dk\/sv\/wp-json\/wp\/v2\/product\/8699","targetHints":{"allow":["GET"]}}],"collection":[{"href":"https:\/\/colorco.dk\/sv\/wp-json\/wp\/v2\/product"}],"about":[{"href":"https:\/\/colorco.dk\/sv\/wp-json\/wp\/v2\/types\/product"}],"wp:featuredmedia":[{"embeddable":true,"href":"https:\/\/colorco.dk\/sv\/wp-json\/wp\/v2\/media\/8616"}],"wp:attachment":[{"href":"https:\/\/colorco.dk\/sv\/wp-json\/wp\/v2\/media?parent=8699"}],"wp:term":[{"taxonomy":"product_brand","embeddable":true,"href":"https:\/\/colorco.dk\/sv\/wp-json\/wp\/v2\/product_brand?post=8699"},{"taxonomy":"product_cat","embeddable":true,"href":"https:\/\/colorco.dk\/sv\/wp-json\/wp\/v2\/product_cat?post=8699"},{"taxonomy":"product_tag","embeddable":true,"href":"https:\/\/colorco.dk\/sv\/wp-json\/wp\/v2\/product_tag?post=8699"}],"curies":[{"name":"wp","href":"https:\/\/api.w.org\/{rel}","templated":true}]}}